{"id":15202,"date":"2026-01-06T11:30:35","date_gmt":"2026-01-06T10:30:35","guid":{"rendered":"https:\/\/uniqueequinesupplement.com\/?page_id=15202"},"modified":"2026-01-22T11:02:43","modified_gmt":"2026-01-22T10:02:43","slug":"cookie-richtlinie","status":"publish","type":"page","link":"https:\/\/uniqueequinesupplement.com\/de\/cookiebeleid\/","title":{"rendered":"Cookie-Politik"},"content":{"rendered":"<div data-elementor-type=\"wp-page\" data-elementor-id=\"15202\" class=\"elementor elementor-15202\" data-elementor-post-type=\"page\">\n\t\t\t\t<div class=\"elementor-element elementor-element-a8216bd e-flex e-con-boxed e-con e-parent\" data-id=\"a8216bd\" data-element_type=\"container\" data-e-type=\"container\">\n\t\t\t\t\t<div class=\"e-con-inner\">\n\t\t\t\t<div class=\"elementor-element elementor-element-4490028 elementor-widget elementor-widget-heading\" data-id=\"4490028\" data-element_type=\"widget\" data-e-type=\"widget\" data-widget_type=\"heading.default\">\n\t\t\t\t<div class=\"elementor-widget-container\">\n\t\t\t\t\t<h2 class=\"elementor-heading-title elementor-size-default\">Cookie-Politik<\/h2>\t\t\t\t<\/div>\n\t\t\t\t<\/div>\n\t\t\t\t<div class=\"elementor-element elementor-element-4c75b54 elementor-widget elementor-widget-text-editor\" data-id=\"4c75b54\" data-element_type=\"widget\" data-e-type=\"widget\" data-widget_type=\"text-editor.default\">\n\t\t\t\t<div class=\"elementor-widget-container\">\n\t\t\t\t\t\t\t\t\t<p data-start=\"0\" data-end=\"225\"><strong>Was sind Cookies?<\/strong><br data-start=\"17\" data-end=\"20\" \/>Cookies sind kleine Textdateien, die auf Ihrem Ger\u00e4t gespeichert werden, wenn Sie eine Website besuchen. Cookies stellen sicher, dass die Website ordnungsgem\u00e4\u00df funktioniert und helfen, Ihre Benutzererfahrung zu verbessern.<\/p><p data-start=\"227\" data-end=\"353\"><strong>Welche Cookies verwenden wir?<\/strong><br data-start=\"255\" data-end=\"258\" \/>Wir verwenden verschiedene Arten von Cookies, damit unsere Website ordnungsgem\u00e4\u00df funktioniert.<\/p><p data-start=\"355\" data-end=\"680\"><strong>Funktionale Cookies (notwendig)<\/strong><br data-start=\"389\" data-end=\"392\" \/>Funktionale Cookies werden ben\u00f6tigt, damit die Website richtig funktioniert. Ohne diese Cookies k\u00f6nnen Teile der Website nicht richtig funktionieren, wie z. B. der Checkout im Webshop. Diese Cookies merken sich zum Beispiel Ihre Pr\u00e4ferenzen und sorgen daf\u00fcr, dass Sie keine Erlaubnis erteilen m\u00fcssen.<\/p><p data-start=\"682\" data-end=\"906\"><strong>Analytische Cookies<\/strong><br data-start=\"701\" data-end=\"704\" \/>Wir verwenden derzeit keine analytischen Cookies, die das Besucherverhalten verfolgen oder analysieren. Wenn wir dies in Zukunft tun, werden wir zun\u00e4chst \u00fcber das Cookie-Banner die Erlaubnis dazu einholen.<\/p><p data-start=\"908\" data-end=\"1202\"><strong>Marketing- und Tracking-Cookies<\/strong><br data-start=\"937\" data-end=\"940\" \/>Wir verwenden derzeit keine Marketing- oder Tracking-Cookies, wie z. B. Cookies f\u00fcr Werbung oder die Verfolgung von Besuchern \u00fcber verschiedene Websites hinweg. Sollten wir dies in Zukunft tun, werden wir zun\u00e4chst \u00fcber das Cookie-Banner die Erlaubnis dazu einholen.<\/p><p data-start=\"1204\" data-end=\"1426\" data-is-last-node=\"\" data-is-only-node=\"\"><strong>Verwaltung oder L\u00f6schung von Cookies<\/strong><br data-start=\"1234\" data-end=\"1237\" \/>Sie k\u00f6nnen Cookies jederzeit \u00fcber Ihre Browsereinstellungen selbst verwalten oder l\u00f6schen. Bitte beachten Sie, dass die Deaktivierung von Cookies den Betrieb der Website beeintr\u00e4chtigen kann.<\/p>\t\t\t\t\t\t\t\t<\/div>\n\t\t\t\t<\/div>\n\t\t\t\t\t<\/div>\n\t\t\t\t<\/div>\n\t\t\t\t<\/div>","protected":false},"excerpt":{"rendered":"<p>Cookiebeleid Wat zijn cookies?Cookies zijn kleine tekstbestanden die bij het bezoeken van een website op je apparaat worden opgeslagen. Cookies zorgen ervoor dat de website goed werkt en helpen om jouw gebruikerservaring te verbeteren. Welke cookies gebruiken wij?Wij maken gebruik van verschillende soorten cookies om onze website goed te laten functioneren. Functionele cookies (noodzakelijk)Functionele cookies [&hellip;]<\/p>\n","protected":false},"author":1,"featured_media":0,"parent":0,"menu_order":0,"comment_status":"closed","ping_status":"closed","template":"","meta":{"footnotes":""},"class_list":["post-15202","page","type-page","status-publish","hentry"],"yoast_head":"<!-- This site is optimized with the Yoast SEO plugin v27.4 - https:\/\/yoast.com\/product\/yoast-seo-wordpress\/ -->\n<title>Cookiebeleid - Unique Equine Supplement<\/title>\n<meta name=\"robots\" content=\"index, follow, max-snippet:-1, max-image-preview:large, max-video-preview:-1\" \/>\n<link rel=\"canonical\" href=\"https:\/\/uniqueequinesupplement.com\/de\/cookie-richtlinie\/\" \/>\n<meta property=\"og:locale\" content=\"de_DE\" \/>\n<meta property=\"og:type\" content=\"article\" \/>\n<meta property=\"og:title\" content=\"Cookiebeleid - Unique Equine Supplement\" \/>\n<meta property=\"og:description\" content=\"Cookiebeleid Wat zijn cookies?Cookies zijn kleine tekstbestanden die bij het bezoeken van een website op je apparaat worden opgeslagen. Cookies zorgen ervoor dat de website goed werkt en helpen om jouw gebruikerservaring te verbeteren. Welke cookies gebruiken wij?Wij maken gebruik van verschillende soorten cookies om onze website goed te laten functioneren. Functionele cookies (noodzakelijk)Functionele cookies [&hellip;]\" \/>\n<meta property=\"og:url\" content=\"https:\/\/uniqueequinesupplement.com\/de\/cookie-richtlinie\/\" \/>\n<meta property=\"og:site_name\" content=\"Unique Equine Supplement\" \/>\n<meta property=\"article:publisher\" content=\"https:\/\/www.facebook.com\/profile.php?id=61566984347114\" \/>\n<meta property=\"article:modified_time\" content=\"2026-01-22T10:02:43+00:00\" \/>\n<meta name=\"twitter:card\" content=\"summary_large_image\" \/>\n<meta name=\"twitter:label1\" content=\"Gesch\u00e4tzte Lesezeit\" \/>\n\t<meta name=\"twitter:data1\" content=\"2\u00a0Minuten\" \/>\n<script type=\"application\/ld+json\" class=\"yoast-schema-graph\">{\"@context\":\"https:\\\/\\\/schema.org\",\"@graph\":[{\"@type\":\"WebPage\",\"@id\":\"https:\\\/\\\/uniqueequinesupplement.com\\\/cookiebeleid\\\/\",\"url\":\"https:\\\/\\\/uniqueequinesupplement.com\\\/cookiebeleid\\\/\",\"name\":\"Cookiebeleid - Unique Equine Supplement\",\"isPartOf\":{\"@id\":\"https:\\\/\\\/uniqueequinesupplement.com\\\/#website\"},\"datePublished\":\"2026-01-06T10:30:35+00:00\",\"dateModified\":\"2026-01-22T10:02:43+00:00\",\"breadcrumb\":{\"@id\":\"https:\\\/\\\/uniqueequinesupplement.com\\\/cookiebeleid\\\/#breadcrumb\"},\"inLanguage\":\"de\",\"potentialAction\":[{\"@type\":\"ReadAction\",\"target\":[\"https:\\\/\\\/uniqueequinesupplement.com\\\/cookiebeleid\\\/\"]}]},{\"@type\":\"BreadcrumbList\",\"@id\":\"https:\\\/\\\/uniqueequinesupplement.com\\\/cookiebeleid\\\/#breadcrumb\",\"itemListElement\":[{\"@type\":\"ListItem\",\"position\":1,\"name\":\"Home\",\"item\":\"https:\\\/\\\/uniqueequinesupplement.com\\\/\"},{\"@type\":\"ListItem\",\"position\":2,\"name\":\"Cookiebeleid\"}]},{\"@type\":\"WebSite\",\"@id\":\"https:\\\/\\\/uniqueequinesupplement.com\\\/#website\",\"url\":\"https:\\\/\\\/uniqueequinesupplement.com\\\/\",\"name\":\"Unique Equine Supplement\",\"description\":\"Hoogwaardige supplementen voor paarden\",\"publisher\":{\"@id\":\"https:\\\/\\\/uniqueequinesupplement.com\\\/#organization\"},\"potentialAction\":[{\"@type\":\"SearchAction\",\"target\":{\"@type\":\"EntryPoint\",\"urlTemplate\":\"https:\\\/\\\/uniqueequinesupplement.com\\\/?s={search_term_string}\"},\"query-input\":{\"@type\":\"PropertyValueSpecification\",\"valueRequired\":true,\"valueName\":\"search_term_string\"}}],\"inLanguage\":\"de\"},{\"@type\":\"Organization\",\"@id\":\"https:\\\/\\\/uniqueequinesupplement.com\\\/#organization\",\"name\":\"Unique Equine Supplement\",\"url\":\"https:\\\/\\\/uniqueequinesupplement.com\\\/\",\"logo\":{\"@type\":\"ImageObject\",\"inLanguage\":\"de\",\"@id\":\"https:\\\/\\\/uniqueequinesupplement.com\\\/#\\\/schema\\\/logo\\\/image\\\/\",\"url\":\"https:\\\/\\\/uniqueequinesupplement.com\\\/wp-content\\\/uploads\\\/2024\\\/10\\\/Ontwerp-zonder-titel-scaled-e1749110908526.png\",\"contentUrl\":\"https:\\\/\\\/uniqueequinesupplement.com\\\/wp-content\\\/uploads\\\/2024\\\/10\\\/Ontwerp-zonder-titel-scaled-e1749110908526.png\",\"width\":1075,\"height\":755,\"caption\":\"Unique Equine Supplement\"},\"image\":{\"@id\":\"https:\\\/\\\/uniqueequinesupplement.com\\\/#\\\/schema\\\/logo\\\/image\\\/\"},\"sameAs\":[\"https:\\\/\\\/www.facebook.com\\\/profile.php?id=61566984347114\",\"https:\\\/\\\/www.instagram.com\\\/uniqueequinesupplement\\\/\"]}]}<\/script>\n<!-- \/ Yoast SEO plugin. -->","yoast_head_json":{"title":"Cookie-Richtlinie - Unique Equine Supplement","robots":{"index":"index","follow":"follow","max-snippet":"max-snippet:-1","max-image-preview":"max-image-preview:large","max-video-preview":"max-video-preview:-1"},"canonical":"https:\/\/uniqueequinesupplement.com\/de\/cookie-richtlinie\/","og_locale":"de_DE","og_type":"article","og_title":"Cookiebeleid - Unique Equine Supplement","og_description":"Cookiebeleid Wat zijn cookies?Cookies zijn kleine tekstbestanden die bij het bezoeken van een website op je apparaat worden opgeslagen. Cookies zorgen ervoor dat de website goed werkt en helpen om jouw gebruikerservaring te verbeteren. Welke cookies gebruiken wij?Wij maken gebruik van verschillende soorten cookies om onze website goed te laten functioneren. Functionele cookies (noodzakelijk)Functionele cookies [&hellip;]","og_url":"https:\/\/uniqueequinesupplement.com\/de\/cookie-richtlinie\/","og_site_name":"Unique Equine Supplement","article_publisher":"https:\/\/www.facebook.com\/profile.php?id=61566984347114","article_modified_time":"2026-01-22T10:02:43+00:00","twitter_card":"summary_large_image","twitter_misc":{"Gesch\u00e4tzte Lesezeit":"2\u00a0Minuten"},"schema":{"@context":"https:\/\/schema.org","@graph":[{"@type":"WebPage","@id":"https:\/\/uniqueequinesupplement.com\/cookiebeleid\/","url":"https:\/\/uniqueequinesupplement.com\/cookiebeleid\/","name":"Cookie-Richtlinie - Unique Equine Supplement","isPartOf":{"@id":"https:\/\/uniqueequinesupplement.com\/#website"},"datePublished":"2026-01-06T10:30:35+00:00","dateModified":"2026-01-22T10:02:43+00:00","breadcrumb":{"@id":"https:\/\/uniqueequinesupplement.com\/cookiebeleid\/#breadcrumb"},"inLanguage":"de","potentialAction":[{"@type":"ReadAction","target":["https:\/\/uniqueequinesupplement.com\/cookiebeleid\/"]}]},{"@type":"BreadcrumbList","@id":"https:\/\/uniqueequinesupplement.com\/cookiebeleid\/#breadcrumb","itemListElement":[{"@type":"ListItem","position":1,"name":"Home","item":"https:\/\/uniqueequinesupplement.com\/"},{"@type":"ListItem","position":2,"name":"Cookiebeleid"}]},{"@type":"WebSite","@id":"https:\/\/uniqueequinesupplement.com\/#website","url":"https:\/\/uniqueequinesupplement.com\/","name":"Unique Equine Supplement","description":"Hochwertige Erg\u00e4nzungsfuttermittel f\u00fcr Pferde","publisher":{"@id":"https:\/\/uniqueequinesupplement.com\/#organization"},"potentialAction":[{"@type":"SearchAction","target":{"@type":"EntryPoint","urlTemplate":"https:\/\/uniqueequinesupplement.com\/?s={search_term_string}"},"query-input":{"@type":"PropertyValueSpecification","valueRequired":true,"valueName":"search_term_string"}}],"inLanguage":"de"},{"@type":"Organization","@id":"https:\/\/uniqueequinesupplement.com\/#organization","name":"Unique Equine Supplement","url":"https:\/\/uniqueequinesupplement.com\/","logo":{"@type":"ImageObject","inLanguage":"de","@id":"https:\/\/uniqueequinesupplement.com\/#\/schema\/logo\/image\/","url":"https:\/\/uniqueequinesupplement.com\/wp-content\/uploads\/2024\/10\/Ontwerp-zonder-titel-scaled-e1749110908526.png","contentUrl":"https:\/\/uniqueequinesupplement.com\/wp-content\/uploads\/2024\/10\/Ontwerp-zonder-titel-scaled-e1749110908526.png","width":1075,"height":755,"caption":"Unique Equine Supplement"},"image":{"@id":"https:\/\/uniqueequinesupplement.com\/#\/schema\/logo\/image\/"},"sameAs":["https:\/\/www.facebook.com\/profile.php?id=61566984347114","https:\/\/www.instagram.com\/uniqueequinesupplement\/"]}]}},"jetpack_sharing_enabled":true,"_links":{"self":[{"href":"https:\/\/uniqueequinesupplement.com\/de\/wp-json\/wp\/v2\/pages\/15202","targetHints":{"allow":["GET"]}}],"collection":[{"href":"https:\/\/uniqueequinesupplement.com\/de\/wp-json\/wp\/v2\/pages"}],"about":[{"href":"https:\/\/uniqueequinesupplement.com\/de\/wp-json\/wp\/v2\/types\/page"}],"author":[{"embeddable":true,"href":"https:\/\/uniqueequinesupplement.com\/de\/wp-json\/wp\/v2\/users\/1"}],"replies":[{"embeddable":true,"href":"https:\/\/uniqueequinesupplement.com\/de\/wp-json\/wp\/v2\/comments?post=15202"}],"version-history":[{"count":0,"href":"https:\/\/uniqueequinesupplement.com\/de\/wp-json\/wp\/v2\/pages\/15202\/revisions"}],"wp:attachment":[{"href":"https:\/\/uniqueequinesupplement.com\/de\/wp-json\/wp\/v2\/media?parent=15202"}],"curies":[{"name":"wp","href":"https:\/\/api.w.org\/{rel}","templated":true}]}}