{"id":15452,"date":"2026-01-18T12:18:27","date_gmt":"2026-01-18T11:18:27","guid":{"rendered":"https:\/\/uniqueequinesupplement.com\/?page_id=15452"},"modified":"2026-04-03T10:21:44","modified_gmt":"2026-04-03T08:21:44","slug":"bewertungen","status":"publish","type":"page","link":"https:\/\/uniqueequinesupplement.com\/de\/recensies\/","title":{"rendered":"Bewertungen"},"content":{"rendered":"<div data-elementor-type=\"wp-page\" data-elementor-id=\"15452\" class=\"elementor elementor-15452\" data-elementor-post-type=\"page\">\n\t\t\t\t<div class=\"elementor-element elementor-element-22270ff e-flex e-con-boxed e-con e-parent\" data-id=\"22270ff\" data-element_type=\"container\" data-e-type=\"container\" data-settings=\"{&quot;background_background&quot;:&quot;classic&quot;}\">\n\t\t\t\t\t<div class=\"e-con-inner\">\n\t\t\t\t<div class=\"elementor-element elementor-element-1f046c6 elementor-cta--layout-image-below elementor-cta--valign-top elementor-cta--skin-classic elementor-animated-content elementor-widget elementor-widget-call-to-action\" data-id=\"1f046c6\" data-element_type=\"widget\" data-e-type=\"widget\" data-widget_type=\"call-to-action.default\">\n\t\t\t\t<div class=\"elementor-widget-container\">\n\t\t\t\t\t\t\t<div class=\"elementor-cta\">\n\t\t\t\t\t\t\t<div class=\"elementor-cta__content\">\n\t\t\t\t\n\t\t\t\t\t\t\t\t\t<h2 class=\"elementor-cta__title elementor-cta__content-item elementor-content-item\">\n\t\t\t\t\t\tKundenrezensionen\t\t\t\t\t<\/h2>\n\t\t\t\t\n\t\t\t\t\t\t\t\t\t<div class=\"elementor-cta__description elementor-cta__content-item elementor-content-item\">\n\t\t\t\t\t\tErfahrungen von Pferdebesitzern - unabh\u00e4ngig gesammelt \u00fcber anerkannte Plattformen.\t\t\t\t\t<\/div>\n\t\t\t\t\n\t\t\t\t\t\t\t<\/div>\n\t\t\t\t\t\t<\/div>\n\t\t\t\t\t\t<\/div>\n\t\t\t\t<\/div>\n\t\t\t\t\t<\/div>\n\t\t\t\t<\/div>\n\t\t<div class=\"elementor-element elementor-element-535f6ab e-flex e-con-boxed e-con e-parent\" data-id=\"535f6ab\" data-element_type=\"container\" data-e-type=\"container\">\n\t\t\t\t\t<div class=\"e-con-inner\">\n\t\t\t\t<div class=\"elementor-element elementor-element-b8a8a27 elementor-widget elementor-widget-html\" data-id=\"b8a8a27\" data-element_type=\"widget\" data-e-type=\"widget\" data-widget_type=\"html.default\">\n\t\t\t\t<div class=\"elementor-widget-container\">\n\t\t\t\t\t<script defer async src='https:\/\/cdn.trustindex.io\/loader.js?599aeb5486a111586c264fd70f0'><\/script>\t\t\t\t<\/div>\n\t\t\t\t<\/div>\n\t\t\t\t\t<\/div>\n\t\t\t\t<\/div>\n\t\t<div class=\"elementor-element elementor-element-3b9fca7 e-con-full e-flex e-con e-parent\" data-id=\"3b9fca7\" data-element_type=\"container\" data-e-type=\"container\" data-settings=\"{&quot;background_background&quot;:&quot;classic&quot;}\">\n\t\t\t\t<div class=\"elementor-element elementor-element-0132a7d elementor-widget elementor-widget-text-editor\" data-id=\"0132a7d\" data-element_type=\"widget\" data-e-type=\"widget\" data-widget_type=\"text-editor.default\">\n\t\t\t\t<div class=\"elementor-widget-container\">\n\t\t\t\t\t\t\t\t\t<p>Unabh\u00e4ngige Kundenrezensionen zu Unique Equine Supplement und unseren Erg\u00e4nzungsfuttermitteln f\u00fcr Pferde f\u00fcr Gleichgewicht, Stoffwechsel, Gelenkunterst\u00fctzung und Erholung. Die obigen Bewertungen geben Einblick in die Erfahrungen mit Unique B30, Unique CL20 und Unique FX15.<\/p>\t\t\t\t\t\t\t\t<\/div>\n\t\t\t\t<\/div>\n\t\t\t\t<\/div>\n\t\t\t\t<\/div>","protected":false},"excerpt":{"rendered":"<p>Kundenrezensionen Erfahrungen von Pferdebesitzern - unabh\u00e4ngig gesammelt durch anerkannte Plattformen. Unabh\u00e4ngige Kundenrezensionen zu Unique Equine Supplement und unseren Erg\u00e4nzungsfuttermitteln f\u00fcr Pferde f\u00fcr Balance, Stoffwechsel, Gelenkunterst\u00fctzung und Erholung. Die obigen Bewertungen geben einen Einblick in die Erfahrungen mit Unique B30, Unique CL20 und Unique FX15.<\/p>","protected":false},"author":1,"featured_media":0,"parent":0,"menu_order":0,"comment_status":"closed","ping_status":"closed","template":"","meta":{"footnotes":""},"class_list":["post-15452","page","type-page","status-publish","hentry"],"yoast_head":"<!-- This site is optimized with the Yoast SEO plugin v27.5 - https:\/\/yoast.com\/product\/yoast-seo-wordpress\/ -->\n<title>Recensies - Unique Equine Supplement<\/title>\n<meta name=\"robots\" content=\"index, follow, max-snippet:-1, max-image-preview:large, max-video-preview:-1\" \/>\n<link rel=\"canonical\" href=\"https:\/\/uniqueequinesupplement.com\/de\/bewertungen\/\" \/>\n<meta property=\"og:locale\" content=\"de_DE\" \/>\n<meta property=\"og:type\" content=\"article\" \/>\n<meta property=\"og:title\" content=\"Recensies - Unique Equine Supplement\" \/>\n<meta property=\"og:description\" content=\"Klantbeoordelingen Ervaringen van paardeneigenaren \u2013 onafhankelijk verzameld via erkende platforms. Onafhankelijke klantbeoordelingen over Unique Equine Supplement en onze paardensupplementen voor balans, stofwisseling, gewrichtsondersteuning en herstel. De bovenstaande reviews geven inzicht in ervaringen met Unique B30, Unique CL20 en Unique FX15.\" \/>\n<meta property=\"og:url\" content=\"https:\/\/uniqueequinesupplement.com\/de\/bewertungen\/\" \/>\n<meta property=\"og:site_name\" content=\"Unique Equine Supplement\" \/>\n<meta property=\"article:publisher\" content=\"https:\/\/www.facebook.com\/profile.php?id=61566984347114\" \/>\n<meta property=\"article:modified_time\" content=\"2026-04-03T08:21:44+00:00\" \/>\n<meta name=\"twitter:card\" content=\"summary_large_image\" \/>\n<meta name=\"twitter:label1\" content=\"Gesch\u00e4tzte Lesezeit\" \/>\n\t<meta name=\"twitter:data1\" content=\"51\u00a0Minuten\" \/>\n<script type=\"application\/ld+json\" class=\"yoast-schema-graph\">{\"@context\":\"https:\\\/\\\/schema.org\",\"@graph\":[{\"@type\":\"WebPage\",\"@id\":\"https:\\\/\\\/uniqueequinesupplement.com\\\/recensies\\\/\",\"url\":\"https:\\\/\\\/uniqueequinesupplement.com\\\/recensies\\\/\",\"name\":\"Recensies - Unique Equine Supplement\",\"isPartOf\":{\"@id\":\"https:\\\/\\\/uniqueequinesupplement.com\\\/#website\"},\"datePublished\":\"2026-01-18T11:18:27+00:00\",\"dateModified\":\"2026-04-03T08:21:44+00:00\",\"breadcrumb\":{\"@id\":\"https:\\\/\\\/uniqueequinesupplement.com\\\/recensies\\\/#breadcrumb\"},\"inLanguage\":\"de\",\"potentialAction\":[{\"@type\":\"ReadAction\",\"target\":[\"https:\\\/\\\/uniqueequinesupplement.com\\\/recensies\\\/\"]}]},{\"@type\":\"BreadcrumbList\",\"@id\":\"https:\\\/\\\/uniqueequinesupplement.com\\\/recensies\\\/#breadcrumb\",\"itemListElement\":[{\"@type\":\"ListItem\",\"position\":1,\"name\":\"Home\",\"item\":\"https:\\\/\\\/uniqueequinesupplement.com\\\/\"},{\"@type\":\"ListItem\",\"position\":2,\"name\":\"Recensies\"}]},{\"@type\":\"WebSite\",\"@id\":\"https:\\\/\\\/uniqueequinesupplement.com\\\/#website\",\"url\":\"https:\\\/\\\/uniqueequinesupplement.com\\\/\",\"name\":\"Unique Equine Supplement\",\"description\":\"Hoogwaardige supplementen voor paarden\",\"publisher\":{\"@id\":\"https:\\\/\\\/uniqueequinesupplement.com\\\/#organization\"},\"potentialAction\":[{\"@type\":\"SearchAction\",\"target\":{\"@type\":\"EntryPoint\",\"urlTemplate\":\"https:\\\/\\\/uniqueequinesupplement.com\\\/?s={search_term_string}\"},\"query-input\":{\"@type\":\"PropertyValueSpecification\",\"valueRequired\":true,\"valueName\":\"search_term_string\"}}],\"inLanguage\":\"de\"},{\"@type\":\"Organization\",\"@id\":\"https:\\\/\\\/uniqueequinesupplement.com\\\/#organization\",\"name\":\"Unique Equine Supplement\",\"url\":\"https:\\\/\\\/uniqueequinesupplement.com\\\/\",\"logo\":{\"@type\":\"ImageObject\",\"inLanguage\":\"de\",\"@id\":\"https:\\\/\\\/uniqueequinesupplement.com\\\/#\\\/schema\\\/logo\\\/image\\\/\",\"url\":\"https:\\\/\\\/uniqueequinesupplement.com\\\/wp-content\\\/uploads\\\/2024\\\/10\\\/Ontwerp-zonder-titel-scaled-e1749110908526.png\",\"contentUrl\":\"https:\\\/\\\/uniqueequinesupplement.com\\\/wp-content\\\/uploads\\\/2024\\\/10\\\/Ontwerp-zonder-titel-scaled-e1749110908526.png\",\"width\":1075,\"height\":755,\"caption\":\"Unique Equine Supplement\"},\"image\":{\"@id\":\"https:\\\/\\\/uniqueequinesupplement.com\\\/#\\\/schema\\\/logo\\\/image\\\/\"},\"sameAs\":[\"https:\\\/\\\/www.facebook.com\\\/profile.php?id=61566984347114\",\"https:\\\/\\\/www.instagram.com\\\/uniqueequinesupplement\\\/\"]}]}<\/script>\n<!-- \/ Yoast SEO plugin. -->","yoast_head_json":{"title":"Bewertungen - Unique Equine Supplement","robots":{"index":"index","follow":"follow","max-snippet":"max-snippet:-1","max-image-preview":"max-image-preview:large","max-video-preview":"max-video-preview:-1"},"canonical":"https:\/\/uniqueequinesupplement.com\/de\/bewertungen\/","og_locale":"de_DE","og_type":"article","og_title":"Recensies - Unique Equine Supplement","og_description":"Klantbeoordelingen Ervaringen van paardeneigenaren \u2013 onafhankelijk verzameld via erkende platforms. Onafhankelijke klantbeoordelingen over Unique Equine Supplement en onze paardensupplementen voor balans, stofwisseling, gewrichtsondersteuning en herstel. De bovenstaande reviews geven inzicht in ervaringen met Unique B30, Unique CL20 en Unique FX15.","og_url":"https:\/\/uniqueequinesupplement.com\/de\/bewertungen\/","og_site_name":"Unique Equine Supplement","article_publisher":"https:\/\/www.facebook.com\/profile.php?id=61566984347114","article_modified_time":"2026-04-03T08:21:44+00:00","twitter_card":"summary_large_image","twitter_misc":{"Gesch\u00e4tzte Lesezeit":"51\u00a0Minuten"},"schema":{"@context":"https:\/\/schema.org","@graph":[{"@type":"WebPage","@id":"https:\/\/uniqueequinesupplement.com\/recensies\/","url":"https:\/\/uniqueequinesupplement.com\/recensies\/","name":"Bewertungen - Unique Equine Supplement","isPartOf":{"@id":"https:\/\/uniqueequinesupplement.com\/#website"},"datePublished":"2026-01-18T11:18:27+00:00","dateModified":"2026-04-03T08:21:44+00:00","breadcrumb":{"@id":"https:\/\/uniqueequinesupplement.com\/recensies\/#breadcrumb"},"inLanguage":"de","potentialAction":[{"@type":"ReadAction","target":["https:\/\/uniqueequinesupplement.com\/recensies\/"]}]},{"@type":"BreadcrumbList","@id":"https:\/\/uniqueequinesupplement.com\/recensies\/#breadcrumb","itemListElement":[{"@type":"ListItem","position":1,"name":"Home","item":"https:\/\/uniqueequinesupplement.com\/"},{"@type":"ListItem","position":2,"name":"Recensies"}]},{"@type":"WebSite","@id":"https:\/\/uniqueequinesupplement.com\/#website","url":"https:\/\/uniqueequinesupplement.com\/","name":"Unique Equine Supplement","description":"Hochwertige Erg\u00e4nzungsfuttermittel f\u00fcr Pferde","publisher":{"@id":"https:\/\/uniqueequinesupplement.com\/#organization"},"potentialAction":[{"@type":"SearchAction","target":{"@type":"EntryPoint","urlTemplate":"https:\/\/uniqueequinesupplement.com\/?s={search_term_string}"},"query-input":{"@type":"PropertyValueSpecification","valueRequired":true,"valueName":"search_term_string"}}],"inLanguage":"de"},{"@type":"Organization","@id":"https:\/\/uniqueequinesupplement.com\/#organization","name":"Unique Equine Supplement","url":"https:\/\/uniqueequinesupplement.com\/","logo":{"@type":"ImageObject","inLanguage":"de","@id":"https:\/\/uniqueequinesupplement.com\/#\/schema\/logo\/image\/","url":"https:\/\/uniqueequinesupplement.com\/wp-content\/uploads\/2024\/10\/Ontwerp-zonder-titel-scaled-e1749110908526.png","contentUrl":"https:\/\/uniqueequinesupplement.com\/wp-content\/uploads\/2024\/10\/Ontwerp-zonder-titel-scaled-e1749110908526.png","width":1075,"height":755,"caption":"Unique Equine Supplement"},"image":{"@id":"https:\/\/uniqueequinesupplement.com\/#\/schema\/logo\/image\/"},"sameAs":["https:\/\/www.facebook.com\/profile.php?id=61566984347114","https:\/\/www.instagram.com\/uniqueequinesupplement\/"]}]}},"jetpack_sharing_enabled":true,"_links":{"self":[{"href":"https:\/\/uniqueequinesupplement.com\/de\/wp-json\/wp\/v2\/pages\/15452","targetHints":{"allow":["GET"]}}],"collection":[{"href":"https:\/\/uniqueequinesupplement.com\/de\/wp-json\/wp\/v2\/pages"}],"about":[{"href":"https:\/\/uniqueequinesupplement.com\/de\/wp-json\/wp\/v2\/types\/page"}],"author":[{"embeddable":true,"href":"https:\/\/uniqueequinesupplement.com\/de\/wp-json\/wp\/v2\/users\/1"}],"replies":[{"embeddable":true,"href":"https:\/\/uniqueequinesupplement.com\/de\/wp-json\/wp\/v2\/comments?post=15452"}],"version-history":[{"count":30,"href":"https:\/\/uniqueequinesupplement.com\/de\/wp-json\/wp\/v2\/pages\/15452\/revisions"}],"predecessor-version":[{"id":17685,"href":"https:\/\/uniqueequinesupplement.com\/de\/wp-json\/wp\/v2\/pages\/15452\/revisions\/17685"}],"wp:attachment":[{"href":"https:\/\/uniqueequinesupplement.com\/de\/wp-json\/wp\/v2\/media?parent=15452"}],"curies":[{"name":"wp","href":"https:\/\/api.w.org\/{rel}","templated":true}]}}