{"id":4151,"date":"2024-10-04T14:38:17","date_gmt":"2024-10-04T12:38:17","guid":{"rendered":"https:\/\/uniqueequinesupplement.com\/terms-privacy\/"},"modified":"2026-03-17T12:03:32","modified_gmt":"2026-03-17T11:03:32","slug":"bedingungen-und-konditionen","status":"publish","type":"page","link":"https:\/\/uniqueequinesupplement.com\/de\/algemene-voorwaarden\/","title":{"rendered":"Allgemeine Bedingungen und Konditionen"},"content":{"rendered":"<div data-elementor-type=\"wp-page\" data-elementor-id=\"4151\" class=\"elementor elementor-4151\" data-elementor-post-type=\"page\">\n\t\t\t\t<div class=\"elementor-element elementor-element-fadb7e3 e-flex e-con-boxed e-con e-parent\" data-id=\"fadb7e3\" data-element_type=\"container\" data-e-type=\"container\">\n\t\t\t\t\t<div class=\"e-con-inner\">\n\t\t\t\t<div class=\"elementor-element elementor-element-c5f4a2e elementor-widget elementor-widget-heading\" data-id=\"c5f4a2e\" data-element_type=\"widget\" data-e-type=\"widget\" data-widget_type=\"heading.default\">\n\t\t\t\t<div class=\"elementor-widget-container\">\n\t\t\t\t\t<h2 class=\"elementor-heading-title elementor-size-default\">Allgemeine Bedingungen und Konditionen<\/h2>\t\t\t\t<\/div>\n\t\t\t\t<\/div>\n\t\t\t\t\t<\/div>\n\t\t\t\t<\/div>\n\t\t<div class=\"elementor-element elementor-element-412ac26a e-flex e-con-boxed e-con e-parent\" data-id=\"412ac26a\" data-element_type=\"container\" data-e-type=\"container\" id=\"algemenevoorwaarden\">\n\t\t\t\t\t<div class=\"e-con-inner\">\n\t\t\t\t<div class=\"elementor-element elementor-element-c33f46f elementor-widget elementor-widget-text-editor\" data-id=\"c33f46f\" data-element_type=\"widget\" data-e-type=\"widget\" data-widget_type=\"text-editor.default\">\n\t\t\t\t<div class=\"elementor-widget-container\">\n\t\t\t\t\t\t\t\t\t<p class=\"translation-block\"><strong style=\"font-size: 14px;letter-spacing: 0px\">Version:<\/strong><span style=\"font-size: 14px;letter-spacing: 0px\"> 15. September 2024<\/span><\/p><hr \/><h6><strong>1. Anwendbarkeit<\/strong><\/h6><p class=\"translation-block\">Diese Allgemeinen Gesch\u00e4ftsbedingungen gelten f\u00fcr alle Rechtsverh\u00e4ltnisse (Vertr\u00e4ge, Angebote, Kostenvoranschl\u00e4ge) zwischen <strong>Unique Equine Supplement SL (UES)<\/strong> und einer nat\u00fcrlichen oder juristischen Person (Kunde) hinsichtlich der Lieferung von Produkten oder Dienstleistungen.<\/p><ul><li><p>Allgemeine Gesch\u00e4ftsbedingungen von K\u00e4ufern werden von der UES nicht akzeptiert.<\/p><\/li><li><p>Mitarbeiter, von der UES beauftragte Dritte und mit der UES verbundene Mutter-, Schwester- oder Tochtergesellschaften k\u00f6nnen sich ebenfalls auf diese Bestimmungen berufen.<\/p><\/li><\/ul><hr \/><h6><strong>2. Abschluss des Abkommens<\/strong><\/h6><ul><li><p>Die Angebote der UES sind freibleibend, sofern nicht schriftlich etwas anderes angegeben ist.<\/p><\/li><li><p>Vertr\u00e4ge kommen durch eine Best\u00e4tigung per E-Mail, per Post oder durch die tats\u00e4chliche Lieferung oder Erbringung von Dienstleistungen zustande.<\/p><\/li><\/ul><hr \/><h6><strong>3. Lieferung und Risiko<\/strong><\/h6><ul><li><p>Bei Lieferung auf Kosten der UES geht die Gefahr der gelieferten Produkte mit dem Empfang auf den Kunden \u00fcber.<\/p><\/li><li><p>Die Lieferung kann in Teilen erfolgen.<\/p><\/li><li><p>Die angegebenen Lieferzeiten sind Richtwerte und nicht endg\u00fcltig, sofern nicht ausdr\u00fccklich etwas anderes vereinbart wurde.<\/p><\/li><\/ul><hr \/><h6><strong>4. Inspektion, M\u00e4ngel und R\u00fcckgabe<\/strong><\/h6><p><strong>4.1 Eingangspr\u00fcfung<\/strong><\/p><ul><li><p>Der K\u00e4ufer muss die Produkte bei Erhalt sorgf\u00e4ltig pr\u00fcfen.<\/p><\/li><li><p class=\"translation-block\"><strong>Sichtbare M\u00e4ngel<\/strong> m\u00fcssen innerhalb von 7 Tagen schriftlich gemeldet werden.<\/p><\/li><li><p class=\"translation-block\"><strong>Nicht sichtbare M\u00e4ngel<\/strong> m\u00fcssen innerhalb von 6 Monaten schriftlich gemeldet werden, sobald sie vern\u00fcnftigerweise festgestellt werden k\u00f6nnen.<\/p><\/li><\/ul><p><strong>4.2 R\u00fccksendungen B2B<\/strong><\/p><ul><li><p>F\u00fcr Gesch\u00e4ftskunden ist eine R\u00fcckgabe nur bei M\u00e4ngeln gem\u00e4\u00df den oben genannten Bedingungen m\u00f6glich.<\/p><\/li><\/ul><p><strong>4.3 R\u00fccksendungen B2C (Verbraucher)<\/strong><\/p><p data-start=\"253\" data-end=\"369\" class=\"translation-block\">Verbraucher innerhalb der EU haben ein <strong>14-t\u00e4giges Widerrufsrecht<\/strong> nach Erhalt der Produkte gem\u00e4\u00df EU-Recht.<\/p><p data-start=\"371\" data-end=\"547\" class=\"translation-block\">R\u00fccksendungen m\u00fcssen <strong>unge\u00f6ffnet, unbesch\u00e4digt und in der Originalverpackung<\/strong> sein. <strong>Ge\u00f6ffnete Erg\u00e4nzungsmittel k\u00f6nnen aus hygienischen Gr\u00fcnden nicht zur\u00fcckgegeben werden<\/strong>.<\/p><p data-start=\"549\" data-end=\"671\" class=\"translation-block\">Zur Einleitung eines R\u00fcckgabeverfahrens muss der Verbraucher \u00fcber <strong><a class=\"decorated-link cursor-pointer\" rel=\"noopener\" target=\"_self\">info@uniqueequinesupplement.com<\/a><\/strong> Kontakt aufnehmen.<\/p><p data-start=\"673\" data-end=\"778\">Die Kosten f\u00fcr die R\u00fccksendung gehen zu Lasten des Verbrauchers, es sei denn, das Produkt ist defekt oder wurde falsch geliefert.<\/p><p data-start=\"780\" data-end=\"904\" class=\"translation-block\">Die R\u00fcckerstattung erfolgt innerhalb von <strong>14 Tagen<\/strong> nach Erhalt des zur\u00fcckgesendeten Produkts auf die urspr\u00fcngliche Zahlungsmethode.<\/p><p data-start=\"906\" data-end=\"1033\" class=\"translation-block\"><strong>Achtung:<\/strong> Die Produkte werden \u00fcber ein <strong>Fulfilment-Unternehmen in den Niederlanden<\/strong> geliefert, auch wenn die Rechnung aus Spanien gestellt wird.<\/p><hr \/><h6><strong>5. <\/strong><strong data-start=\"233\" data-end=\"272\">Rechnungsstellung\/Zahlung<\/strong><\/h6><ul data-start=\"274\" data-end=\"1104\"><li data-start=\"274\" data-end=\"390\"><p data-start=\"276\" data-end=\"390\" class=\"translation-block\"><strong>Rechnungsadresse:<\/strong> Unique Equine Supplement SL<br>Calle Antonio Machado 16, 41240 Almad\u00e9n de la Plata, Spanien<\/p><\/li><li data-start=\"391\" data-end=\"475\"><p data-start=\"393\" data-end=\"475\" class=\"translation-block\"><strong>Lieferung:<\/strong> Die Produkte werden \u00fcber ein Fulfilment-Unternehmen in den Niederlanden versendet.<\/p><\/li><li data-start=\"476\" data-end=\"648\"><p data-start=\"478\" data-end=\"648\" class=\"translation-block\"><strong>USt \/ B2B:<\/strong> F\u00fcr Gesch\u00e4ftskunden wird die Rechnung inklusive spanischer USt. oder innergemeinschaftlicher Lieferung (0 %) ausgestellt, abh\u00e4ngig von der USt-Nummer des Kunden.<\/p><\/li><li data-start=\"649\" data-end=\"791\"><p data-start=\"651\" data-end=\"791\" class=\"translation-block\"><strong>USt \/ B2C:<\/strong> F\u00fcr Verbraucher innerhalb der EU wird die Mehrwertsteuer nach dem Land des Verbrauchers berechnet (OSS-Regelung, falls zutreffend).<\/p><\/li><li data-start=\"792\" data-end=\"903\"><p data-start=\"794\" data-end=\"903\" class=\"translation-block\"><strong>Zahlung:<\/strong> Rechnungen sind sp\u00e4testens am F\u00e4lligkeitstag ohne Abzug oder Zur\u00fcckbehaltung zu begleichen.<\/p><\/li><li data-start=\"904\" data-end=\"1104\"><p data-start=\"906\" data-end=\"1000\" class=\"translation-block\"><strong>Verzug:<\/strong> Bei nicht fristgerechter Zahlung befindet sich der Kunde automatisch im Verzug und ist verpflichtet zu zahlen:<\/p><ul data-start=\"1003\" data-end=\"1104\"><li data-start=\"1003\" data-end=\"1047\"><p data-start=\"1005\" data-end=\"1047\">Gesetzliche Handelszinsen auf den Hauptbetrag<\/p><\/li><li data-start=\"1050\" data-end=\"1104\"><p data-start=\"1052\" data-end=\"1104\">Au\u00dfergerichtliche und gerichtliche Inkassokosten<\/p><\/li><\/ul><\/li><\/ul><hr \/><h6><strong>6. Eigentumsvorbehalt<\/strong><\/h6><ul><li><p>Die UES beh\u00e4lt sich das Eigentum an den gelieferten Produkten bis zur vollst\u00e4ndigen Begleichung der Rechnung vor.<\/p><\/li><li><p>Die Lieferung, Ver\u00e4u\u00dferung oder Verpf\u00e4ndung durch den Kunden ist untersagt, solange das Eigentum nicht \u00fcbertragen wurde, es sei denn, dies geschieht im normalen Gesch\u00e4ftsverkehr.<\/p><\/li><\/ul><hr \/><h6><strong>7. Aussetzung und Aufl\u00f6sung<\/strong><\/h6><ul><li><p>Im Falle der Nichterf\u00fcllung, des Konkurses, der Zahlungseinstellung, des Konkurses, der Liquidation oder der Stilllegung kann die UES den Vertrag ganz oder teilweise aufheben oder aussetzen.<\/p><\/li><li><p>Ausstehende Forderungen k\u00f6nnen sofort geltend gemacht werden.<\/p><\/li><\/ul><hr \/><h6><strong>8. H\u00f6here Gewalt<\/strong><\/h6><ul><li><p>Die UES haftet nicht f\u00fcr die Nichterf\u00fcllung aufgrund h\u00f6herer Gewalt, einschlie\u00dflich h\u00f6herer Gewalt:<\/p><ul><li><p>Verz\u00f6gerungen bei den Lieferanten<\/p><\/li><li><p>Ausf\u00e4lle von Ger\u00e4ten oder Software von Drittanbietern<\/p><\/li><li><p>Ma\u00dfnahmen der Regierung<\/p><\/li><li><p>Stromausf\u00e4lle, Krieg, Streiks, Verkehrsprobleme<\/p><\/li><li><p>Krankheitsausbr\u00fcche oder Abwesenheit von Personal<\/p><\/li><\/ul><\/li><\/ul><hr \/><h6><strong>9. Haftung<\/strong><\/h6><ul><li><p>Die UES haftet nicht f\u00fcr Sch\u00e4den, die durch:<\/p><ul><li><p>Produkte, die keiner Verarbeitung unterzogen wurden oder die auf Rezept des Kunden hergestellt wurden<\/p><\/li><li><p>Ma\u00dfnahmen der Regierung<\/p><\/li><li><p>Falsche Verwendung oder unvollst\u00e4ndige Angaben des Kunden<\/p><\/li><\/ul><\/li><li><p>Im B2B-Bereich ist die Haftung auf unmittelbare Sch\u00e4den und maximal auf den Rechnungswert beschr\u00e4nkt, wobei die Obergrenze bei 45.000 \u20ac liegt.<\/p><\/li><li><p class=\"translation-block\">F\u00fcr Verbraucher darf die Haftung <strong>nicht<\/strong> f\u00fcr Personensch\u00e4den oder vors\u00e4tzlich oder grob fahrl\u00e4ssig verursachte Sch\u00e4den begrenzt werden.<\/p><\/li><\/ul><hr \/><h6><strong>10. Klagerechte<\/strong><\/h6><ul><li><p>F\u00fcr Gesch\u00e4ftskunden verj\u00e4hren die Anspr\u00fcche ein Jahr nach ihrer Entstehung, es sei denn, der Anspruch wird innerhalb dieser Frist bei dem zust\u00e4ndigen Gericht geltend gemacht.<\/p><\/li><\/ul><hr \/><h6><strong>11. Verwaltung<\/strong><\/h6><ul><li><p>Die Aufzeichnungen der UES dienen vorbehaltlich des Gegenbeweises durch den Kunden als vollst\u00e4ndiger Beweis.<\/p><\/li><\/ul><hr \/><h6><strong>12. Datenschutz<\/strong><\/h6><ul><li><p>UES und Kunde verarbeiten personenbezogene Daten nach dem AVG.<\/p><\/li><li><p>Die UES handelt in \u00dcbereinstimmung mit der Datenschutzerkl\u00e4rung auf der Website.<\/p><\/li><li><p>Verbraucher k\u00f6nnen ihre Rechte nach dem AVG geltend machen.<\/p><\/li><\/ul><hr \/><h6><strong>13. Anwendbares Recht<\/strong><\/h6><ul><li data-start=\"225\" data-end=\"334\"><p data-start=\"227\" data-end=\"334\" class=\"translation-block\"><strong>B2B (Gesch\u00e4ftskunden):<\/strong> Vertr\u00e4ge mit Gesch\u00e4ftskunden unterliegen spanischem Recht.<br><\/p><\/li><li data-start=\"336\" data-end=\"505\"><p data-start=\"338\" data-end=\"505\" class=\"translation-block\"><strong>B2C (Verbraucher innerhalb der EU):<\/strong> F\u00fcr Verbraucher gelten die gesetzlichen Verbraucherrechte ihres Landes; ihre Rechte werden durch diese Bedingungen nicht eingeschr\u00e4nkt.<br><\/p><\/li><li data-start=\"507\" data-end=\"587\"><p data-start=\"509\" data-end=\"587\" class=\"translation-block\">Die Bestimmungen des <strong>Wiener Kaufrechts<\/strong> werden ausgeschlossen.<\/p><\/li><\/ul>\t\t\t\t\t\t\t\t<\/div>\n\t\t\t\t<\/div>\n\t\t\t\t\t<\/div>\n\t\t\t\t<\/div>\n\t\t\t\t<\/div>","protected":false},"excerpt":{"rendered":"<p>Algemene voorwaarden Versie: 15 september 2024 1. Toepasselijkheid Deze Algemene Voorwaarden zijn van toepassing op alle rechtsverhoudingen (overeenkomsten, aanbiedingen, offertes) tussen Unique Equine Supplement SL (UES) en een natuurlijke of rechtspersoon (afnemer) voor de levering van producten of diensten. Algemene voorwaarden van afnemers worden door UES niet aanvaard. Werknemers, door UES ingeschakelde derden, en aan [&hellip;]<\/p>\n","protected":false},"author":1,"featured_media":0,"parent":0,"menu_order":0,"comment_status":"closed","ping_status":"closed","template":"elementor_header_footer","meta":{"footnotes":""},"class_list":["post-4151","page","type-page","status-publish","hentry"],"yoast_head":"<!-- This site is optimized with the Yoast SEO plugin v27.4 - https:\/\/yoast.com\/product\/yoast-seo-wordpress\/ -->\n<title>Algemene Voorwaarden - Unique Equine Supplement<\/title>\n<meta name=\"robots\" content=\"index, follow, max-snippet:-1, max-image-preview:large, max-video-preview:-1\" \/>\n<link rel=\"canonical\" href=\"https:\/\/uniqueequinesupplement.com\/de\/bedingungen-und-konditionen\/\" \/>\n<meta property=\"og:locale\" content=\"de_DE\" \/>\n<meta property=\"og:type\" content=\"article\" \/>\n<meta property=\"og:title\" content=\"Algemene Voorwaarden - Unique Equine Supplement\" \/>\n<meta property=\"og:description\" content=\"Algemene voorwaarden Versie: 15 september 2024 1. Toepasselijkheid Deze Algemene Voorwaarden zijn van toepassing op alle rechtsverhoudingen (overeenkomsten, aanbiedingen, offertes) tussen Unique Equine Supplement SL (UES) en een natuurlijke of rechtspersoon (afnemer) voor de levering van producten of diensten. Algemene voorwaarden van afnemers worden door UES niet aanvaard. Werknemers, door UES ingeschakelde derden, en aan [&hellip;]\" \/>\n<meta property=\"og:url\" content=\"https:\/\/uniqueequinesupplement.com\/de\/bedingungen-und-konditionen\/\" \/>\n<meta property=\"og:site_name\" content=\"Unique Equine Supplement\" \/>\n<meta property=\"article:publisher\" content=\"https:\/\/www.facebook.com\/profile.php?id=61566984347114\" \/>\n<meta property=\"article:modified_time\" content=\"2026-03-17T11:03:32+00:00\" \/>\n<meta name=\"twitter:card\" content=\"summary_large_image\" \/>\n<meta name=\"twitter:label1\" content=\"Gesch\u00e4tzte Lesezeit\" \/>\n\t<meta name=\"twitter:data1\" content=\"4\u00a0Minuten\" \/>\n<script type=\"application\/ld+json\" class=\"yoast-schema-graph\">{\"@context\":\"https:\\\/\\\/schema.org\",\"@graph\":[{\"@type\":\"WebPage\",\"@id\":\"https:\\\/\\\/uniqueequinesupplement.com\\\/algemene-voorwaarden\\\/\",\"url\":\"https:\\\/\\\/uniqueequinesupplement.com\\\/algemene-voorwaarden\\\/\",\"name\":\"Algemene Voorwaarden - Unique Equine Supplement\",\"isPartOf\":{\"@id\":\"https:\\\/\\\/uniqueequinesupplement.com\\\/#website\"},\"datePublished\":\"2024-10-04T12:38:17+00:00\",\"dateModified\":\"2026-03-17T11:03:32+00:00\",\"breadcrumb\":{\"@id\":\"https:\\\/\\\/uniqueequinesupplement.com\\\/algemene-voorwaarden\\\/#breadcrumb\"},\"inLanguage\":\"de\",\"potentialAction\":[{\"@type\":\"ReadAction\",\"target\":[\"https:\\\/\\\/uniqueequinesupplement.com\\\/algemene-voorwaarden\\\/\"]}]},{\"@type\":\"BreadcrumbList\",\"@id\":\"https:\\\/\\\/uniqueequinesupplement.com\\\/algemene-voorwaarden\\\/#breadcrumb\",\"itemListElement\":[{\"@type\":\"ListItem\",\"position\":1,\"name\":\"Home\",\"item\":\"https:\\\/\\\/uniqueequinesupplement.com\\\/\"},{\"@type\":\"ListItem\",\"position\":2,\"name\":\"Algemene Voorwaarden\"}]},{\"@type\":\"WebSite\",\"@id\":\"https:\\\/\\\/uniqueequinesupplement.com\\\/#website\",\"url\":\"https:\\\/\\\/uniqueequinesupplement.com\\\/\",\"name\":\"Unique Equine Supplement\",\"description\":\"Hoogwaardige supplementen voor paarden\",\"publisher\":{\"@id\":\"https:\\\/\\\/uniqueequinesupplement.com\\\/#organization\"},\"potentialAction\":[{\"@type\":\"SearchAction\",\"target\":{\"@type\":\"EntryPoint\",\"urlTemplate\":\"https:\\\/\\\/uniqueequinesupplement.com\\\/?s={search_term_string}\"},\"query-input\":{\"@type\":\"PropertyValueSpecification\",\"valueRequired\":true,\"valueName\":\"search_term_string\"}}],\"inLanguage\":\"de\"},{\"@type\":\"Organization\",\"@id\":\"https:\\\/\\\/uniqueequinesupplement.com\\\/#organization\",\"name\":\"Unique Equine Supplement\",\"url\":\"https:\\\/\\\/uniqueequinesupplement.com\\\/\",\"logo\":{\"@type\":\"ImageObject\",\"inLanguage\":\"de\",\"@id\":\"https:\\\/\\\/uniqueequinesupplement.com\\\/#\\\/schema\\\/logo\\\/image\\\/\",\"url\":\"https:\\\/\\\/uniqueequinesupplement.com\\\/wp-content\\\/uploads\\\/2024\\\/10\\\/Ontwerp-zonder-titel-scaled-e1749110908526.png\",\"contentUrl\":\"https:\\\/\\\/uniqueequinesupplement.com\\\/wp-content\\\/uploads\\\/2024\\\/10\\\/Ontwerp-zonder-titel-scaled-e1749110908526.png\",\"width\":1075,\"height\":755,\"caption\":\"Unique Equine Supplement\"},\"image\":{\"@id\":\"https:\\\/\\\/uniqueequinesupplement.com\\\/#\\\/schema\\\/logo\\\/image\\\/\"},\"sameAs\":[\"https:\\\/\\\/www.facebook.com\\\/profile.php?id=61566984347114\",\"https:\\\/\\\/www.instagram.com\\\/uniqueequinesupplement\\\/\"]}]}<\/script>\n<!-- \/ Yoast SEO plugin. -->","yoast_head_json":{"title":"Allgemeine Bedingungen und Konditionen - Unique Equine Supplement","robots":{"index":"index","follow":"follow","max-snippet":"max-snippet:-1","max-image-preview":"max-image-preview:large","max-video-preview":"max-video-preview:-1"},"canonical":"https:\/\/uniqueequinesupplement.com\/de\/bedingungen-und-konditionen\/","og_locale":"de_DE","og_type":"article","og_title":"Algemene Voorwaarden - Unique Equine Supplement","og_description":"Algemene voorwaarden Versie: 15 september 2024 1. Toepasselijkheid Deze Algemene Voorwaarden zijn van toepassing op alle rechtsverhoudingen (overeenkomsten, aanbiedingen, offertes) tussen Unique Equine Supplement SL (UES) en een natuurlijke of rechtspersoon (afnemer) voor de levering van producten of diensten. Algemene voorwaarden van afnemers worden door UES niet aanvaard. Werknemers, door UES ingeschakelde derden, en aan [&hellip;]","og_url":"https:\/\/uniqueequinesupplement.com\/de\/bedingungen-und-konditionen\/","og_site_name":"Unique Equine Supplement","article_publisher":"https:\/\/www.facebook.com\/profile.php?id=61566984347114","article_modified_time":"2026-03-17T11:03:32+00:00","twitter_card":"summary_large_image","twitter_misc":{"Gesch\u00e4tzte Lesezeit":"4\u00a0Minuten"},"schema":{"@context":"https:\/\/schema.org","@graph":[{"@type":"WebPage","@id":"https:\/\/uniqueequinesupplement.com\/algemene-voorwaarden\/","url":"https:\/\/uniqueequinesupplement.com\/algemene-voorwaarden\/","name":"Allgemeine Bedingungen und Konditionen - Unique Equine Supplement","isPartOf":{"@id":"https:\/\/uniqueequinesupplement.com\/#website"},"datePublished":"2024-10-04T12:38:17+00:00","dateModified":"2026-03-17T11:03:32+00:00","breadcrumb":{"@id":"https:\/\/uniqueequinesupplement.com\/algemene-voorwaarden\/#breadcrumb"},"inLanguage":"de","potentialAction":[{"@type":"ReadAction","target":["https:\/\/uniqueequinesupplement.com\/algemene-voorwaarden\/"]}]},{"@type":"BreadcrumbList","@id":"https:\/\/uniqueequinesupplement.com\/algemene-voorwaarden\/#breadcrumb","itemListElement":[{"@type":"ListItem","position":1,"name":"Home","item":"https:\/\/uniqueequinesupplement.com\/"},{"@type":"ListItem","position":2,"name":"Algemene Voorwaarden"}]},{"@type":"WebSite","@id":"https:\/\/uniqueequinesupplement.com\/#website","url":"https:\/\/uniqueequinesupplement.com\/","name":"Unique Equine Supplement","description":"Hochwertige Erg\u00e4nzungsfuttermittel f\u00fcr Pferde","publisher":{"@id":"https:\/\/uniqueequinesupplement.com\/#organization"},"potentialAction":[{"@type":"SearchAction","target":{"@type":"EntryPoint","urlTemplate":"https:\/\/uniqueequinesupplement.com\/?s={search_term_string}"},"query-input":{"@type":"PropertyValueSpecification","valueRequired":true,"valueName":"search_term_string"}}],"inLanguage":"de"},{"@type":"Organization","@id":"https:\/\/uniqueequinesupplement.com\/#organization","name":"Unique Equine Supplement","url":"https:\/\/uniqueequinesupplement.com\/","logo":{"@type":"ImageObject","inLanguage":"de","@id":"https:\/\/uniqueequinesupplement.com\/#\/schema\/logo\/image\/","url":"https:\/\/uniqueequinesupplement.com\/wp-content\/uploads\/2024\/10\/Ontwerp-zonder-titel-scaled-e1749110908526.png","contentUrl":"https:\/\/uniqueequinesupplement.com\/wp-content\/uploads\/2024\/10\/Ontwerp-zonder-titel-scaled-e1749110908526.png","width":1075,"height":755,"caption":"Unique Equine Supplement"},"image":{"@id":"https:\/\/uniqueequinesupplement.com\/#\/schema\/logo\/image\/"},"sameAs":["https:\/\/www.facebook.com\/profile.php?id=61566984347114","https:\/\/www.instagram.com\/uniqueequinesupplement\/"]}]}},"jetpack_sharing_enabled":true,"_links":{"self":[{"href":"https:\/\/uniqueequinesupplement.com\/de\/wp-json\/wp\/v2\/pages\/4151","targetHints":{"allow":["GET"]}}],"collection":[{"href":"https:\/\/uniqueequinesupplement.com\/de\/wp-json\/wp\/v2\/pages"}],"about":[{"href":"https:\/\/uniqueequinesupplement.com\/de\/wp-json\/wp\/v2\/types\/page"}],"author":[{"embeddable":true,"href":"https:\/\/uniqueequinesupplement.com\/de\/wp-json\/wp\/v2\/users\/1"}],"replies":[{"embeddable":true,"href":"https:\/\/uniqueequinesupplement.com\/de\/wp-json\/wp\/v2\/comments?post=4151"}],"version-history":[{"count":3,"href":"https:\/\/uniqueequinesupplement.com\/de\/wp-json\/wp\/v2\/pages\/4151\/revisions"}],"predecessor-version":[{"id":17340,"href":"https:\/\/uniqueequinesupplement.com\/de\/wp-json\/wp\/v2\/pages\/4151\/revisions\/17340"}],"wp:attachment":[{"href":"https:\/\/uniqueequinesupplement.com\/de\/wp-json\/wp\/v2\/media?parent=4151"}],"curies":[{"name":"wp","href":"https:\/\/api.w.org\/{rel}","templated":true}]}}