{"id":4171,"date":"2024-10-04T14:38:18","date_gmt":"2024-10-04T12:38:18","guid":{"rendered":"https:\/\/uniqueequinesupplement.com\/help-info\/"},"modified":"2026-01-21T10:09:57","modified_gmt":"2026-01-21T09:09:57","slug":"rucksendung","status":"publish","type":"page","link":"https:\/\/uniqueequinesupplement.com\/de\/verzending-retourneren\/","title":{"rendered":"Versand und R\u00fcckgabe"},"content":{"rendered":"<div data-elementor-type=\"wp-page\" data-elementor-id=\"4171\" class=\"elementor elementor-4171\" data-elementor-post-type=\"page\">\n\t\t\t\t<div class=\"elementor-element elementor-element-3fc23c3e e-flex e-con-boxed e-con e-parent\" data-id=\"3fc23c3e\" data-element_type=\"container\" data-e-type=\"container\">\n\t\t\t\t\t<div class=\"e-con-inner\">\n\t\t\t\t<div class=\"elementor-element elementor-element-f62861d elementor-widget elementor-widget-heading\" data-id=\"f62861d\" data-element_type=\"widget\" data-e-type=\"widget\" data-widget_type=\"heading.default\">\n\t\t\t\t<div class=\"elementor-widget-container\">\n\t\t\t\t\t<h2 class=\"elementor-heading-title elementor-size-default\">Versand und R\u00fcckgabe<\/h2>\t\t\t\t<\/div>\n\t\t\t\t<\/div>\n\t\t\t\t<div class=\"elementor-element elementor-element-5d7cce24 elementor-widget elementor-widget-text-editor\" data-id=\"5d7cce24\" data-element_type=\"widget\" data-e-type=\"widget\" data-widget_type=\"text-editor.default\">\n\t\t\t\t<div class=\"elementor-widget-container\">\n\t\t\t\t\t\t\t\t\t<p><strong>Versand<\/strong><\/p><p data-start=\"1339\" data-end=\"1505\">Nachdem Sie Ihre Bestellung aufgegeben und bezahlt haben, sorgen wir daf\u00fcr, dass Ihr Nahrungserg\u00e4nzungsmittel so schnell wie m\u00f6glich aus unserem Lager in den Niederlanden versandt wird.<\/p><p data-start=\"1507\" data-end=\"1658\"><strong data-start=\"1507\" data-end=\"1520\">Lieferfrist:<\/strong><br data-start=\"1520\" data-end=\"1523\" \/>\u2022 <strong data-start=\"1525\" data-end=\"1539\">Niederlande:<\/strong> vor 23:59 Uhr bestellt = in der Regel morgen geliefert<br data-start=\"1585\" data-end=\"1588\" \/>\u2022 <strong data-start=\"1590\" data-end=\"1601\">Belgien:<\/strong> bestellt vor 19:30 = in der Regel 1-2 Werktage Lieferzeit<br \/>\u2022 <strong>Andere L\u00e4nder: <\/strong>Lieferung in der Regel 2-7 Tage<\/p><p data-start=\"1660\" data-end=\"2015\">Es kann vorkommen, dass ein Produkt vor\u00fcbergehend nicht auf Lager ist. Wenn wir Ihre Bestellung nicht innerhalb von <strong data-start=\"1759\" data-end=\"1771\">10 Tage<\/strong> liefern kann, erhalten Sie von uns eine E-Mail mit den notwendigen Informationen. Sie k\u00f6nnen dann w\u00e4hlen, ob Sie das Produkt sp\u00e4ter erhalten oder die Bestellung stornieren m\u00f6chten. Im Falle einer Stornierung erstatten wir Ihnen den gezahlten Betrag innerhalb von <strong data-start=\"1997\" data-end=\"2008\">7 Tage<\/strong> zur\u00fcck.<\/p><p data-start=\"886\" data-end=\"1010\"><b>R\u00fcckgabe:<br \/><\/b><span style=\"letter-spacing: 0px; word-spacing: 0em;\">Sie haben das Recht, Ihre Bestellung innerhalb von <\/span><strong style=\"letter-spacing: 0px; word-spacing: 0em;\" data-start=\"2077\" data-end=\"2102\">14 Tage nach Erhalt<\/strong><span style=\"letter-spacing: 0px; word-spacing: 0em;\"> ohne Angabe von Gr\u00fcnden zur\u00fcckzugeben.<\/span><\/p><p data-start=\"2144\" data-end=\"2337\">Um f\u00fcr R\u00fccksendungen in Frage zu kommen:<br data-start=\"2188\" data-end=\"2191\" \/>- Das Produkt muss <strong data-start=\"2210\" data-end=\"2239\">unge\u00f6ffnet und unbesch\u00e4digt<\/strong> sind.<br data-start=\"2245\" data-end=\"2248\" \/>\u2022 <strong data-start=\"2250\" data-end=\"2308\">Ge\u00f6ffnete Beilagen k\u00f6nnen nicht zur\u00fcckgegeben werden<\/strong> aus hygienischen Gr\u00fcnden.<\/p><p data-start=\"1506\" data-end=\"1526\"><strong data-start=\"1506\" data-end=\"1524\">R\u00fcckerstattung:<\/strong><\/p><ul data-start=\"1527\" data-end=\"1769\"><li data-start=\"1527\" data-end=\"1658\"><p data-start=\"1529\" data-end=\"1658\" class=\"translation-block\">Nach Erhalt und Pr\u00fcfung des zur\u00fcckgesendeten Produkts erstatten wir den Kaufbetrag innerhalb von <strong>14 Tagen<\/strong> auf Ihr Konto zur\u00fcck.<\/p><\/li><li data-start=\"1659\" data-end=\"1769\"><p data-start=\"1661\" data-end=\"1769\">Die Versandkosten f\u00fcr R\u00fccksendungen gehen zu Lasten des Kunden, es sei denn, das Produkt wurde fehlerhaft geliefert.<\/p><\/li><\/ul><p data-start=\"1771\" data-end=\"1843\" class=\"translation-block\">F\u00fcr weitere Details verweisen wir auf unsere <a href=\"https:\/\/uniqueequinesupplement.com\/de\/allgemeine-geschaeftsbedingungen\/\" target=\"_self\">Allgemeinen Gesch\u00e4ftsbedingungen<\/a>.<\/p><div><article dir=\"auto\" tabindex=\"-1\" data-turn-id=\"4d1799b8-8aaa-48d8-898f-28836500d54a\" data-testid=\"conversation-turn-334\" data-scroll-anchor=\"true\" data-turn=\"assistant\"><div><div tabindex=\"-1\"><div><div dir=\"auto\" data-message-author-role=\"assistant\" data-message-id=\"9c79d557-c1e6-4915-864e-caec2509d7ff\" data-message-model-slug=\"gpt-5-2\"><div><div><p data-start=\"68\" data-end=\"83\" class=\"translation-block\"><strong>R\u00fcckgabeverfahren<br><\/strong>Bitte melden Sie Ihre R\u00fccksendung vorab per E-Mail \u00fcber <a rel=\"noopener\" target=\"_self\">info@uniqueequinesupplement.com<\/a> an.<br>Senden Sie das Produkt innerhalb von 14 Tagen nach Erhalt an :<\/p><p data-start=\"211\" data-end=\"318\" data-is-last-node=\"\" data-is-only-node=\"\">Fulfilment NL<br data-start=\"224\" data-end=\"227\" \/>Attn: R\u00fccksendung Einzigartiges Equine Supplement<br data-start=\"267\" data-end=\"270\" \/>Bijsterhuizen 2511<br data-start=\"288\" data-end=\"291\" \/>6604 LM Wijchen<br data-start=\"306\" data-end=\"309\" \/>Niederlande<\/p><\/div><\/div><\/div><\/div><div>\u00a0<\/div><div><div>\u00a0<\/div><\/div><\/div><\/div><\/article><\/div><div aria-hidden=\"true\" data-edge=\"true\">\u00a0<\/div>\t\t\t\t\t\t\t\t<\/div>\n\t\t\t\t<\/div>\n\t\t\t\t\t<\/div>\n\t\t\t\t<\/div>\n\t\t\t\t<\/div>","protected":false},"excerpt":{"rendered":"<p>verzending &amp; retourneren\u200b Verzending Na het plaatsen en betalen van je bestelling zorgen wij ervoor dat jouw supplement zo snel mogelijk wordt verzonden vanuit ons magazijn in Nederland. Levertijd:\u2022 Nederland: v\u00f3\u00f3r 23:59 besteld = doorgaans morgen in huis\u2022 Belgi\u00eb: v\u00f3\u00f3r 19:30 besteld = doorgaans levertijd 1\u20132 werkdagen\u2022 Overige landen: doorgaans\u00a0levering 2-7 dagen Het kan voorkomen [&hellip;]<\/p>\n","protected":false},"author":1,"featured_media":0,"parent":0,"menu_order":0,"comment_status":"closed","ping_status":"closed","template":"elementor_header_footer","meta":{"footnotes":""},"class_list":["post-4171","page","type-page","status-publish","hentry"],"yoast_head":"<!-- This site is optimized with the Yoast SEO plugin v27.4 - https:\/\/yoast.com\/product\/yoast-seo-wordpress\/ -->\n<title>Verzending &amp; Retourneren - Unique Equine Supplement<\/title>\n<meta name=\"robots\" content=\"index, follow, max-snippet:-1, max-image-preview:large, max-video-preview:-1\" \/>\n<link rel=\"canonical\" href=\"https:\/\/uniqueequinesupplement.com\/de\/rucksendung\/\" \/>\n<meta property=\"og:locale\" content=\"de_DE\" \/>\n<meta property=\"og:type\" content=\"article\" \/>\n<meta property=\"og:title\" content=\"Verzending &amp; Retourneren - Unique Equine Supplement\" \/>\n<meta property=\"og:description\" content=\"verzending &amp; retourneren\u200b Verzending Na het plaatsen en betalen van je bestelling zorgen wij ervoor dat jouw supplement zo snel mogelijk wordt verzonden vanuit ons magazijn in Nederland. Levertijd:\u2022 Nederland: v\u00f3\u00f3r 23:59 besteld = doorgaans morgen in huis\u2022 Belgi\u00eb: v\u00f3\u00f3r 19:30 besteld = doorgaans levertijd 1\u20132 werkdagen\u2022 Overige landen: doorgaans\u00a0levering 2-7 dagen Het kan voorkomen [&hellip;]\" \/>\n<meta property=\"og:url\" content=\"https:\/\/uniqueequinesupplement.com\/de\/rucksendung\/\" \/>\n<meta property=\"og:site_name\" content=\"Unique Equine Supplement\" \/>\n<meta property=\"article:publisher\" content=\"https:\/\/www.facebook.com\/profile.php?id=61566984347114\" \/>\n<meta property=\"article:modified_time\" content=\"2026-01-21T09:09:57+00:00\" \/>\n<meta name=\"twitter:card\" content=\"summary_large_image\" \/>\n<meta name=\"twitter:label1\" content=\"Gesch\u00e4tzte Lesezeit\" \/>\n\t<meta name=\"twitter:data1\" content=\"2\u00a0Minuten\" \/>\n<script type=\"application\/ld+json\" class=\"yoast-schema-graph\">{\"@context\":\"https:\\\/\\\/schema.org\",\"@graph\":[{\"@type\":\"WebPage\",\"@id\":\"https:\\\/\\\/uniqueequinesupplement.com\\\/verzending-retourneren\\\/\",\"url\":\"https:\\\/\\\/uniqueequinesupplement.com\\\/verzending-retourneren\\\/\",\"name\":\"Verzending & Retourneren - Unique Equine Supplement\",\"isPartOf\":{\"@id\":\"https:\\\/\\\/uniqueequinesupplement.com\\\/#website\"},\"datePublished\":\"2024-10-04T12:38:18+00:00\",\"dateModified\":\"2026-01-21T09:09:57+00:00\",\"breadcrumb\":{\"@id\":\"https:\\\/\\\/uniqueequinesupplement.com\\\/verzending-retourneren\\\/#breadcrumb\"},\"inLanguage\":\"de\",\"potentialAction\":[{\"@type\":\"ReadAction\",\"target\":[\"https:\\\/\\\/uniqueequinesupplement.com\\\/verzending-retourneren\\\/\"]}]},{\"@type\":\"BreadcrumbList\",\"@id\":\"https:\\\/\\\/uniqueequinesupplement.com\\\/verzending-retourneren\\\/#breadcrumb\",\"itemListElement\":[{\"@type\":\"ListItem\",\"position\":1,\"name\":\"Home\",\"item\":\"https:\\\/\\\/uniqueequinesupplement.com\\\/\"},{\"@type\":\"ListItem\",\"position\":2,\"name\":\"Verzending &#038; Retourneren\"}]},{\"@type\":\"WebSite\",\"@id\":\"https:\\\/\\\/uniqueequinesupplement.com\\\/#website\",\"url\":\"https:\\\/\\\/uniqueequinesupplement.com\\\/\",\"name\":\"Unique Equine Supplement\",\"description\":\"Hoogwaardige supplementen voor paarden\",\"publisher\":{\"@id\":\"https:\\\/\\\/uniqueequinesupplement.com\\\/#organization\"},\"potentialAction\":[{\"@type\":\"SearchAction\",\"target\":{\"@type\":\"EntryPoint\",\"urlTemplate\":\"https:\\\/\\\/uniqueequinesupplement.com\\\/?s={search_term_string}\"},\"query-input\":{\"@type\":\"PropertyValueSpecification\",\"valueRequired\":true,\"valueName\":\"search_term_string\"}}],\"inLanguage\":\"de\"},{\"@type\":\"Organization\",\"@id\":\"https:\\\/\\\/uniqueequinesupplement.com\\\/#organization\",\"name\":\"Unique Equine Supplement\",\"url\":\"https:\\\/\\\/uniqueequinesupplement.com\\\/\",\"logo\":{\"@type\":\"ImageObject\",\"inLanguage\":\"de\",\"@id\":\"https:\\\/\\\/uniqueequinesupplement.com\\\/#\\\/schema\\\/logo\\\/image\\\/\",\"url\":\"https:\\\/\\\/uniqueequinesupplement.com\\\/wp-content\\\/uploads\\\/2024\\\/10\\\/Ontwerp-zonder-titel-scaled-e1749110908526.png\",\"contentUrl\":\"https:\\\/\\\/uniqueequinesupplement.com\\\/wp-content\\\/uploads\\\/2024\\\/10\\\/Ontwerp-zonder-titel-scaled-e1749110908526.png\",\"width\":1075,\"height\":755,\"caption\":\"Unique Equine Supplement\"},\"image\":{\"@id\":\"https:\\\/\\\/uniqueequinesupplement.com\\\/#\\\/schema\\\/logo\\\/image\\\/\"},\"sameAs\":[\"https:\\\/\\\/www.facebook.com\\\/profile.php?id=61566984347114\",\"https:\\\/\\\/www.instagram.com\\\/uniqueequinesupplement\\\/\"]}]}<\/script>\n<!-- \/ Yoast SEO plugin. -->","yoast_head_json":{"title":"Versand und R\u00fcckgabe - Unique Equine Supplement","robots":{"index":"index","follow":"follow","max-snippet":"max-snippet:-1","max-image-preview":"max-image-preview:large","max-video-preview":"max-video-preview:-1"},"canonical":"https:\/\/uniqueequinesupplement.com\/de\/rucksendung\/","og_locale":"de_DE","og_type":"article","og_title":"Verzending & Retourneren - Unique Equine Supplement","og_description":"verzending &amp; retourneren\u200b Verzending Na het plaatsen en betalen van je bestelling zorgen wij ervoor dat jouw supplement zo snel mogelijk wordt verzonden vanuit ons magazijn in Nederland. Levertijd:\u2022 Nederland: v\u00f3\u00f3r 23:59 besteld = doorgaans morgen in huis\u2022 Belgi\u00eb: v\u00f3\u00f3r 19:30 besteld = doorgaans levertijd 1\u20132 werkdagen\u2022 Overige landen: doorgaans\u00a0levering 2-7 dagen Het kan voorkomen [&hellip;]","og_url":"https:\/\/uniqueequinesupplement.com\/de\/rucksendung\/","og_site_name":"Unique Equine Supplement","article_publisher":"https:\/\/www.facebook.com\/profile.php?id=61566984347114","article_modified_time":"2026-01-21T09:09:57+00:00","twitter_card":"summary_large_image","twitter_misc":{"Gesch\u00e4tzte Lesezeit":"2\u00a0Minuten"},"schema":{"@context":"https:\/\/schema.org","@graph":[{"@type":"WebPage","@id":"https:\/\/uniqueequinesupplement.com\/verzending-retourneren\/","url":"https:\/\/uniqueequinesupplement.com\/verzending-retourneren\/","name":"Versand und R\u00fcckgabe - Unique Equine Supplement","isPartOf":{"@id":"https:\/\/uniqueequinesupplement.com\/#website"},"datePublished":"2024-10-04T12:38:18+00:00","dateModified":"2026-01-21T09:09:57+00:00","breadcrumb":{"@id":"https:\/\/uniqueequinesupplement.com\/verzending-retourneren\/#breadcrumb"},"inLanguage":"de","potentialAction":[{"@type":"ReadAction","target":["https:\/\/uniqueequinesupplement.com\/verzending-retourneren\/"]}]},{"@type":"BreadcrumbList","@id":"https:\/\/uniqueequinesupplement.com\/verzending-retourneren\/#breadcrumb","itemListElement":[{"@type":"ListItem","position":1,"name":"Home","item":"https:\/\/uniqueequinesupplement.com\/"},{"@type":"ListItem","position":2,"name":"Verzending &#038; Retourneren"}]},{"@type":"WebSite","@id":"https:\/\/uniqueequinesupplement.com\/#website","url":"https:\/\/uniqueequinesupplement.com\/","name":"Unique Equine Supplement","description":"Hochwertige Erg\u00e4nzungsfuttermittel f\u00fcr Pferde","publisher":{"@id":"https:\/\/uniqueequinesupplement.com\/#organization"},"potentialAction":[{"@type":"SearchAction","target":{"@type":"EntryPoint","urlTemplate":"https:\/\/uniqueequinesupplement.com\/?s={search_term_string}"},"query-input":{"@type":"PropertyValueSpecification","valueRequired":true,"valueName":"search_term_string"}}],"inLanguage":"de"},{"@type":"Organization","@id":"https:\/\/uniqueequinesupplement.com\/#organization","name":"Unique Equine Supplement","url":"https:\/\/uniqueequinesupplement.com\/","logo":{"@type":"ImageObject","inLanguage":"de","@id":"https:\/\/uniqueequinesupplement.com\/#\/schema\/logo\/image\/","url":"https:\/\/uniqueequinesupplement.com\/wp-content\/uploads\/2024\/10\/Ontwerp-zonder-titel-scaled-e1749110908526.png","contentUrl":"https:\/\/uniqueequinesupplement.com\/wp-content\/uploads\/2024\/10\/Ontwerp-zonder-titel-scaled-e1749110908526.png","width":1075,"height":755,"caption":"Unique Equine Supplement"},"image":{"@id":"https:\/\/uniqueequinesupplement.com\/#\/schema\/logo\/image\/"},"sameAs":["https:\/\/www.facebook.com\/profile.php?id=61566984347114","https:\/\/www.instagram.com\/uniqueequinesupplement\/"]}]}},"jetpack_sharing_enabled":true,"_links":{"self":[{"href":"https:\/\/uniqueequinesupplement.com\/de\/wp-json\/wp\/v2\/pages\/4171","targetHints":{"allow":["GET"]}}],"collection":[{"href":"https:\/\/uniqueequinesupplement.com\/de\/wp-json\/wp\/v2\/pages"}],"about":[{"href":"https:\/\/uniqueequinesupplement.com\/de\/wp-json\/wp\/v2\/types\/page"}],"author":[{"embeddable":true,"href":"https:\/\/uniqueequinesupplement.com\/de\/wp-json\/wp\/v2\/users\/1"}],"replies":[{"embeddable":true,"href":"https:\/\/uniqueequinesupplement.com\/de\/wp-json\/wp\/v2\/comments?post=4171"}],"version-history":[{"count":0,"href":"https:\/\/uniqueequinesupplement.com\/de\/wp-json\/wp\/v2\/pages\/4171\/revisions"}],"wp:attachment":[{"href":"https:\/\/uniqueequinesupplement.com\/de\/wp-json\/wp\/v2\/media?parent=4171"}],"curies":[{"name":"wp","href":"https:\/\/api.w.org\/{rel}","templated":true}]}}