{"id":5380,"date":"2024-10-17T09:48:17","date_gmt":"2024-10-17T07:48:17","guid":{"rendered":"https:\/\/uniqueequinesupplement.com\/?page_id=5380"},"modified":"2026-03-17T12:25:00","modified_gmt":"2026-03-17T11:25:00","slug":"datenschutzbestimmungen-2","status":"publish","type":"page","link":"https:\/\/uniqueequinesupplement.com\/de\/privacy-beleid\/","title":{"rendered":"Datenschutzbestimmungen"},"content":{"rendered":"<div data-elementor-type=\"wp-page\" data-elementor-id=\"5380\" class=\"elementor elementor-5380\" data-elementor-post-type=\"page\">\n\t\t\t\t<div class=\"elementor-element elementor-element-42bfd01 e-flex e-con-boxed e-con e-parent\" data-id=\"42bfd01\" data-element_type=\"container\" data-e-type=\"container\">\n\t\t\t\t\t<div class=\"e-con-inner\">\n\t\t\t\t<div class=\"elementor-element elementor-element-813a470 elementor-widget elementor-widget-heading\" data-id=\"813a470\" data-element_type=\"widget\" data-e-type=\"widget\" data-widget_type=\"heading.default\">\n\t\t\t\t<div class=\"elementor-widget-container\">\n\t\t\t\t\t<h2 class=\"elementor-heading-title elementor-size-default\">Datenschutzbestimmungen<\/h2>\t\t\t\t<\/div>\n\t\t\t\t<\/div>\n\t\t\t\t<div class=\"elementor-element elementor-element-198837a elementor-widget elementor-widget-text-editor\" data-id=\"198837a\" data-element_type=\"widget\" data-e-type=\"widget\" data-widget_type=\"text-editor.default\">\n\t\t\t\t<div class=\"elementor-widget-container\">\n\t\t\t\t\t\t\t\t\t<p data-start=\"333\" data-end=\"528\">Unique Equine Supplement SL (\"UES\", \"wir\") respektiert Ihre Privatsph\u00e4re und sch\u00fctzt Ihre pers\u00f6nlichen Daten. Diese Richtlinie erkl\u00e4rt, welche Daten wir sammeln, warum wir sie sammeln und welche Rechte Sie haben.<\/p><hr data-start=\"530\" data-end=\"533\" \/><h6 data-start=\"535\" data-end=\"563\"><strong data-start=\"539\" data-end=\"563\">1. Datenverwalter<\/strong><\/h6><ul data-start=\"564\" data-end=\"728\"><li data-start=\"564\" data-end=\"605\"><p data-start=\"566\" data-end=\"605\">Bezeichnung: Unique Equine Supplement SL<\/p><\/li><li data-start=\"606\" data-end=\"680\"><p data-start=\"608\" data-end=\"680\">Anschrift: Calle Antonio Machado 16, 41240 Almad\u00e9n de la Plata, Spanien<\/p><\/li><li data-start=\"681\" data-end=\"728\"><p data-start=\"683\" data-end=\"728\">E-Mail: <a class=\"decorated-link cursor-pointer\" rel=\"noopener\" data-start=\"695\" data-end=\"726\">info@uniqueequinesupplement.com<\/a><\/p><\/li><\/ul><hr data-start=\"730\" data-end=\"733\" \/><h6 data-start=\"735\" data-end=\"774\"><strong data-start=\"739\" data-end=\"774\">2. Welche Daten wir sammeln<\/strong><\/h6><ul data-start=\"775\" data-end=\"1057\"><li data-start=\"775\" data-end=\"892\"><p data-start=\"777\" data-end=\"892\">Automatisch beim Besuch: IP-Adresse, Browser, Zeitzone, Cookies, besuchte Seiten, wie Sie unsere Website nutzen.<\/p><\/li><li data-start=\"893\" data-end=\"987\"><p data-start=\"895\" data-end=\"987\">Bei der Registrierung oder Bestellung: Name, Adresse, E-Mail, Telefonnummer, Zahlungsangaben.<\/p><\/li><li data-start=\"988\" data-end=\"1057\"><p data-start=\"990\" data-end=\"1057\">Zus\u00e4tzliche Informationen: Bewertungen oder Kommentare, die Sie hinterlassen.<\/p><\/li><\/ul><hr data-start=\"1059\" data-end=\"1062\" \/><h6 data-start=\"1064\" data-end=\"1106\"><strong data-start=\"1068\" data-end=\"1106\">3. Warum wir Ihre Daten verwenden<\/strong><\/h6><p data-start=\"1107\" data-end=\"1171\">Wir verwenden Ihre Daten nur f\u00fcr notwendige Zwecke:<\/p><ul data-start=\"1172\" data-end=\"1429\"><li data-start=\"1172\" data-end=\"1218\"><p data-start=\"1174\" data-end=\"1218\">Bearbeitung und Auslieferung Ihrer Bestellung<\/p><\/li><li data-start=\"1219\" data-end=\"1253\"><p data-start=\"1221\" data-end=\"1253\">Kommunikation und Kundenbetreuung<\/p><\/li><li data-start=\"1254\" data-end=\"1324\"><p data-start=\"1256\" data-end=\"1324\">Versand von Newslettern oder Marketing (wenn Sie Ihre Zustimmung geben)<\/p><\/li><li data-start=\"1325\" data-end=\"1389\"><p data-start=\"1327\" data-end=\"1389\">Analyse der Website-Nutzung und Verbesserung unserer Website<\/p><\/li><li data-start=\"1390\" data-end=\"1429\"><p data-start=\"1392\" data-end=\"1429\">Sicherheit und Betrugsbek\u00e4mpfung<\/p><\/li><\/ul><hr data-start=\"1431\" data-end=\"1434\" \/><h6 data-start=\"1436\" data-end=\"1462\"><strong data-start=\"1440\" data-end=\"1462\">4. Rechtsgrundlage<\/strong><\/h6><p data-start=\"1463\" data-end=\"1503\">Wir verarbeiten Ihre Daten auf der Grundlage von:<\/p><ul data-start=\"1504\" data-end=\"1694\"><li data-start=\"1504\" data-end=\"1568\"><p data-start=\"1506\" data-end=\"1568\">Vertrag: zur Erf\u00fcllung Ihrer Bestellung oder Dienstleistung<\/p><\/li><li data-start=\"1569\" data-end=\"1621\"><p data-start=\"1571\" data-end=\"1621\">Zustimmung: z. B. f\u00fcr Newsletter<\/p><\/li><li data-start=\"1622\" data-end=\"1694\"><p data-start=\"1624\" data-end=\"1694\">Legitimes Interesse: z. B. f\u00fcr Sicherheit und Website-Analyse<\/p><\/li><\/ul><hr data-start=\"1696\" data-end=\"1699\" \/><h6 data-start=\"1701\" data-end=\"1727\"><strong data-start=\"1705\" data-end=\"1727\">5. Aufbewahrungsfristen<\/strong><\/h6><ul data-start=\"1728\" data-end=\"1868\"><li data-start=\"1728\" data-end=\"1759\"><p data-start=\"1730\" data-end=\"1759\">Daten der Rechnungen: 7 Jahre<\/p><\/li><li data-start=\"1760\" data-end=\"1811\"><p data-start=\"1762\" data-end=\"1811\">Newsletter-Daten: Solange Sie angemeldet sind<\/p><\/li><li data-start=\"1812\" data-end=\"1868\"><p data-start=\"1814\" data-end=\"1868\">Sonstige Daten: maximal so lange wie f\u00fcr den Zweck erforderlich<\/p><\/li><\/ul><hr data-start=\"1870\" data-end=\"1873\" \/><h6 data-start=\"1875\" data-end=\"1933\"><strong data-start=\"1879\" data-end=\"1933\">6. Gemeinsame Nutzung von Daten und internationale \u00dcbermittlung<\/strong><\/h6><ul data-start=\"1934\" data-end=\"2317\"><li data-start=\"1934\" data-end=\"2095\"><p data-start=\"1936\" data-end=\"2095\">Wir geben Ihre Daten nur an Partner weiter, die f\u00fcr die Ausf\u00fchrung des Vertrags erforderlich sind, wie z. B. unser Fulfillment-Unternehmen in den Niederlanden f\u00fcr den Versand.<\/p><\/li><li data-start=\"2096\" data-end=\"2232\"><p data-start=\"2098\" data-end=\"2232\">Die Daten k\u00f6nnen au\u00dferhalb der EU (z. B. in Kanada und den USA) verarbeitet werden, wobei ein angemessener Schutz gew\u00e4hrleistet sein muss, z. B. durch die EU-Standardvertragsklauseln.<\/p><\/li><li data-start=\"2233\" data-end=\"2317\"><p data-start=\"2235\" data-end=\"2317\">Wir geben Ihre Daten nicht ohne Ihre Zustimmung zu kommerziellen Zwecken weiter.<\/p><\/li><\/ul><hr data-start=\"2319\" data-end=\"2322\" \/><h6 data-start=\"2324\" data-end=\"2359\"><strong data-start=\"2328\" data-end=\"2359\">7. Ihre Rechte (Einwohner der EU)<\/strong><\/h6><p data-start=\"2360\" data-end=\"2447\" class=\"translation-block\">Sie k\u00f6nnen Ihre Rechte per E-Mail an <a class=\"decorated-link cursor-pointer\" rel=\"noopener\" data-start=\"2411\" data-end=\"2442\" target=\"_self\">info@uniqueequinesupplement.com<\/a> geltend machen:<\/p><ul data-start=\"2448\" data-end=\"2790\"><li data-start=\"2448\" data-end=\"2507\"><p data-start=\"2450\" data-end=\"2507\">Information und Zugang: Sehen, welche Daten wir haben<\/p><\/li><li data-start=\"2508\" data-end=\"2560\"><p data-start=\"2510\" data-end=\"2560\">Berichtigung: Berichtigung falscher Daten<\/p><\/li><li data-start=\"2561\" data-end=\"2626\"><p data-start=\"2563\" data-end=\"2626\">L\u00f6schung: L\u00f6schung Ihrer Daten, soweit m\u00f6glich<\/p><\/li><li data-start=\"2627\" data-end=\"2659\"><p data-start=\"2629\" data-end=\"2659\">Einschr\u00e4nkung der Verarbeitung<\/p><\/li><li data-start=\"2660\" data-end=\"2693\"><p data-start=\"2662\" data-end=\"2693\">\u00dcbertragbarkeit von Daten<\/p><\/li><li data-start=\"2694\" data-end=\"2726\"><p data-start=\"2696\" data-end=\"2726\">Einspruch gegen die Verarbeitung<\/p><\/li><li data-start=\"2727\" data-end=\"2790\"><p data-start=\"2729\" data-end=\"2790\">Rechte bei automatisierter Entscheidungsfindung\/Profilerstellung<\/p><\/li><\/ul><hr data-start=\"2792\" data-end=\"2795\" \/><h6 data-start=\"2797\" data-end=\"2827\"><strong data-start=\"2801\" data-end=\"2827\">8. Cookies und Tracking<\/strong><\/h6><ul data-start=\"2828\" data-end=\"2999\"><li data-start=\"2828\" data-end=\"2913\"><p data-start=\"2830\" data-end=\"2913\">Wir verwenden Cookies, um unsere Website zu verbessern und Statistiken zu erstellen.<\/p><\/li><li data-start=\"2914\" data-end=\"2999\"><p data-start=\"2916\" data-end=\"2999\">F\u00fcr Marketing- und Tracking-Cookies holen wir Ihre Zustimmung \u00fcber ein Cookie-Banner ein.<\/p><\/li><\/ul><hr data-start=\"3001\" data-end=\"3004\" \/><h6 data-start=\"3006\" data-end=\"3028\"><strong data-start=\"3010\" data-end=\"3028\">9. Sicherheit<\/strong><\/h6><ul data-start=\"3029\" data-end=\"3227\"><li data-start=\"3029\" data-end=\"3162\"><p data-start=\"3031\" data-end=\"3162\">Wir sch\u00fctzen Ihre Daten durch angemessene technische und organisatorische Ma\u00dfnahmen vor Verlust, Missbrauch oder unberechtigtem Zugriff.<\/p><\/li><li data-start=\"3163\" data-end=\"3227\"><p data-start=\"3165\" data-end=\"3227\">Keine \u00dcbertragung \u00fcber das Internet ist v\u00f6llig risikofrei.<\/p><\/li><\/ul><hr data-start=\"3229\" data-end=\"3232\" \/><h6 data-start=\"3234\" data-end=\"3272\"><strong data-start=\"3238\" data-end=\"3272\">10. Links zu anderen Websites<\/strong><\/h6><ul data-start=\"3273\" data-end=\"3413\"><li data-start=\"3273\" data-end=\"3330\"><p data-start=\"3275\" data-end=\"3330\">Unsere Website kann Links zu anderen Websites enthalten.<\/p><\/li><li data-start=\"3331\" data-end=\"3413\"><p data-start=\"3333\" data-end=\"3413\">Wir sind nicht verantwortlich f\u00fcr die Datenschutzpraktiken dieser Websites.<\/p><\/li><\/ul><hr data-start=\"3415\" data-end=\"3418\" \/><h6 data-start=\"3420\" data-end=\"3457\"><strong data-start=\"3424\" data-end=\"3457\">11. Rechtliche Offenlegung<\/strong><\/h6><ul data-start=\"3458\" data-end=\"3599\"><li data-start=\"3458\" data-end=\"3599\"><p data-start=\"3460\" data-end=\"3599\">Wir k\u00f6nnen Informationen offenlegen, wenn dies gesetzlich vorgeschrieben ist, oder um unsere Rechte, Ihre Sicherheit oder die Sicherheit anderer zu sch\u00fctzen.<\/p><\/li><\/ul>\t\t\t\t\t\t\t\t<\/div>\n\t\t\t\t<\/div>\n\t\t\t\t\t<\/div>\n\t\t\t\t<\/div>\n\t\t\t\t<\/div>","protected":false},"excerpt":{"rendered":"<p>privacybeleid Unique Equine Supplement SL (\u201cUES\u201d, \u201cwij\u201d) respecteert uw privacy en beschermt uw persoonsgegevens. Dit beleid legt uit welke gegevens we verzamelen, waarom we dat doen, en welke rechten u heeft. 1. Gegevensbeheerder Naam: Unique Equine Supplement SL Adres: Calle Antonio Machado 16, 41240 Almad\u00e9n de la Plata, Espa\u00f1a E-mail: info@uniqueequinesupplement.com 2. Welke gegevens we [&hellip;]<\/p>\n","protected":false},"author":1,"featured_media":0,"parent":0,"menu_order":0,"comment_status":"closed","ping_status":"closed","template":"elementor_header_footer","meta":{"footnotes":""},"class_list":["post-5380","page","type-page","status-publish","hentry"],"yoast_head":"<!-- This site is optimized with the Yoast SEO plugin v27.4 - https:\/\/yoast.com\/product\/yoast-seo-wordpress\/ -->\n<title>Privacybeleid - Unique Equine Supplement<\/title>\n<meta name=\"robots\" content=\"index, follow, max-snippet:-1, max-image-preview:large, max-video-preview:-1\" \/>\n<link rel=\"canonical\" href=\"https:\/\/uniqueequinesupplement.com\/de\/datenschutzbestimmungen-2\/\" \/>\n<meta property=\"og:locale\" content=\"de_DE\" \/>\n<meta property=\"og:type\" content=\"article\" \/>\n<meta property=\"og:title\" content=\"Privacybeleid - Unique Equine Supplement\" \/>\n<meta property=\"og:description\" content=\"privacybeleid Unique Equine Supplement SL (\u201cUES\u201d, \u201cwij\u201d) respecteert uw privacy en beschermt uw persoonsgegevens. Dit beleid legt uit welke gegevens we verzamelen, waarom we dat doen, en welke rechten u heeft. 1. Gegevensbeheerder Naam: Unique Equine Supplement SL Adres: Calle Antonio Machado 16, 41240 Almad\u00e9n de la Plata, Espa\u00f1a E-mail: info@uniqueequinesupplement.com 2. Welke gegevens we [&hellip;]\" \/>\n<meta property=\"og:url\" content=\"https:\/\/uniqueequinesupplement.com\/de\/datenschutzbestimmungen-2\/\" \/>\n<meta property=\"og:site_name\" content=\"Unique Equine Supplement\" \/>\n<meta property=\"article:publisher\" content=\"https:\/\/www.facebook.com\/profile.php?id=61566984347114\" \/>\n<meta property=\"article:modified_time\" content=\"2026-03-17T11:25:00+00:00\" \/>\n<meta name=\"twitter:card\" content=\"summary_large_image\" \/>\n<meta name=\"twitter:label1\" content=\"Gesch\u00e4tzte Lesezeit\" \/>\n\t<meta name=\"twitter:data1\" content=\"2\u00a0Minuten\" \/>\n<script type=\"application\/ld+json\" class=\"yoast-schema-graph\">{\"@context\":\"https:\\\/\\\/schema.org\",\"@graph\":[{\"@type\":\"WebPage\",\"@id\":\"https:\\\/\\\/uniqueequinesupplement.com\\\/privacy-beleid\\\/\",\"url\":\"https:\\\/\\\/uniqueequinesupplement.com\\\/privacy-beleid\\\/\",\"name\":\"Privacybeleid - Unique Equine Supplement\",\"isPartOf\":{\"@id\":\"https:\\\/\\\/uniqueequinesupplement.com\\\/#website\"},\"datePublished\":\"2024-10-17T07:48:17+00:00\",\"dateModified\":\"2026-03-17T11:25:00+00:00\",\"breadcrumb\":{\"@id\":\"https:\\\/\\\/uniqueequinesupplement.com\\\/privacy-beleid\\\/#breadcrumb\"},\"inLanguage\":\"de\",\"potentialAction\":[{\"@type\":\"ReadAction\",\"target\":[\"https:\\\/\\\/uniqueequinesupplement.com\\\/privacy-beleid\\\/\"]}]},{\"@type\":\"BreadcrumbList\",\"@id\":\"https:\\\/\\\/uniqueequinesupplement.com\\\/privacy-beleid\\\/#breadcrumb\",\"itemListElement\":[{\"@type\":\"ListItem\",\"position\":1,\"name\":\"Home\",\"item\":\"https:\\\/\\\/uniqueequinesupplement.com\\\/\"},{\"@type\":\"ListItem\",\"position\":2,\"name\":\"Privacybeleid\"}]},{\"@type\":\"WebSite\",\"@id\":\"https:\\\/\\\/uniqueequinesupplement.com\\\/#website\",\"url\":\"https:\\\/\\\/uniqueequinesupplement.com\\\/\",\"name\":\"Unique Equine Supplement\",\"description\":\"Hoogwaardige supplementen voor paarden\",\"publisher\":{\"@id\":\"https:\\\/\\\/uniqueequinesupplement.com\\\/#organization\"},\"potentialAction\":[{\"@type\":\"SearchAction\",\"target\":{\"@type\":\"EntryPoint\",\"urlTemplate\":\"https:\\\/\\\/uniqueequinesupplement.com\\\/?s={search_term_string}\"},\"query-input\":{\"@type\":\"PropertyValueSpecification\",\"valueRequired\":true,\"valueName\":\"search_term_string\"}}],\"inLanguage\":\"de\"},{\"@type\":\"Organization\",\"@id\":\"https:\\\/\\\/uniqueequinesupplement.com\\\/#organization\",\"name\":\"Unique Equine Supplement\",\"url\":\"https:\\\/\\\/uniqueequinesupplement.com\\\/\",\"logo\":{\"@type\":\"ImageObject\",\"inLanguage\":\"de\",\"@id\":\"https:\\\/\\\/uniqueequinesupplement.com\\\/#\\\/schema\\\/logo\\\/image\\\/\",\"url\":\"https:\\\/\\\/uniqueequinesupplement.com\\\/wp-content\\\/uploads\\\/2024\\\/10\\\/Ontwerp-zonder-titel-scaled-e1749110908526.png\",\"contentUrl\":\"https:\\\/\\\/uniqueequinesupplement.com\\\/wp-content\\\/uploads\\\/2024\\\/10\\\/Ontwerp-zonder-titel-scaled-e1749110908526.png\",\"width\":1075,\"height\":755,\"caption\":\"Unique Equine Supplement\"},\"image\":{\"@id\":\"https:\\\/\\\/uniqueequinesupplement.com\\\/#\\\/schema\\\/logo\\\/image\\\/\"},\"sameAs\":[\"https:\\\/\\\/www.facebook.com\\\/profile.php?id=61566984347114\",\"https:\\\/\\\/www.instagram.com\\\/uniqueequinesupplement\\\/\"]}]}<\/script>\n<!-- \/ Yoast SEO plugin. -->","yoast_head_json":{"title":"Datenschutzrichtlinie - Unique Equine Supplement","robots":{"index":"index","follow":"follow","max-snippet":"max-snippet:-1","max-image-preview":"max-image-preview:large","max-video-preview":"max-video-preview:-1"},"canonical":"https:\/\/uniqueequinesupplement.com\/de\/datenschutzbestimmungen-2\/","og_locale":"de_DE","og_type":"article","og_title":"Privacybeleid - Unique Equine Supplement","og_description":"privacybeleid Unique Equine Supplement SL (\u201cUES\u201d, \u201cwij\u201d) respecteert uw privacy en beschermt uw persoonsgegevens. Dit beleid legt uit welke gegevens we verzamelen, waarom we dat doen, en welke rechten u heeft. 1. Gegevensbeheerder Naam: Unique Equine Supplement SL Adres: Calle Antonio Machado 16, 41240 Almad\u00e9n de la Plata, Espa\u00f1a E-mail: info@uniqueequinesupplement.com 2. Welke gegevens we [&hellip;]","og_url":"https:\/\/uniqueequinesupplement.com\/de\/datenschutzbestimmungen-2\/","og_site_name":"Unique Equine Supplement","article_publisher":"https:\/\/www.facebook.com\/profile.php?id=61566984347114","article_modified_time":"2026-03-17T11:25:00+00:00","twitter_card":"summary_large_image","twitter_misc":{"Gesch\u00e4tzte Lesezeit":"2\u00a0Minuten"},"schema":{"@context":"https:\/\/schema.org","@graph":[{"@type":"WebPage","@id":"https:\/\/uniqueequinesupplement.com\/privacy-beleid\/","url":"https:\/\/uniqueequinesupplement.com\/privacy-beleid\/","name":"Datenschutzrichtlinie - Unique Equine Supplement","isPartOf":{"@id":"https:\/\/uniqueequinesupplement.com\/#website"},"datePublished":"2024-10-17T07:48:17+00:00","dateModified":"2026-03-17T11:25:00+00:00","breadcrumb":{"@id":"https:\/\/uniqueequinesupplement.com\/privacy-beleid\/#breadcrumb"},"inLanguage":"de","potentialAction":[{"@type":"ReadAction","target":["https:\/\/uniqueequinesupplement.com\/privacy-beleid\/"]}]},{"@type":"BreadcrumbList","@id":"https:\/\/uniqueequinesupplement.com\/privacy-beleid\/#breadcrumb","itemListElement":[{"@type":"ListItem","position":1,"name":"Home","item":"https:\/\/uniqueequinesupplement.com\/"},{"@type":"ListItem","position":2,"name":"Privacybeleid"}]},{"@type":"WebSite","@id":"https:\/\/uniqueequinesupplement.com\/#website","url":"https:\/\/uniqueequinesupplement.com\/","name":"Unique Equine Supplement","description":"Hochwertige Erg\u00e4nzungsfuttermittel f\u00fcr Pferde","publisher":{"@id":"https:\/\/uniqueequinesupplement.com\/#organization"},"potentialAction":[{"@type":"SearchAction","target":{"@type":"EntryPoint","urlTemplate":"https:\/\/uniqueequinesupplement.com\/?s={search_term_string}"},"query-input":{"@type":"PropertyValueSpecification","valueRequired":true,"valueName":"search_term_string"}}],"inLanguage":"de"},{"@type":"Organization","@id":"https:\/\/uniqueequinesupplement.com\/#organization","name":"Unique Equine Supplement","url":"https:\/\/uniqueequinesupplement.com\/","logo":{"@type":"ImageObject","inLanguage":"de","@id":"https:\/\/uniqueequinesupplement.com\/#\/schema\/logo\/image\/","url":"https:\/\/uniqueequinesupplement.com\/wp-content\/uploads\/2024\/10\/Ontwerp-zonder-titel-scaled-e1749110908526.png","contentUrl":"https:\/\/uniqueequinesupplement.com\/wp-content\/uploads\/2024\/10\/Ontwerp-zonder-titel-scaled-e1749110908526.png","width":1075,"height":755,"caption":"Unique Equine Supplement"},"image":{"@id":"https:\/\/uniqueequinesupplement.com\/#\/schema\/logo\/image\/"},"sameAs":["https:\/\/www.facebook.com\/profile.php?id=61566984347114","https:\/\/www.instagram.com\/uniqueequinesupplement\/"]}]}},"jetpack_sharing_enabled":true,"_links":{"self":[{"href":"https:\/\/uniqueequinesupplement.com\/de\/wp-json\/wp\/v2\/pages\/5380","targetHints":{"allow":["GET"]}}],"collection":[{"href":"https:\/\/uniqueequinesupplement.com\/de\/wp-json\/wp\/v2\/pages"}],"about":[{"href":"https:\/\/uniqueequinesupplement.com\/de\/wp-json\/wp\/v2\/types\/page"}],"author":[{"embeddable":true,"href":"https:\/\/uniqueequinesupplement.com\/de\/wp-json\/wp\/v2\/users\/1"}],"replies":[{"embeddable":true,"href":"https:\/\/uniqueequinesupplement.com\/de\/wp-json\/wp\/v2\/comments?post=5380"}],"version-history":[{"count":3,"href":"https:\/\/uniqueequinesupplement.com\/de\/wp-json\/wp\/v2\/pages\/5380\/revisions"}],"predecessor-version":[{"id":17343,"href":"https:\/\/uniqueequinesupplement.com\/de\/wp-json\/wp\/v2\/pages\/5380\/revisions\/17343"}],"wp:attachment":[{"href":"https:\/\/uniqueequinesupplement.com\/de\/wp-json\/wp\/v2\/media?parent=5380"}],"curies":[{"name":"wp","href":"https:\/\/api.w.org\/{rel}","templated":true}]}}