{"id":15480,"date":"2026-01-19T09:37:55","date_gmt":"2026-01-19T08:37:55","guid":{"rendered":"https:\/\/uniqueequinesupplement.com\/?post_type=product&#038;p=15480"},"modified":"2026-03-30T20:34:22","modified_gmt":"2026-03-30T18:34:22","slug":"unique-fx15","status":"publish","type":"product","link":"https:\/\/uniqueequinesupplement.com\/de\/product\/unique-fx15\/","title":{"rendered":"Unique FX15"},"content":{"rendered":"<p data-start=\"493\" data-end=\"753\"><strong data-start=\"493\" data-end=\"557\">Unique FX15 Mobility Booster - 1 Liter (mit praktischer Messkappe)<\/strong><br data-start=\"557\" data-end=\"560\" \/>Fl\u00fcssiges Premium-Nahrungserg\u00e4nzungsmittel zur Unterst\u00fctzung des Bewegungsapparates Ihres Pferdes. Hilft bei reibungslosen Bewegungen, Flexibilit\u00e4t und t\u00e4glichem Komfort - besonders bei Training, Alter oder Steifheit. Entwickelt in Zusammenarbeit mit Ern\u00e4hrungsspezialisten und Tier\u00e4rzten.<\/p>\n<p data-start=\"755\" data-end=\"1082\"><strong data-start=\"755\" data-end=\"768\">Vorteile<\/strong><br \/>\n\u2714 Unterst\u00fctzt Gelenke, Muskeln und Knochen<br data-start=\"812\" data-end=\"815\" \/>\u2714 Geeignet bei Steifheit und erh\u00f6hter Gelenkbelastung<br data-start=\"871\" data-end=\"874\" \/>\u2714 F\u00f6rdert die Flexibilit\u00e4t und Leichtigkeit der Bewegung<br data-start=\"919\" data-end=\"922\" \/>\u2714 Tr\u00e4gt zu einem gesunden Knorpel- und Bindegewebe bei<br data-start=\"970\" data-end=\"973\" \/>\u2714 Unterst\u00fctzt Sehnen und B\u00e4nder bei starker Beanspruchung<br data-start=\"1031\" data-end=\"1034\" \/>\u2714 Komfortable Unterst\u00fctzung bei R\u00fccken- und Nackenverspannungen<\/p>\n<p data-start=\"1084\" data-end=\"1137\"><strong data-start=\"1160\" data-end=\"1191\">Qualit\u00e4t und Produktion<br \/>\n<\/strong>Produziert in Belgien von einem FCA-zertifizierten Hersteller nach kontrollierten Qualit\u00e4tsprozessen.<\/p>\n<p data-start=\"1139\" data-end=\"1274\"><strong data-start=\"1139\" data-end=\"1182\">Mehrsprachige Informationen auf der Verpackung:<\/strong><br \/>\nNL - EN - ES - DE - FR. \u00d6ffnen Sie die Ecke unten links an der Flasche, um das Etikett zu entfalten.<\/p>","protected":false},"excerpt":{"rendered":"<div class=\"elementor-element elementor-element-eea0c32 elementor-widget elementor-widget-text-editor\" data-id=\"eea0c32\" data-element_type=\"widget\" data-widget_type=\"text-editor.default\">\n<div class=\"elementor-widget-container\">\n<p data-start=\"344\" data-end=\"395\">Mobilit\u00e4t - Gelenke - Komfort<\/p>\n<\/div>\n<\/div>","protected":false},"featured_media":16906,"comment_status":"closed","ping_status":"closed","template":"","meta":[],"product_brand":[],"product_cat":[476],"product_tag":[185,483,481,479,489,488,487,183,83,484,485,480,486,482,91,478],"class_list":{"0":"post-15480","1":"product","2":"type-product","3":"status-publish","4":"has-post-thumbnail","6":"product_cat-mobility-booster","7":"product_tag-artrose","8":"product_tag-bewegingscomfort","9":"product_tag-botten","10":"product_tag-gewrichten","11":"product_tag-mobiliteit","12":"product_tag-mobilitybooster","13":"product_tag-ouderepaarden","14":"product_tag-paardengezondheid","15":"product_tag-paardensupplement","16":"product_tag-pezen","17":"product_tag-rugspanning","18":"product_tag-spieren","19":"product_tag-sportpaarden","20":"product_tag-stijfheid","21":"product_tag-supplement","22":"product_tag-uniquefx15","24":"first","25":"instock","26":"featured","27":"taxable","28":"shipping-taxable","29":"purchasable","30":"product-type-simple"},"yoast_head":"<!-- This site is optimized with the Yoast SEO plugin v27.3 - https:\/\/yoast.com\/product\/yoast-seo-wordpress\/ -->\n<title>Unique FX15 Mobility Booster | Gewrichten &amp; Mobiliteit Paard<\/title>\n<meta name=\"description\" content=\"Unique FX15 Mobility Booster ondersteunt gewrichten, spieren en botten en bevordert soepel bewegen. Ideaal bij stijfheid, artrose en sportbelasting. Vrij van toegevoegde suikers.\" \/>\n<meta name=\"robots\" content=\"index, follow, max-snippet:-1, max-image-preview:large, max-video-preview:-1\" \/>\n<link rel=\"canonical\" href=\"https:\/\/uniqueequinesupplement.com\/de\/produkt\/unique-fx15\/\" \/>\n<meta property=\"og:locale\" content=\"de_DE\" \/>\n<meta property=\"og:type\" content=\"article\" \/>\n<meta property=\"og:title\" content=\"Unique FX15 Mobility Booster | Gewrichten &amp; Mobiliteit Paard\" \/>\n<meta property=\"og:description\" content=\"Unique FX15 Mobility Booster ondersteunt gewrichten, spieren en botten en bevordert soepel bewegen. Ideaal bij stijfheid, artrose en sportbelasting. Vrij van toegevoegde suikers.\" \/>\n<meta property=\"og:url\" content=\"https:\/\/uniqueequinesupplement.com\/de\/produkt\/unique-fx15\/\" \/>\n<meta property=\"og:site_name\" content=\"Unique Equine Supplement\" \/>\n<meta property=\"article:publisher\" content=\"https:\/\/www.facebook.com\/profile.php?id=61566984347114\" \/>\n<meta property=\"article:modified_time\" content=\"2026-03-30T18:34:22+00:00\" \/>\n<meta property=\"og:image\" content=\"https:\/\/uniqueequinesupplement.com\/wp-content\/uploads\/2026\/01\/FX15-productafbeelding.png\" \/>\n\t<meta property=\"og:image:width\" content=\"1200\" \/>\n\t<meta property=\"og:image:height\" content=\"1200\" \/>\n\t<meta property=\"og:image:type\" content=\"image\/png\" \/>\n<meta name=\"twitter:card\" content=\"summary_large_image\" \/>\n<meta name=\"twitter:label1\" content=\"Gesch\u00e4tzte Lesezeit\" \/>\n\t<meta name=\"twitter:data1\" content=\"1\u00a0Minute\" \/>\n<script type=\"application\/ld+json\" class=\"yoast-schema-graph\">{\"@context\":\"https:\\\/\\\/schema.org\",\"@graph\":[{\"@type\":\"WebPage\",\"@id\":\"https:\\\/\\\/uniqueequinesupplement.com\\\/product\\\/unique-fx15\\\/\",\"url\":\"https:\\\/\\\/uniqueequinesupplement.com\\\/product\\\/unique-fx15\\\/\",\"name\":\"Unique FX15 Mobility Booster | Gewrichten & Mobiliteit Paard\",\"isPartOf\":{\"@id\":\"https:\\\/\\\/uniqueequinesupplement.com\\\/#website\"},\"primaryImageOfPage\":{\"@id\":\"https:\\\/\\\/uniqueequinesupplement.com\\\/product\\\/unique-fx15\\\/#primaryimage\"},\"image\":{\"@id\":\"https:\\\/\\\/uniqueequinesupplement.com\\\/product\\\/unique-fx15\\\/#primaryimage\"},\"thumbnailUrl\":\"https:\\\/\\\/uniqueequinesupplement.com\\\/wp-content\\\/uploads\\\/2026\\\/01\\\/FX15-productafbeelding.png\",\"datePublished\":\"2026-01-19T08:37:55+00:00\",\"dateModified\":\"2026-03-30T18:34:22+00:00\",\"description\":\"Unique FX15 Mobility Booster ondersteunt gewrichten, spieren en botten en bevordert soepel bewegen. Ideaal bij stijfheid, artrose en sportbelasting. Vrij van toegevoegde suikers.\",\"breadcrumb\":{\"@id\":\"https:\\\/\\\/uniqueequinesupplement.com\\\/product\\\/unique-fx15\\\/#breadcrumb\"},\"inLanguage\":\"de\",\"potentialAction\":[{\"@type\":\"ReadAction\",\"target\":[\"https:\\\/\\\/uniqueequinesupplement.com\\\/product\\\/unique-fx15\\\/\"]}]},{\"@type\":\"ImageObject\",\"inLanguage\":\"de\",\"@id\":\"https:\\\/\\\/uniqueequinesupplement.com\\\/product\\\/unique-fx15\\\/#primaryimage\",\"url\":\"https:\\\/\\\/uniqueequinesupplement.com\\\/wp-content\\\/uploads\\\/2026\\\/01\\\/FX15-productafbeelding.png\",\"contentUrl\":\"https:\\\/\\\/uniqueequinesupplement.com\\\/wp-content\\\/uploads\\\/2026\\\/01\\\/FX15-productafbeelding.png\",\"width\":1200,\"height\":1200},{\"@type\":\"BreadcrumbList\",\"@id\":\"https:\\\/\\\/uniqueequinesupplement.com\\\/product\\\/unique-fx15\\\/#breadcrumb\",\"itemListElement\":[{\"@type\":\"ListItem\",\"position\":1,\"name\":\"Home\",\"item\":\"https:\\\/\\\/uniqueequinesupplement.com\\\/\"},{\"@type\":\"ListItem\",\"position\":2,\"name\":\"Winkel\",\"item\":\"https:\\\/\\\/uniqueequinesupplement.com\\\/winkel\\\/\"},{\"@type\":\"ListItem\",\"position\":3,\"name\":\"Unique FX15\"}]},{\"@type\":\"WebSite\",\"@id\":\"https:\\\/\\\/uniqueequinesupplement.com\\\/#website\",\"url\":\"https:\\\/\\\/uniqueequinesupplement.com\\\/\",\"name\":\"Unique Equine Supplement\",\"description\":\"Hoogwaardige supplementen voor paarden\",\"publisher\":{\"@id\":\"https:\\\/\\\/uniqueequinesupplement.com\\\/#organization\"},\"potentialAction\":[{\"@type\":\"SearchAction\",\"target\":{\"@type\":\"EntryPoint\",\"urlTemplate\":\"https:\\\/\\\/uniqueequinesupplement.com\\\/?s={search_term_string}\"},\"query-input\":{\"@type\":\"PropertyValueSpecification\",\"valueRequired\":true,\"valueName\":\"search_term_string\"}}],\"inLanguage\":\"de\"},{\"@type\":\"Organization\",\"@id\":\"https:\\\/\\\/uniqueequinesupplement.com\\\/#organization\",\"name\":\"Unique Equine Supplement\",\"url\":\"https:\\\/\\\/uniqueequinesupplement.com\\\/\",\"logo\":{\"@type\":\"ImageObject\",\"inLanguage\":\"de\",\"@id\":\"https:\\\/\\\/uniqueequinesupplement.com\\\/#\\\/schema\\\/logo\\\/image\\\/\",\"url\":\"https:\\\/\\\/uniqueequinesupplement.com\\\/wp-content\\\/uploads\\\/2024\\\/10\\\/Ontwerp-zonder-titel-scaled-e1749110908526.png\",\"contentUrl\":\"https:\\\/\\\/uniqueequinesupplement.com\\\/wp-content\\\/uploads\\\/2024\\\/10\\\/Ontwerp-zonder-titel-scaled-e1749110908526.png\",\"width\":1075,\"height\":755,\"caption\":\"Unique Equine Supplement\"},\"image\":{\"@id\":\"https:\\\/\\\/uniqueequinesupplement.com\\\/#\\\/schema\\\/logo\\\/image\\\/\"},\"sameAs\":[\"https:\\\/\\\/www.facebook.com\\\/profile.php?id=61566984347114\",\"https:\\\/\\\/www.instagram.com\\\/uniqueequinesupplement\\\/\"]}]}<\/script>\n<!-- \/ Yoast SEO plugin. -->","yoast_head_json":{"title":"Unique FX15 Mobility Booster | Gelenke &amp; Mobilit\u00e4t Pferd","description":"Der einzigartige FX15 Mobility Booster unterst\u00fctzt Gelenke, Muskeln und Knochen und f\u00f6rdert reibungslose Bewegungen. Ideal bei Steifheit, Arthrose und sportlichen Belastungen. Frei von Zuckerzus\u00e4tzen.","robots":{"index":"index","follow":"follow","max-snippet":"max-snippet:-1","max-image-preview":"max-image-preview:large","max-video-preview":"max-video-preview:-1"},"canonical":"https:\/\/uniqueequinesupplement.com\/de\/produkt\/unique-fx15\/","og_locale":"de_DE","og_type":"article","og_title":"Unique FX15 Mobility Booster | Gewrichten & Mobiliteit Paard","og_description":"Unique FX15 Mobility Booster ondersteunt gewrichten, spieren en botten en bevordert soepel bewegen. Ideaal bij stijfheid, artrose en sportbelasting. Vrij van toegevoegde suikers.","og_url":"https:\/\/uniqueequinesupplement.com\/de\/produkt\/unique-fx15\/","og_site_name":"Unique Equine Supplement","article_publisher":"https:\/\/www.facebook.com\/profile.php?id=61566984347114","article_modified_time":"2026-03-30T18:34:22+00:00","og_image":[{"width":1200,"height":1200,"url":"https:\/\/uniqueequinesupplement.com\/wp-content\/uploads\/2026\/01\/FX15-productafbeelding.png","type":"image\/png"}],"twitter_card":"summary_large_image","twitter_misc":{"Gesch\u00e4tzte Lesezeit":"1\u00a0Minute"},"schema":{"@context":"https:\/\/schema.org","@graph":[{"@type":"WebPage","@id":"https:\/\/uniqueequinesupplement.com\/product\/unique-fx15\/","url":"https:\/\/uniqueequinesupplement.com\/product\/unique-fx15\/","name":"Unique FX15 Mobility Booster | Gelenke &amp; Mobilit\u00e4t Pferd","isPartOf":{"@id":"https:\/\/uniqueequinesupplement.com\/#website"},"primaryImageOfPage":{"@id":"https:\/\/uniqueequinesupplement.com\/product\/unique-fx15\/#primaryimage"},"image":{"@id":"https:\/\/uniqueequinesupplement.com\/product\/unique-fx15\/#primaryimage"},"thumbnailUrl":"https:\/\/uniqueequinesupplement.com\/wp-content\/uploads\/2026\/01\/FX15-productafbeelding.png","datePublished":"2026-01-19T08:37:55+00:00","dateModified":"2026-03-30T18:34:22+00:00","description":"Der einzigartige FX15 Mobility Booster unterst\u00fctzt Gelenke, Muskeln und Knochen und f\u00f6rdert reibungslose Bewegungen. Ideal bei Steifheit, Arthrose und sportlichen Belastungen. Frei von Zuckerzus\u00e4tzen.","breadcrumb":{"@id":"https:\/\/uniqueequinesupplement.com\/product\/unique-fx15\/#breadcrumb"},"inLanguage":"de","potentialAction":[{"@type":"ReadAction","target":["https:\/\/uniqueequinesupplement.com\/product\/unique-fx15\/"]}]},{"@type":"ImageObject","inLanguage":"de","@id":"https:\/\/uniqueequinesupplement.com\/product\/unique-fx15\/#primaryimage","url":"https:\/\/uniqueequinesupplement.com\/wp-content\/uploads\/2026\/01\/FX15-productafbeelding.png","contentUrl":"https:\/\/uniqueequinesupplement.com\/wp-content\/uploads\/2026\/01\/FX15-productafbeelding.png","width":1200,"height":1200},{"@type":"BreadcrumbList","@id":"https:\/\/uniqueequinesupplement.com\/product\/unique-fx15\/#breadcrumb","itemListElement":[{"@type":"ListItem","position":1,"name":"Home","item":"https:\/\/uniqueequinesupplement.com\/"},{"@type":"ListItem","position":2,"name":"Winkel","item":"https:\/\/uniqueequinesupplement.com\/winkel\/"},{"@type":"ListItem","position":3,"name":"Unique FX15"}]},{"@type":"WebSite","@id":"https:\/\/uniqueequinesupplement.com\/#website","url":"https:\/\/uniqueequinesupplement.com\/","name":"Unique Equine Supplement","description":"Hochwertige Erg\u00e4nzungsfuttermittel f\u00fcr Pferde","publisher":{"@id":"https:\/\/uniqueequinesupplement.com\/#organization"},"potentialAction":[{"@type":"SearchAction","target":{"@type":"EntryPoint","urlTemplate":"https:\/\/uniqueequinesupplement.com\/?s={search_term_string}"},"query-input":{"@type":"PropertyValueSpecification","valueRequired":true,"valueName":"search_term_string"}}],"inLanguage":"de"},{"@type":"Organization","@id":"https:\/\/uniqueequinesupplement.com\/#organization","name":"Unique Equine Supplement","url":"https:\/\/uniqueequinesupplement.com\/","logo":{"@type":"ImageObject","inLanguage":"de","@id":"https:\/\/uniqueequinesupplement.com\/#\/schema\/logo\/image\/","url":"https:\/\/uniqueequinesupplement.com\/wp-content\/uploads\/2024\/10\/Ontwerp-zonder-titel-scaled-e1749110908526.png","contentUrl":"https:\/\/uniqueequinesupplement.com\/wp-content\/uploads\/2024\/10\/Ontwerp-zonder-titel-scaled-e1749110908526.png","width":1075,"height":755,"caption":"Unique Equine Supplement"},"image":{"@id":"https:\/\/uniqueequinesupplement.com\/#\/schema\/logo\/image\/"},"sameAs":["https:\/\/www.facebook.com\/profile.php?id=61566984347114","https:\/\/www.instagram.com\/uniqueequinesupplement\/"]}]}},"jetpack_sharing_enabled":true,"_links":{"self":[{"href":"https:\/\/uniqueequinesupplement.com\/de\/wp-json\/wp\/v2\/product\/15480","targetHints":{"allow":["GET"]}}],"collection":[{"href":"https:\/\/uniqueequinesupplement.com\/de\/wp-json\/wp\/v2\/product"}],"about":[{"href":"https:\/\/uniqueequinesupplement.com\/de\/wp-json\/wp\/v2\/types\/product"}],"replies":[{"embeddable":true,"href":"https:\/\/uniqueequinesupplement.com\/de\/wp-json\/wp\/v2\/comments?post=15480"}],"version-history":[{"count":9,"href":"https:\/\/uniqueequinesupplement.com\/de\/wp-json\/wp\/v2\/product\/15480\/revisions"}],"predecessor-version":[{"id":17414,"href":"https:\/\/uniqueequinesupplement.com\/de\/wp-json\/wp\/v2\/product\/15480\/revisions\/17414"}],"wp:featuredmedia":[{"embeddable":true,"href":"https:\/\/uniqueequinesupplement.com\/de\/wp-json\/wp\/v2\/media\/16906"}],"wp:attachment":[{"href":"https:\/\/uniqueequinesupplement.com\/de\/wp-json\/wp\/v2\/media?parent=15480"}],"wp:term":[{"taxonomy":"product_brand","embeddable":true,"href":"https:\/\/uniqueequinesupplement.com\/de\/wp-json\/wp\/v2\/product_brand?post=15480"},{"taxonomy":"product_cat","embeddable":true,"href":"https:\/\/uniqueequinesupplement.com\/de\/wp-json\/wp\/v2\/product_cat?post=15480"},{"taxonomy":"product_tag","embeddable":true,"href":"https:\/\/uniqueequinesupplement.com\/de\/wp-json\/wp\/v2\/product_tag?post=15480"}],"curies":[{"name":"wp","href":"https:\/\/api.w.org\/{rel}","templated":true}]}}