{"id":4297,"date":"2024-10-04T15:49:27","date_gmt":"2024-10-04T13:49:27","guid":{"rendered":"https:\/\/uniqueequinesupplement.com\/?post_type=product&#038;p=4297"},"modified":"2026-04-15T16:02:38","modified_gmt":"2026-04-15T14:02:38","slug":"unique-b30","status":"publish","type":"product","link":"https:\/\/uniqueequinesupplement.com\/de\/product\/unique-b30\/","title":{"rendered":"Unique B30"},"content":{"rendered":"<div data-elementor-type=\"product-post\" data-elementor-id=\"4297\" class=\"elementor elementor-4297\" data-elementor-post-type=\"product\">\n\t\t\t\t<div class=\"elementor-element elementor-element-62e67800 e-flex e-con-boxed e-con e-parent\" data-id=\"62e67800\" data-element_type=\"container\" data-e-type=\"container\">\n\t\t\t\t\t<div class=\"e-con-inner\">\n\t\t\t\t<div class=\"elementor-element elementor-element-38332249 elementor-widget elementor-widget-text-editor\" data-id=\"38332249\" data-element_type=\"widget\" data-e-type=\"widget\" data-widget_type=\"text-editor.default\">\n\t\t\t\t<div class=\"elementor-widget-container\">\n\t\t\t\t\t\t\t\t\t<p data-start=\"304\" data-end=\"645\"><strong>Unique B30 - Gesundheitsbooster<\/strong> - 1 Liter (mit praktischer Messkappe) ist ein leistungsstarkes fl\u00fcssiges Erg\u00e4nzungsfuttermittel zur Unterst\u00fctzung der Vitalit\u00e4t, Energie und Widerstandskraft Ihres Pferdes. Die ausgewogene Formel wurde in Zusammenarbeit mit Ern\u00e4hrungsspezialisten und Tier\u00e4rzten entwickelt und enth\u00e4lt eine reichhaltige Mischung aus Vitaminen, Mineralien, Antioxidantien und Aminos\u00e4uren.<\/p><p data-start=\"647\" data-end=\"947\">Unique B30 unterst\u00fctzt Muskeln, Knochen und das Nervensystem, st\u00e4rkt das Immunsystem und hilft bei der Erholung nach dem Training oder bei Krankheit. Durch den sofortigen Energieschub ist das Erg\u00e4nzungsfuttermittel sehr gut geeignet f\u00fcr Sportpferde, Pferde im Training oder Pferde, die vor\u00fcbergehend eine zus\u00e4tzliche Unterst\u00fctzung brauchen.<\/p><p data-start=\"949\" data-end=\"1200\"><strong data-start=\"949\" data-end=\"977\">Vorteile<\/strong><br \/>\u2714 Unterst\u00fctzt Vitalit\u00e4t und Widerstandskraft<br data-start=\"1015\" data-end=\"1018\" \/>\u2714 F\u00f6rdert die Erholung nach Sport oder Krankheit<br data-start=\"1061\" data-end=\"1064\" \/>\u2714 Tr\u00e4gt zur Muskel- und Nervenfunktion bei<br data-start=\"1103\" data-end=\"1106\" \/>\u2714 Unterst\u00fctzt Ausdauer und Leistung<br data-start=\"1153\" data-end=\"1156\" \/>\u2714 Geeignet f\u00fcr Sport- und Trainingspferde<\/p><p data-start=\"1202\" data-end=\"1255\"><strong>Qualit\u00e4t und Produktion<\/strong><br \/>Produziert in Belgien von einem FCA-zertifizierten Hersteller nach kontrollierten Qualit\u00e4tsprozessen.<\/p><p data-start=\"1257\" data-end=\"1441\"><strong data-start=\"1257\" data-end=\"1300\">Mehrsprachige Informationen auf der Verpackung<br \/><\/strong>NL - EN - ES - DE - FR. \u00d6ffnen Sie die Ecke unten links an der Flasche, um das Etikett aufzuklappen und die Informationen in Ihrer Sprache zu lesen.<\/p>\t\t\t\t\t\t\t\t<\/div>\n\t\t\t\t<\/div>\n\t\t\t\t\t<\/div>\n\t\t\t\t<\/div>\n\t\t\t\t<\/div>","protected":false},"excerpt":{"rendered":"<div class=\"_tableContainer_1rjym_1\">\n<div class=\"elementor-element elementor-element-58da653 elementor-widget elementor-widget-text-editor\" data-id=\"58da653\" data-element_type=\"widget\" data-widget_type=\"text-editor.default\">\n<div class=\"elementor-widget-container\">\n<p data-start=\"293\" data-end=\"342\">Energie - Widerstandsf\u00e4higkeit - Erholung<\/p>\n<\/div>\n<\/div>\n<\/div>","protected":false},"featured_media":16904,"comment_status":"closed","ping_status":"closed","template":"","meta":[],"product_brand":[],"product_cat":[474],"product_tag":[206,79,196,192,194,203,179,198,187,80,190,202,188,193,199,83,197,204,91,78,195,189,205,191,200,201],"class_list":{"0":"post-4297","1":"product","2":"type-product","3":"status-publish","4":"has-post-thumbnail","6":"product_cat-health-booster","7":"product_tag-afvallen","8":"product_tag-b30","9":"product_tag-bloedarmoede","10":"product_tag-bloedcellen","11":"product_tag-cpl","12":"product_tag-darmen","13":"product_tag-dopingvrij","14":"product_tag-drachtig","15":"product_tag-energiebron","16":"product_tag-healthbooster","17":"product_tag-herstel","18":"product_tag-ibd","19":"product_tag-immuunsysteem","20":"product_tag-mok","21":"product_tag-operatie","22":"product_tag-paardensupplement","23":"product_tag-piroplasmose","24":"product_tag-spierbevangenheid","25":"product_tag-supplement","26":"product_tag-uniqueb30","27":"product_tag-verharen","28":"product_tag-vitaliteit","29":"product_tag-winterdip","30":"product_tag-zenuwstelsel","31":"product_tag-zomereczeem","32":"product_tag-zomerstress","34":"first","35":"instock","36":"featured","37":"taxable","38":"shipping-taxable","39":"purchasable","40":"product-type-simple"},"yoast_head":"<!-- This site is optimized with the Yoast SEO plugin v27.4 - https:\/\/yoast.com\/product\/yoast-seo-wordpress\/ -->\n<title>Unique B30 - Unique Equine Supplement<\/title>\n<meta name=\"description\" content=\"Health booster voor paarden, ontwikkeld om energie, spierfunctie, herstel en algehele vitaliteit te ondersteunen. Samengesteld met hoogwaardige voedingsstoffen voor optimale ondersteuning bij training, herstel of verminderde weerstand.\" \/>\n<meta name=\"robots\" content=\"index, follow, max-snippet:-1, max-image-preview:large, max-video-preview:-1\" \/>\n<link rel=\"canonical\" href=\"https:\/\/uniqueequinesupplement.com\/de\/produkt\/unique-b30\/\" \/>\n<meta property=\"og:locale\" content=\"de_DE\" \/>\n<meta property=\"og:type\" content=\"article\" \/>\n<meta property=\"og:title\" content=\"Unique B30 - Unique Equine Supplement\" \/>\n<meta property=\"og:description\" content=\"Health booster voor paarden, ontwikkeld om energie, spierfunctie, herstel en algehele vitaliteit te ondersteunen. Samengesteld met hoogwaardige voedingsstoffen voor optimale ondersteuning bij training, herstel of verminderde weerstand.\" \/>\n<meta property=\"og:url\" content=\"https:\/\/uniqueequinesupplement.com\/de\/produkt\/unique-b30\/\" \/>\n<meta property=\"og:site_name\" content=\"Unique Equine Supplement\" \/>\n<meta property=\"article:publisher\" content=\"https:\/\/www.facebook.com\/profile.php?id=61566984347114\" \/>\n<meta property=\"article:modified_time\" content=\"2026-04-15T14:02:38+00:00\" \/>\n<meta property=\"og:image\" content=\"https:\/\/uniqueequinesupplement.com\/wp-content\/uploads\/2026\/01\/B30-productafbeelding.png\" \/>\n\t<meta property=\"og:image:width\" content=\"1200\" \/>\n\t<meta property=\"og:image:height\" content=\"1200\" \/>\n\t<meta property=\"og:image:type\" content=\"image\/png\" \/>\n<meta name=\"twitter:card\" content=\"summary_large_image\" \/>\n<meta name=\"twitter:label1\" content=\"Gesch\u00e4tzte Lesezeit\" \/>\n\t<meta name=\"twitter:data1\" content=\"2\u00a0Minuten\" \/>\n<script type=\"application\/ld+json\" class=\"yoast-schema-graph\">{\"@context\":\"https:\\\/\\\/schema.org\",\"@graph\":[{\"@type\":\"WebPage\",\"@id\":\"https:\\\/\\\/uniqueequinesupplement.com\\\/product\\\/unique-b30\\\/\",\"url\":\"https:\\\/\\\/uniqueequinesupplement.com\\\/product\\\/unique-b30\\\/\",\"name\":\"Unique B30 - Unique Equine Supplement\",\"isPartOf\":{\"@id\":\"https:\\\/\\\/uniqueequinesupplement.com\\\/#website\"},\"primaryImageOfPage\":{\"@id\":\"https:\\\/\\\/uniqueequinesupplement.com\\\/product\\\/unique-b30\\\/#primaryimage\"},\"image\":{\"@id\":\"https:\\\/\\\/uniqueequinesupplement.com\\\/product\\\/unique-b30\\\/#primaryimage\"},\"thumbnailUrl\":\"https:\\\/\\\/uniqueequinesupplement.com\\\/wp-content\\\/uploads\\\/2026\\\/01\\\/B30-productafbeelding.png\",\"datePublished\":\"2024-10-04T13:49:27+00:00\",\"dateModified\":\"2026-04-15T14:02:38+00:00\",\"description\":\"Health booster voor paarden, ontwikkeld om energie, spierfunctie, herstel en algehele vitaliteit te ondersteunen. Samengesteld met hoogwaardige voedingsstoffen voor optimale ondersteuning bij training, herstel of verminderde weerstand.\",\"breadcrumb\":{\"@id\":\"https:\\\/\\\/uniqueequinesupplement.com\\\/product\\\/unique-b30\\\/#breadcrumb\"},\"inLanguage\":\"de\",\"potentialAction\":[{\"@type\":\"ReadAction\",\"target\":[\"https:\\\/\\\/uniqueequinesupplement.com\\\/product\\\/unique-b30\\\/\"]}]},{\"@type\":\"ImageObject\",\"inLanguage\":\"de\",\"@id\":\"https:\\\/\\\/uniqueequinesupplement.com\\\/product\\\/unique-b30\\\/#primaryimage\",\"url\":\"https:\\\/\\\/uniqueequinesupplement.com\\\/wp-content\\\/uploads\\\/2026\\\/01\\\/B30-productafbeelding.png\",\"contentUrl\":\"https:\\\/\\\/uniqueequinesupplement.com\\\/wp-content\\\/uploads\\\/2026\\\/01\\\/B30-productafbeelding.png\",\"width\":1200,\"height\":1200},{\"@type\":\"BreadcrumbList\",\"@id\":\"https:\\\/\\\/uniqueequinesupplement.com\\\/product\\\/unique-b30\\\/#breadcrumb\",\"itemListElement\":[{\"@type\":\"ListItem\",\"position\":1,\"name\":\"Home\",\"item\":\"https:\\\/\\\/uniqueequinesupplement.com\\\/\"},{\"@type\":\"ListItem\",\"position\":2,\"name\":\"Winkel\",\"item\":\"https:\\\/\\\/uniqueequinesupplement.com\\\/winkel\\\/\"},{\"@type\":\"ListItem\",\"position\":3,\"name\":\"Unique B30\"}]},{\"@type\":\"WebSite\",\"@id\":\"https:\\\/\\\/uniqueequinesupplement.com\\\/#website\",\"url\":\"https:\\\/\\\/uniqueequinesupplement.com\\\/\",\"name\":\"Unique Equine Supplement\",\"description\":\"Hoogwaardige supplementen voor paarden\",\"publisher\":{\"@id\":\"https:\\\/\\\/uniqueequinesupplement.com\\\/#organization\"},\"potentialAction\":[{\"@type\":\"SearchAction\",\"target\":{\"@type\":\"EntryPoint\",\"urlTemplate\":\"https:\\\/\\\/uniqueequinesupplement.com\\\/?s={search_term_string}\"},\"query-input\":{\"@type\":\"PropertyValueSpecification\",\"valueRequired\":true,\"valueName\":\"search_term_string\"}}],\"inLanguage\":\"de\"},{\"@type\":\"Organization\",\"@id\":\"https:\\\/\\\/uniqueequinesupplement.com\\\/#organization\",\"name\":\"Unique Equine Supplement\",\"url\":\"https:\\\/\\\/uniqueequinesupplement.com\\\/\",\"logo\":{\"@type\":\"ImageObject\",\"inLanguage\":\"de\",\"@id\":\"https:\\\/\\\/uniqueequinesupplement.com\\\/#\\\/schema\\\/logo\\\/image\\\/\",\"url\":\"https:\\\/\\\/uniqueequinesupplement.com\\\/wp-content\\\/uploads\\\/2024\\\/10\\\/Ontwerp-zonder-titel-scaled-e1749110908526.png\",\"contentUrl\":\"https:\\\/\\\/uniqueequinesupplement.com\\\/wp-content\\\/uploads\\\/2024\\\/10\\\/Ontwerp-zonder-titel-scaled-e1749110908526.png\",\"width\":1075,\"height\":755,\"caption\":\"Unique Equine Supplement\"},\"image\":{\"@id\":\"https:\\\/\\\/uniqueequinesupplement.com\\\/#\\\/schema\\\/logo\\\/image\\\/\"},\"sameAs\":[\"https:\\\/\\\/www.facebook.com\\\/profile.php?id=61566984347114\",\"https:\\\/\\\/www.instagram.com\\\/uniqueequinesupplement\\\/\"]}]}<\/script>\n<!-- \/ Yoast SEO plugin. -->","yoast_head_json":{"title":"Unique B30 - Einzigartiges Erg\u00e4nzungsfuttermittel f\u00fcr Pferde","description":"Gesundheitsbooster f\u00fcr Pferde, entwickelt zur Unterst\u00fctzung von Energie, Muskelfunktion, Erholung und allgemeiner Vitalit\u00e4t. Formuliert mit hochwertigen N\u00e4hrstoffen f\u00fcr eine optimale Unterst\u00fctzung w\u00e4hrend des Trainings, der Erholung oder bei reduziertem Widerstand.","robots":{"index":"index","follow":"follow","max-snippet":"max-snippet:-1","max-image-preview":"max-image-preview:large","max-video-preview":"max-video-preview:-1"},"canonical":"https:\/\/uniqueequinesupplement.com\/de\/produkt\/unique-b30\/","og_locale":"de_DE","og_type":"article","og_title":"Unique B30 - Unique Equine Supplement","og_description":"Health booster voor paarden, ontwikkeld om energie, spierfunctie, herstel en algehele vitaliteit te ondersteunen. Samengesteld met hoogwaardige voedingsstoffen voor optimale ondersteuning bij training, herstel of verminderde weerstand.","og_url":"https:\/\/uniqueequinesupplement.com\/de\/produkt\/unique-b30\/","og_site_name":"Unique Equine Supplement","article_publisher":"https:\/\/www.facebook.com\/profile.php?id=61566984347114","article_modified_time":"2026-04-15T14:02:38+00:00","og_image":[{"width":1200,"height":1200,"url":"https:\/\/uniqueequinesupplement.com\/wp-content\/uploads\/2026\/01\/B30-productafbeelding.png","type":"image\/png"}],"twitter_card":"summary_large_image","twitter_misc":{"Gesch\u00e4tzte Lesezeit":"2\u00a0Minuten"},"schema":{"@context":"https:\/\/schema.org","@graph":[{"@type":"WebPage","@id":"https:\/\/uniqueequinesupplement.com\/product\/unique-b30\/","url":"https:\/\/uniqueequinesupplement.com\/product\/unique-b30\/","name":"Unique B30 - Einzigartiges Erg\u00e4nzungsfuttermittel f\u00fcr Pferde","isPartOf":{"@id":"https:\/\/uniqueequinesupplement.com\/#website"},"primaryImageOfPage":{"@id":"https:\/\/uniqueequinesupplement.com\/product\/unique-b30\/#primaryimage"},"image":{"@id":"https:\/\/uniqueequinesupplement.com\/product\/unique-b30\/#primaryimage"},"thumbnailUrl":"https:\/\/uniqueequinesupplement.com\/wp-content\/uploads\/2026\/01\/B30-productafbeelding.png","datePublished":"2024-10-04T13:49:27+00:00","dateModified":"2026-04-15T14:02:38+00:00","description":"Gesundheitsbooster f\u00fcr Pferde, entwickelt zur Unterst\u00fctzung von Energie, Muskelfunktion, Erholung und allgemeiner Vitalit\u00e4t. Formuliert mit hochwertigen N\u00e4hrstoffen f\u00fcr eine optimale Unterst\u00fctzung w\u00e4hrend des Trainings, der Erholung oder bei reduziertem Widerstand.","breadcrumb":{"@id":"https:\/\/uniqueequinesupplement.com\/product\/unique-b30\/#breadcrumb"},"inLanguage":"de","potentialAction":[{"@type":"ReadAction","target":["https:\/\/uniqueequinesupplement.com\/product\/unique-b30\/"]}]},{"@type":"ImageObject","inLanguage":"de","@id":"https:\/\/uniqueequinesupplement.com\/product\/unique-b30\/#primaryimage","url":"https:\/\/uniqueequinesupplement.com\/wp-content\/uploads\/2026\/01\/B30-productafbeelding.png","contentUrl":"https:\/\/uniqueequinesupplement.com\/wp-content\/uploads\/2026\/01\/B30-productafbeelding.png","width":1200,"height":1200},{"@type":"BreadcrumbList","@id":"https:\/\/uniqueequinesupplement.com\/product\/unique-b30\/#breadcrumb","itemListElement":[{"@type":"ListItem","position":1,"name":"Home","item":"https:\/\/uniqueequinesupplement.com\/"},{"@type":"ListItem","position":2,"name":"Winkel","item":"https:\/\/uniqueequinesupplement.com\/winkel\/"},{"@type":"ListItem","position":3,"name":"Unique B30"}]},{"@type":"WebSite","@id":"https:\/\/uniqueequinesupplement.com\/#website","url":"https:\/\/uniqueequinesupplement.com\/","name":"Unique Equine Supplement","description":"Hochwertige Erg\u00e4nzungsfuttermittel f\u00fcr Pferde","publisher":{"@id":"https:\/\/uniqueequinesupplement.com\/#organization"},"potentialAction":[{"@type":"SearchAction","target":{"@type":"EntryPoint","urlTemplate":"https:\/\/uniqueequinesupplement.com\/?s={search_term_string}"},"query-input":{"@type":"PropertyValueSpecification","valueRequired":true,"valueName":"search_term_string"}}],"inLanguage":"de"},{"@type":"Organization","@id":"https:\/\/uniqueequinesupplement.com\/#organization","name":"Unique Equine Supplement","url":"https:\/\/uniqueequinesupplement.com\/","logo":{"@type":"ImageObject","inLanguage":"de","@id":"https:\/\/uniqueequinesupplement.com\/#\/schema\/logo\/image\/","url":"https:\/\/uniqueequinesupplement.com\/wp-content\/uploads\/2024\/10\/Ontwerp-zonder-titel-scaled-e1749110908526.png","contentUrl":"https:\/\/uniqueequinesupplement.com\/wp-content\/uploads\/2024\/10\/Ontwerp-zonder-titel-scaled-e1749110908526.png","width":1075,"height":755,"caption":"Unique Equine Supplement"},"image":{"@id":"https:\/\/uniqueequinesupplement.com\/#\/schema\/logo\/image\/"},"sameAs":["https:\/\/www.facebook.com\/profile.php?id=61566984347114","https:\/\/www.instagram.com\/uniqueequinesupplement\/"]}]}},"jetpack_sharing_enabled":true,"_links":{"self":[{"href":"https:\/\/uniqueequinesupplement.com\/de\/wp-json\/wp\/v2\/product\/4297","targetHints":{"allow":["GET"]}}],"collection":[{"href":"https:\/\/uniqueequinesupplement.com\/de\/wp-json\/wp\/v2\/product"}],"about":[{"href":"https:\/\/uniqueequinesupplement.com\/de\/wp-json\/wp\/v2\/types\/product"}],"replies":[{"embeddable":true,"href":"https:\/\/uniqueequinesupplement.com\/de\/wp-json\/wp\/v2\/comments?post=4297"}],"version-history":[{"count":11,"href":"https:\/\/uniqueequinesupplement.com\/de\/wp-json\/wp\/v2\/product\/4297\/revisions"}],"predecessor-version":[{"id":17817,"href":"https:\/\/uniqueequinesupplement.com\/de\/wp-json\/wp\/v2\/product\/4297\/revisions\/17817"}],"wp:featuredmedia":[{"embeddable":true,"href":"https:\/\/uniqueequinesupplement.com\/de\/wp-json\/wp\/v2\/media\/16904"}],"wp:attachment":[{"href":"https:\/\/uniqueequinesupplement.com\/de\/wp-json\/wp\/v2\/media?parent=4297"}],"wp:term":[{"taxonomy":"product_brand","embeddable":true,"href":"https:\/\/uniqueequinesupplement.com\/de\/wp-json\/wp\/v2\/product_brand?post=4297"},{"taxonomy":"product_cat","embeddable":true,"href":"https:\/\/uniqueequinesupplement.com\/de\/wp-json\/wp\/v2\/product_cat?post=4297"},{"taxonomy":"product_tag","embeddable":true,"href":"https:\/\/uniqueequinesupplement.com\/de\/wp-json\/wp\/v2\/product_tag?post=4297"}],"curies":[{"name":"wp","href":"https:\/\/api.w.org\/{rel}","templated":true}]}}