{"id":4171,"date":"2024-10-04T14:38:18","date_gmt":"2024-10-04T12:38:18","guid":{"rendered":"https:\/\/uniqueequinesupplement.com\/help-info\/"},"modified":"2026-01-21T10:09:57","modified_gmt":"2026-01-21T09:09:57","slug":"return-shipment","status":"publish","type":"page","link":"https:\/\/uniqueequinesupplement.com\/en\/verzending-retourneren\/","title":{"rendered":"Shipping &amp; Returns"},"content":{"rendered":"<div data-elementor-type=\"wp-page\" data-elementor-id=\"4171\" class=\"elementor elementor-4171\" data-elementor-post-type=\"page\">\n\t\t\t\t<div class=\"elementor-element elementor-element-3fc23c3e e-flex e-con-boxed e-con e-parent\" data-id=\"3fc23c3e\" data-element_type=\"container\" data-e-type=\"container\">\n\t\t\t\t\t<div class=\"e-con-inner\">\n\t\t\t\t<div class=\"elementor-element elementor-element-f62861d elementor-widget elementor-widget-heading\" data-id=\"f62861d\" data-element_type=\"widget\" data-e-type=\"widget\" data-widget_type=\"heading.default\">\n\t\t\t\t<div class=\"elementor-widget-container\">\n\t\t\t\t\t<h2 class=\"elementor-heading-title elementor-size-default\">shipping &amp; returns<\/h2>\t\t\t\t<\/div>\n\t\t\t\t<\/div>\n\t\t\t\t<div class=\"elementor-element elementor-element-5d7cce24 elementor-widget elementor-widget-text-editor\" data-id=\"5d7cce24\" data-element_type=\"widget\" data-e-type=\"widget\" data-widget_type=\"text-editor.default\">\n\t\t\t\t<div class=\"elementor-widget-container\">\n\t\t\t\t\t\t\t\t\t<p><strong>Shipping<\/strong><\/p><p data-start=\"1339\" data-end=\"1505\">After placing and paying for your order, we will make sure your supplement is shipped as soon as possible from our warehouse in the Netherlands.<\/p><p data-start=\"1507\" data-end=\"1658\"><strong data-start=\"1507\" data-end=\"1520\">Delivery time:<\/strong><br data-start=\"1520\" data-end=\"1523\" \/>\u2022 <strong data-start=\"1525\" data-end=\"1539\">Netherlands:<\/strong> ordered before 23:59 = usually delivered tomorrow<br data-start=\"1585\" data-end=\"1588\" \/>\u2022 <strong data-start=\"1590\" data-end=\"1601\">Belgium:<\/strong> ordered before 19:30 = usually delivery time 1-2 working days<br \/>\u2022 <strong>Other countries: <\/strong>usually delivery 2-7 days<\/p><p data-start=\"1660\" data-end=\"2015\">It may happen that a product is temporarily out of stock. If we do not receive your order within <strong data-start=\"1759\" data-end=\"1771\">10 days<\/strong> can deliver, you will receive an e-mail from us with the necessary information. You can then choose to receive the product later or cancel the order. In case of cancellation, we will refund the paid amount within <strong data-start=\"1997\" data-end=\"2008\">7 days<\/strong> back.<\/p><p data-start=\"886\" data-end=\"1010\"><b>Returns:<br \/><\/b><span style=\"letter-spacing: 0px; word-spacing: 0em;\">You have the right to place your order within <\/span><strong style=\"letter-spacing: 0px; word-spacing: 0em;\" data-start=\"2077\" data-end=\"2102\">14 days after receipt<\/strong><span style=\"letter-spacing: 0px; word-spacing: 0em;\"> return without giving any reason.<\/span><\/p><p data-start=\"2144\" data-end=\"2337\">To be eligible for returns:<br data-start=\"2188\" data-end=\"2191\" \/>- The product must <strong data-start=\"2210\" data-end=\"2239\">unopened and undamaged<\/strong> are.<br data-start=\"2245\" data-end=\"2248\" \/>\u2022 <strong data-start=\"2250\" data-end=\"2308\">Opened supplements cannot be returned<\/strong> due to hygienic reasons.<\/p><p data-start=\"1506\" data-end=\"1526\"><strong data-start=\"1506\" data-end=\"1524\">Reimbursement:<\/strong><\/p><ul data-start=\"1527\" data-end=\"1769\"><li data-start=\"1527\" data-end=\"1658\"><p data-start=\"1529\" data-end=\"1658\" class=\"translation-block\">After receiving and inspecting the returned product, we will refund the purchase amount to your account within <strong>14 days<\/strong>.<br><br><\/p><\/li><li data-start=\"1659\" data-end=\"1769\"><p data-start=\"1661\" data-end=\"1769\">Shipping costs for returns are borne by the customer, unless the product was delivered defective.<\/p><\/li><\/ul><p data-start=\"1771\" data-end=\"1843\" class=\"translation-block\">For more details, please refer to our <a href=\"https:\/\/uniqueequinesupplement.com\/en\/terms-and-conditions\/\" target=\"_self\">terms and conditions<\/a>.<br><br><\/p><div><article dir=\"auto\" tabindex=\"-1\" data-turn-id=\"4d1799b8-8aaa-48d8-898f-28836500d54a\" data-testid=\"conversation-turn-334\" data-scroll-anchor=\"true\" data-turn=\"assistant\"><div><div tabindex=\"-1\"><div><div dir=\"auto\" data-message-author-role=\"assistant\" data-message-id=\"9c79d557-c1e6-4915-864e-caec2509d7ff\" data-message-model-slug=\"gpt-5-2\"><div><div><p data-start=\"68\" data-end=\"83\" class=\"translation-block\"><strong>Return procedure<br><\/strong>Please notify your return in advance by email via <a rel=\"noopener\" target=\"_self\">info@uniqueequinesupplement.com<\/a>.<br>Send the product within 14 days after receipt to :<br><br><\/p><p data-start=\"211\" data-end=\"318\" data-is-last-node=\"\" data-is-only-node=\"\">Fulfilment NL<br data-start=\"224\" data-end=\"227\" \/>Attn: Returns Unique Equine Supplement<br data-start=\"267\" data-end=\"270\" \/>Bijsterhuizen 2511<br data-start=\"288\" data-end=\"291\" \/>6604 LM Wijchen<br data-start=\"306\" data-end=\"309\" \/>Netherlands<\/p><\/div><\/div><\/div><\/div><div>\u00a0<\/div><div><div>\u00a0<\/div><\/div><\/div><\/div><\/article><\/div><div aria-hidden=\"true\" data-edge=\"true\">\u00a0<\/div>\t\t\t\t\t\t\t\t<\/div>\n\t\t\t\t<\/div>\n\t\t\t\t\t<\/div>\n\t\t\t\t<\/div>\n\t\t\t\t<\/div>","protected":false},"excerpt":{"rendered":"<p>verzending &amp; retourneren\u200b Verzending Na het plaatsen en betalen van je bestelling zorgen wij ervoor dat jouw supplement zo snel mogelijk wordt verzonden vanuit ons magazijn in Nederland. Levertijd:\u2022 Nederland: v\u00f3\u00f3r 23:59 besteld = doorgaans morgen in huis\u2022 Belgi\u00eb: v\u00f3\u00f3r 19:30 besteld = doorgaans levertijd 1\u20132 werkdagen\u2022 Overige landen: doorgaans\u00a0levering 2-7 dagen Het kan voorkomen [&hellip;]<\/p>\n","protected":false},"author":1,"featured_media":0,"parent":0,"menu_order":0,"comment_status":"closed","ping_status":"closed","template":"elementor_header_footer","meta":{"footnotes":""},"class_list":["post-4171","page","type-page","status-publish","hentry"],"yoast_head":"<!-- This site is optimized with the Yoast SEO plugin v27.4 - https:\/\/yoast.com\/product\/yoast-seo-wordpress\/ -->\n<title>Verzending &amp; Retourneren - Unique Equine Supplement<\/title>\n<meta name=\"robots\" content=\"index, follow, max-snippet:-1, max-image-preview:large, max-video-preview:-1\" \/>\n<link rel=\"canonical\" href=\"https:\/\/uniqueequinesupplement.com\/en\/return-shipment\/\" \/>\n<meta property=\"og:locale\" content=\"en_GB\" \/>\n<meta property=\"og:type\" content=\"article\" \/>\n<meta property=\"og:title\" content=\"Verzending &amp; Retourneren - Unique Equine Supplement\" \/>\n<meta property=\"og:description\" content=\"verzending &amp; retourneren\u200b Verzending Na het plaatsen en betalen van je bestelling zorgen wij ervoor dat jouw supplement zo snel mogelijk wordt verzonden vanuit ons magazijn in Nederland. Levertijd:\u2022 Nederland: v\u00f3\u00f3r 23:59 besteld = doorgaans morgen in huis\u2022 Belgi\u00eb: v\u00f3\u00f3r 19:30 besteld = doorgaans levertijd 1\u20132 werkdagen\u2022 Overige landen: doorgaans\u00a0levering 2-7 dagen Het kan voorkomen [&hellip;]\" \/>\n<meta property=\"og:url\" content=\"https:\/\/uniqueequinesupplement.com\/en\/return-shipment\/\" \/>\n<meta property=\"og:site_name\" content=\"Unique Equine Supplement\" \/>\n<meta property=\"article:publisher\" content=\"https:\/\/www.facebook.com\/profile.php?id=61566984347114\" \/>\n<meta property=\"article:modified_time\" content=\"2026-01-21T09:09:57+00:00\" \/>\n<meta name=\"twitter:card\" content=\"summary_large_image\" \/>\n<meta name=\"twitter:label1\" content=\"Estimated reading time\" \/>\n\t<meta name=\"twitter:data1\" content=\"2 minutes\" \/>\n<script type=\"application\/ld+json\" class=\"yoast-schema-graph\">{\"@context\":\"https:\\\/\\\/schema.org\",\"@graph\":[{\"@type\":\"WebPage\",\"@id\":\"https:\\\/\\\/uniqueequinesupplement.com\\\/verzending-retourneren\\\/\",\"url\":\"https:\\\/\\\/uniqueequinesupplement.com\\\/verzending-retourneren\\\/\",\"name\":\"Verzending & Retourneren - Unique Equine Supplement\",\"isPartOf\":{\"@id\":\"https:\\\/\\\/uniqueequinesupplement.com\\\/#website\"},\"datePublished\":\"2024-10-04T12:38:18+00:00\",\"dateModified\":\"2026-01-21T09:09:57+00:00\",\"breadcrumb\":{\"@id\":\"https:\\\/\\\/uniqueequinesupplement.com\\\/verzending-retourneren\\\/#breadcrumb\"},\"inLanguage\":\"en-GB\",\"potentialAction\":[{\"@type\":\"ReadAction\",\"target\":[\"https:\\\/\\\/uniqueequinesupplement.com\\\/verzending-retourneren\\\/\"]}]},{\"@type\":\"BreadcrumbList\",\"@id\":\"https:\\\/\\\/uniqueequinesupplement.com\\\/verzending-retourneren\\\/#breadcrumb\",\"itemListElement\":[{\"@type\":\"ListItem\",\"position\":1,\"name\":\"Home\",\"item\":\"https:\\\/\\\/uniqueequinesupplement.com\\\/\"},{\"@type\":\"ListItem\",\"position\":2,\"name\":\"Verzending &#038; Retourneren\"}]},{\"@type\":\"WebSite\",\"@id\":\"https:\\\/\\\/uniqueequinesupplement.com\\\/#website\",\"url\":\"https:\\\/\\\/uniqueequinesupplement.com\\\/\",\"name\":\"Unique Equine Supplement\",\"description\":\"Hoogwaardige supplementen voor paarden\",\"publisher\":{\"@id\":\"https:\\\/\\\/uniqueequinesupplement.com\\\/#organization\"},\"potentialAction\":[{\"@type\":\"SearchAction\",\"target\":{\"@type\":\"EntryPoint\",\"urlTemplate\":\"https:\\\/\\\/uniqueequinesupplement.com\\\/?s={search_term_string}\"},\"query-input\":{\"@type\":\"PropertyValueSpecification\",\"valueRequired\":true,\"valueName\":\"search_term_string\"}}],\"inLanguage\":\"en-GB\"},{\"@type\":\"Organization\",\"@id\":\"https:\\\/\\\/uniqueequinesupplement.com\\\/#organization\",\"name\":\"Unique Equine Supplement\",\"url\":\"https:\\\/\\\/uniqueequinesupplement.com\\\/\",\"logo\":{\"@type\":\"ImageObject\",\"inLanguage\":\"en-GB\",\"@id\":\"https:\\\/\\\/uniqueequinesupplement.com\\\/#\\\/schema\\\/logo\\\/image\\\/\",\"url\":\"https:\\\/\\\/uniqueequinesupplement.com\\\/wp-content\\\/uploads\\\/2024\\\/10\\\/Ontwerp-zonder-titel-scaled-e1749110908526.png\",\"contentUrl\":\"https:\\\/\\\/uniqueequinesupplement.com\\\/wp-content\\\/uploads\\\/2024\\\/10\\\/Ontwerp-zonder-titel-scaled-e1749110908526.png\",\"width\":1075,\"height\":755,\"caption\":\"Unique Equine Supplement\"},\"image\":{\"@id\":\"https:\\\/\\\/uniqueequinesupplement.com\\\/#\\\/schema\\\/logo\\\/image\\\/\"},\"sameAs\":[\"https:\\\/\\\/www.facebook.com\\\/profile.php?id=61566984347114\",\"https:\\\/\\\/www.instagram.com\\\/uniqueequinesupplement\\\/\"]}]}<\/script>\n<!-- \/ Yoast SEO plugin. -->","yoast_head_json":{"title":"Shipping &amp; Returns - Unique Equine Supplement","robots":{"index":"index","follow":"follow","max-snippet":"max-snippet:-1","max-image-preview":"max-image-preview:large","max-video-preview":"max-video-preview:-1"},"canonical":"https:\/\/uniqueequinesupplement.com\/en\/return-shipment\/","og_locale":"en_GB","og_type":"article","og_title":"Verzending & Retourneren - Unique Equine Supplement","og_description":"verzending &amp; retourneren\u200b Verzending Na het plaatsen en betalen van je bestelling zorgen wij ervoor dat jouw supplement zo snel mogelijk wordt verzonden vanuit ons magazijn in Nederland. Levertijd:\u2022 Nederland: v\u00f3\u00f3r 23:59 besteld = doorgaans morgen in huis\u2022 Belgi\u00eb: v\u00f3\u00f3r 19:30 besteld = doorgaans levertijd 1\u20132 werkdagen\u2022 Overige landen: doorgaans\u00a0levering 2-7 dagen Het kan voorkomen [&hellip;]","og_url":"https:\/\/uniqueequinesupplement.com\/en\/return-shipment\/","og_site_name":"Unique Equine Supplement","article_publisher":"https:\/\/www.facebook.com\/profile.php?id=61566984347114","article_modified_time":"2026-01-21T09:09:57+00:00","twitter_card":"summary_large_image","twitter_misc":{"Estimated reading time":"2 minutes"},"schema":{"@context":"https:\/\/schema.org","@graph":[{"@type":"WebPage","@id":"https:\/\/uniqueequinesupplement.com\/verzending-retourneren\/","url":"https:\/\/uniqueequinesupplement.com\/verzending-retourneren\/","name":"Shipping &amp; Returns - Unique Equine Supplement","isPartOf":{"@id":"https:\/\/uniqueequinesupplement.com\/#website"},"datePublished":"2024-10-04T12:38:18+00:00","dateModified":"2026-01-21T09:09:57+00:00","breadcrumb":{"@id":"https:\/\/uniqueequinesupplement.com\/verzending-retourneren\/#breadcrumb"},"inLanguage":"en-GB","potentialAction":[{"@type":"ReadAction","target":["https:\/\/uniqueequinesupplement.com\/verzending-retourneren\/"]}]},{"@type":"BreadcrumbList","@id":"https:\/\/uniqueequinesupplement.com\/verzending-retourneren\/#breadcrumb","itemListElement":[{"@type":"ListItem","position":1,"name":"Home","item":"https:\/\/uniqueequinesupplement.com\/"},{"@type":"ListItem","position":2,"name":"Verzending &#038; Retourneren"}]},{"@type":"WebSite","@id":"https:\/\/uniqueequinesupplement.com\/#website","url":"https:\/\/uniqueequinesupplement.com\/","name":"Unique Equine Supplement","description":"High-quality supplements for horses","publisher":{"@id":"https:\/\/uniqueequinesupplement.com\/#organization"},"potentialAction":[{"@type":"SearchAction","target":{"@type":"EntryPoint","urlTemplate":"https:\/\/uniqueequinesupplement.com\/?s={search_term_string}"},"query-input":{"@type":"PropertyValueSpecification","valueRequired":true,"valueName":"search_term_string"}}],"inLanguage":"en-GB"},{"@type":"Organization","@id":"https:\/\/uniqueequinesupplement.com\/#organization","name":"Unique Equine Supplement","url":"https:\/\/uniqueequinesupplement.com\/","logo":{"@type":"ImageObject","inLanguage":"en-GB","@id":"https:\/\/uniqueequinesupplement.com\/#\/schema\/logo\/image\/","url":"https:\/\/uniqueequinesupplement.com\/wp-content\/uploads\/2024\/10\/Ontwerp-zonder-titel-scaled-e1749110908526.png","contentUrl":"https:\/\/uniqueequinesupplement.com\/wp-content\/uploads\/2024\/10\/Ontwerp-zonder-titel-scaled-e1749110908526.png","width":1075,"height":755,"caption":"Unique Equine Supplement"},"image":{"@id":"https:\/\/uniqueequinesupplement.com\/#\/schema\/logo\/image\/"},"sameAs":["https:\/\/www.facebook.com\/profile.php?id=61566984347114","https:\/\/www.instagram.com\/uniqueequinesupplement\/"]}]}},"jetpack_sharing_enabled":true,"_links":{"self":[{"href":"https:\/\/uniqueequinesupplement.com\/en\/wp-json\/wp\/v2\/pages\/4171","targetHints":{"allow":["GET"]}}],"collection":[{"href":"https:\/\/uniqueequinesupplement.com\/en\/wp-json\/wp\/v2\/pages"}],"about":[{"href":"https:\/\/uniqueequinesupplement.com\/en\/wp-json\/wp\/v2\/types\/page"}],"author":[{"embeddable":true,"href":"https:\/\/uniqueequinesupplement.com\/en\/wp-json\/wp\/v2\/users\/1"}],"replies":[{"embeddable":true,"href":"https:\/\/uniqueequinesupplement.com\/en\/wp-json\/wp\/v2\/comments?post=4171"}],"version-history":[{"count":0,"href":"https:\/\/uniqueequinesupplement.com\/en\/wp-json\/wp\/v2\/pages\/4171\/revisions"}],"wp:attachment":[{"href":"https:\/\/uniqueequinesupplement.com\/en\/wp-json\/wp\/v2\/media?parent=4171"}],"curies":[{"name":"wp","href":"https:\/\/api.w.org\/{rel}","templated":true}]}}