{"id":15789,"date":"2026-01-20T09:57:00","date_gmt":"2026-01-20T08:57:00","guid":{"rendered":"https:\/\/uniqueequinesupplement.com\/?page_id=15789"},"modified":"2026-04-18T09:42:40","modified_gmt":"2026-04-18T07:42:40","slug":"pedidos-de-empresas","status":"publish","type":"page","link":"https:\/\/uniqueequinesupplement.com\/es\/zakelijk-bestellen\/","title":{"rendered":"Pedidos comerciales"},"content":{"rendered":"<div data-elementor-type=\"wp-page\" data-elementor-id=\"15789\" class=\"elementor elementor-15789\" data-elementor-post-type=\"page\">\n\t\t\t\t<div class=\"elementor-element elementor-element-020de95 e-flex e-con-boxed e-con e-parent\" data-id=\"020de95\" data-element_type=\"container\" data-e-type=\"container\">\n\t\t\t\t\t<div class=\"e-con-inner\">\n\t\t\t\t<div class=\"elementor-element elementor-element-d6bdc72 elementor-widget elementor-widget-heading\" data-id=\"d6bdc72\" data-element_type=\"widget\" data-e-type=\"widget\" data-widget_type=\"heading.default\">\n\t\t\t\t<div class=\"elementor-widget-container\">\n\t\t\t\t\t<h2 class=\"elementor-heading-title elementor-size-default\">Pedidos comerciales (en factura)<\/h2>\t\t\t\t<\/div>\n\t\t\t\t<\/div>\n\t\t\t\t<div class=\"elementor-element elementor-element-ad92d10 elementor-widget elementor-widget-text-editor\" data-id=\"ad92d10\" data-element_type=\"widget\" data-e-type=\"widget\" data-widget_type=\"text-editor.default\">\n\t\t\t\t<div class=\"elementor-widget-container\">\n\t\t\t\t\t\t\t\t\t<p data-start=\"33\" data-end=\"159\">Como empresa, \u00bfle gustar\u00eda pedir productos de Unique Equine Supplement y recibir una factura?<br \/>Esto puede hacerse f\u00e1cilmente por correo electr\u00f3nico.<\/p><p data-start=\"161\" data-end=\"308\"><strong data-start=\"161\" data-end=\"241\">No procesamos pedidos comerciales con factura a trav\u00e9s de la webshopcheckout.<br \/><\/strong><\/p><p data-start=\"161\" data-end=\"308\"><strong>Env\u00ede su pedido por correo a <a class=\"decorated-link cursor-pointer\" href=\"mailto:info@uniqueequinesupplement.com\" rel=\"noopener\" data-start=\"275\" data-end=\"306\">info@uniqueequinesupplement.com<\/a><\/strong><\/p><p data-start=\"310\" data-end=\"335\"><strong data-start=\"310\" data-end=\"335\">Por favor, mencione en su correo electr\u00f3nico:<\/strong><\/p><ul data-start=\"336\" data-end=\"527\"><li data-start=\"336\" data-end=\"352\"><p data-start=\"338\" data-end=\"352\">Nombre de la empresa<\/p><\/li><li data-start=\"353\" data-end=\"371\"><p data-start=\"355\" data-end=\"371\">P\u00f3ngase en contacto con<\/p><\/li><li data-start=\"372\" data-end=\"390\"><p data-start=\"374\" data-end=\"390\">N\u00famero de tel\u00e9fono<\/p><\/li><li data-start=\"391\" data-end=\"418\"><p data-start=\"393\" data-end=\"418\">N\u00famero de identificaci\u00f3n a efectos del IVA<\/p><\/li><li data-start=\"419\" data-end=\"435\"><p data-start=\"421\" data-end=\"435\">Direcci\u00f3n de facturaci\u00f3n<\/p><\/li><li data-start=\"436\" data-end=\"452\"><p data-start=\"438\" data-end=\"452\">Direcci\u00f3n de env\u00edo<\/p><\/li><li data-start=\"453\" data-end=\"487\"><p data-start=\"455\" data-end=\"487\">Productos deseados + cantidades<\/p><\/li><li data-start=\"488\" data-end=\"527\"><p data-start=\"490\" data-end=\"527\">Posible n\u00famero de compra \/ referencia<\/p><\/li><li data-start=\"488\" data-end=\"527\">Si usted proporciona un n\u00famero de IVA v\u00e1lido, lo comprobaremos a trav\u00e9s del sistema europeo VIES. <br \/>Basado en esto, se determina si la factura se emitir\u00e1 con IVA o con IVA devengado (0% IVA).<br \/><br \/><\/li><\/ul><p data-start=\"529\" data-end=\"650\">Una vez recibido, le enviaremos la factura lo antes posible. Una vez recibido el pago, se enviar\u00e1 su pedido.<\/p><p data-start=\"652\" data-end=\"715\">Los pedidos se env\u00edan desde nuestro almac\u00e9n en los Pa\u00edses Bajos.<\/p><h5 data-start=\"652\" data-end=\"715\"><strong>IVA para pedidos de empresas dentro de la UE<\/strong><\/h5><p data-start=\"1215\" data-end=\"1319\">Nuestra empresa est\u00e1 establecida fiscalmente en Espa\u00f1a. Por lo tanto, la facturaci\u00f3n se realiza desde Espa\u00f1a. <br \/>Los pedidos se env\u00edan desde nuestro almac\u00e9n en los Pa\u00edses Bajos.<\/p><p data-start=\"1321\" data-end=\"1397\">Para una factura <strong data-start=\"1338\" data-end=\"1366\">sin IVA (IVA transferido)<\/strong> debe ser el n\u00famero de IVA especificado:<\/p><ul data-start=\"1399\" data-end=\"1482\"><li data-start=\"1399\" data-end=\"1428\"><p data-start=\"1401\" data-end=\"1428\">ir con el nombre de la empresa<\/p><\/li><li data-start=\"1429\" data-end=\"1482\"><p data-start=\"1431\" data-end=\"1482\">est\u00e1n registrados en la <strong data-start=\"1466\" data-end=\"1482\">Sistema VIES<\/strong><\/p><\/li><\/ul><p data-start=\"1484\" data-end=\"1591\">Si el n\u00famero de IVA <strong data-start=\"1506\" data-end=\"1539\">no est\u00e1 registrado en VIES<\/strong>, estamos obligados a repercutir el IVA en la factura.<\/p><p data-start=\"1593\" data-end=\"1719\">\u00bfTiene dudas sobre si su n\u00famero de IVA est\u00e1 registrado?<br data-start=\"1638\" data-end=\"1641\" \/>Puede comprobarlo usted mismo a trav\u00e9s de:<br data-start=\"1673\" data-end=\"1676\" \/><a class=\"decorated-link\" href=\"https:\/\/ec.europa.eu\/taxation_customs\/vies\/\" target=\"_new\" rel=\"noopener\" data-start=\"1676\" data-end=\"1719\">https:\/\/ec.europa.eu\/taxation_customs\/vies\/<\/a><\/p><p data-start=\"1465\" data-end=\"1655\">Las facturas se preparan a partir de los datos de la empresa facilitados por el cliente.<br data-start=\"1551\" data-end=\"1554\" \/>Revise sus datos cuidadosamente. Cualquier correcci\u00f3n posterior a la facturaci\u00f3n solo podr\u00e1 procesarse mediante una factura de abono.<\/p><p data-start=\"1657\" data-end=\"1774\">Al realizar un pedido comercial, el cliente confirma que los datos de la empresa y del IVA facilitados son correctos.<\/p>\t\t\t\t\t\t\t\t<\/div>\n\t\t\t\t<\/div>\n\t\t\t\t\t<\/div>\n\t\t\t\t<\/div>\n\t\t\t\t<\/div>","protected":false},"excerpt":{"rendered":"<p>Zakelijk bestellen (op factuur) Wilt u als bedrijf de producten van Unique Equine Supplement bestellen en een factuur ontvangen?Dat kan eenvoudig via e-mail. Zakelijke bestellingen op factuur verwerken wij niet via de webshopcheckout. Mail uw bestelling naar: info@uniqueequinesupplement.com Vermeld in uw e-mail: Bedrijfsnaam Contactpersoon Telefoonnummer BTW-identificatienummer Factuuradres Verzendadres Gewenste producten + aantallen Eventueel inkoopnummer \/ [&hellip;]<\/p>\n","protected":false},"author":1,"featured_media":0,"parent":0,"menu_order":0,"comment_status":"closed","ping_status":"closed","template":"","meta":{"footnotes":""},"class_list":["post-15789","page","type-page","status-publish","hentry"],"yoast_head":"<!-- This site is optimized with the Yoast SEO plugin v27.5 - https:\/\/yoast.com\/product\/yoast-seo-wordpress\/ -->\n<title>Zakelijk bestellen - Unique Equine Supplement<\/title>\n<meta name=\"robots\" content=\"index, follow, max-snippet:-1, max-image-preview:large, max-video-preview:-1\" \/>\n<link rel=\"canonical\" href=\"https:\/\/uniqueequinesupplement.com\/es\/pedidos-de-empresas\/\" \/>\n<meta property=\"og:locale\" content=\"es_ES\" \/>\n<meta property=\"og:type\" content=\"article\" \/>\n<meta property=\"og:title\" content=\"Zakelijk bestellen - Unique Equine Supplement\" \/>\n<meta property=\"og:description\" content=\"Zakelijk bestellen (op factuur) Wilt u als bedrijf de producten van Unique Equine Supplement bestellen en een factuur ontvangen?Dat kan eenvoudig via e-mail. Zakelijke bestellingen op factuur verwerken wij niet via de webshopcheckout. Mail uw bestelling naar: info@uniqueequinesupplement.com Vermeld in uw e-mail: Bedrijfsnaam Contactpersoon Telefoonnummer BTW-identificatienummer Factuuradres Verzendadres Gewenste producten + aantallen Eventueel inkoopnummer \/ [&hellip;]\" \/>\n<meta property=\"og:url\" content=\"https:\/\/uniqueequinesupplement.com\/es\/pedidos-de-empresas\/\" \/>\n<meta property=\"og:site_name\" content=\"Unique Equine Supplement\" \/>\n<meta property=\"article:publisher\" content=\"https:\/\/www.facebook.com\/profile.php?id=61566984347114\" \/>\n<meta property=\"article:modified_time\" content=\"2026-04-18T07:42:40+00:00\" \/>\n<meta name=\"twitter:card\" content=\"summary_large_image\" \/>\n<meta name=\"twitter:label1\" content=\"Tiempo de lectura\" \/>\n\t<meta name=\"twitter:data1\" content=\"2 minutos\" \/>\n<script type=\"application\/ld+json\" class=\"yoast-schema-graph\">{\"@context\":\"https:\\\/\\\/schema.org\",\"@graph\":[{\"@type\":\"WebPage\",\"@id\":\"https:\\\/\\\/uniqueequinesupplement.com\\\/zakelijk-bestellen\\\/\",\"url\":\"https:\\\/\\\/uniqueequinesupplement.com\\\/zakelijk-bestellen\\\/\",\"name\":\"Zakelijk bestellen - Unique Equine Supplement\",\"isPartOf\":{\"@id\":\"https:\\\/\\\/uniqueequinesupplement.com\\\/#website\"},\"datePublished\":\"2026-01-20T08:57:00+00:00\",\"dateModified\":\"2026-04-18T07:42:40+00:00\",\"breadcrumb\":{\"@id\":\"https:\\\/\\\/uniqueequinesupplement.com\\\/zakelijk-bestellen\\\/#breadcrumb\"},\"inLanguage\":\"es\",\"potentialAction\":[{\"@type\":\"ReadAction\",\"target\":[\"https:\\\/\\\/uniqueequinesupplement.com\\\/zakelijk-bestellen\\\/\"]}]},{\"@type\":\"BreadcrumbList\",\"@id\":\"https:\\\/\\\/uniqueequinesupplement.com\\\/zakelijk-bestellen\\\/#breadcrumb\",\"itemListElement\":[{\"@type\":\"ListItem\",\"position\":1,\"name\":\"Home\",\"item\":\"https:\\\/\\\/uniqueequinesupplement.com\\\/\"},{\"@type\":\"ListItem\",\"position\":2,\"name\":\"Zakelijk bestellen\"}]},{\"@type\":\"WebSite\",\"@id\":\"https:\\\/\\\/uniqueequinesupplement.com\\\/#website\",\"url\":\"https:\\\/\\\/uniqueequinesupplement.com\\\/\",\"name\":\"Unique Equine Supplement\",\"description\":\"Hoogwaardige supplementen voor paarden\",\"publisher\":{\"@id\":\"https:\\\/\\\/uniqueequinesupplement.com\\\/#organization\"},\"potentialAction\":[{\"@type\":\"SearchAction\",\"target\":{\"@type\":\"EntryPoint\",\"urlTemplate\":\"https:\\\/\\\/uniqueequinesupplement.com\\\/?s={search_term_string}\"},\"query-input\":{\"@type\":\"PropertyValueSpecification\",\"valueRequired\":true,\"valueName\":\"search_term_string\"}}],\"inLanguage\":\"es\"},{\"@type\":\"Organization\",\"@id\":\"https:\\\/\\\/uniqueequinesupplement.com\\\/#organization\",\"name\":\"Unique Equine Supplement\",\"url\":\"https:\\\/\\\/uniqueequinesupplement.com\\\/\",\"logo\":{\"@type\":\"ImageObject\",\"inLanguage\":\"es\",\"@id\":\"https:\\\/\\\/uniqueequinesupplement.com\\\/#\\\/schema\\\/logo\\\/image\\\/\",\"url\":\"https:\\\/\\\/uniqueequinesupplement.com\\\/wp-content\\\/uploads\\\/2024\\\/10\\\/Ontwerp-zonder-titel-scaled-e1749110908526.png\",\"contentUrl\":\"https:\\\/\\\/uniqueequinesupplement.com\\\/wp-content\\\/uploads\\\/2024\\\/10\\\/Ontwerp-zonder-titel-scaled-e1749110908526.png\",\"width\":1075,\"height\":755,\"caption\":\"Unique Equine Supplement\"},\"image\":{\"@id\":\"https:\\\/\\\/uniqueequinesupplement.com\\\/#\\\/schema\\\/logo\\\/image\\\/\"},\"sameAs\":[\"https:\\\/\\\/www.facebook.com\\\/profile.php?id=61566984347114\",\"https:\\\/\\\/www.instagram.com\\\/uniqueequinesupplement\\\/\"]}]}<\/script>\n<!-- \/ Yoast SEO plugin. -->","yoast_head_json":{"title":"Pedidos de empresas - Suplemento equino \u00fanico","robots":{"index":"index","follow":"follow","max-snippet":"max-snippet:-1","max-image-preview":"max-image-preview:large","max-video-preview":"max-video-preview:-1"},"canonical":"https:\/\/uniqueequinesupplement.com\/es\/pedidos-de-empresas\/","og_locale":"es_ES","og_type":"article","og_title":"Zakelijk bestellen - Unique Equine Supplement","og_description":"Zakelijk bestellen (op factuur) Wilt u als bedrijf de producten van Unique Equine Supplement bestellen en een factuur ontvangen?Dat kan eenvoudig via e-mail. Zakelijke bestellingen op factuur verwerken wij niet via de webshopcheckout. Mail uw bestelling naar: info@uniqueequinesupplement.com Vermeld in uw e-mail: Bedrijfsnaam Contactpersoon Telefoonnummer BTW-identificatienummer Factuuradres Verzendadres Gewenste producten + aantallen Eventueel inkoopnummer \/ [&hellip;]","og_url":"https:\/\/uniqueequinesupplement.com\/es\/pedidos-de-empresas\/","og_site_name":"Unique Equine Supplement","article_publisher":"https:\/\/www.facebook.com\/profile.php?id=61566984347114","article_modified_time":"2026-04-18T07:42:40+00:00","twitter_card":"summary_large_image","twitter_misc":{"Tiempo de lectura":"2 minutos"},"schema":{"@context":"https:\/\/schema.org","@graph":[{"@type":"WebPage","@id":"https:\/\/uniqueequinesupplement.com\/zakelijk-bestellen\/","url":"https:\/\/uniqueequinesupplement.com\/zakelijk-bestellen\/","name":"Pedidos de empresas - Suplemento equino \u00fanico","isPartOf":{"@id":"https:\/\/uniqueequinesupplement.com\/#website"},"datePublished":"2026-01-20T08:57:00+00:00","dateModified":"2026-04-18T07:42:40+00:00","breadcrumb":{"@id":"https:\/\/uniqueequinesupplement.com\/zakelijk-bestellen\/#breadcrumb"},"inLanguage":"es","potentialAction":[{"@type":"ReadAction","target":["https:\/\/uniqueequinesupplement.com\/zakelijk-bestellen\/"]}]},{"@type":"BreadcrumbList","@id":"https:\/\/uniqueequinesupplement.com\/zakelijk-bestellen\/#breadcrumb","itemListElement":[{"@type":"ListItem","position":1,"name":"Home","item":"https:\/\/uniqueequinesupplement.com\/"},{"@type":"ListItem","position":2,"name":"Zakelijk bestellen"}]},{"@type":"WebSite","@id":"https:\/\/uniqueequinesupplement.com\/#website","url":"https:\/\/uniqueequinesupplement.com\/","name":"Unique Equine Supplement","description":"Suplementos de alta calidad para caballos","publisher":{"@id":"https:\/\/uniqueequinesupplement.com\/#organization"},"potentialAction":[{"@type":"SearchAction","target":{"@type":"EntryPoint","urlTemplate":"https:\/\/uniqueequinesupplement.com\/?s={search_term_string}"},"query-input":{"@type":"PropertyValueSpecification","valueRequired":true,"valueName":"search_term_string"}}],"inLanguage":"es"},{"@type":"Organization","@id":"https:\/\/uniqueequinesupplement.com\/#organization","name":"Unique Equine Supplement","url":"https:\/\/uniqueequinesupplement.com\/","logo":{"@type":"ImageObject","inLanguage":"es","@id":"https:\/\/uniqueequinesupplement.com\/#\/schema\/logo\/image\/","url":"https:\/\/uniqueequinesupplement.com\/wp-content\/uploads\/2024\/10\/Ontwerp-zonder-titel-scaled-e1749110908526.png","contentUrl":"https:\/\/uniqueequinesupplement.com\/wp-content\/uploads\/2024\/10\/Ontwerp-zonder-titel-scaled-e1749110908526.png","width":1075,"height":755,"caption":"Unique Equine Supplement"},"image":{"@id":"https:\/\/uniqueequinesupplement.com\/#\/schema\/logo\/image\/"},"sameAs":["https:\/\/www.facebook.com\/profile.php?id=61566984347114","https:\/\/www.instagram.com\/uniqueequinesupplement\/"]}]}},"jetpack_sharing_enabled":true,"_links":{"self":[{"href":"https:\/\/uniqueequinesupplement.com\/es\/wp-json\/wp\/v2\/pages\/15789","targetHints":{"allow":["GET"]}}],"collection":[{"href":"https:\/\/uniqueequinesupplement.com\/es\/wp-json\/wp\/v2\/pages"}],"about":[{"href":"https:\/\/uniqueequinesupplement.com\/es\/wp-json\/wp\/v2\/types\/page"}],"author":[{"embeddable":true,"href":"https:\/\/uniqueequinesupplement.com\/es\/wp-json\/wp\/v2\/users\/1"}],"replies":[{"embeddable":true,"href":"https:\/\/uniqueequinesupplement.com\/es\/wp-json\/wp\/v2\/comments?post=15789"}],"version-history":[{"count":15,"href":"https:\/\/uniqueequinesupplement.com\/es\/wp-json\/wp\/v2\/pages\/15789\/revisions"}],"predecessor-version":[{"id":17823,"href":"https:\/\/uniqueequinesupplement.com\/es\/wp-json\/wp\/v2\/pages\/15789\/revisions\/17823"}],"wp:attachment":[{"href":"https:\/\/uniqueequinesupplement.com\/es\/wp-json\/wp\/v2\/media?parent=15789"}],"curies":[{"name":"wp","href":"https:\/\/api.w.org\/{rel}","templated":true}]}}