{"id":4151,"date":"2024-10-04T14:38:17","date_gmt":"2024-10-04T12:38:17","guid":{"rendered":"https:\/\/uniqueequinesupplement.com\/terms-privacy\/"},"modified":"2026-03-17T12:03:32","modified_gmt":"2026-03-17T11:03:32","slug":"condiciones-generales-2","status":"publish","type":"page","link":"https:\/\/uniqueequinesupplement.com\/es\/algemene-voorwaarden\/","title":{"rendered":"Condiciones generales"},"content":{"rendered":"<div data-elementor-type=\"wp-page\" data-elementor-id=\"4151\" class=\"elementor elementor-4151\" data-elementor-post-type=\"page\">\n\t\t\t\t<div class=\"elementor-element elementor-element-fadb7e3 e-flex e-con-boxed e-con e-parent\" data-id=\"fadb7e3\" data-element_type=\"container\" data-e-type=\"container\">\n\t\t\t\t\t<div class=\"e-con-inner\">\n\t\t\t\t<div class=\"elementor-element elementor-element-c5f4a2e elementor-widget elementor-widget-heading\" data-id=\"c5f4a2e\" data-element_type=\"widget\" data-e-type=\"widget\" data-widget_type=\"heading.default\">\n\t\t\t\t<div class=\"elementor-widget-container\">\n\t\t\t\t\t<h2 class=\"elementor-heading-title elementor-size-default\">Condiciones generales<\/h2>\t\t\t\t<\/div>\n\t\t\t\t<\/div>\n\t\t\t\t\t<\/div>\n\t\t\t\t<\/div>\n\t\t<div class=\"elementor-element elementor-element-412ac26a e-flex e-con-boxed e-con e-parent\" data-id=\"412ac26a\" data-element_type=\"container\" data-e-type=\"container\" id=\"algemenevoorwaarden\">\n\t\t\t\t\t<div class=\"e-con-inner\">\n\t\t\t\t<div class=\"elementor-element elementor-element-c33f46f elementor-widget elementor-widget-text-editor\" data-id=\"c33f46f\" data-element_type=\"widget\" data-e-type=\"widget\" data-widget_type=\"text-editor.default\">\n\t\t\t\t<div class=\"elementor-widget-container\">\n\t\t\t\t\t\t\t\t\t<p class=\"translation-block\"><strong style=\"font-size: 14px;letter-spacing: 0px\">Versi\u00f3n:<\/strong><span style=\"font-size: 14px;letter-spacing: 0px\"> 15 septiembre 2024<\/span><br><br><\/p><hr \/><h6><strong>1. Aplicabilidad<\/strong><\/h6><p class=\"translation-block\">Estas Condiciones Generales se aplican a todas las relaciones jur\u00eddicas (contratos, ofertas, presupuestos) entre <strong>Unique Equine Supplement SL (UES)<\/strong> y una persona f\u00edsica o jur\u00eddica (cliente) para el suministro de productos o servicios.<br><\/p><ul><li><p>Las condiciones generales de los compradores no ser\u00e1n aceptadas por el UES.<\/p><\/li><li><p>Los empleados, los terceros contratados por UES y las empresas matrices, hermanas o filiales afiliadas a UES tambi\u00e9n pueden invocar estos t\u00e9rminos.<\/p><\/li><\/ul><hr \/><h6><strong>2. Celebraci\u00f3n del acuerdo<\/strong><\/h6><ul><li><p>Las ofertas del UES no son vinculantes, salvo que se indique lo contrario por escrito.<\/p><\/li><li><p>Los acuerdos se establecen mediante confirmaci\u00f3n por correo electr\u00f3nico, correo postal o mediante la entrega o prestaci\u00f3n efectiva de los servicios.<\/p><\/li><\/ul><hr \/><h6><strong>3. Entrega y riesgo<\/strong><\/h6><ul><li><p>En caso de entrega a cargo de UES, el riesgo de los productos entregados pasa al cliente en el momento de su recepci\u00f3n.<\/p><\/li><li><p>La entrega puede ser por partes.<\/p><\/li><li><p>Los plazos de entrega indicados son indicativos y no fatales, salvo acuerdo expreso en contrario.<\/p><\/li><\/ul><hr \/><h6><strong>4. Inspecci\u00f3n, defectos y devoluciones<\/strong><\/h6><p><strong>4.1 Inspecci\u00f3n a la recepci\u00f3n<\/strong><\/p><ul><li><p>El comprador debe comprobar cuidadosamente los productos a su recepci\u00f3n.<\/p><\/li><li><p class=\"translation-block\"><strong>Los defectos visibles<\/strong> deben notificarse por escrito dentro de un plazo de 7 d\u00edas.<br><\/p><\/li><li><p class=\"translation-block\"><strong>Los defectos no visibles<\/strong> deben notificarse por escrito dentro de un plazo de 6 meses, tan pronto como puedan descubrirse razonablemente.<br><\/p><\/li><\/ul><p><strong>4.2 Devoluciones B2B<\/strong><\/p><ul><li><p>Para los clientes comerciales, las devoluciones s\u00f3lo son posibles en caso de defectos seg\u00fan las condiciones anteriores.<\/p><\/li><\/ul><p><strong>4,3 Devoluciones B2C (consumidores)<\/strong><\/p><p data-start=\"253\" data-end=\"369\" class=\"translation-block\">Los consumidores dentro de la UE disponen de un <strong>derecho de desistimiento de 14 d\u00edas<\/strong> tras la recepci\u00f3n de los productos, conforme a la legislaci\u00f3n de la UE.<br><\/p><p data-start=\"371\" data-end=\"547\" class=\"translation-block\">Los productos devueltos deben estar <strong>sin abrir, sin da\u00f1os y en su embalaje original<\/strong>. <strong>Los complementos abiertos no se pueden devolver<\/strong> por motivos de higiene.<br><\/p><p data-start=\"549\" data-end=\"671\" class=\"translation-block\">Para iniciar un procedimiento de devoluci\u00f3n, el consumidor debe ponerse en contacto a trav\u00e9s de <strong><a class=\"decorated-link cursor-pointer\" rel=\"noopener\" target=\"_self\">info@uniqueequinesupplement.com<\/a><\/strong>.<br><\/p><p data-start=\"673\" data-end=\"778\">Los gastos de env\u00edo de la devoluci\u00f3n corren a cargo del consumidor, a menos que el producto sea defectuoso o se haya entregado incorrectamente.<\/p><p data-start=\"780\" data-end=\"904\" class=\"translation-block\">El reembolso se realiza dentro de <strong>14 d\u00edas<\/strong> tras la recepci\u00f3n del producto devuelto, utilizando el m\u00e9todo de pago original.<br><\/p><p data-start=\"906\" data-end=\"1033\" class=\"translation-block\"><strong>Atenci\u00f3n:<\/strong> los productos se env\u00edan a trav\u00e9s de una <strong>empresa de fulfilment en Pa\u00edses Bajos<\/strong>, aunque la facturaci\u00f3n se realice desde Espa\u00f1a.<br><\/p><hr \/><h6><strong>5. <\/strong><strong data-start=\"233\" data-end=\"272\">Facturaci\u00f3n \/ Pago<\/strong><\/h6><ul data-start=\"274\" data-end=\"1104\"><li data-start=\"274\" data-end=\"390\"><p data-start=\"276\" data-end=\"390\" class=\"translation-block\"><strong>Direcci\u00f3n de facturaci\u00f3n:<\/strong> Unique Equine Supplement SL<br>Calle Antonio Machado 16, 41240 Almad\u00e9n de la Plata, Espa\u00f1a<br><\/p><\/li><li data-start=\"391\" data-end=\"475\"><p data-start=\"393\" data-end=\"475\" class=\"translation-block\"><strong>Entrega:<\/strong> Los productos se env\u00edan a trav\u00e9s de una empresa de fulfilment en Pa\u00edses Bajos.<br><\/p><\/li><li data-start=\"476\" data-end=\"648\"><p data-start=\"478\" data-end=\"648\" class=\"translation-block\"><strong>IVA \/ B2B:<\/strong> Para los clientes profesionales, la factura se emite con IVA espa\u00f1ol o en r\u00e9gimen intracomunitario (0 %), seg\u00fan el n\u00famero de IVA del cliente.<br><\/p><\/li><li data-start=\"649\" data-end=\"791\"><p data-start=\"651\" data-end=\"791\" class=\"translation-block\"><strong>IVA \/ B2C:<\/strong> Para los consumidores dentro de la UE, el IVA se calcula seg\u00fan el pa\u00eds del consumidor (r\u00e9gimen OSS si procede).<br><\/p><\/li><li data-start=\"792\" data-end=\"903\"><p data-start=\"794\" data-end=\"903\" class=\"translation-block\"><strong>Pago:<\/strong> Las facturas deben abonarse a m\u00e1s tardar en la fecha de vencimiento, sin descuento ni suspensi\u00f3n.<br><\/p><\/li><li data-start=\"904\" data-end=\"1104\"><p data-start=\"906\" data-end=\"1000\" class=\"translation-block\"><strong>Incumplimiento de pago:<\/strong> En caso de no realizar el pago a tiempo, el cliente incurre autom\u00e1ticamente en incumplimiento y deber\u00e1 pagar :<br><\/p><ul data-start=\"1003\" data-end=\"1104\"><li data-start=\"1003\" data-end=\"1047\"><p data-start=\"1005\" data-end=\"1047\">Inter\u00e9s comercial legal sobre el principal<\/p><\/li><li data-start=\"1050\" data-end=\"1104\"><p data-start=\"1052\" data-end=\"1104\">Gastos de cobro extrajudiciales y judiciales<\/p><\/li><\/ul><\/li><\/ul><hr \/><h6><strong>6. Conservaci\u00f3n del t\u00edtulo<\/strong><\/h6><ul><li><p>UES se reserva la propiedad de los productos entregados hasta el pago \u00edntegro de la factura.<\/p><\/li><li><p>Queda prohibida la entrega, enajenaci\u00f3n o pignoraci\u00f3n por parte del cliente hasta que se haya transferido la propiedad, lo que impide el funcionamiento normal de la empresa.<\/p><\/li><\/ul><hr \/><h6><strong>7. Suspensi\u00f3n y disoluci\u00f3n<\/strong><\/h6><ul><li><p>En caso de incumplimiento, quiebra, suspensi\u00f3n de pagos, suspensi\u00f3n de pagos, liquidaci\u00f3n o cierre, UES podr\u00e1 rescindir o suspender total o parcialmente el acuerdo.<\/p><\/li><li><p>Los cr\u00e9ditos pendientes pueden reclamarse inmediatamente.<\/p><\/li><\/ul><hr \/><h6><strong>8. 8. Fuerza mayor<\/strong><\/h6><ul><li><p>UES no ser\u00e1 responsable por incumplimiento debido a fuerza mayor, incluyendo:<\/p><ul><li><p>Retrasos de los proveedores<\/p><\/li><li><p>Fallos de equipos o programas inform\u00e1ticos de terceros<\/p><\/li><li><p>Medidas gubernamentales<\/p><\/li><li><p>Cortes de electricidad, guerra, huelgas, problemas de transporte<\/p><\/li><li><p>Brotes de enfermedades o ausencias del personal<\/p><\/li><\/ul><\/li><\/ul><hr \/><h6><strong>9. Responsabilidad<\/strong><\/h6><ul><li><p>UES no se hace responsable de los da\u00f1os causados por:<\/p><ul><li><p>Productos que no han sufrido ninguna transformaci\u00f3n o que se han fabricado por prescripci\u00f3n del cliente<\/p><\/li><li><p>Medidas gubernamentales<\/p><\/li><li><p>Uso incorrecto o informaci\u00f3n incompleta del cliente<\/p><\/li><\/ul><\/li><li><p>Para B2B, la responsabilidad se limita a los da\u00f1os directos y a un m\u00e1ximo del valor de la factura, con un tope de 45.000 euros.<\/p><\/li><li><p class=\"translation-block\">Para los consumidores, la responsabilidad no puede <strong>reducirse<\/strong> en caso de da\u00f1os personales o da\u00f1os causados intencionalmente o por negligencia grave.<br><\/p><\/li><\/ul><hr \/><h6><strong>10. Derechos de acci\u00f3n<\/strong><\/h6><ul><li><p>Para los clientes empresariales, los derechos de acci\u00f3n expiran un a\u00f1o despu\u00e9s de haber surgido, a menos que la reclamaci\u00f3n se haya presentado ante el tribunal competente dentro de ese plazo.<\/p><\/li><\/ul><hr \/><h6><strong>11. Administraci\u00f3n<\/strong><\/h6><ul><li><p>Los registros de UES servir\u00e1n como prueba plena, salvo prueba en contrario por parte del cliente.<\/p><\/li><\/ul><hr \/><h6><strong>12. Privacidad<\/strong><\/h6><ul><li><p>UES y el cliente procesan los datos personales de acuerdo con la AVG.<\/p><\/li><li><p>El UES act\u00faa de conformidad con la declaraci\u00f3n de privacidad del sitio web.<\/p><\/li><li><p>Los consumidores compradores pueden ejercer sus derechos de acuerdo con la AVG.<\/p><\/li><\/ul><hr \/><h6><strong>13. 13. Derecho aplicable<\/strong><\/h6><ul><li data-start=\"225\" data-end=\"334\"><p data-start=\"227\" data-end=\"334\" class=\"translation-block\"><strong>B2B (clientes profesionales):<\/strong> Los contratos con clientes profesionales se rigen por la ley espa\u00f1ola.<br><\/p><\/li><li data-start=\"336\" data-end=\"505\"><p data-start=\"338\" data-end=\"505\" class=\"translation-block\"><strong>B2C (consumidores dentro de la UE):<\/strong> Para los consumidores, se aplican los derechos legales de su pa\u00eds; sus derechos no se ven limitados por estas condiciones.<br><\/p><\/li><li data-start=\"507\" data-end=\"587\"><p data-start=\"509\" data-end=\"587\" class=\"translation-block\">Se excluye la aplicaci\u00f3n de las disposiciones de la <strong>Convenci\u00f3n de Viena sobre compraventa internacional de mercader\u00edas<\/strong>.<br><br><\/p><\/li><\/ul>\t\t\t\t\t\t\t\t<\/div>\n\t\t\t\t<\/div>\n\t\t\t\t\t<\/div>\n\t\t\t\t<\/div>\n\t\t\t\t<\/div>","protected":false},"excerpt":{"rendered":"<p>Algemene voorwaarden Versie: 15 september 2024 1. Toepasselijkheid Deze Algemene Voorwaarden zijn van toepassing op alle rechtsverhoudingen (overeenkomsten, aanbiedingen, offertes) tussen Unique Equine Supplement SL (UES) en een natuurlijke of rechtspersoon (afnemer) voor de levering van producten of diensten. Algemene voorwaarden van afnemers worden door UES niet aanvaard. Werknemers, door UES ingeschakelde derden, en aan [&hellip;]<\/p>\n","protected":false},"author":1,"featured_media":0,"parent":0,"menu_order":0,"comment_status":"closed","ping_status":"closed","template":"elementor_header_footer","meta":{"footnotes":""},"class_list":["post-4151","page","type-page","status-publish","hentry"],"yoast_head":"<!-- This site is optimized with the Yoast SEO plugin v27.4 - https:\/\/yoast.com\/product\/yoast-seo-wordpress\/ -->\n<title>Algemene Voorwaarden - Unique Equine Supplement<\/title>\n<meta name=\"robots\" content=\"index, follow, max-snippet:-1, max-image-preview:large, max-video-preview:-1\" \/>\n<link rel=\"canonical\" href=\"https:\/\/uniqueequinesupplement.com\/es\/condiciones-generales-2\/\" \/>\n<meta property=\"og:locale\" content=\"es_ES\" \/>\n<meta property=\"og:type\" content=\"article\" \/>\n<meta property=\"og:title\" content=\"Algemene Voorwaarden - Unique Equine Supplement\" \/>\n<meta property=\"og:description\" content=\"Algemene voorwaarden Versie: 15 september 2024 1. Toepasselijkheid Deze Algemene Voorwaarden zijn van toepassing op alle rechtsverhoudingen (overeenkomsten, aanbiedingen, offertes) tussen Unique Equine Supplement SL (UES) en een natuurlijke of rechtspersoon (afnemer) voor de levering van producten of diensten. Algemene voorwaarden van afnemers worden door UES niet aanvaard. Werknemers, door UES ingeschakelde derden, en aan [&hellip;]\" \/>\n<meta property=\"og:url\" content=\"https:\/\/uniqueequinesupplement.com\/es\/condiciones-generales-2\/\" \/>\n<meta property=\"og:site_name\" content=\"Unique Equine Supplement\" \/>\n<meta property=\"article:publisher\" content=\"https:\/\/www.facebook.com\/profile.php?id=61566984347114\" \/>\n<meta property=\"article:modified_time\" content=\"2026-03-17T11:03:32+00:00\" \/>\n<meta name=\"twitter:card\" content=\"summary_large_image\" \/>\n<meta name=\"twitter:label1\" content=\"Tiempo de lectura\" \/>\n\t<meta name=\"twitter:data1\" content=\"4 minutos\" \/>\n<script type=\"application\/ld+json\" class=\"yoast-schema-graph\">{\"@context\":\"https:\\\/\\\/schema.org\",\"@graph\":[{\"@type\":\"WebPage\",\"@id\":\"https:\\\/\\\/uniqueequinesupplement.com\\\/algemene-voorwaarden\\\/\",\"url\":\"https:\\\/\\\/uniqueequinesupplement.com\\\/algemene-voorwaarden\\\/\",\"name\":\"Algemene Voorwaarden - Unique Equine Supplement\",\"isPartOf\":{\"@id\":\"https:\\\/\\\/uniqueequinesupplement.com\\\/#website\"},\"datePublished\":\"2024-10-04T12:38:17+00:00\",\"dateModified\":\"2026-03-17T11:03:32+00:00\",\"breadcrumb\":{\"@id\":\"https:\\\/\\\/uniqueequinesupplement.com\\\/algemene-voorwaarden\\\/#breadcrumb\"},\"inLanguage\":\"es\",\"potentialAction\":[{\"@type\":\"ReadAction\",\"target\":[\"https:\\\/\\\/uniqueequinesupplement.com\\\/algemene-voorwaarden\\\/\"]}]},{\"@type\":\"BreadcrumbList\",\"@id\":\"https:\\\/\\\/uniqueequinesupplement.com\\\/algemene-voorwaarden\\\/#breadcrumb\",\"itemListElement\":[{\"@type\":\"ListItem\",\"position\":1,\"name\":\"Home\",\"item\":\"https:\\\/\\\/uniqueequinesupplement.com\\\/\"},{\"@type\":\"ListItem\",\"position\":2,\"name\":\"Algemene Voorwaarden\"}]},{\"@type\":\"WebSite\",\"@id\":\"https:\\\/\\\/uniqueequinesupplement.com\\\/#website\",\"url\":\"https:\\\/\\\/uniqueequinesupplement.com\\\/\",\"name\":\"Unique Equine Supplement\",\"description\":\"Hoogwaardige supplementen voor paarden\",\"publisher\":{\"@id\":\"https:\\\/\\\/uniqueequinesupplement.com\\\/#organization\"},\"potentialAction\":[{\"@type\":\"SearchAction\",\"target\":{\"@type\":\"EntryPoint\",\"urlTemplate\":\"https:\\\/\\\/uniqueequinesupplement.com\\\/?s={search_term_string}\"},\"query-input\":{\"@type\":\"PropertyValueSpecification\",\"valueRequired\":true,\"valueName\":\"search_term_string\"}}],\"inLanguage\":\"es\"},{\"@type\":\"Organization\",\"@id\":\"https:\\\/\\\/uniqueequinesupplement.com\\\/#organization\",\"name\":\"Unique Equine Supplement\",\"url\":\"https:\\\/\\\/uniqueequinesupplement.com\\\/\",\"logo\":{\"@type\":\"ImageObject\",\"inLanguage\":\"es\",\"@id\":\"https:\\\/\\\/uniqueequinesupplement.com\\\/#\\\/schema\\\/logo\\\/image\\\/\",\"url\":\"https:\\\/\\\/uniqueequinesupplement.com\\\/wp-content\\\/uploads\\\/2024\\\/10\\\/Ontwerp-zonder-titel-scaled-e1749110908526.png\",\"contentUrl\":\"https:\\\/\\\/uniqueequinesupplement.com\\\/wp-content\\\/uploads\\\/2024\\\/10\\\/Ontwerp-zonder-titel-scaled-e1749110908526.png\",\"width\":1075,\"height\":755,\"caption\":\"Unique Equine Supplement\"},\"image\":{\"@id\":\"https:\\\/\\\/uniqueequinesupplement.com\\\/#\\\/schema\\\/logo\\\/image\\\/\"},\"sameAs\":[\"https:\\\/\\\/www.facebook.com\\\/profile.php?id=61566984347114\",\"https:\\\/\\\/www.instagram.com\\\/uniqueequinesupplement\\\/\"]}]}<\/script>\n<!-- \/ Yoast SEO plugin. -->","yoast_head_json":{"title":"Condiciones generales - Unique Equine Supplement","robots":{"index":"index","follow":"follow","max-snippet":"max-snippet:-1","max-image-preview":"max-image-preview:large","max-video-preview":"max-video-preview:-1"},"canonical":"https:\/\/uniqueequinesupplement.com\/es\/condiciones-generales-2\/","og_locale":"es_ES","og_type":"article","og_title":"Algemene Voorwaarden - Unique Equine Supplement","og_description":"Algemene voorwaarden Versie: 15 september 2024 1. Toepasselijkheid Deze Algemene Voorwaarden zijn van toepassing op alle rechtsverhoudingen (overeenkomsten, aanbiedingen, offertes) tussen Unique Equine Supplement SL (UES) en een natuurlijke of rechtspersoon (afnemer) voor de levering van producten of diensten. Algemene voorwaarden van afnemers worden door UES niet aanvaard. Werknemers, door UES ingeschakelde derden, en aan [&hellip;]","og_url":"https:\/\/uniqueequinesupplement.com\/es\/condiciones-generales-2\/","og_site_name":"Unique Equine Supplement","article_publisher":"https:\/\/www.facebook.com\/profile.php?id=61566984347114","article_modified_time":"2026-03-17T11:03:32+00:00","twitter_card":"summary_large_image","twitter_misc":{"Tiempo de lectura":"4 minutos"},"schema":{"@context":"https:\/\/schema.org","@graph":[{"@type":"WebPage","@id":"https:\/\/uniqueequinesupplement.com\/algemene-voorwaarden\/","url":"https:\/\/uniqueequinesupplement.com\/algemene-voorwaarden\/","name":"Condiciones generales - Unique Equine Supplement","isPartOf":{"@id":"https:\/\/uniqueequinesupplement.com\/#website"},"datePublished":"2024-10-04T12:38:17+00:00","dateModified":"2026-03-17T11:03:32+00:00","breadcrumb":{"@id":"https:\/\/uniqueequinesupplement.com\/algemene-voorwaarden\/#breadcrumb"},"inLanguage":"es","potentialAction":[{"@type":"ReadAction","target":["https:\/\/uniqueequinesupplement.com\/algemene-voorwaarden\/"]}]},{"@type":"BreadcrumbList","@id":"https:\/\/uniqueequinesupplement.com\/algemene-voorwaarden\/#breadcrumb","itemListElement":[{"@type":"ListItem","position":1,"name":"Home","item":"https:\/\/uniqueequinesupplement.com\/"},{"@type":"ListItem","position":2,"name":"Algemene Voorwaarden"}]},{"@type":"WebSite","@id":"https:\/\/uniqueequinesupplement.com\/#website","url":"https:\/\/uniqueequinesupplement.com\/","name":"Unique Equine Supplement","description":"Suplementos de alta calidad para caballos","publisher":{"@id":"https:\/\/uniqueequinesupplement.com\/#organization"},"potentialAction":[{"@type":"SearchAction","target":{"@type":"EntryPoint","urlTemplate":"https:\/\/uniqueequinesupplement.com\/?s={search_term_string}"},"query-input":{"@type":"PropertyValueSpecification","valueRequired":true,"valueName":"search_term_string"}}],"inLanguage":"es"},{"@type":"Organization","@id":"https:\/\/uniqueequinesupplement.com\/#organization","name":"Unique Equine Supplement","url":"https:\/\/uniqueequinesupplement.com\/","logo":{"@type":"ImageObject","inLanguage":"es","@id":"https:\/\/uniqueequinesupplement.com\/#\/schema\/logo\/image\/","url":"https:\/\/uniqueequinesupplement.com\/wp-content\/uploads\/2024\/10\/Ontwerp-zonder-titel-scaled-e1749110908526.png","contentUrl":"https:\/\/uniqueequinesupplement.com\/wp-content\/uploads\/2024\/10\/Ontwerp-zonder-titel-scaled-e1749110908526.png","width":1075,"height":755,"caption":"Unique Equine Supplement"},"image":{"@id":"https:\/\/uniqueequinesupplement.com\/#\/schema\/logo\/image\/"},"sameAs":["https:\/\/www.facebook.com\/profile.php?id=61566984347114","https:\/\/www.instagram.com\/uniqueequinesupplement\/"]}]}},"jetpack_sharing_enabled":true,"_links":{"self":[{"href":"https:\/\/uniqueequinesupplement.com\/es\/wp-json\/wp\/v2\/pages\/4151","targetHints":{"allow":["GET"]}}],"collection":[{"href":"https:\/\/uniqueequinesupplement.com\/es\/wp-json\/wp\/v2\/pages"}],"about":[{"href":"https:\/\/uniqueequinesupplement.com\/es\/wp-json\/wp\/v2\/types\/page"}],"author":[{"embeddable":true,"href":"https:\/\/uniqueequinesupplement.com\/es\/wp-json\/wp\/v2\/users\/1"}],"replies":[{"embeddable":true,"href":"https:\/\/uniqueequinesupplement.com\/es\/wp-json\/wp\/v2\/comments?post=4151"}],"version-history":[{"count":3,"href":"https:\/\/uniqueequinesupplement.com\/es\/wp-json\/wp\/v2\/pages\/4151\/revisions"}],"predecessor-version":[{"id":17340,"href":"https:\/\/uniqueequinesupplement.com\/es\/wp-json\/wp\/v2\/pages\/4151\/revisions\/17340"}],"wp:attachment":[{"href":"https:\/\/uniqueequinesupplement.com\/es\/wp-json\/wp\/v2\/media?parent=4151"}],"curies":[{"name":"wp","href":"https:\/\/api.w.org\/{rel}","templated":true}]}}