{"id":5380,"date":"2024-10-17T09:48:17","date_gmt":"2024-10-17T07:48:17","guid":{"rendered":"https:\/\/uniqueequinesupplement.com\/?page_id=5380"},"modified":"2026-03-17T12:25:00","modified_gmt":"2026-03-17T11:25:00","slug":"politica-de-privacidad","status":"publish","type":"page","link":"https:\/\/uniqueequinesupplement.com\/es\/privacy-beleid\/","title":{"rendered":"Pol\u00edtica de privacidad"},"content":{"rendered":"<div data-elementor-type=\"wp-page\" data-elementor-id=\"5380\" class=\"elementor elementor-5380\" data-elementor-post-type=\"page\">\n\t\t\t\t<div class=\"elementor-element elementor-element-42bfd01 e-flex e-con-boxed e-con e-parent\" data-id=\"42bfd01\" data-element_type=\"container\" data-e-type=\"container\">\n\t\t\t\t\t<div class=\"e-con-inner\">\n\t\t\t\t<div class=\"elementor-element elementor-element-813a470 elementor-widget elementor-widget-heading\" data-id=\"813a470\" data-element_type=\"widget\" data-e-type=\"widget\" data-widget_type=\"heading.default\">\n\t\t\t\t<div class=\"elementor-widget-container\">\n\t\t\t\t\t<h2 class=\"elementor-heading-title elementor-size-default\">pol\u00edtica de privacidad<\/h2>\t\t\t\t<\/div>\n\t\t\t\t<\/div>\n\t\t\t\t<div class=\"elementor-element elementor-element-198837a elementor-widget elementor-widget-text-editor\" data-id=\"198837a\" data-element_type=\"widget\" data-e-type=\"widget\" data-widget_type=\"text-editor.default\">\n\t\t\t\t<div class=\"elementor-widget-container\">\n\t\t\t\t\t\t\t\t\t<p data-start=\"333\" data-end=\"528\">Unique Equine Supplement SL (\"UES\", \"nosotros\") respeta su privacidad y protege sus datos personales. Esta pol\u00edtica explica qu\u00e9 datos recopilamos, por qu\u00e9 los recopilamos y qu\u00e9 derechos tiene usted.<\/p><hr data-start=\"530\" data-end=\"533\" \/><h6 data-start=\"535\" data-end=\"563\"><strong data-start=\"539\" data-end=\"563\">1. Gestor de datos<\/strong><\/h6><ul data-start=\"564\" data-end=\"728\"><li data-start=\"564\" data-end=\"605\"><p data-start=\"566\" data-end=\"605\">Nombre: Unique Equine Supplement SL<\/p><\/li><li data-start=\"606\" data-end=\"680\"><p data-start=\"608\" data-end=\"680\">Direcci\u00f3n: Calle Antonio Machado 16, 41240 Almad\u00e9n de la Plata, Espa\u00f1a<\/p><\/li><li data-start=\"681\" data-end=\"728\"><p data-start=\"683\" data-end=\"728\">Correo electr\u00f3nico: <a class=\"decorated-link cursor-pointer\" rel=\"noopener\" data-start=\"695\" data-end=\"726\">info@uniqueequinesupplement.com<\/a><\/p><\/li><\/ul><hr data-start=\"730\" data-end=\"733\" \/><h6 data-start=\"735\" data-end=\"774\"><strong data-start=\"739\" data-end=\"774\">2. Qu\u00e9 datos recogemos<\/strong><\/h6><ul data-start=\"775\" data-end=\"1057\"><li data-start=\"775\" data-end=\"892\"><p data-start=\"777\" data-end=\"892\">Autom\u00e1tica en la visita: Direcci\u00f3n IP, navegador, zona horaria, cookies, p\u00e1ginas visitadas, c\u00f3mo utiliza nuestro sitio web.<\/p><\/li><li data-start=\"893\" data-end=\"987\"><p data-start=\"895\" data-end=\"987\">Al registrarse o realizar un pedido: nombre, direcci\u00f3n, correo electr\u00f3nico, n\u00famero de tel\u00e9fono, datos de pago.<\/p><\/li><li data-start=\"988\" data-end=\"1057\"><p data-start=\"990\" data-end=\"1057\">Informaci\u00f3n adicional: rese\u00f1as o comentarios que dejes.<\/p><\/li><\/ul><hr data-start=\"1059\" data-end=\"1062\" \/><h6 data-start=\"1064\" data-end=\"1106\"><strong data-start=\"1068\" data-end=\"1106\">3. Por qu\u00e9 utilizamos sus datos<\/strong><\/h6><p data-start=\"1107\" data-end=\"1171\">S\u00f3lo utilizamos sus datos para los fines necesarios:<\/p><ul data-start=\"1172\" data-end=\"1429\"><li data-start=\"1172\" data-end=\"1218\"><p data-start=\"1174\" data-end=\"1218\">Tramitaci\u00f3n y entrega de su pedido<\/p><\/li><li data-start=\"1219\" data-end=\"1253\"><p data-start=\"1221\" data-end=\"1253\">Comunicaci\u00f3n y atenci\u00f3n al cliente<\/p><\/li><li data-start=\"1254\" data-end=\"1324\"><p data-start=\"1256\" data-end=\"1324\">Env\u00edo de boletines informativos o de marketing (si usted lo autoriza)<\/p><\/li><li data-start=\"1325\" data-end=\"1389\"><p data-start=\"1327\" data-end=\"1389\">Analizar el uso del sitio web y mejorarlo<\/p><\/li><li data-start=\"1390\" data-end=\"1429\"><p data-start=\"1392\" data-end=\"1429\">Seguridad y prevenci\u00f3n del fraude<\/p><\/li><\/ul><hr data-start=\"1431\" data-end=\"1434\" \/><h6 data-start=\"1436\" data-end=\"1462\"><strong data-start=\"1440\" data-end=\"1462\">4. 4. Base jur\u00eddica<\/strong><\/h6><p data-start=\"1463\" data-end=\"1503\">Tratamos sus datos sobre la base de:<\/p><ul data-start=\"1504\" data-end=\"1694\"><li data-start=\"1504\" data-end=\"1568\"><p data-start=\"1506\" data-end=\"1568\">Contrato: para cumplir su pedido o servicio<\/p><\/li><li data-start=\"1569\" data-end=\"1621\"><p data-start=\"1571\" data-end=\"1621\">Consentimiento: por ejemplo, para boletines informativos<\/p><\/li><li data-start=\"1622\" data-end=\"1694\"><p data-start=\"1624\" data-end=\"1694\">Inter\u00e9s leg\u00edtimo: por ejemplo, para la seguridad y el an\u00e1lisis del sitio web.<\/p><\/li><\/ul><hr data-start=\"1696\" data-end=\"1699\" \/><h6 data-start=\"1701\" data-end=\"1727\"><strong data-start=\"1705\" data-end=\"1727\">5. Per\u00edodos de conservaci\u00f3n<\/strong><\/h6><ul data-start=\"1728\" data-end=\"1868\"><li data-start=\"1728\" data-end=\"1759\"><p data-start=\"1730\" data-end=\"1759\">Datos de facturaci\u00f3n: 7 a\u00f1os<\/p><\/li><li data-start=\"1760\" data-end=\"1811\"><p data-start=\"1762\" data-end=\"1811\">Datos del bolet\u00edn: mientras est\u00e9 suscrito<\/p><\/li><li data-start=\"1812\" data-end=\"1868\"><p data-start=\"1814\" data-end=\"1868\">Otros datos: como m\u00e1ximo el tiempo necesario para el fin perseguido<\/p><\/li><\/ul><hr data-start=\"1870\" data-end=\"1873\" \/><h6 data-start=\"1875\" data-end=\"1933\"><strong data-start=\"1879\" data-end=\"1933\">6. Intercambio de datos y transferencia internacional<\/strong><\/h6><ul data-start=\"1934\" data-end=\"2317\"><li data-start=\"1934\" data-end=\"2095\"><p data-start=\"1936\" data-end=\"2095\">S\u00f3lo compartimos sus datos con los socios necesarios para la ejecuci\u00f3n del acuerdo, como nuestra empresa de cumplimiento en los Pa\u00edses Bajos para el env\u00edo.<\/p><\/li><li data-start=\"2096\" data-end=\"2232\"><p data-start=\"2098\" data-end=\"2232\">Los datos pueden tratarse fuera de la UE (por ejemplo, en Canad\u00e1 o Estados Unidos) con la protecci\u00f3n adecuada, como las cl\u00e1usulas contractuales tipo de la UE.<\/p><\/li><li data-start=\"2233\" data-end=\"2317\"><p data-start=\"2235\" data-end=\"2317\">No compartimos sus datos con fines comerciales sin su consentimiento.<\/p><\/li><\/ul><hr data-start=\"2319\" data-end=\"2322\" \/><h6 data-start=\"2324\" data-end=\"2359\"><strong data-start=\"2328\" data-end=\"2359\">7. Sus derechos (residentes en la UE)<\/strong><\/h6><p data-start=\"2360\" data-end=\"2447\" class=\"translation-block\">Puede ejercer sus derechos enviando un correo electr\u00f3nico a <a class=\"decorated-link cursor-pointer\" rel=\"noopener\" data-start=\"2411\" data-end=\"2442\" target=\"_self\">info@uniqueequinesupplement.com<\/a>:<\/p><ul data-start=\"2448\" data-end=\"2790\"><li data-start=\"2448\" data-end=\"2507\"><p data-start=\"2450\" data-end=\"2507\">Informaci\u00f3n y acceso: ver de qu\u00e9 datos disponemos<\/p><\/li><li data-start=\"2508\" data-end=\"2560\"><p data-start=\"2510\" data-end=\"2560\">Correcci\u00f3n: correcci\u00f3n de datos incorrectos<\/p><\/li><li data-start=\"2561\" data-end=\"2626\"><p data-start=\"2563\" data-end=\"2626\">Supresi\u00f3n: eliminar sus datos siempre que sea posible<\/p><\/li><li data-start=\"2627\" data-end=\"2659\"><p data-start=\"2629\" data-end=\"2659\">Limitaci\u00f3n del tratamiento<\/p><\/li><li data-start=\"2660\" data-end=\"2693\"><p data-start=\"2662\" data-end=\"2693\">Portabilidad de los datos<\/p><\/li><li data-start=\"2694\" data-end=\"2726\"><p data-start=\"2696\" data-end=\"2726\">Objeci\u00f3n al tratamiento<\/p><\/li><li data-start=\"2727\" data-end=\"2790\"><p data-start=\"2729\" data-end=\"2790\">Derechos en la toma de decisiones y elaboraci\u00f3n de perfiles automatizados<\/p><\/li><\/ul><hr data-start=\"2792\" data-end=\"2795\" \/><h6 data-start=\"2797\" data-end=\"2827\"><strong data-start=\"2801\" data-end=\"2827\">8. Cookies y seguimiento<\/strong><\/h6><ul data-start=\"2828\" data-end=\"2999\"><li data-start=\"2828\" data-end=\"2913\"><p data-start=\"2830\" data-end=\"2913\">Utilizamos cookies para mejorar nuestro sitio web y realizar un seguimiento estad\u00edstico.<\/p><\/li><li data-start=\"2914\" data-end=\"2999\"><p data-start=\"2916\" data-end=\"2999\">Para las cookies de marketing y seguimiento, solicitamos su consentimiento a trav\u00e9s de un banner de cookies.<\/p><\/li><\/ul><hr data-start=\"3001\" data-end=\"3004\" \/><h6 data-start=\"3006\" data-end=\"3028\"><strong data-start=\"3010\" data-end=\"3028\">9. Seguridad<\/strong><\/h6><ul data-start=\"3029\" data-end=\"3227\"><li data-start=\"3029\" data-end=\"3162\"><p data-start=\"3031\" data-end=\"3162\">Protegemos sus datos con medidas t\u00e9cnicas y organizativas razonables contra la p\u00e9rdida, el uso indebido o el acceso no autorizado.<\/p><\/li><li data-start=\"3163\" data-end=\"3227\"><p data-start=\"3165\" data-end=\"3227\">Ninguna transmisi\u00f3n por Internet est\u00e1 completamente exenta de riesgos.<\/p><\/li><\/ul><hr data-start=\"3229\" data-end=\"3232\" \/><h6 data-start=\"3234\" data-end=\"3272\"><strong data-start=\"3238\" data-end=\"3272\">10. Enlaces a otros sitios web<\/strong><\/h6><ul data-start=\"3273\" data-end=\"3413\"><li data-start=\"3273\" data-end=\"3330\"><p data-start=\"3275\" data-end=\"3330\">Nuestro sitio web puede contener enlaces a otros sitios web.<\/p><\/li><li data-start=\"3331\" data-end=\"3413\"><p data-start=\"3333\" data-end=\"3413\">No somos responsables de las pr\u00e1cticas de privacidad de estos sitios web.<\/p><\/li><\/ul><hr data-start=\"3415\" data-end=\"3418\" \/><h6 data-start=\"3420\" data-end=\"3457\"><strong data-start=\"3424\" data-end=\"3457\">11. Divulgaci\u00f3n legal<\/strong><\/h6><ul data-start=\"3458\" data-end=\"3599\"><li data-start=\"3458\" data-end=\"3599\"><p data-start=\"3460\" data-end=\"3599\">Podemos revelar informaci\u00f3n si as\u00ed lo exige la ley, o para proteger nuestros derechos, su seguridad o la de otros.<\/p><\/li><\/ul>\t\t\t\t\t\t\t\t<\/div>\n\t\t\t\t<\/div>\n\t\t\t\t\t<\/div>\n\t\t\t\t<\/div>\n\t\t\t\t<\/div>","protected":false},"excerpt":{"rendered":"<p>privacybeleid Unique Equine Supplement SL (\u201cUES\u201d, \u201cwij\u201d) respecteert uw privacy en beschermt uw persoonsgegevens. Dit beleid legt uit welke gegevens we verzamelen, waarom we dat doen, en welke rechten u heeft. 1. Gegevensbeheerder Naam: Unique Equine Supplement SL Adres: Calle Antonio Machado 16, 41240 Almad\u00e9n de la Plata, Espa\u00f1a E-mail: info@uniqueequinesupplement.com 2. Welke gegevens we [&hellip;]<\/p>\n","protected":false},"author":1,"featured_media":0,"parent":0,"menu_order":0,"comment_status":"closed","ping_status":"closed","template":"elementor_header_footer","meta":{"footnotes":""},"class_list":["post-5380","page","type-page","status-publish","hentry"],"yoast_head":"<!-- This site is optimized with the Yoast SEO plugin v27.4 - https:\/\/yoast.com\/product\/yoast-seo-wordpress\/ -->\n<title>Privacybeleid - Unique Equine Supplement<\/title>\n<meta name=\"robots\" content=\"index, follow, max-snippet:-1, max-image-preview:large, max-video-preview:-1\" \/>\n<link rel=\"canonical\" href=\"https:\/\/uniqueequinesupplement.com\/es\/politica-de-privacidad\/\" \/>\n<meta property=\"og:locale\" content=\"es_ES\" \/>\n<meta property=\"og:type\" content=\"article\" \/>\n<meta property=\"og:title\" content=\"Privacybeleid - Unique Equine Supplement\" \/>\n<meta property=\"og:description\" content=\"privacybeleid Unique Equine Supplement SL (\u201cUES\u201d, \u201cwij\u201d) respecteert uw privacy en beschermt uw persoonsgegevens. Dit beleid legt uit welke gegevens we verzamelen, waarom we dat doen, en welke rechten u heeft. 1. Gegevensbeheerder Naam: Unique Equine Supplement SL Adres: Calle Antonio Machado 16, 41240 Almad\u00e9n de la Plata, Espa\u00f1a E-mail: info@uniqueequinesupplement.com 2. Welke gegevens we [&hellip;]\" \/>\n<meta property=\"og:url\" content=\"https:\/\/uniqueequinesupplement.com\/es\/politica-de-privacidad\/\" \/>\n<meta property=\"og:site_name\" content=\"Unique Equine Supplement\" \/>\n<meta property=\"article:publisher\" content=\"https:\/\/www.facebook.com\/profile.php?id=61566984347114\" \/>\n<meta property=\"article:modified_time\" content=\"2026-03-17T11:25:00+00:00\" \/>\n<meta name=\"twitter:card\" content=\"summary_large_image\" \/>\n<meta name=\"twitter:label1\" content=\"Tiempo de lectura\" \/>\n\t<meta name=\"twitter:data1\" content=\"2 minutos\" \/>\n<script type=\"application\/ld+json\" class=\"yoast-schema-graph\">{\"@context\":\"https:\\\/\\\/schema.org\",\"@graph\":[{\"@type\":\"WebPage\",\"@id\":\"https:\\\/\\\/uniqueequinesupplement.com\\\/privacy-beleid\\\/\",\"url\":\"https:\\\/\\\/uniqueequinesupplement.com\\\/privacy-beleid\\\/\",\"name\":\"Privacybeleid - Unique Equine Supplement\",\"isPartOf\":{\"@id\":\"https:\\\/\\\/uniqueequinesupplement.com\\\/#website\"},\"datePublished\":\"2024-10-17T07:48:17+00:00\",\"dateModified\":\"2026-03-17T11:25:00+00:00\",\"breadcrumb\":{\"@id\":\"https:\\\/\\\/uniqueequinesupplement.com\\\/privacy-beleid\\\/#breadcrumb\"},\"inLanguage\":\"es\",\"potentialAction\":[{\"@type\":\"ReadAction\",\"target\":[\"https:\\\/\\\/uniqueequinesupplement.com\\\/privacy-beleid\\\/\"]}]},{\"@type\":\"BreadcrumbList\",\"@id\":\"https:\\\/\\\/uniqueequinesupplement.com\\\/privacy-beleid\\\/#breadcrumb\",\"itemListElement\":[{\"@type\":\"ListItem\",\"position\":1,\"name\":\"Home\",\"item\":\"https:\\\/\\\/uniqueequinesupplement.com\\\/\"},{\"@type\":\"ListItem\",\"position\":2,\"name\":\"Privacybeleid\"}]},{\"@type\":\"WebSite\",\"@id\":\"https:\\\/\\\/uniqueequinesupplement.com\\\/#website\",\"url\":\"https:\\\/\\\/uniqueequinesupplement.com\\\/\",\"name\":\"Unique Equine Supplement\",\"description\":\"Hoogwaardige supplementen voor paarden\",\"publisher\":{\"@id\":\"https:\\\/\\\/uniqueequinesupplement.com\\\/#organization\"},\"potentialAction\":[{\"@type\":\"SearchAction\",\"target\":{\"@type\":\"EntryPoint\",\"urlTemplate\":\"https:\\\/\\\/uniqueequinesupplement.com\\\/?s={search_term_string}\"},\"query-input\":{\"@type\":\"PropertyValueSpecification\",\"valueRequired\":true,\"valueName\":\"search_term_string\"}}],\"inLanguage\":\"es\"},{\"@type\":\"Organization\",\"@id\":\"https:\\\/\\\/uniqueequinesupplement.com\\\/#organization\",\"name\":\"Unique Equine Supplement\",\"url\":\"https:\\\/\\\/uniqueequinesupplement.com\\\/\",\"logo\":{\"@type\":\"ImageObject\",\"inLanguage\":\"es\",\"@id\":\"https:\\\/\\\/uniqueequinesupplement.com\\\/#\\\/schema\\\/logo\\\/image\\\/\",\"url\":\"https:\\\/\\\/uniqueequinesupplement.com\\\/wp-content\\\/uploads\\\/2024\\\/10\\\/Ontwerp-zonder-titel-scaled-e1749110908526.png\",\"contentUrl\":\"https:\\\/\\\/uniqueequinesupplement.com\\\/wp-content\\\/uploads\\\/2024\\\/10\\\/Ontwerp-zonder-titel-scaled-e1749110908526.png\",\"width\":1075,\"height\":755,\"caption\":\"Unique Equine Supplement\"},\"image\":{\"@id\":\"https:\\\/\\\/uniqueequinesupplement.com\\\/#\\\/schema\\\/logo\\\/image\\\/\"},\"sameAs\":[\"https:\\\/\\\/www.facebook.com\\\/profile.php?id=61566984347114\",\"https:\\\/\\\/www.instagram.com\\\/uniqueequinesupplement\\\/\"]}]}<\/script>\n<!-- \/ Yoast SEO plugin. -->","yoast_head_json":{"title":"Pol\u00edtica de privacidad - Unique Equine Supplement","robots":{"index":"index","follow":"follow","max-snippet":"max-snippet:-1","max-image-preview":"max-image-preview:large","max-video-preview":"max-video-preview:-1"},"canonical":"https:\/\/uniqueequinesupplement.com\/es\/politica-de-privacidad\/","og_locale":"es_ES","og_type":"article","og_title":"Privacybeleid - Unique Equine Supplement","og_description":"privacybeleid Unique Equine Supplement SL (\u201cUES\u201d, \u201cwij\u201d) respecteert uw privacy en beschermt uw persoonsgegevens. Dit beleid legt uit welke gegevens we verzamelen, waarom we dat doen, en welke rechten u heeft. 1. Gegevensbeheerder Naam: Unique Equine Supplement SL Adres: Calle Antonio Machado 16, 41240 Almad\u00e9n de la Plata, Espa\u00f1a E-mail: info@uniqueequinesupplement.com 2. Welke gegevens we [&hellip;]","og_url":"https:\/\/uniqueequinesupplement.com\/es\/politica-de-privacidad\/","og_site_name":"Unique Equine Supplement","article_publisher":"https:\/\/www.facebook.com\/profile.php?id=61566984347114","article_modified_time":"2026-03-17T11:25:00+00:00","twitter_card":"summary_large_image","twitter_misc":{"Tiempo de lectura":"2 minutos"},"schema":{"@context":"https:\/\/schema.org","@graph":[{"@type":"WebPage","@id":"https:\/\/uniqueequinesupplement.com\/privacy-beleid\/","url":"https:\/\/uniqueequinesupplement.com\/privacy-beleid\/","name":"Pol\u00edtica de privacidad - Unique Equine Supplement","isPartOf":{"@id":"https:\/\/uniqueequinesupplement.com\/#website"},"datePublished":"2024-10-17T07:48:17+00:00","dateModified":"2026-03-17T11:25:00+00:00","breadcrumb":{"@id":"https:\/\/uniqueequinesupplement.com\/privacy-beleid\/#breadcrumb"},"inLanguage":"es","potentialAction":[{"@type":"ReadAction","target":["https:\/\/uniqueequinesupplement.com\/privacy-beleid\/"]}]},{"@type":"BreadcrumbList","@id":"https:\/\/uniqueequinesupplement.com\/privacy-beleid\/#breadcrumb","itemListElement":[{"@type":"ListItem","position":1,"name":"Home","item":"https:\/\/uniqueequinesupplement.com\/"},{"@type":"ListItem","position":2,"name":"Privacybeleid"}]},{"@type":"WebSite","@id":"https:\/\/uniqueequinesupplement.com\/#website","url":"https:\/\/uniqueequinesupplement.com\/","name":"Unique Equine Supplement","description":"Suplementos de alta calidad para caballos","publisher":{"@id":"https:\/\/uniqueequinesupplement.com\/#organization"},"potentialAction":[{"@type":"SearchAction","target":{"@type":"EntryPoint","urlTemplate":"https:\/\/uniqueequinesupplement.com\/?s={search_term_string}"},"query-input":{"@type":"PropertyValueSpecification","valueRequired":true,"valueName":"search_term_string"}}],"inLanguage":"es"},{"@type":"Organization","@id":"https:\/\/uniqueequinesupplement.com\/#organization","name":"Unique Equine Supplement","url":"https:\/\/uniqueequinesupplement.com\/","logo":{"@type":"ImageObject","inLanguage":"es","@id":"https:\/\/uniqueequinesupplement.com\/#\/schema\/logo\/image\/","url":"https:\/\/uniqueequinesupplement.com\/wp-content\/uploads\/2024\/10\/Ontwerp-zonder-titel-scaled-e1749110908526.png","contentUrl":"https:\/\/uniqueequinesupplement.com\/wp-content\/uploads\/2024\/10\/Ontwerp-zonder-titel-scaled-e1749110908526.png","width":1075,"height":755,"caption":"Unique Equine Supplement"},"image":{"@id":"https:\/\/uniqueequinesupplement.com\/#\/schema\/logo\/image\/"},"sameAs":["https:\/\/www.facebook.com\/profile.php?id=61566984347114","https:\/\/www.instagram.com\/uniqueequinesupplement\/"]}]}},"jetpack_sharing_enabled":true,"_links":{"self":[{"href":"https:\/\/uniqueequinesupplement.com\/es\/wp-json\/wp\/v2\/pages\/5380","targetHints":{"allow":["GET"]}}],"collection":[{"href":"https:\/\/uniqueequinesupplement.com\/es\/wp-json\/wp\/v2\/pages"}],"about":[{"href":"https:\/\/uniqueequinesupplement.com\/es\/wp-json\/wp\/v2\/types\/page"}],"author":[{"embeddable":true,"href":"https:\/\/uniqueequinesupplement.com\/es\/wp-json\/wp\/v2\/users\/1"}],"replies":[{"embeddable":true,"href":"https:\/\/uniqueequinesupplement.com\/es\/wp-json\/wp\/v2\/comments?post=5380"}],"version-history":[{"count":3,"href":"https:\/\/uniqueequinesupplement.com\/es\/wp-json\/wp\/v2\/pages\/5380\/revisions"}],"predecessor-version":[{"id":17343,"href":"https:\/\/uniqueequinesupplement.com\/es\/wp-json\/wp\/v2\/pages\/5380\/revisions\/17343"}],"wp:attachment":[{"href":"https:\/\/uniqueequinesupplement.com\/es\/wp-json\/wp\/v2\/media?parent=5380"}],"curies":[{"name":"wp","href":"https:\/\/api.w.org\/{rel}","templated":true}]}}