{"id":10164,"date":"2025-05-31T14:00:44","date_gmt":"2025-05-31T12:00:44","guid":{"rendered":"https:\/\/uniqueequinesupplement.com\/?post_type=product&#038;p=10164"},"modified":"2026-04-16T02:31:16","modified_gmt":"2026-04-16T00:31:16","slug":"unique-cl20","status":"publish","type":"product","link":"https:\/\/uniqueequinesupplement.com\/es\/product\/unique-cl20\/","title":{"rendered":"Unique CL20"},"content":{"rendered":"<div data-elementor-type=\"product-post\" data-elementor-id=\"10164\" class=\"elementor elementor-10164\" data-elementor-post-type=\"product\">\n\t\t\t\t<div class=\"elementor-element elementor-element-62e67800 e-flex e-con-boxed e-con e-parent\" data-id=\"62e67800\" data-element_type=\"container\" data-e-type=\"container\">\n\t\t\t\t\t<div class=\"e-con-inner\">\n\t\t\t\t<div class=\"elementor-element elementor-element-38332249 elementor-widget elementor-widget-text-editor\" data-id=\"38332249\" data-element_type=\"widget\" data-e-type=\"widget\" data-widget_type=\"text-editor.default\">\n\t\t\t\t<div class=\"elementor-widget-container\">\n\t\t\t\t\t\t\t\t\t<p data-start=\"272\" data-end=\"523\"><strong data-start=\"272\" data-end=\"335\">Unique CL20 Balance Booster - 1 litro (con pr\u00e1ctico tap\u00f3n dosificador) <\/strong>es un <strong data-start=\"345\" data-end=\"386\">100% Suplemento l\u00edquido sin az\u00facar<\/strong> que est\u00e1 especialmente desarrollado para caballos con desequilibrios hormonales, como en la enfermedad de Cushing (PPID), EMS, resistencia a la insulina y laminitis.<\/p><p data-start=\"525\" data-end=\"827\">Desarrollada en colaboraci\u00f3n con especialistas en nutrici\u00f3n y veterinarios, la f\u00f3rmula favorece la <strong data-start=\"616\" data-end=\"688\">equilibrio hormonal natural, funci\u00f3n hep\u00e1tica, metabolismo y resistencia.<\/strong> Adem\u00e1s, Unique CL20 contribuye a <strong data-start=\"726\" data-end=\"752\">cascos sanos y fuertes<\/strong> y es muy adecuado para caballos con problemas en los cascos o tras el descornado.<\/p><p data-start=\"829\" data-end=\"1136\"><strong data-start=\"829\" data-end=\"858\">Ventajas<\/strong><br \/>\u2714 Favorece el equilibrio, la vitalidad y la salud en general<br data-start=\"914\" data-end=\"917\" \/>\u2714 100% sin az\u00facar y apto para trastornos metab\u00f3licos<br data-start=\"974\" data-end=\"977\" \/>\u2714 Favorece el equilibrio hep\u00e1tico y hormonal<br data-start=\"1013\" data-end=\"1016\" \/>\u2714 Contribuye a unos cascos fuertes y sanos<br data-start=\"1055\" data-end=\"1058\" \/>\u2714 Adecuado para un uso prolongado<br data-start=\"1091\" data-end=\"1094\" \/>\u2714 Resultado visible en 15-20 d\u00edas<\/p><p data-start=\"1138\" data-end=\"1191\"><strong data-start=\"1160\" data-end=\"1191\">Calidad y producci\u00f3n<br \/><\/strong>Producido en B\u00e9lgica por un fabricante certificado por la FCA, seg\u00fan procesos de calidad controlados.<\/p><p data-start=\"1193\" data-end=\"1377\"><strong data-start=\"1193\" data-end=\"1236\">Informaci\u00f3n multiling\u00fce en el envase:<br \/><\/strong>NL - EN - ES - DE - FR. Abra la esquina situada en la parte inferior izquierda del frasco para desplegar la etiqueta y leer f\u00e1cilmente la informaci\u00f3n en su propio idioma.<\/p>\t\t\t\t\t\t\t\t<\/div>\n\t\t\t\t<\/div>\n\t\t\t\t\t<\/div>\n\t\t\t\t<\/div>\n\t\t\t\t<\/div>","protected":false},"excerpt":{"rendered":"<div class=\"elementor-element elementor-element-93ffd88 elementor-widget elementor-widget-text-editor\" data-id=\"93ffd88\" data-element_type=\"widget\" data-widget_type=\"text-editor.default\">\n<div class=\"elementor-widget-container\">\n<p data-start=\"293\" data-end=\"342\">Equilibrio - Metabolismo - Pezu\u00f1as<\/p>\n<\/div>\n<\/div>","protected":false},"featured_media":16905,"comment_status":"closed","ping_status":"closed","template":"","meta":[],"product_brand":[],"product_cat":[475],"product_tag":[185,182,164,165,179,170,171,172,176,180,168,181,166,184,177,175,186,183,83,174,173,91,163,178],"class_list":{"0":"post-10164","1":"product","2":"type-product","3":"status-publish","4":"has-post-thumbnail","6":"product_cat-balance-booster","7":"product_tag-artrose","8":"product_tag-balancebooster","9":"product_tag-cl20","10":"product_tag-cushing","11":"product_tag-dopingvrij","12":"product_tag-ems","13":"product_tag-hoefbevangenheid","14":"product_tag-hoefgezondheid","15":"product_tag-hoefherstel","16":"product_tag-hormonalebalans","17":"product_tag-hormoonbehandeling","18":"product_tag-insulineresistentie","19":"product_tag-laminitis","20":"product_tag-lever","21":"product_tag-leverfunctie","22":"product_tag-ontschoening","23":"product_tag-overgewicht","24":"product_tag-paardengezondheid","25":"product_tag-paardensupplement","26":"product_tag-stofwisseling","27":"product_tag-suikervrij","28":"product_tag-supplement","29":"product_tag-uniquecl20","30":"product_tag-vachtconditie","32":"first","33":"outofstock","34":"featured","35":"taxable","36":"shipping-taxable","37":"purchasable","38":"product-type-simple"},"yoast_head":"<!-- This site is optimized with the Yoast SEO plugin v27.4 - https:\/\/yoast.com\/product\/yoast-seo-wordpress\/ -->\n<title>Unique CL20 Balance Booster | Balans &amp; welzijn paard<\/title>\n<meta name=\"description\" content=\"Unique CL20 Balance Booster ondersteunt de natuurlijke balans en stofwisseling van het paard met zorgvuldig geselecteerde vitaminen, sporenelementen en plantenextracten. Voor dagelijks welzijn en vitaliteit.\" \/>\n<meta name=\"robots\" content=\"index, follow, max-snippet:-1, max-image-preview:large, max-video-preview:-1\" \/>\n<link rel=\"canonical\" href=\"https:\/\/uniqueequinesupplement.com\/es\/producto\/unique-cl20\/\" \/>\n<meta property=\"og:locale\" content=\"es_ES\" \/>\n<meta property=\"og:type\" content=\"article\" \/>\n<meta property=\"og:title\" content=\"Unique CL20 Balance Booster | Balans &amp; welzijn paard\" \/>\n<meta property=\"og:description\" content=\"Unique CL20 Balance Booster ondersteunt de natuurlijke balans en stofwisseling van het paard met zorgvuldig geselecteerde vitaminen, sporenelementen en plantenextracten. Voor dagelijks welzijn en vitaliteit.\" \/>\n<meta property=\"og:url\" content=\"https:\/\/uniqueequinesupplement.com\/es\/producto\/unique-cl20\/\" \/>\n<meta property=\"og:site_name\" content=\"Unique Equine Supplement\" \/>\n<meta property=\"article:publisher\" content=\"https:\/\/www.facebook.com\/profile.php?id=61566984347114\" \/>\n<meta property=\"article:modified_time\" content=\"2026-04-16T00:31:16+00:00\" \/>\n<meta property=\"og:image\" content=\"https:\/\/uniqueequinesupplement.com\/wp-content\/uploads\/2026\/01\/CL20-productafbeeldingop-zwart.png\" \/>\n\t<meta property=\"og:image:width\" content=\"1200\" \/>\n\t<meta property=\"og:image:height\" content=\"1200\" \/>\n\t<meta property=\"og:image:type\" content=\"image\/png\" \/>\n<meta name=\"twitter:card\" content=\"summary_large_image\" \/>\n<meta name=\"twitter:label1\" content=\"Tiempo de lectura\" \/>\n\t<meta name=\"twitter:data1\" content=\"1 minuto\" \/>\n<script type=\"application\/ld+json\" class=\"yoast-schema-graph\">{\"@context\":\"https:\\\/\\\/schema.org\",\"@graph\":[{\"@type\":\"WebPage\",\"@id\":\"https:\\\/\\\/uniqueequinesupplement.com\\\/product\\\/unique-cl20\\\/\",\"url\":\"https:\\\/\\\/uniqueequinesupplement.com\\\/product\\\/unique-cl20\\\/\",\"name\":\"Unique CL20 Balance Booster | Balans & welzijn paard\",\"isPartOf\":{\"@id\":\"https:\\\/\\\/uniqueequinesupplement.com\\\/#website\"},\"primaryImageOfPage\":{\"@id\":\"https:\\\/\\\/uniqueequinesupplement.com\\\/product\\\/unique-cl20\\\/#primaryimage\"},\"image\":{\"@id\":\"https:\\\/\\\/uniqueequinesupplement.com\\\/product\\\/unique-cl20\\\/#primaryimage\"},\"thumbnailUrl\":\"https:\\\/\\\/uniqueequinesupplement.com\\\/wp-content\\\/uploads\\\/2026\\\/01\\\/CL20-productafbeeldingop-zwart.png\",\"datePublished\":\"2025-05-31T12:00:44+00:00\",\"dateModified\":\"2026-04-16T00:31:16+00:00\",\"description\":\"Unique CL20 Balance Booster ondersteunt de natuurlijke balans en stofwisseling van het paard met zorgvuldig geselecteerde vitaminen, sporenelementen en plantenextracten. Voor dagelijks welzijn en vitaliteit.\",\"breadcrumb\":{\"@id\":\"https:\\\/\\\/uniqueequinesupplement.com\\\/product\\\/unique-cl20\\\/#breadcrumb\"},\"inLanguage\":\"es\",\"potentialAction\":[{\"@type\":\"ReadAction\",\"target\":[\"https:\\\/\\\/uniqueequinesupplement.com\\\/product\\\/unique-cl20\\\/\"]}]},{\"@type\":\"ImageObject\",\"inLanguage\":\"es\",\"@id\":\"https:\\\/\\\/uniqueequinesupplement.com\\\/product\\\/unique-cl20\\\/#primaryimage\",\"url\":\"https:\\\/\\\/uniqueequinesupplement.com\\\/wp-content\\\/uploads\\\/2026\\\/01\\\/CL20-productafbeeldingop-zwart.png\",\"contentUrl\":\"https:\\\/\\\/uniqueequinesupplement.com\\\/wp-content\\\/uploads\\\/2026\\\/01\\\/CL20-productafbeeldingop-zwart.png\",\"width\":1200,\"height\":1200},{\"@type\":\"BreadcrumbList\",\"@id\":\"https:\\\/\\\/uniqueequinesupplement.com\\\/product\\\/unique-cl20\\\/#breadcrumb\",\"itemListElement\":[{\"@type\":\"ListItem\",\"position\":1,\"name\":\"Home\",\"item\":\"https:\\\/\\\/uniqueequinesupplement.com\\\/\"},{\"@type\":\"ListItem\",\"position\":2,\"name\":\"Winkel\",\"item\":\"https:\\\/\\\/uniqueequinesupplement.com\\\/winkel\\\/\"},{\"@type\":\"ListItem\",\"position\":3,\"name\":\"Unique CL20\"}]},{\"@type\":\"WebSite\",\"@id\":\"https:\\\/\\\/uniqueequinesupplement.com\\\/#website\",\"url\":\"https:\\\/\\\/uniqueequinesupplement.com\\\/\",\"name\":\"Unique Equine Supplement\",\"description\":\"Hoogwaardige supplementen voor paarden\",\"publisher\":{\"@id\":\"https:\\\/\\\/uniqueequinesupplement.com\\\/#organization\"},\"potentialAction\":[{\"@type\":\"SearchAction\",\"target\":{\"@type\":\"EntryPoint\",\"urlTemplate\":\"https:\\\/\\\/uniqueequinesupplement.com\\\/?s={search_term_string}\"},\"query-input\":{\"@type\":\"PropertyValueSpecification\",\"valueRequired\":true,\"valueName\":\"search_term_string\"}}],\"inLanguage\":\"es\"},{\"@type\":\"Organization\",\"@id\":\"https:\\\/\\\/uniqueequinesupplement.com\\\/#organization\",\"name\":\"Unique Equine Supplement\",\"url\":\"https:\\\/\\\/uniqueequinesupplement.com\\\/\",\"logo\":{\"@type\":\"ImageObject\",\"inLanguage\":\"es\",\"@id\":\"https:\\\/\\\/uniqueequinesupplement.com\\\/#\\\/schema\\\/logo\\\/image\\\/\",\"url\":\"https:\\\/\\\/uniqueequinesupplement.com\\\/wp-content\\\/uploads\\\/2024\\\/10\\\/Ontwerp-zonder-titel-scaled-e1749110908526.png\",\"contentUrl\":\"https:\\\/\\\/uniqueequinesupplement.com\\\/wp-content\\\/uploads\\\/2024\\\/10\\\/Ontwerp-zonder-titel-scaled-e1749110908526.png\",\"width\":1075,\"height\":755,\"caption\":\"Unique Equine Supplement\"},\"image\":{\"@id\":\"https:\\\/\\\/uniqueequinesupplement.com\\\/#\\\/schema\\\/logo\\\/image\\\/\"},\"sameAs\":[\"https:\\\/\\\/www.facebook.com\\\/profile.php?id=61566984347114\",\"https:\\\/\\\/www.instagram.com\\\/uniqueequinesupplement\\\/\"]}]}<\/script>\n<!-- \/ Yoast SEO plugin. -->","yoast_head_json":{"title":"Unique CL20 Balance Booster | Equilibrio y bienestar caballo","description":"El exclusivo Balance Booster CL20 favorece el equilibrio natural y el metabolismo del caballo con vitaminas, oligoelementos y extractos de plantas cuidadosamente seleccionados. Para el bienestar y la vitalidad diarios.","robots":{"index":"index","follow":"follow","max-snippet":"max-snippet:-1","max-image-preview":"max-image-preview:large","max-video-preview":"max-video-preview:-1"},"canonical":"https:\/\/uniqueequinesupplement.com\/es\/producto\/unique-cl20\/","og_locale":"es_ES","og_type":"article","og_title":"Unique CL20 Balance Booster | Balans & welzijn paard","og_description":"Unique CL20 Balance Booster ondersteunt de natuurlijke balans en stofwisseling van het paard met zorgvuldig geselecteerde vitaminen, sporenelementen en plantenextracten. Voor dagelijks welzijn en vitaliteit.","og_url":"https:\/\/uniqueequinesupplement.com\/es\/producto\/unique-cl20\/","og_site_name":"Unique Equine Supplement","article_publisher":"https:\/\/www.facebook.com\/profile.php?id=61566984347114","article_modified_time":"2026-04-16T00:31:16+00:00","og_image":[{"width":1200,"height":1200,"url":"https:\/\/uniqueequinesupplement.com\/wp-content\/uploads\/2026\/01\/CL20-productafbeeldingop-zwart.png","type":"image\/png"}],"twitter_card":"summary_large_image","twitter_misc":{"Tiempo de lectura":"1 minuto"},"schema":{"@context":"https:\/\/schema.org","@graph":[{"@type":"WebPage","@id":"https:\/\/uniqueequinesupplement.com\/product\/unique-cl20\/","url":"https:\/\/uniqueequinesupplement.com\/product\/unique-cl20\/","name":"Unique CL20 Balance Booster | Equilibrio y bienestar caballo","isPartOf":{"@id":"https:\/\/uniqueequinesupplement.com\/#website"},"primaryImageOfPage":{"@id":"https:\/\/uniqueequinesupplement.com\/product\/unique-cl20\/#primaryimage"},"image":{"@id":"https:\/\/uniqueequinesupplement.com\/product\/unique-cl20\/#primaryimage"},"thumbnailUrl":"https:\/\/uniqueequinesupplement.com\/wp-content\/uploads\/2026\/01\/CL20-productafbeeldingop-zwart.png","datePublished":"2025-05-31T12:00:44+00:00","dateModified":"2026-04-16T00:31:16+00:00","description":"El exclusivo Balance Booster CL20 favorece el equilibrio natural y el metabolismo del caballo con vitaminas, oligoelementos y extractos de plantas cuidadosamente seleccionados. Para el bienestar y la vitalidad diarios.","breadcrumb":{"@id":"https:\/\/uniqueequinesupplement.com\/product\/unique-cl20\/#breadcrumb"},"inLanguage":"es","potentialAction":[{"@type":"ReadAction","target":["https:\/\/uniqueequinesupplement.com\/product\/unique-cl20\/"]}]},{"@type":"ImageObject","inLanguage":"es","@id":"https:\/\/uniqueequinesupplement.com\/product\/unique-cl20\/#primaryimage","url":"https:\/\/uniqueequinesupplement.com\/wp-content\/uploads\/2026\/01\/CL20-productafbeeldingop-zwart.png","contentUrl":"https:\/\/uniqueequinesupplement.com\/wp-content\/uploads\/2026\/01\/CL20-productafbeeldingop-zwart.png","width":1200,"height":1200},{"@type":"BreadcrumbList","@id":"https:\/\/uniqueequinesupplement.com\/product\/unique-cl20\/#breadcrumb","itemListElement":[{"@type":"ListItem","position":1,"name":"Home","item":"https:\/\/uniqueequinesupplement.com\/"},{"@type":"ListItem","position":2,"name":"Winkel","item":"https:\/\/uniqueequinesupplement.com\/winkel\/"},{"@type":"ListItem","position":3,"name":"Unique CL20"}]},{"@type":"WebSite","@id":"https:\/\/uniqueequinesupplement.com\/#website","url":"https:\/\/uniqueequinesupplement.com\/","name":"Unique Equine Supplement","description":"Suplementos de alta calidad para caballos","publisher":{"@id":"https:\/\/uniqueequinesupplement.com\/#organization"},"potentialAction":[{"@type":"SearchAction","target":{"@type":"EntryPoint","urlTemplate":"https:\/\/uniqueequinesupplement.com\/?s={search_term_string}"},"query-input":{"@type":"PropertyValueSpecification","valueRequired":true,"valueName":"search_term_string"}}],"inLanguage":"es"},{"@type":"Organization","@id":"https:\/\/uniqueequinesupplement.com\/#organization","name":"Unique Equine Supplement","url":"https:\/\/uniqueequinesupplement.com\/","logo":{"@type":"ImageObject","inLanguage":"es","@id":"https:\/\/uniqueequinesupplement.com\/#\/schema\/logo\/image\/","url":"https:\/\/uniqueequinesupplement.com\/wp-content\/uploads\/2024\/10\/Ontwerp-zonder-titel-scaled-e1749110908526.png","contentUrl":"https:\/\/uniqueequinesupplement.com\/wp-content\/uploads\/2024\/10\/Ontwerp-zonder-titel-scaled-e1749110908526.png","width":1075,"height":755,"caption":"Unique Equine Supplement"},"image":{"@id":"https:\/\/uniqueequinesupplement.com\/#\/schema\/logo\/image\/"},"sameAs":["https:\/\/www.facebook.com\/profile.php?id=61566984347114","https:\/\/www.instagram.com\/uniqueequinesupplement\/"]}]}},"jetpack_sharing_enabled":true,"_links":{"self":[{"href":"https:\/\/uniqueequinesupplement.com\/es\/wp-json\/wp\/v2\/product\/10164","targetHints":{"allow":["GET"]}}],"collection":[{"href":"https:\/\/uniqueequinesupplement.com\/es\/wp-json\/wp\/v2\/product"}],"about":[{"href":"https:\/\/uniqueequinesupplement.com\/es\/wp-json\/wp\/v2\/types\/product"}],"replies":[{"embeddable":true,"href":"https:\/\/uniqueequinesupplement.com\/es\/wp-json\/wp\/v2\/comments?post=10164"}],"version-history":[{"count":12,"href":"https:\/\/uniqueequinesupplement.com\/es\/wp-json\/wp\/v2\/product\/10164\/revisions"}],"predecessor-version":[{"id":17780,"href":"https:\/\/uniqueequinesupplement.com\/es\/wp-json\/wp\/v2\/product\/10164\/revisions\/17780"}],"wp:featuredmedia":[{"embeddable":true,"href":"https:\/\/uniqueequinesupplement.com\/es\/wp-json\/wp\/v2\/media\/16905"}],"wp:attachment":[{"href":"https:\/\/uniqueequinesupplement.com\/es\/wp-json\/wp\/v2\/media?parent=10164"}],"wp:term":[{"taxonomy":"product_brand","embeddable":true,"href":"https:\/\/uniqueequinesupplement.com\/es\/wp-json\/wp\/v2\/product_brand?post=10164"},{"taxonomy":"product_cat","embeddable":true,"href":"https:\/\/uniqueequinesupplement.com\/es\/wp-json\/wp\/v2\/product_cat?post=10164"},{"taxonomy":"product_tag","embeddable":true,"href":"https:\/\/uniqueequinesupplement.com\/es\/wp-json\/wp\/v2\/product_tag?post=10164"}],"curies":[{"name":"wp","href":"https:\/\/api.w.org\/{rel}","templated":true}]}}