{"id":15339,"date":"2026-01-14T10:06:06","date_gmt":"2026-01-14T09:06:06","guid":{"rendered":"https:\/\/uniqueequinesupplement.com\/?page_id=15339"},"modified":"2026-03-15T11:50:02","modified_gmt":"2026-03-15T10:50:02","slug":"info-pour-les-fondations","status":"publish","type":"page","link":"https:\/\/uniqueequinesupplement.com\/fr\/info-voor-stichtingen\/","title":{"rendered":"Informations pour les fondations"},"content":{"rendered":"<div data-elementor-type=\"wp-page\" data-elementor-id=\"15339\" class=\"elementor elementor-15339\" data-elementor-post-type=\"page\">\n\t\t\t\t<div class=\"elementor-element elementor-element-f528e5c e-con-full e-flex e-con e-parent\" data-id=\"f528e5c\" data-element_type=\"container\" data-e-type=\"container\">\n\t\t<div class=\"elementor-element elementor-element-33646c7 e-con-full e-flex e-con e-child\" data-id=\"33646c7\" data-element_type=\"container\" data-e-type=\"container\">\n\t\t\t\t<div class=\"elementor-element elementor-element-df76523 elementor-widget elementor-widget-text-editor\" data-id=\"df76523\" data-element_type=\"widget\" data-e-type=\"widget\" data-widget_type=\"text-editor.default\">\n\t\t\t\t<div class=\"elementor-widget-container\">\n\t\t\t\t\t\t\t\t\t<p data-start=\"203\" data-end=\"397\"><strong>Chez Unique Equine Supplement, nous nous investissons avec c\u0153ur et passion pour le bien-\u00eatre des chevaux. C\u2019est pourquoi nous aimons collaborer avec des fondations et des organisations partageant le m\u00eame objectif.<\/strong><\/p><p data-start=\"399\" data-end=\"519\">Afin de soutenir ces initiatives, nous proposons aux fondations un avantage de collaboration exclusif sur les compl\u00e9ments Unique\u00ae .<\/p><p data-start=\"521\" data-end=\"658\">Votre fondation est-elle int\u00e9ress\u00e9e par cette collaboration ou souhaitez-vous davantage d\u2019informations ? N\u2019h\u00e9sitez pas \u00e0 nous contacter. Nous serons ravis de r\u00e9fl\u00e9chir avec vous.<\/p><p data-start=\"660\" data-end=\"691\"><a class=\"decorated-link cursor-pointer\" href=\"mailto:info@uniqueequinesupplement.com\" rel=\"noopener\" data-start=\"660\" data-end=\"691\">info@uniqueequinesupplement.com<\/a><\/p>\t\t\t\t\t\t\t\t<\/div>\n\t\t\t\t<\/div>\n\t\t\t\t<div class=\"elementor-element elementor-element-254c9b9 elementor-invisible elementor-widget elementor-widget-heading\" data-id=\"254c9b9\" data-element_type=\"widget\" data-e-type=\"widget\" data-settings=\"{&quot;_animation&quot;:&quot;slideInLeft&quot;}\" data-widget_type=\"heading.default\">\n\t\t\t\t<div class=\"elementor-widget-container\">\n\t\t\t\t\t<h2 class=\"elementor-heading-title elementor-size-default\">Chaque cheval m\u00e9rite Unique !<\/h2>\t\t\t\t<\/div>\n\t\t\t\t<\/div>\n\t\t\t\t<div class=\"elementor-element elementor-element-25e9a1b elementor-widget elementor-widget-heading\" data-id=\"25e9a1b\" data-element_type=\"widget\" data-e-type=\"widget\" data-widget_type=\"heading.default\">\n\t\t\t\t<div class=\"elementor-widget-container\">\n\t\t\t\t\t<h2 class=\"elementor-heading-title elementor-size-default\">R\u00e9ductions sp\u00e9ciales pour les fondations et associations<\/h2>\t\t\t\t<\/div>\n\t\t\t\t<\/div>\n\t\t\t\t<\/div>\n\t\t<div class=\"elementor-element elementor-element-8827951 e-con-full e-flex e-con e-child\" data-id=\"8827951\" data-element_type=\"container\" data-e-type=\"container\" data-settings=\"{&quot;background_background&quot;:&quot;classic&quot;}\">\n\t\t\t\t<\/div>\n\t\t\t\t<\/div>\n\t\t<div class=\"elementor-element elementor-element-7cc5bda e-flex e-con-boxed e-con e-parent\" data-id=\"7cc5bda\" data-element_type=\"container\" data-e-type=\"container\">\n\t\t\t\t\t<div class=\"e-con-inner\">\n\t\t\t\t<div class=\"elementor-element elementor-element-b69f19a elementor-widget elementor-widget-spacer\" data-id=\"b69f19a\" data-element_type=\"widget\" data-e-type=\"widget\" data-widget_type=\"spacer.default\">\n\t\t\t\t<div class=\"elementor-widget-container\">\n\t\t\t\t\t\t\t<div class=\"elementor-spacer\">\n\t\t\t<div class=\"elementor-spacer-inner\"><\/div>\n\t\t<\/div>\n\t\t\t\t\t\t<\/div>\n\t\t\t\t<\/div>\n\t\t\t\t\t<\/div>\n\t\t\t\t<\/div>\n\t\t<div class=\"elementor-element elementor-element-ce00773 e-con-full e-flex e-con e-parent\" data-id=\"ce00773\" data-element_type=\"container\" data-e-type=\"container\">\n\t\t<div class=\"elementor-element elementor-element-7afeba7 e-con-full e-flex e-con e-child\" data-id=\"7afeba7\" data-element_type=\"container\" data-e-type=\"container\">\n\t\t\t\t<div class=\"elementor-element elementor-element-59b06bd elementor-icon-list--layout-traditional elementor-list-item-link-full_width elementor-widget elementor-widget-icon-list\" data-id=\"59b06bd\" data-element_type=\"widget\" data-e-type=\"widget\" data-widget_type=\"icon-list.default\">\n\t\t\t\t<div class=\"elementor-widget-container\">\n\t\t\t\t\t\t\t<ul class=\"elementor-icon-list-items\">\n\t\t\t\t\t\t\t<li class=\"elementor-icon-list-item\">\n\t\t\t\t\t\t\t\t\t\t\t<a href=\"http:\/\/www.paardinnoodspanje.nl\">\n\n\t\t\t\t\t\t\t\t\t\t\t<span class=\"elementor-icon-list-text\">Cheval en d\u00e9tresse Espagne<\/span>\n\t\t\t\t\t\t\t\t\t\t\t<\/a>\n\t\t\t\t\t\t\t\t\t<\/li>\n\t\t\t\t\t\t\t\t<li class=\"elementor-icon-list-item\">\n\t\t\t\t\t\t\t\t\t\t\t<a href=\"https:\/\/lamanadademolly.com\/\">\n\n\t\t\t\t\t\t\t\t\t\t\t<span class=\"elementor-icon-list-text\">La Manada de Molly<\/span>\n\t\t\t\t\t\t\t\t\t\t\t<\/a>\n\t\t\t\t\t\t\t\t\t<\/li>\n\t\t\t\t\t\t\t\t<li class=\"elementor-icon-list-item\">\n\t\t\t\t\t\t\t\t\t\t\t<a href=\"https:\/\/www.proyectocaballo.org\/\">\n\n\t\t\t\t\t\t\t\t\t\t\t<span class=\"elementor-icon-list-text\">Projet Caballo<\/span>\n\t\t\t\t\t\t\t\t\t\t\t<\/a>\n\t\t\t\t\t\t\t\t\t<\/li>\n\t\t\t\t\t\t\t\t<li class=\"elementor-icon-list-item\">\n\t\t\t\t\t\t\t\t\t\t\t<a href=\"https:\/\/www.ranchofinomallorca.com\/\">\n\n\t\t\t\t\t\t\t\t\t\t\t<span class=\"elementor-icon-list-text\">Rancho Fino Mallorca<\/span>\n\t\t\t\t\t\t\t\t\t\t\t<\/a>\n\t\t\t\t\t\t\t\t\t<\/li>\n\t\t\t\t\t\t\t\t<li class=\"elementor-icon-list-item\">\n\t\t\t\t\t\t\t\t\t\t\t<a href=\"https:\/\/kahu-mallorca.com\/en\/\">\n\n\t\t\t\t\t\t\t\t\t\t\t<span class=\"elementor-icon-list-text\">Kahu Mallorca<\/span>\n\t\t\t\t\t\t\t\t\t\t\t<\/a>\n\t\t\t\t\t\t\t\t\t<\/li>\n\t\t\t\t\t\t<\/ul>\n\t\t\t\t\t\t<\/div>\n\t\t\t\t<\/div>\n\t\t\t\t<div class=\"elementor-element elementor-element-df947f6 elementor-widget elementor-widget-heading\" data-id=\"df947f6\" data-element_type=\"widget\" data-e-type=\"widget\" data-widget_type=\"heading.default\">\n\t\t\t\t<div class=\"elementor-widget-container\">\n\t\t\t\t\t<h2 class=\"elementor-heading-title elementor-size-default\">Fondations<\/h2>\t\t\t\t<\/div>\n\t\t\t\t<\/div>\n\t\t\t\t<\/div>\n\t\t\t\t<\/div>\n\t\t\t\t<\/div>","protected":false},"excerpt":{"rendered":"<p>Bij Unique Equine Supplement zetten wij ons met hart en ziel in voor het welzijn van paarden. Daarom werken wij graag samen met stichtingen en organisaties die zich inzetten voor hetzelfde doel. Om deze initiatieven te ondersteunen, bieden wij stichtingen een speciaal samenwerkingsvoordeel op Unique\u00ae supplementen. Is uw stichting ge\u00efnteresseerd in deze samenwerking of wenst [&hellip;]<\/p>\n","protected":false},"author":1,"featured_media":0,"parent":0,"menu_order":0,"comment_status":"closed","ping_status":"closed","template":"","meta":{"footnotes":""},"class_list":["post-15339","page","type-page","status-publish","hentry"],"yoast_head":"<!-- This site is optimized with the Yoast SEO plugin v27.5 - https:\/\/yoast.com\/product\/yoast-seo-wordpress\/ -->\n<title>Info voor stichtingen - Unique Equine Supplement<\/title>\n<meta name=\"robots\" content=\"index, follow, max-snippet:-1, max-image-preview:large, max-video-preview:-1\" \/>\n<link rel=\"canonical\" href=\"https:\/\/uniqueequinesupplement.com\/fr\/info-pour-les-fondations\/\" \/>\n<meta property=\"og:locale\" content=\"fr_FR\" \/>\n<meta property=\"og:type\" content=\"article\" \/>\n<meta property=\"og:title\" content=\"Info voor stichtingen - Unique Equine Supplement\" \/>\n<meta property=\"og:description\" content=\"Bij Unique Equine Supplement zetten wij ons met hart en ziel in voor het welzijn van paarden. Daarom werken wij graag samen met stichtingen en organisaties die zich inzetten voor hetzelfde doel. Om deze initiatieven te ondersteunen, bieden wij stichtingen een speciaal samenwerkingsvoordeel op Unique\u00ae supplementen. Is uw stichting ge\u00efnteresseerd in deze samenwerking of wenst [&hellip;]\" \/>\n<meta property=\"og:url\" content=\"https:\/\/uniqueequinesupplement.com\/fr\/info-pour-les-fondations\/\" \/>\n<meta property=\"og:site_name\" content=\"Unique Equine Supplement\" \/>\n<meta property=\"article:publisher\" content=\"https:\/\/www.facebook.com\/profile.php?id=61566984347114\" \/>\n<meta property=\"article:modified_time\" content=\"2026-03-15T10:50:02+00:00\" \/>\n<meta name=\"twitter:card\" content=\"summary_large_image\" \/>\n<meta name=\"twitter:label1\" content=\"Dur\u00e9e de lecture estim\u00e9e\" \/>\n\t<meta name=\"twitter:data1\" content=\"1 minute\" \/>\n<script type=\"application\/ld+json\" class=\"yoast-schema-graph\">{\"@context\":\"https:\\\/\\\/schema.org\",\"@graph\":[{\"@type\":\"WebPage\",\"@id\":\"https:\\\/\\\/uniqueequinesupplement.com\\\/info-voor-stichtingen\\\/\",\"url\":\"https:\\\/\\\/uniqueequinesupplement.com\\\/info-voor-stichtingen\\\/\",\"name\":\"Info voor stichtingen - Unique Equine Supplement\",\"isPartOf\":{\"@id\":\"https:\\\/\\\/uniqueequinesupplement.com\\\/#website\"},\"datePublished\":\"2026-01-14T09:06:06+00:00\",\"dateModified\":\"2026-03-15T10:50:02+00:00\",\"breadcrumb\":{\"@id\":\"https:\\\/\\\/uniqueequinesupplement.com\\\/info-voor-stichtingen\\\/#breadcrumb\"},\"inLanguage\":\"fr-FR\",\"potentialAction\":[{\"@type\":\"ReadAction\",\"target\":[\"https:\\\/\\\/uniqueequinesupplement.com\\\/info-voor-stichtingen\\\/\"]}]},{\"@type\":\"BreadcrumbList\",\"@id\":\"https:\\\/\\\/uniqueequinesupplement.com\\\/info-voor-stichtingen\\\/#breadcrumb\",\"itemListElement\":[{\"@type\":\"ListItem\",\"position\":1,\"name\":\"Home\",\"item\":\"https:\\\/\\\/uniqueequinesupplement.com\\\/\"},{\"@type\":\"ListItem\",\"position\":2,\"name\":\"Info voor stichtingen\"}]},{\"@type\":\"WebSite\",\"@id\":\"https:\\\/\\\/uniqueequinesupplement.com\\\/#website\",\"url\":\"https:\\\/\\\/uniqueequinesupplement.com\\\/\",\"name\":\"Unique Equine Supplement\",\"description\":\"Hoogwaardige supplementen voor paarden\",\"publisher\":{\"@id\":\"https:\\\/\\\/uniqueequinesupplement.com\\\/#organization\"},\"potentialAction\":[{\"@type\":\"SearchAction\",\"target\":{\"@type\":\"EntryPoint\",\"urlTemplate\":\"https:\\\/\\\/uniqueequinesupplement.com\\\/?s={search_term_string}\"},\"query-input\":{\"@type\":\"PropertyValueSpecification\",\"valueRequired\":true,\"valueName\":\"search_term_string\"}}],\"inLanguage\":\"fr-FR\"},{\"@type\":\"Organization\",\"@id\":\"https:\\\/\\\/uniqueequinesupplement.com\\\/#organization\",\"name\":\"Unique Equine Supplement\",\"url\":\"https:\\\/\\\/uniqueequinesupplement.com\\\/\",\"logo\":{\"@type\":\"ImageObject\",\"inLanguage\":\"fr-FR\",\"@id\":\"https:\\\/\\\/uniqueequinesupplement.com\\\/#\\\/schema\\\/logo\\\/image\\\/\",\"url\":\"https:\\\/\\\/uniqueequinesupplement.com\\\/wp-content\\\/uploads\\\/2024\\\/10\\\/Ontwerp-zonder-titel-scaled-e1749110908526.png\",\"contentUrl\":\"https:\\\/\\\/uniqueequinesupplement.com\\\/wp-content\\\/uploads\\\/2024\\\/10\\\/Ontwerp-zonder-titel-scaled-e1749110908526.png\",\"width\":1075,\"height\":755,\"caption\":\"Unique Equine Supplement\"},\"image\":{\"@id\":\"https:\\\/\\\/uniqueequinesupplement.com\\\/#\\\/schema\\\/logo\\\/image\\\/\"},\"sameAs\":[\"https:\\\/\\\/www.facebook.com\\\/profile.php?id=61566984347114\",\"https:\\\/\\\/www.instagram.com\\\/uniqueequinesupplement\\\/\"]}]}<\/script>\n<!-- \/ Yoast SEO plugin. -->","yoast_head_json":{"title":"Info pour les fondations - Suppl\u00e9ment \u00e9quin unique","robots":{"index":"index","follow":"follow","max-snippet":"max-snippet:-1","max-image-preview":"max-image-preview:large","max-video-preview":"max-video-preview:-1"},"canonical":"https:\/\/uniqueequinesupplement.com\/fr\/info-pour-les-fondations\/","og_locale":"fr_FR","og_type":"article","og_title":"Info voor stichtingen - Unique Equine Supplement","og_description":"Bij Unique Equine Supplement zetten wij ons met hart en ziel in voor het welzijn van paarden. Daarom werken wij graag samen met stichtingen en organisaties die zich inzetten voor hetzelfde doel. Om deze initiatieven te ondersteunen, bieden wij stichtingen een speciaal samenwerkingsvoordeel op Unique\u00ae supplementen. Is uw stichting ge\u00efnteresseerd in deze samenwerking of wenst [&hellip;]","og_url":"https:\/\/uniqueequinesupplement.com\/fr\/info-pour-les-fondations\/","og_site_name":"Unique Equine Supplement","article_publisher":"https:\/\/www.facebook.com\/profile.php?id=61566984347114","article_modified_time":"2026-03-15T10:50:02+00:00","twitter_card":"summary_large_image","twitter_misc":{"Dur\u00e9e de lecture estim\u00e9e":"1 minute"},"schema":{"@context":"https:\/\/schema.org","@graph":[{"@type":"WebPage","@id":"https:\/\/uniqueequinesupplement.com\/info-voor-stichtingen\/","url":"https:\/\/uniqueequinesupplement.com\/info-voor-stichtingen\/","name":"Info pour les fondations - Suppl\u00e9ment \u00e9quin unique","isPartOf":{"@id":"https:\/\/uniqueequinesupplement.com\/#website"},"datePublished":"2026-01-14T09:06:06+00:00","dateModified":"2026-03-15T10:50:02+00:00","breadcrumb":{"@id":"https:\/\/uniqueequinesupplement.com\/info-voor-stichtingen\/#breadcrumb"},"inLanguage":"fr-FR","potentialAction":[{"@type":"ReadAction","target":["https:\/\/uniqueequinesupplement.com\/info-voor-stichtingen\/"]}]},{"@type":"BreadcrumbList","@id":"https:\/\/uniqueequinesupplement.com\/info-voor-stichtingen\/#breadcrumb","itemListElement":[{"@type":"ListItem","position":1,"name":"Home","item":"https:\/\/uniqueequinesupplement.com\/"},{"@type":"ListItem","position":2,"name":"Info voor stichtingen"}]},{"@type":"WebSite","@id":"https:\/\/uniqueequinesupplement.com\/#website","url":"https:\/\/uniqueequinesupplement.com\/","name":"Suppl\u00e9ment \u00e9quin unique","description":"Compl\u00e9ments de haute qualit\u00e9 pour chevaux","publisher":{"@id":"https:\/\/uniqueequinesupplement.com\/#organization"},"potentialAction":[{"@type":"SearchAction","target":{"@type":"EntryPoint","urlTemplate":"https:\/\/uniqueequinesupplement.com\/?s={search_term_string}"},"query-input":{"@type":"PropertyValueSpecification","valueRequired":true,"valueName":"search_term_string"}}],"inLanguage":"fr-FR"},{"@type":"Organization","@id":"https:\/\/uniqueequinesupplement.com\/#organization","name":"Suppl\u00e9ment \u00e9quin unique","url":"https:\/\/uniqueequinesupplement.com\/","logo":{"@type":"ImageObject","inLanguage":"fr-FR","@id":"https:\/\/uniqueequinesupplement.com\/#\/schema\/logo\/image\/","url":"https:\/\/uniqueequinesupplement.com\/wp-content\/uploads\/2024\/10\/Ontwerp-zonder-titel-scaled-e1749110908526.png","contentUrl":"https:\/\/uniqueequinesupplement.com\/wp-content\/uploads\/2024\/10\/Ontwerp-zonder-titel-scaled-e1749110908526.png","width":1075,"height":755,"caption":"Unique Equine Supplement"},"image":{"@id":"https:\/\/uniqueequinesupplement.com\/#\/schema\/logo\/image\/"},"sameAs":["https:\/\/www.facebook.com\/profile.php?id=61566984347114","https:\/\/www.instagram.com\/uniqueequinesupplement\/"]}]}},"jetpack_sharing_enabled":true,"_links":{"self":[{"href":"https:\/\/uniqueequinesupplement.com\/fr\/wp-json\/wp\/v2\/pages\/15339","targetHints":{"allow":["GET"]}}],"collection":[{"href":"https:\/\/uniqueequinesupplement.com\/fr\/wp-json\/wp\/v2\/pages"}],"about":[{"href":"https:\/\/uniqueequinesupplement.com\/fr\/wp-json\/wp\/v2\/types\/page"}],"author":[{"embeddable":true,"href":"https:\/\/uniqueequinesupplement.com\/fr\/wp-json\/wp\/v2\/users\/1"}],"replies":[{"embeddable":true,"href":"https:\/\/uniqueequinesupplement.com\/fr\/wp-json\/wp\/v2\/comments?post=15339"}],"version-history":[{"count":12,"href":"https:\/\/uniqueequinesupplement.com\/fr\/wp-json\/wp\/v2\/pages\/15339\/revisions"}],"predecessor-version":[{"id":17331,"href":"https:\/\/uniqueequinesupplement.com\/fr\/wp-json\/wp\/v2\/pages\/15339\/revisions\/17331"}],"wp:attachment":[{"href":"https:\/\/uniqueequinesupplement.com\/fr\/wp-json\/wp\/v2\/media?parent=15339"}],"curies":[{"name":"wp","href":"https:\/\/api.w.org\/{rel}","templated":true}]}}