{"id":15789,"date":"2026-01-20T09:57:00","date_gmt":"2026-01-20T08:57:00","guid":{"rendered":"https:\/\/uniqueequinesupplement.com\/?page_id=15789"},"modified":"2026-04-18T09:42:40","modified_gmt":"2026-04-18T07:42:40","slug":"commander-en-gros","status":"publish","type":"page","link":"https:\/\/uniqueequinesupplement.com\/fr\/zakelijk-bestellen\/","title":{"rendered":"Commander en gros"},"content":{"rendered":"<div data-elementor-type=\"wp-page\" data-elementor-id=\"15789\" class=\"elementor elementor-15789\" data-elementor-post-type=\"page\">\n\t\t\t\t<div class=\"elementor-element elementor-element-020de95 e-flex e-con-boxed e-con e-parent\" data-id=\"020de95\" data-element_type=\"container\" data-e-type=\"container\">\n\t\t\t\t\t<div class=\"e-con-inner\">\n\t\t\t\t<div class=\"elementor-element elementor-element-d6bdc72 elementor-widget elementor-widget-heading\" data-id=\"d6bdc72\" data-element_type=\"widget\" data-e-type=\"widget\" data-widget_type=\"heading.default\">\n\t\t\t\t<div class=\"elementor-widget-container\">\n\t\t\t\t\t<h2 class=\"elementor-heading-title elementor-size-default\">Commande professionnelle (sur facture)<\/h2>\t\t\t\t<\/div>\n\t\t\t\t<\/div>\n\t\t\t\t<div class=\"elementor-element elementor-element-ad92d10 elementor-widget elementor-widget-text-editor\" data-id=\"ad92d10\" data-element_type=\"widget\" data-e-type=\"widget\" data-widget_type=\"text-editor.default\">\n\t\t\t\t<div class=\"elementor-widget-container\">\n\t\t\t\t\t\t\t\t\t<p data-start=\"33\" data-end=\"159\">Souhaitez-vous commander les produits de Unique Equine Supplement pour votre entreprise et recevoir une facture ?<br \/>C\u2019est possible simplement par e-mail.<\/p><p data-start=\"161\" data-end=\"308\"><strong data-start=\"161\" data-end=\"241\">Les commandes professionnelles sur facture ne sont pas trait\u00e9es via le processus de commande de la boutique en ligne.<br \/><\/strong><\/p><p data-start=\"161\" data-end=\"308\"><strong>Envoyez votre commande par e-mail \u00e0 : <a class=\"decorated-link cursor-pointer\" href=\"mailto:info@uniqueequinesupplement.com\" rel=\"noopener\" data-start=\"275\" data-end=\"306\">info@uniqueequinesupplement.com<\/a><\/strong><\/p><p data-start=\"310\" data-end=\"335\"><strong data-start=\"310\" data-end=\"335\">Indiquez dans votre e-mail :<\/strong><\/p><ul data-start=\"336\" data-end=\"527\"><li data-start=\"336\" data-end=\"352\"><p data-start=\"338\" data-end=\"352\">Nom de l\u2019entreprise<\/p><\/li><li data-start=\"353\" data-end=\"371\"><p data-start=\"355\" data-end=\"371\">Personne de contact<\/p><\/li><li data-start=\"372\" data-end=\"390\"><p data-start=\"374\" data-end=\"390\">Num\u00e9ro de t\u00e9l\u00e9phone<\/p><\/li><li data-start=\"391\" data-end=\"418\"><p data-start=\"393\" data-end=\"418\">Num\u00e9ro d\u2019identification TVA<\/p><\/li><li data-start=\"419\" data-end=\"435\"><p data-start=\"421\" data-end=\"435\">Adresse de facturation<\/p><\/li><li data-start=\"436\" data-end=\"452\"><p data-start=\"438\" data-end=\"452\">Adresse de livraison<\/p><\/li><li data-start=\"453\" data-end=\"487\"><p data-start=\"455\" data-end=\"487\">Produits souhait\u00e9s + quantit\u00e9s<\/p><\/li><li data-start=\"488\" data-end=\"527\"><p data-start=\"490\" data-end=\"527\">Num\u00e9ro de commande \/ r\u00e9f\u00e9rence (le cas \u00e9ch\u00e9ant)<\/p><\/li><li data-start=\"488\" data-end=\"527\">Si vous fournissez un num\u00e9ro de TVA valide, nous le v\u00e9rifierons via le syst\u00e8me europ\u00e9en VIES. <br \/>Sur cette base, il est d\u00e9termin\u00e9 si la facture est \u00e9tablie avec TVA ou avec TVA intracommunautaire (0% TVA).<br \/><br \/><\/li><\/ul><p data-start=\"529\" data-end=\"650\">Apr\u00e8s r\u00e9ception de votre demande, nous vous envoyons la facture dans les plus brefs d\u00e9lais. D\u00e8s r\u00e9ception du paiement, votre commande sera exp\u00e9di\u00e9e.<\/p><p data-start=\"652\" data-end=\"715\">Les commandes sont envoy\u00e9es depuis notre entrep\u00f4t situ\u00e9 aux Pays-Bas.<\/p><h5 data-start=\"652\" data-end=\"715\"><strong>TVA pour les commandes professionnelles au sein de l\u2019UE<\/strong><\/h5><p data-start=\"1215\" data-end=\"1319\">Notre entreprise est \u00e9tablie fiscalement en Espagne. La facturation s'effectue donc depuis l'Espagne. <br \/>Les commandes sont envoy\u00e9es depuis notre entrep\u00f4t situ\u00e9 aux Pays-Bas.<\/p><p data-start=\"1321\" data-end=\"1397\">Pour une facture <strong data-start=\"1338\" data-end=\"1366\">sans TVA (TVA autoliquid\u00e9e),<\/strong> le num\u00e9ro de TVA communiqu\u00e9 doit :<\/p><ul data-start=\"1399\" data-end=\"1482\"><li data-start=\"1399\" data-end=\"1428\"><p data-start=\"1401\" data-end=\"1428\">correspondre au nom de l\u2019entreprise<\/p><\/li><li data-start=\"1429\" data-end=\"1482\"><p data-start=\"1431\" data-end=\"1482\">\u00eatre enregistr\u00e9 dans le syst\u00e8me europ\u00e9en <strong data-start=\"1466\" data-end=\"1482\">VIES<\/strong><\/p><\/li><\/ul><p data-start=\"1484\" data-end=\"1591\">Si le num\u00e9ro de TVA indiqu\u00e9 <strong data-start=\"1506\" data-end=\"1539\">n\u2019est pas enregistr\u00e9 dans le syst\u00e8me VIES<\/strong>, nous sommes tenus d\u2019appliquer la TVA sur la facture.<\/p><p data-start=\"1593\" data-end=\"1719\">Vous avez un doute sur l\u2019enregistrement de votre num\u00e9ro de TVA ?<br data-start=\"1638\" data-end=\"1641\" \/>Vous pouvez le v\u00e9rifier vous-m\u00eame ici:<br data-start=\"1673\" data-end=\"1676\" \/><a class=\"decorated-link\" href=\"https:\/\/ec.europa.eu\/taxation_customs\/vies\/\" target=\"_new\" rel=\"noopener\" data-start=\"1676\" data-end=\"1719\">https:\/\/ec.europa.eu\/taxation_customs\/vies\/<\/a><\/p><p data-start=\"1465\" data-end=\"1655\">Les factures sont \u00e9tablies sur base des informations de l\u2019entreprise communiqu\u00e9es par le client.<br data-start=\"1551\" data-end=\"1554\" \/>Veuillez v\u00e9rifier attentivement vos donn\u00e9es. Toute correction apr\u00e8s facturation ne pourra \u00eatre trait\u00e9e qu'au moyen d'une facture de cr\u00e9dit.<\/p><p data-start=\"1657\" data-end=\"1774\">En passant une commande professionnelle, le client confirme que les coordonn\u00e9es de l\u2019entreprise et les donn\u00e9es TVA communiqu\u00e9es sont correctes.<\/p>\t\t\t\t\t\t\t\t<\/div>\n\t\t\t\t<\/div>\n\t\t\t\t\t<\/div>\n\t\t\t\t<\/div>\n\t\t\t\t<\/div>","protected":false},"excerpt":{"rendered":"<p>Zakelijk bestellen (op factuur) Wilt u als bedrijf de producten van Unique Equine Supplement bestellen en een factuur ontvangen?Dat kan eenvoudig via e-mail. Zakelijke bestellingen op factuur verwerken wij niet via de webshopcheckout. Mail uw bestelling naar: info@uniqueequinesupplement.com Vermeld in uw e-mail: Bedrijfsnaam Contactpersoon Telefoonnummer BTW-identificatienummer Factuuradres Verzendadres Gewenste producten + aantallen Eventueel inkoopnummer \/ [&hellip;]<\/p>\n","protected":false},"author":1,"featured_media":0,"parent":0,"menu_order":0,"comment_status":"closed","ping_status":"closed","template":"","meta":{"footnotes":""},"class_list":["post-15789","page","type-page","status-publish","hentry"],"yoast_head":"<!-- This site is optimized with the Yoast SEO plugin v27.5 - https:\/\/yoast.com\/product\/yoast-seo-wordpress\/ -->\n<title>Zakelijk bestellen - Unique Equine Supplement<\/title>\n<meta name=\"robots\" content=\"index, follow, max-snippet:-1, max-image-preview:large, max-video-preview:-1\" \/>\n<link rel=\"canonical\" href=\"https:\/\/uniqueequinesupplement.com\/fr\/commander-en-gros\/\" \/>\n<meta property=\"og:locale\" content=\"fr_FR\" \/>\n<meta property=\"og:type\" content=\"article\" \/>\n<meta property=\"og:title\" content=\"Zakelijk bestellen - Unique Equine Supplement\" \/>\n<meta property=\"og:description\" content=\"Zakelijk bestellen (op factuur) Wilt u als bedrijf de producten van Unique Equine Supplement bestellen en een factuur ontvangen?Dat kan eenvoudig via e-mail. Zakelijke bestellingen op factuur verwerken wij niet via de webshopcheckout. Mail uw bestelling naar: info@uniqueequinesupplement.com Vermeld in uw e-mail: Bedrijfsnaam Contactpersoon Telefoonnummer BTW-identificatienummer Factuuradres Verzendadres Gewenste producten + aantallen Eventueel inkoopnummer \/ [&hellip;]\" \/>\n<meta property=\"og:url\" content=\"https:\/\/uniqueequinesupplement.com\/fr\/commander-en-gros\/\" \/>\n<meta property=\"og:site_name\" content=\"Unique Equine Supplement\" \/>\n<meta property=\"article:publisher\" content=\"https:\/\/www.facebook.com\/profile.php?id=61566984347114\" \/>\n<meta property=\"article:modified_time\" content=\"2026-04-18T07:42:40+00:00\" \/>\n<meta name=\"twitter:card\" content=\"summary_large_image\" \/>\n<meta name=\"twitter:label1\" content=\"Dur\u00e9e de lecture estim\u00e9e\" \/>\n\t<meta name=\"twitter:data1\" content=\"2 minutes\" \/>\n<script type=\"application\/ld+json\" class=\"yoast-schema-graph\">{\"@context\":\"https:\\\/\\\/schema.org\",\"@graph\":[{\"@type\":\"WebPage\",\"@id\":\"https:\\\/\\\/uniqueequinesupplement.com\\\/zakelijk-bestellen\\\/\",\"url\":\"https:\\\/\\\/uniqueequinesupplement.com\\\/zakelijk-bestellen\\\/\",\"name\":\"Zakelijk bestellen - Unique Equine Supplement\",\"isPartOf\":{\"@id\":\"https:\\\/\\\/uniqueequinesupplement.com\\\/#website\"},\"datePublished\":\"2026-01-20T08:57:00+00:00\",\"dateModified\":\"2026-04-18T07:42:40+00:00\",\"breadcrumb\":{\"@id\":\"https:\\\/\\\/uniqueequinesupplement.com\\\/zakelijk-bestellen\\\/#breadcrumb\"},\"inLanguage\":\"fr-FR\",\"potentialAction\":[{\"@type\":\"ReadAction\",\"target\":[\"https:\\\/\\\/uniqueequinesupplement.com\\\/zakelijk-bestellen\\\/\"]}]},{\"@type\":\"BreadcrumbList\",\"@id\":\"https:\\\/\\\/uniqueequinesupplement.com\\\/zakelijk-bestellen\\\/#breadcrumb\",\"itemListElement\":[{\"@type\":\"ListItem\",\"position\":1,\"name\":\"Home\",\"item\":\"https:\\\/\\\/uniqueequinesupplement.com\\\/\"},{\"@type\":\"ListItem\",\"position\":2,\"name\":\"Zakelijk bestellen\"}]},{\"@type\":\"WebSite\",\"@id\":\"https:\\\/\\\/uniqueequinesupplement.com\\\/#website\",\"url\":\"https:\\\/\\\/uniqueequinesupplement.com\\\/\",\"name\":\"Unique Equine Supplement\",\"description\":\"Hoogwaardige supplementen voor paarden\",\"publisher\":{\"@id\":\"https:\\\/\\\/uniqueequinesupplement.com\\\/#organization\"},\"potentialAction\":[{\"@type\":\"SearchAction\",\"target\":{\"@type\":\"EntryPoint\",\"urlTemplate\":\"https:\\\/\\\/uniqueequinesupplement.com\\\/?s={search_term_string}\"},\"query-input\":{\"@type\":\"PropertyValueSpecification\",\"valueRequired\":true,\"valueName\":\"search_term_string\"}}],\"inLanguage\":\"fr-FR\"},{\"@type\":\"Organization\",\"@id\":\"https:\\\/\\\/uniqueequinesupplement.com\\\/#organization\",\"name\":\"Unique Equine Supplement\",\"url\":\"https:\\\/\\\/uniqueequinesupplement.com\\\/\",\"logo\":{\"@type\":\"ImageObject\",\"inLanguage\":\"fr-FR\",\"@id\":\"https:\\\/\\\/uniqueequinesupplement.com\\\/#\\\/schema\\\/logo\\\/image\\\/\",\"url\":\"https:\\\/\\\/uniqueequinesupplement.com\\\/wp-content\\\/uploads\\\/2024\\\/10\\\/Ontwerp-zonder-titel-scaled-e1749110908526.png\",\"contentUrl\":\"https:\\\/\\\/uniqueequinesupplement.com\\\/wp-content\\\/uploads\\\/2024\\\/10\\\/Ontwerp-zonder-titel-scaled-e1749110908526.png\",\"width\":1075,\"height\":755,\"caption\":\"Unique Equine Supplement\"},\"image\":{\"@id\":\"https:\\\/\\\/uniqueequinesupplement.com\\\/#\\\/schema\\\/logo\\\/image\\\/\"},\"sameAs\":[\"https:\\\/\\\/www.facebook.com\\\/profile.php?id=61566984347114\",\"https:\\\/\\\/www.instagram.com\\\/uniqueequinesupplement\\\/\"]}]}<\/script>\n<!-- \/ Yoast SEO plugin. -->","yoast_head_json":{"title":"Commander en gros - Suppl\u00e9ment \u00c9quin Unique","robots":{"index":"index","follow":"follow","max-snippet":"max-snippet:-1","max-image-preview":"max-image-preview:large","max-video-preview":"max-video-preview:-1"},"canonical":"https:\/\/uniqueequinesupplement.com\/fr\/commander-en-gros\/","og_locale":"fr_FR","og_type":"article","og_title":"Zakelijk bestellen - Unique Equine Supplement","og_description":"Zakelijk bestellen (op factuur) Wilt u als bedrijf de producten van Unique Equine Supplement bestellen en een factuur ontvangen?Dat kan eenvoudig via e-mail. Zakelijke bestellingen op factuur verwerken wij niet via de webshopcheckout. Mail uw bestelling naar: info@uniqueequinesupplement.com Vermeld in uw e-mail: Bedrijfsnaam Contactpersoon Telefoonnummer BTW-identificatienummer Factuuradres Verzendadres Gewenste producten + aantallen Eventueel inkoopnummer \/ [&hellip;]","og_url":"https:\/\/uniqueequinesupplement.com\/fr\/commander-en-gros\/","og_site_name":"Unique Equine Supplement","article_publisher":"https:\/\/www.facebook.com\/profile.php?id=61566984347114","article_modified_time":"2026-04-18T07:42:40+00:00","twitter_card":"summary_large_image","twitter_misc":{"Dur\u00e9e de lecture estim\u00e9e":"2 minutes"},"schema":{"@context":"https:\/\/schema.org","@graph":[{"@type":"WebPage","@id":"https:\/\/uniqueequinesupplement.com\/zakelijk-bestellen\/","url":"https:\/\/uniqueequinesupplement.com\/zakelijk-bestellen\/","name":"Commander en gros - Suppl\u00e9ment \u00c9quin Unique","isPartOf":{"@id":"https:\/\/uniqueequinesupplement.com\/#website"},"datePublished":"2026-01-20T08:57:00+00:00","dateModified":"2026-04-18T07:42:40+00:00","breadcrumb":{"@id":"https:\/\/uniqueequinesupplement.com\/zakelijk-bestellen\/#breadcrumb"},"inLanguage":"fr-FR","potentialAction":[{"@type":"ReadAction","target":["https:\/\/uniqueequinesupplement.com\/zakelijk-bestellen\/"]}]},{"@type":"BreadcrumbList","@id":"https:\/\/uniqueequinesupplement.com\/zakelijk-bestellen\/#breadcrumb","itemListElement":[{"@type":"ListItem","position":1,"name":"Home","item":"https:\/\/uniqueequinesupplement.com\/"},{"@type":"ListItem","position":2,"name":"Zakelijk bestellen"}]},{"@type":"WebSite","@id":"https:\/\/uniqueequinesupplement.com\/#website","url":"https:\/\/uniqueequinesupplement.com\/","name":"Suppl\u00e9ment \u00e9quin unique","description":"Compl\u00e9ments de haute qualit\u00e9 pour chevaux","publisher":{"@id":"https:\/\/uniqueequinesupplement.com\/#organization"},"potentialAction":[{"@type":"SearchAction","target":{"@type":"EntryPoint","urlTemplate":"https:\/\/uniqueequinesupplement.com\/?s={search_term_string}"},"query-input":{"@type":"PropertyValueSpecification","valueRequired":true,"valueName":"search_term_string"}}],"inLanguage":"fr-FR"},{"@type":"Organization","@id":"https:\/\/uniqueequinesupplement.com\/#organization","name":"Suppl\u00e9ment \u00e9quin unique","url":"https:\/\/uniqueequinesupplement.com\/","logo":{"@type":"ImageObject","inLanguage":"fr-FR","@id":"https:\/\/uniqueequinesupplement.com\/#\/schema\/logo\/image\/","url":"https:\/\/uniqueequinesupplement.com\/wp-content\/uploads\/2024\/10\/Ontwerp-zonder-titel-scaled-e1749110908526.png","contentUrl":"https:\/\/uniqueequinesupplement.com\/wp-content\/uploads\/2024\/10\/Ontwerp-zonder-titel-scaled-e1749110908526.png","width":1075,"height":755,"caption":"Unique Equine Supplement"},"image":{"@id":"https:\/\/uniqueequinesupplement.com\/#\/schema\/logo\/image\/"},"sameAs":["https:\/\/www.facebook.com\/profile.php?id=61566984347114","https:\/\/www.instagram.com\/uniqueequinesupplement\/"]}]}},"jetpack_sharing_enabled":true,"_links":{"self":[{"href":"https:\/\/uniqueequinesupplement.com\/fr\/wp-json\/wp\/v2\/pages\/15789","targetHints":{"allow":["GET"]}}],"collection":[{"href":"https:\/\/uniqueequinesupplement.com\/fr\/wp-json\/wp\/v2\/pages"}],"about":[{"href":"https:\/\/uniqueequinesupplement.com\/fr\/wp-json\/wp\/v2\/types\/page"}],"author":[{"embeddable":true,"href":"https:\/\/uniqueequinesupplement.com\/fr\/wp-json\/wp\/v2\/users\/1"}],"replies":[{"embeddable":true,"href":"https:\/\/uniqueequinesupplement.com\/fr\/wp-json\/wp\/v2\/comments?post=15789"}],"version-history":[{"count":15,"href":"https:\/\/uniqueequinesupplement.com\/fr\/wp-json\/wp\/v2\/pages\/15789\/revisions"}],"predecessor-version":[{"id":17823,"href":"https:\/\/uniqueequinesupplement.com\/fr\/wp-json\/wp\/v2\/pages\/15789\/revisions\/17823"}],"wp:attachment":[{"href":"https:\/\/uniqueequinesupplement.com\/fr\/wp-json\/wp\/v2\/media?parent=15789"}],"curies":[{"name":"wp","href":"https:\/\/api.w.org\/{rel}","templated":true}]}}