{"id":4151,"date":"2024-10-04T14:38:17","date_gmt":"2024-10-04T12:38:17","guid":{"rendered":"https:\/\/uniqueequinesupplement.com\/terms-privacy\/"},"modified":"2026-03-17T12:03:32","modified_gmt":"2026-03-17T11:03:32","slug":"conditions-generales","status":"publish","type":"page","link":"https:\/\/uniqueequinesupplement.com\/fr\/algemene-voorwaarden\/","title":{"rendered":"Conditions g\u00e9n\u00e9rales d'utilisation"},"content":{"rendered":"<div data-elementor-type=\"wp-page\" data-elementor-id=\"4151\" class=\"elementor elementor-4151\" data-elementor-post-type=\"page\">\n\t\t\t\t<div class=\"elementor-element elementor-element-fadb7e3 e-flex e-con-boxed e-con e-parent\" data-id=\"fadb7e3\" data-element_type=\"container\" data-e-type=\"container\">\n\t\t\t\t\t<div class=\"e-con-inner\">\n\t\t\t\t<div class=\"elementor-element elementor-element-c5f4a2e elementor-widget elementor-widget-heading\" data-id=\"c5f4a2e\" data-element_type=\"widget\" data-e-type=\"widget\" data-widget_type=\"heading.default\">\n\t\t\t\t<div class=\"elementor-widget-container\">\n\t\t\t\t\t<h2 class=\"elementor-heading-title elementor-size-default\">Conditions g\u00e9n\u00e9rales d'utilisation<\/h2>\t\t\t\t<\/div>\n\t\t\t\t<\/div>\n\t\t\t\t\t<\/div>\n\t\t\t\t<\/div>\n\t\t<div class=\"elementor-element elementor-element-412ac26a e-flex e-con-boxed e-con e-parent\" data-id=\"412ac26a\" data-element_type=\"container\" data-e-type=\"container\" id=\"algemenevoorwaarden\">\n\t\t\t\t\t<div class=\"e-con-inner\">\n\t\t\t\t<div class=\"elementor-element elementor-element-c33f46f elementor-widget elementor-widget-text-editor\" data-id=\"c33f46f\" data-element_type=\"widget\" data-e-type=\"widget\" data-widget_type=\"text-editor.default\">\n\t\t\t\t<div class=\"elementor-widget-container\">\n\t\t\t\t\t\t\t\t\t<p class=\"translation-block\"><strong style=\"font-size: 14px;letter-spacing: 0px\">Version :<\/strong><span style=\"font-size: 14px;letter-spacing: 0px\"> 15 septembre 2024<\/span><\/p><hr \/><h6><strong>1. Champ d\u2019application<\/strong><\/h6><p class=\"translation-block\">Les pr\u00e9sentes conditions g\u00e9n\u00e9rales s\u2019appliquent \u00e0 toutes les relations juridiques (contrats, offres, devis) entre <strong>Unique Equine Supplement SL (UES)<\/strong> et une personne physique ou morale (client) concernant la fourniture de produits ou de services.<br><br><\/p><ul><li><p>Les conditions g\u00e9n\u00e9rales des clients ne sont pas accept\u00e9es par UES.<br><\/p><\/li><li><p>Les employ\u00e9s, les tiers mandat\u00e9s par UES ainsi que les soci\u00e9t\u00e9s m\u00e8res, s\u0153urs ou filiales li\u00e9es \u00e0 UES peuvent \u00e9galement invoquer les pr\u00e9sentes conditions.<br><\/p><\/li><\/ul><hr \/><h6><strong>2. Formation du contrat<\/strong><\/h6><ul><li><p>Les offres de UES sont sans engagement, sauf mention contraire \u00e9crite.<\/p><\/li><li><p>Les contrats sont form\u00e9s par confirmation par e-mail, par courrier ou par la livraison effective de produits ou l\u2019ex\u00e9cution de services.<\/p><\/li><\/ul><hr \/><h6><strong>3. Livraison et risques<\/strong><\/h6><ul><li><p>En cas de livraison aux frais de UES, les risques li\u00e9s aux produits livr\u00e9s sont transf\u00e9r\u00e9s au client d\u00e8s leur r\u00e9ception.<\/p><\/li><li><p>La livraison peut \u00eatre effectu\u00e9e en plusieurs fois.<\/p><\/li><li><p>Les d\u00e9lais de livraison indiqu\u00e9s sont donn\u00e9s \u00e0 titre indicatif et ne sont pas contraignants, sauf accord expr\u00e8s contraire.<\/p><\/li><\/ul><hr \/><h6><strong>4. Contr\u00f4le, d\u00e9fauts et retours<\/strong><\/h6><p><strong>4.1 Contr\u00f4le \u00e0 la r\u00e9ception<\/strong><\/p><ul><li><p>Le client est tenu de v\u00e9rifier soigneusement les produits lors de la r\u00e9ception.<\/p><\/li><li><p class=\"translation-block\"><strong>Les d\u00e9fauts apparents<\/strong> doivent \u00eatre signal\u00e9s par \u00e9crit dans un d\u00e9lai de 7 jours.<\/p><\/li><li><p class=\"translation-block\"><strong>Les d\u00e9fauts non apparents<\/strong> doivent \u00eatre signal\u00e9s par \u00e9crit dans un d\u00e9lai de 6 mois, d\u00e8s qu\u2019ils peuvent raisonnablement \u00eatre constat\u00e9s.<br><\/p><\/li><\/ul><p><strong>4.2 Retours professionnels (B2B)<\/strong><\/p><ul><li><p>Pour les clients professionnels, les retours sont uniquement possibles en cas de d\u00e9fauts conform\u00e9ment aux conditions mentionn\u00e9es ci-dessus.<\/p><\/li><\/ul><p><strong>4.3 Retours B2C (consommateurs)<\/strong><\/p><p data-start=\"253\" data-end=\"369\" class=\"translation-block\">Les consommateurs au sein de l\u2019UE disposent d\u2019un <strong>droit de r\u00e9tractation de 14 jours<\/strong> apr\u00e8s r\u00e9ception des produits, conform\u00e9ment \u00e0 la l\u00e9gislation europ\u00e9enne.<br><\/p><p data-start=\"371\" data-end=\"547\" class=\"translation-block\">Les produits retourn\u00e9s doivent \u00eatre <strong>non ouverts, non endommag\u00e9s et dans leur emballage d\u2019origine<\/strong>. <strong>Les compl\u00e9ments ouverts ne peuvent pas \u00eatre retourn\u00e9s<\/strong> pour des raisons d\u2019hygi\u00e8ne.<br><\/p><p data-start=\"549\" data-end=\"671\" class=\"translation-block\">Pour entamer une proc\u00e9dure de retour, le consommateur doit prendre contact via <strong><a class=\"decorated-link cursor-pointer\" rel=\"noopener\" target=\"_self\">info@uniqueequinesupplement.com<\/a><\/strong>.<br><\/p><p data-start=\"673\" data-end=\"778\">Les frais de retour sont \u00e0 la charge du consommateur, sauf en cas de produit d\u00e9fectueux ou de livraison incorrecte.<\/p><p data-start=\"780\" data-end=\"904\" class=\"translation-block\">Le remboursement est effectu\u00e9 dans un d\u00e9lai de <strong>14 jours<\/strong> apr\u00e8s r\u00e9ception du produit retourn\u00e9, via le mode de paiement initial.<br><\/p><p data-start=\"906\" data-end=\"1033\" class=\"translation-block\"><strong>Attention :<\/strong> les produits sont livr\u00e9s via une <strong>soci\u00e9t\u00e9 de fulfilment aux Pays-Bas<\/strong>, m\u00eame si la facturation est effectu\u00e9e depuis l\u2019Espagne.<br><\/p><hr \/><h6><strong>5. <\/strong><strong data-start=\"233\" data-end=\"272\">Facturation \/ Paiement<\/strong><\/h6><ul data-start=\"274\" data-end=\"1104\"><li data-start=\"274\" data-end=\"390\"><p data-start=\"276\" data-end=\"390\" class=\"translation-block\"><strong>Adresse de facturation :<\/strong> Unique Equine Supplement SL<br>Calle Antonio Machado 16, 41240 Almad\u00e9n de la Plata, Espagne<br><\/p><\/li><li data-start=\"391\" data-end=\"475\"><p data-start=\"393\" data-end=\"475\" class=\"translation-block\"><strong>Livraison :<\/strong> Les produits sont exp\u00e9di\u00e9s via une soci\u00e9t\u00e9 de fulfilment aux Pays-Bas.<br><\/p><\/li><li data-start=\"476\" data-end=\"648\"><p data-start=\"478\" data-end=\"648\" class=\"translation-block\"><strong>TVA \/ B2B :<\/strong> Pour les clients professionnels, la facture est \u00e9tablie avec TVA espagnole ou en livraison intracommunautaire (0 %), selon le num\u00e9ro de TVA du client.<br><\/p><\/li><li data-start=\"649\" data-end=\"791\"><p data-start=\"651\" data-end=\"791\" class=\"translation-block\"><strong>TVA \/ B2C :<\/strong> Pour les consommateurs au sein de l\u2019UE, la TVA est calcul\u00e9e selon le pays du consommateur (r\u00e9gime OSS si applicable).<\/p><\/li><li data-start=\"792\" data-end=\"903\"><p data-start=\"794\" data-end=\"903\" class=\"translation-block\"><strong>Paiement :<\/strong> Les factures doivent \u00eatre r\u00e9gl\u00e9es au plus tard \u00e0 la date d\u2019\u00e9ch\u00e9ance, sans r\u00e9duction ni suspension.<\/p><\/li><li data-start=\"904\" data-end=\"1104\"><p data-start=\"906\" data-end=\"1000\" class=\"translation-block\"><strong>Retard de paiement :<\/strong> En cas de non-paiement dans les d\u00e9lais, le client est automatiquement en d\u00e9faut et redevable de :<\/p><ul data-start=\"1003\" data-end=\"1104\"><li data-start=\"1003\" data-end=\"1047\"><p data-start=\"1005\" data-end=\"1047\">Les int\u00e9r\u00eats l\u00e9gaux commerciaux sur le principal<\/p><\/li><li data-start=\"1050\" data-end=\"1104\"><p data-start=\"1052\" data-end=\"1104\">Frais de recouvrement extrajudiciaires et judiciaires<\/p><\/li><\/ul><\/li><\/ul><hr \/><h6><strong>6. R\u00e9serve de propri\u00e9t\u00e9<\/strong><\/h6><ul><li><p>UES se r\u00e9serve la propri\u00e9t\u00e9 des produits livr\u00e9s jusqu\u2019au paiement int\u00e9gral de la facture.<\/p><\/li><li><p>La livraison, l\u2019ali\u00e9nation ou le nantissement par le client sont interdits tant que la propri\u00e9t\u00e9 n\u2019a pas \u00e9t\u00e9 transf\u00e9r\u00e9e, sauf dans le cadre de l\u2019activit\u00e9 normale de l\u2019entreprise.<\/p><\/li><\/ul><hr \/><h6><strong>7. Suspension et r\u00e9siliation<\/strong><\/h6><ul><li><p>En cas de non-respect des obligations, de faillite, de sursis de paiement, de mise sous curatelle, de liquidation ou de cessation d\u2019activit\u00e9, UES peut r\u00e9silier ou suspendre totalement ou partiellement le contrat.<\/p><\/li><li><p>Les cr\u00e9ances en cours peuvent \u00eatre imm\u00e9diatement exig\u00e9es.<\/p><\/li><\/ul><hr \/><h6><strong>8. Force majeure<\/strong><\/h6><ul><li><p>UES n\u2019est pas responsable en cas de non-ex\u00e9cution due \u00e0 un cas de force majeure, notamment :<\/p><ul><li><p>Retards chez les fournisseurs<\/p><\/li><li><p>Pannes d\u2019\u00e9quipement ou de logiciels chez des tiers<\/p><\/li><li><p>Mesures gouvernementales<\/p><\/li><li><p>Pannes d\u2019\u00e9lectricit\u00e9, guerre, gr\u00e8ve, probl\u00e8mes de transport<\/p><\/li><li><p>\u00c9pid\u00e9mies ou absence de personnel<\/p><\/li><\/ul><\/li><\/ul><hr \/><h6><strong>9. Responsabilit\u00e9<\/strong><\/h6><ul><li><p>UES n\u2019est pas responsable des dommages caus\u00e9s par :<\/p><ul><li><p>Des produits n\u2019ayant subi aucune transformation ou fabriqu\u00e9s sur prescription du client<\/p><\/li><li><p>Mesures gouvernementales<\/p><\/li><li><p>Une utilisation incorrecte ou des informations incompl\u00e8tes fournies par le client<\/p><\/li><\/ul><\/li><li><p>Pour le B2B, la responsabilit\u00e9 est limit\u00e9e aux dommages directs et au maximum \u00e0 la valeur de la facture, avec un plafond de 45.000 \u20ac.<\/p><\/li><li><p class=\"translation-block\">Pour les consommateurs, la responsabilit\u00e9 ne peut <strong>pas<\/strong> \u00eatre limit\u00e9e en cas de dommages corporels ou de dommages caus\u00e9s intentionnellement ou par n\u00e9gligence grave.<\/p><\/li><\/ul><hr \/><h6><strong>10. Droits de r\u00e9clamation<\/strong><\/h6><ul><li><p>Pour les clients professionnels, les droits de r\u00e9clamation expirent un an apr\u00e8s leur naissance, sauf si la r\u00e9clamation a \u00e9t\u00e9 introduite devant le tribunal comp\u00e9tent dans ce d\u00e9lai.<\/p><\/li><\/ul><hr \/><h6><strong>11. Administration<\/strong><\/h6><ul><li><p>L\u2019administration de UES fait foi compl\u00e8te, sauf preuve contraire apport\u00e9e par le client.<\/p><\/li><\/ul><hr \/><h6><strong>12. Protection des donn\u00e9es<\/strong><\/h6><ul><li><p>UES et le client traitent les donn\u00e9es personnelles conform\u00e9ment au RGPD.<\/p><\/li><li><p>UES agit conform\u00e9ment \u00e0 la d\u00e9claration de confidentialit\u00e9 figurant sur le site web.<\/p><\/li><li><p>Les consommateurs peuvent exercer leurs droits conform\u00e9ment au RGPD.<\/p><\/li><\/ul><hr \/><h6><strong>13. Droit applicable<\/strong><\/h6><ul><li data-start=\"225\" data-end=\"334\"><p data-start=\"227\" data-end=\"334\" class=\"translation-block\"><strong>B2B (clients professionnels) :<\/strong> Les contrats conclus avec des clients professionnels sont soumis au <strong>droit espagnol<\/strong>.<\/p><\/li><li data-start=\"336\" data-end=\"505\"><p data-start=\"338\" data-end=\"505\" class=\"translation-block\"><strong>B2C (consommateurs au sein de l\u2019UE) :<\/strong> Pour les consommateurs, les droits l\u00e9gaux applicables dans leur pays restent en vigueur ; leurs droits ne sont <strong>pas limit\u00e9s<\/strong> par les pr\u00e9sentes conditions.<\/p><\/li><li data-start=\"507\" data-end=\"587\"><p data-start=\"509\" data-end=\"587\" class=\"translation-block\">L\u2019application des dispositions de la <strong>Convention de Vienne sur la vente internationale de marchandises<\/strong> est exclue.<\/p><\/li><\/ul>\t\t\t\t\t\t\t\t<\/div>\n\t\t\t\t<\/div>\n\t\t\t\t\t<\/div>\n\t\t\t\t<\/div>\n\t\t\t\t<\/div>","protected":false},"excerpt":{"rendered":"<p>Algemene voorwaarden Versie: 15 september 2024 1. Toepasselijkheid Deze Algemene Voorwaarden zijn van toepassing op alle rechtsverhoudingen (overeenkomsten, aanbiedingen, offertes) tussen Unique Equine Supplement SL (UES) en een natuurlijke of rechtspersoon (afnemer) voor de levering van producten of diensten. Algemene voorwaarden van afnemers worden door UES niet aanvaard. Werknemers, door UES ingeschakelde derden, en aan [&hellip;]<\/p>\n","protected":false},"author":1,"featured_media":0,"parent":0,"menu_order":0,"comment_status":"closed","ping_status":"closed","template":"elementor_header_footer","meta":{"footnotes":""},"class_list":["post-4151","page","type-page","status-publish","hentry"],"yoast_head":"<!-- This site is optimized with the Yoast SEO plugin v27.5 - https:\/\/yoast.com\/product\/yoast-seo-wordpress\/ -->\n<title>Algemene Voorwaarden - Unique Equine Supplement<\/title>\n<meta name=\"robots\" content=\"index, follow, max-snippet:-1, max-image-preview:large, max-video-preview:-1\" \/>\n<link rel=\"canonical\" href=\"https:\/\/uniqueequinesupplement.com\/fr\/conditions-generales\/\" \/>\n<meta property=\"og:locale\" content=\"fr_FR\" \/>\n<meta property=\"og:type\" content=\"article\" \/>\n<meta property=\"og:title\" content=\"Algemene Voorwaarden - Unique Equine Supplement\" \/>\n<meta property=\"og:description\" content=\"Algemene voorwaarden Versie: 15 september 2024 1. Toepasselijkheid Deze Algemene Voorwaarden zijn van toepassing op alle rechtsverhoudingen (overeenkomsten, aanbiedingen, offertes) tussen Unique Equine Supplement SL (UES) en een natuurlijke of rechtspersoon (afnemer) voor de levering van producten of diensten. Algemene voorwaarden van afnemers worden door UES niet aanvaard. Werknemers, door UES ingeschakelde derden, en aan [&hellip;]\" \/>\n<meta property=\"og:url\" content=\"https:\/\/uniqueequinesupplement.com\/fr\/conditions-generales\/\" \/>\n<meta property=\"og:site_name\" content=\"Unique Equine Supplement\" \/>\n<meta property=\"article:publisher\" content=\"https:\/\/www.facebook.com\/profile.php?id=61566984347114\" \/>\n<meta property=\"article:modified_time\" content=\"2026-03-17T11:03:32+00:00\" \/>\n<meta name=\"twitter:card\" content=\"summary_large_image\" \/>\n<meta name=\"twitter:label1\" content=\"Dur\u00e9e de lecture estim\u00e9e\" \/>\n\t<meta name=\"twitter:data1\" content=\"4 minutes\" \/>\n<script type=\"application\/ld+json\" class=\"yoast-schema-graph\">{\"@context\":\"https:\\\/\\\/schema.org\",\"@graph\":[{\"@type\":\"WebPage\",\"@id\":\"https:\\\/\\\/uniqueequinesupplement.com\\\/algemene-voorwaarden\\\/\",\"url\":\"https:\\\/\\\/uniqueequinesupplement.com\\\/algemene-voorwaarden\\\/\",\"name\":\"Algemene Voorwaarden - Unique Equine Supplement\",\"isPartOf\":{\"@id\":\"https:\\\/\\\/uniqueequinesupplement.com\\\/#website\"},\"datePublished\":\"2024-10-04T12:38:17+00:00\",\"dateModified\":\"2026-03-17T11:03:32+00:00\",\"breadcrumb\":{\"@id\":\"https:\\\/\\\/uniqueequinesupplement.com\\\/algemene-voorwaarden\\\/#breadcrumb\"},\"inLanguage\":\"fr-FR\",\"potentialAction\":[{\"@type\":\"ReadAction\",\"target\":[\"https:\\\/\\\/uniqueequinesupplement.com\\\/algemene-voorwaarden\\\/\"]}]},{\"@type\":\"BreadcrumbList\",\"@id\":\"https:\\\/\\\/uniqueequinesupplement.com\\\/algemene-voorwaarden\\\/#breadcrumb\",\"itemListElement\":[{\"@type\":\"ListItem\",\"position\":1,\"name\":\"Home\",\"item\":\"https:\\\/\\\/uniqueequinesupplement.com\\\/\"},{\"@type\":\"ListItem\",\"position\":2,\"name\":\"Algemene Voorwaarden\"}]},{\"@type\":\"WebSite\",\"@id\":\"https:\\\/\\\/uniqueequinesupplement.com\\\/#website\",\"url\":\"https:\\\/\\\/uniqueequinesupplement.com\\\/\",\"name\":\"Unique Equine Supplement\",\"description\":\"Hoogwaardige supplementen voor paarden\",\"publisher\":{\"@id\":\"https:\\\/\\\/uniqueequinesupplement.com\\\/#organization\"},\"potentialAction\":[{\"@type\":\"SearchAction\",\"target\":{\"@type\":\"EntryPoint\",\"urlTemplate\":\"https:\\\/\\\/uniqueequinesupplement.com\\\/?s={search_term_string}\"},\"query-input\":{\"@type\":\"PropertyValueSpecification\",\"valueRequired\":true,\"valueName\":\"search_term_string\"}}],\"inLanguage\":\"fr-FR\"},{\"@type\":\"Organization\",\"@id\":\"https:\\\/\\\/uniqueequinesupplement.com\\\/#organization\",\"name\":\"Unique Equine Supplement\",\"url\":\"https:\\\/\\\/uniqueequinesupplement.com\\\/\",\"logo\":{\"@type\":\"ImageObject\",\"inLanguage\":\"fr-FR\",\"@id\":\"https:\\\/\\\/uniqueequinesupplement.com\\\/#\\\/schema\\\/logo\\\/image\\\/\",\"url\":\"https:\\\/\\\/uniqueequinesupplement.com\\\/wp-content\\\/uploads\\\/2024\\\/10\\\/Ontwerp-zonder-titel-scaled-e1749110908526.png\",\"contentUrl\":\"https:\\\/\\\/uniqueequinesupplement.com\\\/wp-content\\\/uploads\\\/2024\\\/10\\\/Ontwerp-zonder-titel-scaled-e1749110908526.png\",\"width\":1075,\"height\":755,\"caption\":\"Unique Equine Supplement\"},\"image\":{\"@id\":\"https:\\\/\\\/uniqueequinesupplement.com\\\/#\\\/schema\\\/logo\\\/image\\\/\"},\"sameAs\":[\"https:\\\/\\\/www.facebook.com\\\/profile.php?id=61566984347114\",\"https:\\\/\\\/www.instagram.com\\\/uniqueequinesupplement\\\/\"]}]}<\/script>\n<!-- \/ Yoast SEO plugin. -->","yoast_head_json":{"title":"Conditions g\u00e9n\u00e9rales - Unique Equine Supplement","robots":{"index":"index","follow":"follow","max-snippet":"max-snippet:-1","max-image-preview":"max-image-preview:large","max-video-preview":"max-video-preview:-1"},"canonical":"https:\/\/uniqueequinesupplement.com\/fr\/conditions-generales\/","og_locale":"fr_FR","og_type":"article","og_title":"Algemene Voorwaarden - Unique Equine Supplement","og_description":"Algemene voorwaarden Versie: 15 september 2024 1. Toepasselijkheid Deze Algemene Voorwaarden zijn van toepassing op alle rechtsverhoudingen (overeenkomsten, aanbiedingen, offertes) tussen Unique Equine Supplement SL (UES) en een natuurlijke of rechtspersoon (afnemer) voor de levering van producten of diensten. Algemene voorwaarden van afnemers worden door UES niet aanvaard. Werknemers, door UES ingeschakelde derden, en aan [&hellip;]","og_url":"https:\/\/uniqueequinesupplement.com\/fr\/conditions-generales\/","og_site_name":"Unique Equine Supplement","article_publisher":"https:\/\/www.facebook.com\/profile.php?id=61566984347114","article_modified_time":"2026-03-17T11:03:32+00:00","twitter_card":"summary_large_image","twitter_misc":{"Dur\u00e9e de lecture estim\u00e9e":"4 minutes"},"schema":{"@context":"https:\/\/schema.org","@graph":[{"@type":"WebPage","@id":"https:\/\/uniqueequinesupplement.com\/algemene-voorwaarden\/","url":"https:\/\/uniqueequinesupplement.com\/algemene-voorwaarden\/","name":"Conditions g\u00e9n\u00e9rales - Unique Equine Supplement","isPartOf":{"@id":"https:\/\/uniqueequinesupplement.com\/#website"},"datePublished":"2024-10-04T12:38:17+00:00","dateModified":"2026-03-17T11:03:32+00:00","breadcrumb":{"@id":"https:\/\/uniqueequinesupplement.com\/algemene-voorwaarden\/#breadcrumb"},"inLanguage":"fr-FR","potentialAction":[{"@type":"ReadAction","target":["https:\/\/uniqueequinesupplement.com\/algemene-voorwaarden\/"]}]},{"@type":"BreadcrumbList","@id":"https:\/\/uniqueequinesupplement.com\/algemene-voorwaarden\/#breadcrumb","itemListElement":[{"@type":"ListItem","position":1,"name":"Home","item":"https:\/\/uniqueequinesupplement.com\/"},{"@type":"ListItem","position":2,"name":"Algemene Voorwaarden"}]},{"@type":"WebSite","@id":"https:\/\/uniqueequinesupplement.com\/#website","url":"https:\/\/uniqueequinesupplement.com\/","name":"Suppl\u00e9ment \u00e9quin unique","description":"Compl\u00e9ments de haute qualit\u00e9 pour chevaux","publisher":{"@id":"https:\/\/uniqueequinesupplement.com\/#organization"},"potentialAction":[{"@type":"SearchAction","target":{"@type":"EntryPoint","urlTemplate":"https:\/\/uniqueequinesupplement.com\/?s={search_term_string}"},"query-input":{"@type":"PropertyValueSpecification","valueRequired":true,"valueName":"search_term_string"}}],"inLanguage":"fr-FR"},{"@type":"Organization","@id":"https:\/\/uniqueequinesupplement.com\/#organization","name":"Suppl\u00e9ment \u00e9quin unique","url":"https:\/\/uniqueequinesupplement.com\/","logo":{"@type":"ImageObject","inLanguage":"fr-FR","@id":"https:\/\/uniqueequinesupplement.com\/#\/schema\/logo\/image\/","url":"https:\/\/uniqueequinesupplement.com\/wp-content\/uploads\/2024\/10\/Ontwerp-zonder-titel-scaled-e1749110908526.png","contentUrl":"https:\/\/uniqueequinesupplement.com\/wp-content\/uploads\/2024\/10\/Ontwerp-zonder-titel-scaled-e1749110908526.png","width":1075,"height":755,"caption":"Unique Equine Supplement"},"image":{"@id":"https:\/\/uniqueequinesupplement.com\/#\/schema\/logo\/image\/"},"sameAs":["https:\/\/www.facebook.com\/profile.php?id=61566984347114","https:\/\/www.instagram.com\/uniqueequinesupplement\/"]}]}},"jetpack_sharing_enabled":true,"_links":{"self":[{"href":"https:\/\/uniqueequinesupplement.com\/fr\/wp-json\/wp\/v2\/pages\/4151","targetHints":{"allow":["GET"]}}],"collection":[{"href":"https:\/\/uniqueequinesupplement.com\/fr\/wp-json\/wp\/v2\/pages"}],"about":[{"href":"https:\/\/uniqueequinesupplement.com\/fr\/wp-json\/wp\/v2\/types\/page"}],"author":[{"embeddable":true,"href":"https:\/\/uniqueequinesupplement.com\/fr\/wp-json\/wp\/v2\/users\/1"}],"replies":[{"embeddable":true,"href":"https:\/\/uniqueequinesupplement.com\/fr\/wp-json\/wp\/v2\/comments?post=4151"}],"version-history":[{"count":3,"href":"https:\/\/uniqueequinesupplement.com\/fr\/wp-json\/wp\/v2\/pages\/4151\/revisions"}],"predecessor-version":[{"id":17340,"href":"https:\/\/uniqueequinesupplement.com\/fr\/wp-json\/wp\/v2\/pages\/4151\/revisions\/17340"}],"wp:attachment":[{"href":"https:\/\/uniqueequinesupplement.com\/fr\/wp-json\/wp\/v2\/media?parent=4151"}],"curies":[{"name":"wp","href":"https:\/\/api.w.org\/{rel}","templated":true}]}}