{"id":5380,"date":"2024-10-17T09:48:17","date_gmt":"2024-10-17T07:48:17","guid":{"rendered":"https:\/\/uniqueequinesupplement.com\/?page_id=5380"},"modified":"2026-03-17T12:25:00","modified_gmt":"2026-03-17T11:25:00","slug":"politique-de-confidentialite","status":"publish","type":"page","link":"https:\/\/uniqueequinesupplement.com\/fr\/privacy-beleid\/","title":{"rendered":"Politique de confidentialit\u00e9"},"content":{"rendered":"<div data-elementor-type=\"wp-page\" data-elementor-id=\"5380\" class=\"elementor elementor-5380\" data-elementor-post-type=\"page\">\n\t\t\t\t<div class=\"elementor-element elementor-element-42bfd01 e-flex e-con-boxed e-con e-parent\" data-id=\"42bfd01\" data-element_type=\"container\" data-e-type=\"container\">\n\t\t\t\t\t<div class=\"e-con-inner\">\n\t\t\t\t<div class=\"elementor-element elementor-element-813a470 elementor-widget elementor-widget-heading\" data-id=\"813a470\" data-element_type=\"widget\" data-e-type=\"widget\" data-widget_type=\"heading.default\">\n\t\t\t\t<div class=\"elementor-widget-container\">\n\t\t\t\t\t<h2 class=\"elementor-heading-title elementor-size-default\">Politique de confidentialit\u00e9<\/h2>\t\t\t\t<\/div>\n\t\t\t\t<\/div>\n\t\t\t\t<div class=\"elementor-element elementor-element-198837a elementor-widget elementor-widget-text-editor\" data-id=\"198837a\" data-element_type=\"widget\" data-e-type=\"widget\" data-widget_type=\"text-editor.default\">\n\t\t\t\t<div class=\"elementor-widget-container\">\n\t\t\t\t\t\t\t\t\t<p data-start=\"333\" data-end=\"528\">Unique Equine Supplement SL (\u00ab UES \u00bb, \u00ab nous \u00bb) respecte votre vie priv\u00e9e et prot\u00e8ge vos donn\u00e9es personnelles. Cette politique explique quelles donn\u00e9es nous collectons, pourquoi nous les collectons et quels sont vos droits.<\/p><hr data-start=\"530\" data-end=\"533\" \/><h6 data-start=\"535\" data-end=\"563\"><strong data-start=\"539\" data-end=\"563\">1. Responsable du traitement des donn\u00e9es<\/strong><\/h6><ul data-start=\"564\" data-end=\"728\"><li data-start=\"564\" data-end=\"605\"><p data-start=\"566\" data-end=\"605\"><strong>Nom :<\/strong> Unique Equine Supplement SL<br><\/p><\/li><li data-start=\"606\" data-end=\"680\"><p data-start=\"608\" data-end=\"680\"><strong>Adresse :<\/strong> Calle Antonio Machado 16, 41240 Almad\u00e9n de la Plata, Espagne<br><\/p><\/li><li data-start=\"681\" data-end=\"728\"><p data-start=\"683\" data-end=\"728\"><strong>E-mail :<\/strong> info@uniqueequinesupplement.com <a class=\"decorated-link cursor-pointer\" rel=\"noopener\" data-start=\"695\" data-end=\"726\">info@uniqueequinesupplement.com<\/a><\/p><\/li><\/ul><hr data-start=\"730\" data-end=\"733\" \/><h6 data-start=\"735\" data-end=\"774\"><strong data-start=\"739\" data-end=\"774\">2. <strong>Quelles donn\u00e9es nous collectons<\/strong><br><\/strong><\/h6><ul data-start=\"775\" data-end=\"1057\"><li data-start=\"775\" data-end=\"892\"><p data-start=\"777\" data-end=\"892\"><strong>Automatiquement lors de la visite :<\/strong> adresse IP, navigateur, fuseau horaire, cookies, pages visit\u00e9es, utilisation de notre site web.<br><\/p><\/li><li data-start=\"893\" data-end=\"987\"><p data-start=\"895\" data-end=\"987\"><strong>Lors de l\u2019inscription ou de la commande :<\/strong> nom, adresse, e-mail, num\u00e9ro de t\u00e9l\u00e9phone, informations de paiement.<br><\/p><\/li><li data-start=\"988\" data-end=\"1057\"><p data-start=\"990\" data-end=\"1057\"><strong>Informations suppl\u00e9mentaires :<\/strong> avis ou commentaires que vous laissez.<\/p><\/li><\/ul><hr data-start=\"1059\" data-end=\"1062\" \/><h6 data-start=\"1064\" data-end=\"1106\"><strong data-start=\"1068\" data-end=\"1106\">3. <strong>Pourquoi nous utilisons vos donn\u00e9es<\/strong><br><\/strong><\/h6><p data-start=\"1107\" data-end=\"1171\">Nous n\u2019utilisons vos donn\u00e9es que pour des finalit\u00e9s n\u00e9cessaires :<br><\/p><ul data-start=\"1172\" data-end=\"1429\"><li data-start=\"1172\" data-end=\"1218\"><p data-start=\"1174\" data-end=\"1218\">- Le traitement et la livraison de votre commande<br><\/p><\/li><li data-start=\"1219\" data-end=\"1253\"><p data-start=\"1221\" data-end=\"1253\">- La communication et le service client<br><\/p><\/li><li data-start=\"1254\" data-end=\"1324\"><p data-start=\"1256\" data-end=\"1324\">- L\u2019envoi de newsletters ou de communications marketing (si vous y consentez)<br><\/p><\/li><li data-start=\"1325\" data-end=\"1389\"><p data-start=\"1327\" data-end=\"1389\">- L\u2019analyse de l\u2019utilisation du site web et l\u2019am\u00e9lioration de notre site<br><\/p><\/li><li data-start=\"1390\" data-end=\"1429\"><p data-start=\"1392\" data-end=\"1429\">- La s\u00e9curit\u00e9 et la pr\u00e9vention de la fraude<\/p><\/li><\/ul><hr data-start=\"1431\" data-end=\"1434\" \/><h6 data-start=\"1436\" data-end=\"1462\"><strong data-start=\"1440\" data-end=\"1462\">4. <strong>Base juridique<\/strong><br><\/strong><\/h6><p data-start=\"1463\" data-end=\"1503\">Nous traitons vos donn\u00e9es sur la base de :<br><\/p><ul data-start=\"1504\" data-end=\"1694\"><li data-start=\"1504\" data-end=\"1568\"><p data-start=\"1506\" data-end=\"1568\">- <strong>Contrat :<\/strong> pour l\u2019ex\u00e9cution de votre commande ou service<br><\/p><\/li><li data-start=\"1569\" data-end=\"1621\"><p data-start=\"1571\" data-end=\"1621\">- <strong>Consentement :<\/strong> par exemple pour les newsletters<br><\/p><\/li><li data-start=\"1622\" data-end=\"1694\"><p data-start=\"1624\" data-end=\"1694\">- <strong>Int\u00e9r\u00eat l\u00e9gitime :<\/strong> par exemple pour la s\u00e9curit\u00e9 et l\u2019analyse du site web<\/p><\/li><\/ul><hr data-start=\"1696\" data-end=\"1699\" \/><h6 data-start=\"1701\" data-end=\"1727\"><strong data-start=\"1705\" data-end=\"1727\">5. <strong>Dur\u00e9es de conservation<\/strong><br><\/strong><\/h6><ul data-start=\"1728\" data-end=\"1868\"><li data-start=\"1728\" data-end=\"1759\"><p data-start=\"1730\" data-end=\"1759\">- Donn\u00e9es de facturation : 7 ans<br><\/p><\/li><li data-start=\"1760\" data-end=\"1811\"><p data-start=\"1762\" data-end=\"1811\">- Donn\u00e9es de la newsletter : tant que vous \u00eates inscrit(e)<br><\/p><\/li><li data-start=\"1812\" data-end=\"1868\"><p data-start=\"1814\" data-end=\"1868\">- Autres donn\u00e9es : au maximum aussi longtemps que n\u00e9cessaire pour la finalit\u00e9<\/p><\/li><\/ul><hr data-start=\"1870\" data-end=\"1873\" \/><h6 data-start=\"1875\" data-end=\"1933\"><strong data-start=\"1879\" data-end=\"1933\">6. <strong>Partage des donn\u00e9es et transfert international<\/strong><br><\/strong><\/h6><ul data-start=\"1934\" data-end=\"2317\"><li data-start=\"1934\" data-end=\"2095\"><p data-start=\"1936\" data-end=\"2095\">Nous partageons vos donn\u00e9es uniquement avec les partenaires n\u00e9cessaires \u00e0 l\u2019ex\u00e9cution du contrat, tels que notre soci\u00e9t\u00e9 de fulfilment aux Pays-Bas pour l\u2019exp\u00e9dition.<br><\/p><\/li><li data-start=\"2096\" data-end=\"2232\"><p data-start=\"2098\" data-end=\"2232\">Les donn\u00e9es peuvent \u00eatre trait\u00e9es en dehors de l\u2019UE (par ex. Canada, \u00c9tats-Unis) avec des protections appropri\u00e9es, telles que les <em>Clauses contractuelles types de l\u2019UE<\/em>.<br><\/p><\/li><li data-start=\"2233\" data-end=\"2317\"><p data-start=\"2235\" data-end=\"2317\">Nous ne partageons pas vos donn\u00e9es \u00e0 des fins commerciales sans votre consentement.<\/p><\/li><\/ul><hr data-start=\"2319\" data-end=\"2322\" \/><h6 data-start=\"2324\" data-end=\"2359\"><strong data-start=\"2328\" data-end=\"2359\">7. <strong>Vos droits (r\u00e9sidents de l\u2019UE)<\/strong><br><\/strong><\/h6><p data-start=\"2360\" data-end=\"2447\" class=\"translation-block\">Vous pouvez exercer vos droits en envoyant un e-mail \u00e0 <a href=\"mailto:info@uniqueequinesupplement.com\">info@uniqueequinesupplement.com<\/a> :<br><\/p><ul data-start=\"2448\" data-end=\"2790\"><li data-start=\"2448\" data-end=\"2507\"><p data-start=\"2450\" data-end=\"2507\">- <strong>Information et acc\u00e8s :<\/strong> voir quelles donn\u00e9es nous d\u00e9tenons<br><\/p><\/li><li data-start=\"2508\" data-end=\"2560\"><p data-start=\"2510\" data-end=\"2560\">- <strong>Correction :<\/strong> faire rectifier des donn\u00e9es incorrectes<br><\/p><\/li><li data-start=\"2561\" data-end=\"2626\"><p data-start=\"2563\" data-end=\"2626\">- <strong>Suppression :<\/strong> demander la suppression de vos donn\u00e9es dans la mesure du possible<br><\/p><\/li><li data-start=\"2627\" data-end=\"2659\"><p data-start=\"2629\" data-end=\"2659\">- <strong>Limitation du traitement<\/strong><br><\/p><\/li><li data-start=\"2660\" data-end=\"2693\"><p data-start=\"2662\" data-end=\"2693\">- <strong>Portabilit\u00e9 des donn\u00e9es<\/strong><br><\/p><\/li><li data-start=\"2694\" data-end=\"2726\"><p data-start=\"2696\" data-end=\"2726\">- <strong>Opposition au traitement<\/strong><br><\/p><\/li><li data-start=\"2727\" data-end=\"2790\"><p data-start=\"2729\" data-end=\"2790\">- <strong>Droits relatifs \u00e0 la prise de d\u00e9cision automatis\u00e9e \/ profilage<\/strong><\/p><\/li><\/ul><hr data-start=\"2792\" data-end=\"2795\" \/><h6 data-start=\"2797\" data-end=\"2827\"><strong data-start=\"2801\" data-end=\"2827\">8. <strong>Cookies et suivi<\/strong><br><\/strong><\/h6><ul data-start=\"2828\" data-end=\"2999\"><li data-start=\"2828\" data-end=\"2913\"><p data-start=\"2830\" data-end=\"2913\">Nous utilisons des cookies pour am\u00e9liorer notre site web et suivre les statistiques.<br><\/p><\/li><li data-start=\"2914\" data-end=\"2999\"><p data-start=\"2916\" data-end=\"2999\">Pour les cookies de marketing et de suivi, nous demandons votre consentement via une banni\u00e8re de cookies.<br><br><\/p><\/li><\/ul><hr data-start=\"3001\" data-end=\"3004\" \/><h6 data-start=\"3006\" data-end=\"3028\"><strong data-start=\"3010\" data-end=\"3028\"><strong>9. S\u00e9curit\u00e9<\/strong><br><\/strong><\/h6><ul data-start=\"3029\" data-end=\"3227\"><li data-start=\"3029\" data-end=\"3162\"><p data-start=\"3031\" data-end=\"3162\">Nous prot\u00e9geons vos donn\u00e9es par des mesures techniques et organisationnelles raisonnables contre la perte, l\u2019utilisation abusive ou l\u2019acc\u00e8s non autoris\u00e9.<br><\/p><\/li><li data-start=\"3163\" data-end=\"3227\"><p data-start=\"3165\" data-end=\"3227\">Aucun transfert via Internet n\u2019est totalement exempt de risques.<br><\/p><\/li><\/ul><hr data-start=\"3229\" data-end=\"3232\" \/><h6 data-start=\"3234\" data-end=\"3272\"><strong data-start=\"3238\" data-end=\"3272\"><strong>10. Liens vers d\u2019autres sites web<\/strong><br><\/strong><\/h6><ul data-start=\"3273\" data-end=\"3413\"><li data-start=\"3273\" data-end=\"3330\"><p data-start=\"3275\" data-end=\"3330\">Notre site peut contenir des liens vers d\u2019autres sites web.<br><\/p><\/li><li data-start=\"3331\" data-end=\"3413\"><p data-start=\"3333\" data-end=\"3413\">Nous ne sommes pas responsables des pratiques de confidentialit\u00e9 de ces sites.<br><\/p><\/li><\/ul><hr data-start=\"3415\" data-end=\"3418\" \/><h6 data-start=\"3420\" data-end=\"3457\"><strong data-start=\"3424\" data-end=\"3457\"><strong>11. Divulgation l\u00e9gale<\/strong><br><\/strong><\/h6><ul data-start=\"3458\" data-end=\"3599\"><li data-start=\"3458\" data-end=\"3599\"><p data-start=\"3460\" data-end=\"3599\">Nous pouvons divulguer des informations si la loi l\u2019exige, ou pour prot\u00e9ger nos droits, votre s\u00e9curit\u00e9 ou la s\u00e9curit\u00e9 des autres.<\/p><\/li><\/ul>\t\t\t\t\t\t\t\t<\/div>\n\t\t\t\t<\/div>\n\t\t\t\t\t<\/div>\n\t\t\t\t<\/div>\n\t\t\t\t<\/div>","protected":false},"excerpt":{"rendered":"<p>privacybeleid Unique Equine Supplement SL (\u201cUES\u201d, \u201cwij\u201d) respecteert uw privacy en beschermt uw persoonsgegevens. Dit beleid legt uit welke gegevens we verzamelen, waarom we dat doen, en welke rechten u heeft. 1. Gegevensbeheerder Naam: Unique Equine Supplement SL Adres: Calle Antonio Machado 16, 41240 Almad\u00e9n de la Plata, Espa\u00f1a E-mail: info@uniqueequinesupplement.com 2. Welke gegevens we [&hellip;]<\/p>\n","protected":false},"author":1,"featured_media":0,"parent":0,"menu_order":0,"comment_status":"closed","ping_status":"closed","template":"elementor_header_footer","meta":{"footnotes":""},"class_list":["post-5380","page","type-page","status-publish","hentry"],"yoast_head":"<!-- This site is optimized with the Yoast SEO plugin v27.5 - https:\/\/yoast.com\/product\/yoast-seo-wordpress\/ -->\n<title>Privacybeleid - Unique Equine Supplement<\/title>\n<meta name=\"robots\" content=\"index, follow, max-snippet:-1, max-image-preview:large, max-video-preview:-1\" \/>\n<link rel=\"canonical\" href=\"https:\/\/uniqueequinesupplement.com\/fr\/politique-de-confidentialite\/\" \/>\n<meta property=\"og:locale\" content=\"fr_FR\" \/>\n<meta property=\"og:type\" content=\"article\" \/>\n<meta property=\"og:title\" content=\"Privacybeleid - Unique Equine Supplement\" \/>\n<meta property=\"og:description\" content=\"privacybeleid Unique Equine Supplement SL (\u201cUES\u201d, \u201cwij\u201d) respecteert uw privacy en beschermt uw persoonsgegevens. Dit beleid legt uit welke gegevens we verzamelen, waarom we dat doen, en welke rechten u heeft. 1. Gegevensbeheerder Naam: Unique Equine Supplement SL Adres: Calle Antonio Machado 16, 41240 Almad\u00e9n de la Plata, Espa\u00f1a E-mail: info@uniqueequinesupplement.com 2. Welke gegevens we [&hellip;]\" \/>\n<meta property=\"og:url\" content=\"https:\/\/uniqueequinesupplement.com\/fr\/politique-de-confidentialite\/\" \/>\n<meta property=\"og:site_name\" content=\"Unique Equine Supplement\" \/>\n<meta property=\"article:publisher\" content=\"https:\/\/www.facebook.com\/profile.php?id=61566984347114\" \/>\n<meta property=\"article:modified_time\" content=\"2026-03-17T11:25:00+00:00\" \/>\n<meta name=\"twitter:card\" content=\"summary_large_image\" \/>\n<meta name=\"twitter:label1\" content=\"Dur\u00e9e de lecture estim\u00e9e\" \/>\n\t<meta name=\"twitter:data1\" content=\"2 minutes\" \/>\n<script type=\"application\/ld+json\" class=\"yoast-schema-graph\">{\"@context\":\"https:\\\/\\\/schema.org\",\"@graph\":[{\"@type\":\"WebPage\",\"@id\":\"https:\\\/\\\/uniqueequinesupplement.com\\\/privacy-beleid\\\/\",\"url\":\"https:\\\/\\\/uniqueequinesupplement.com\\\/privacy-beleid\\\/\",\"name\":\"Privacybeleid - Unique Equine Supplement\",\"isPartOf\":{\"@id\":\"https:\\\/\\\/uniqueequinesupplement.com\\\/#website\"},\"datePublished\":\"2024-10-17T07:48:17+00:00\",\"dateModified\":\"2026-03-17T11:25:00+00:00\",\"breadcrumb\":{\"@id\":\"https:\\\/\\\/uniqueequinesupplement.com\\\/privacy-beleid\\\/#breadcrumb\"},\"inLanguage\":\"fr-FR\",\"potentialAction\":[{\"@type\":\"ReadAction\",\"target\":[\"https:\\\/\\\/uniqueequinesupplement.com\\\/privacy-beleid\\\/\"]}]},{\"@type\":\"BreadcrumbList\",\"@id\":\"https:\\\/\\\/uniqueequinesupplement.com\\\/privacy-beleid\\\/#breadcrumb\",\"itemListElement\":[{\"@type\":\"ListItem\",\"position\":1,\"name\":\"Home\",\"item\":\"https:\\\/\\\/uniqueequinesupplement.com\\\/\"},{\"@type\":\"ListItem\",\"position\":2,\"name\":\"Privacybeleid\"}]},{\"@type\":\"WebSite\",\"@id\":\"https:\\\/\\\/uniqueequinesupplement.com\\\/#website\",\"url\":\"https:\\\/\\\/uniqueequinesupplement.com\\\/\",\"name\":\"Unique Equine Supplement\",\"description\":\"Hoogwaardige supplementen voor paarden\",\"publisher\":{\"@id\":\"https:\\\/\\\/uniqueequinesupplement.com\\\/#organization\"},\"potentialAction\":[{\"@type\":\"SearchAction\",\"target\":{\"@type\":\"EntryPoint\",\"urlTemplate\":\"https:\\\/\\\/uniqueequinesupplement.com\\\/?s={search_term_string}\"},\"query-input\":{\"@type\":\"PropertyValueSpecification\",\"valueRequired\":true,\"valueName\":\"search_term_string\"}}],\"inLanguage\":\"fr-FR\"},{\"@type\":\"Organization\",\"@id\":\"https:\\\/\\\/uniqueequinesupplement.com\\\/#organization\",\"name\":\"Unique Equine Supplement\",\"url\":\"https:\\\/\\\/uniqueequinesupplement.com\\\/\",\"logo\":{\"@type\":\"ImageObject\",\"inLanguage\":\"fr-FR\",\"@id\":\"https:\\\/\\\/uniqueequinesupplement.com\\\/#\\\/schema\\\/logo\\\/image\\\/\",\"url\":\"https:\\\/\\\/uniqueequinesupplement.com\\\/wp-content\\\/uploads\\\/2024\\\/10\\\/Ontwerp-zonder-titel-scaled-e1749110908526.png\",\"contentUrl\":\"https:\\\/\\\/uniqueequinesupplement.com\\\/wp-content\\\/uploads\\\/2024\\\/10\\\/Ontwerp-zonder-titel-scaled-e1749110908526.png\",\"width\":1075,\"height\":755,\"caption\":\"Unique Equine Supplement\"},\"image\":{\"@id\":\"https:\\\/\\\/uniqueequinesupplement.com\\\/#\\\/schema\\\/logo\\\/image\\\/\"},\"sameAs\":[\"https:\\\/\\\/www.facebook.com\\\/profile.php?id=61566984347114\",\"https:\\\/\\\/www.instagram.com\\\/uniqueequinesupplement\\\/\"]}]}<\/script>\n<!-- \/ Yoast SEO plugin. -->","yoast_head_json":{"title":"Politique de confidentialit\u00e9 - Unique Equine Supplement","robots":{"index":"index","follow":"follow","max-snippet":"max-snippet:-1","max-image-preview":"max-image-preview:large","max-video-preview":"max-video-preview:-1"},"canonical":"https:\/\/uniqueequinesupplement.com\/fr\/politique-de-confidentialite\/","og_locale":"fr_FR","og_type":"article","og_title":"Privacybeleid - Unique Equine Supplement","og_description":"privacybeleid Unique Equine Supplement SL (\u201cUES\u201d, \u201cwij\u201d) respecteert uw privacy en beschermt uw persoonsgegevens. Dit beleid legt uit welke gegevens we verzamelen, waarom we dat doen, en welke rechten u heeft. 1. Gegevensbeheerder Naam: Unique Equine Supplement SL Adres: Calle Antonio Machado 16, 41240 Almad\u00e9n de la Plata, Espa\u00f1a E-mail: info@uniqueequinesupplement.com 2. Welke gegevens we [&hellip;]","og_url":"https:\/\/uniqueequinesupplement.com\/fr\/politique-de-confidentialite\/","og_site_name":"Unique Equine Supplement","article_publisher":"https:\/\/www.facebook.com\/profile.php?id=61566984347114","article_modified_time":"2026-03-17T11:25:00+00:00","twitter_card":"summary_large_image","twitter_misc":{"Dur\u00e9e de lecture estim\u00e9e":"2 minutes"},"schema":{"@context":"https:\/\/schema.org","@graph":[{"@type":"WebPage","@id":"https:\/\/uniqueequinesupplement.com\/privacy-beleid\/","url":"https:\/\/uniqueequinesupplement.com\/privacy-beleid\/","name":"Politique de confidentialit\u00e9 - Unique Equine Supplement","isPartOf":{"@id":"https:\/\/uniqueequinesupplement.com\/#website"},"datePublished":"2024-10-17T07:48:17+00:00","dateModified":"2026-03-17T11:25:00+00:00","breadcrumb":{"@id":"https:\/\/uniqueequinesupplement.com\/privacy-beleid\/#breadcrumb"},"inLanguage":"fr-FR","potentialAction":[{"@type":"ReadAction","target":["https:\/\/uniqueequinesupplement.com\/privacy-beleid\/"]}]},{"@type":"BreadcrumbList","@id":"https:\/\/uniqueequinesupplement.com\/privacy-beleid\/#breadcrumb","itemListElement":[{"@type":"ListItem","position":1,"name":"Home","item":"https:\/\/uniqueequinesupplement.com\/"},{"@type":"ListItem","position":2,"name":"Privacybeleid"}]},{"@type":"WebSite","@id":"https:\/\/uniqueequinesupplement.com\/#website","url":"https:\/\/uniqueequinesupplement.com\/","name":"Suppl\u00e9ment \u00e9quin unique","description":"Compl\u00e9ments de haute qualit\u00e9 pour chevaux","publisher":{"@id":"https:\/\/uniqueequinesupplement.com\/#organization"},"potentialAction":[{"@type":"SearchAction","target":{"@type":"EntryPoint","urlTemplate":"https:\/\/uniqueequinesupplement.com\/?s={search_term_string}"},"query-input":{"@type":"PropertyValueSpecification","valueRequired":true,"valueName":"search_term_string"}}],"inLanguage":"fr-FR"},{"@type":"Organization","@id":"https:\/\/uniqueequinesupplement.com\/#organization","name":"Suppl\u00e9ment \u00e9quin unique","url":"https:\/\/uniqueequinesupplement.com\/","logo":{"@type":"ImageObject","inLanguage":"fr-FR","@id":"https:\/\/uniqueequinesupplement.com\/#\/schema\/logo\/image\/","url":"https:\/\/uniqueequinesupplement.com\/wp-content\/uploads\/2024\/10\/Ontwerp-zonder-titel-scaled-e1749110908526.png","contentUrl":"https:\/\/uniqueequinesupplement.com\/wp-content\/uploads\/2024\/10\/Ontwerp-zonder-titel-scaled-e1749110908526.png","width":1075,"height":755,"caption":"Unique Equine Supplement"},"image":{"@id":"https:\/\/uniqueequinesupplement.com\/#\/schema\/logo\/image\/"},"sameAs":["https:\/\/www.facebook.com\/profile.php?id=61566984347114","https:\/\/www.instagram.com\/uniqueequinesupplement\/"]}]}},"jetpack_sharing_enabled":true,"_links":{"self":[{"href":"https:\/\/uniqueequinesupplement.com\/fr\/wp-json\/wp\/v2\/pages\/5380","targetHints":{"allow":["GET"]}}],"collection":[{"href":"https:\/\/uniqueequinesupplement.com\/fr\/wp-json\/wp\/v2\/pages"}],"about":[{"href":"https:\/\/uniqueequinesupplement.com\/fr\/wp-json\/wp\/v2\/types\/page"}],"author":[{"embeddable":true,"href":"https:\/\/uniqueequinesupplement.com\/fr\/wp-json\/wp\/v2\/users\/1"}],"replies":[{"embeddable":true,"href":"https:\/\/uniqueequinesupplement.com\/fr\/wp-json\/wp\/v2\/comments?post=5380"}],"version-history":[{"count":3,"href":"https:\/\/uniqueequinesupplement.com\/fr\/wp-json\/wp\/v2\/pages\/5380\/revisions"}],"predecessor-version":[{"id":17343,"href":"https:\/\/uniqueequinesupplement.com\/fr\/wp-json\/wp\/v2\/pages\/5380\/revisions\/17343"}],"wp:attachment":[{"href":"https:\/\/uniqueequinesupplement.com\/fr\/wp-json\/wp\/v2\/media?parent=5380"}],"curies":[{"name":"wp","href":"https:\/\/api.w.org\/{rel}","templated":true}]}}