{"id":10164,"date":"2025-05-31T14:00:44","date_gmt":"2025-05-31T12:00:44","guid":{"rendered":"https:\/\/uniqueequinesupplement.com\/?post_type=product&#038;p=10164"},"modified":"2026-05-01T02:31:14","modified_gmt":"2026-05-01T00:31:14","slug":"unique-cl20","status":"publish","type":"product","link":"https:\/\/uniqueequinesupplement.com\/fr\/product\/unique-cl20\/","title":{"rendered":"Unique CL20"},"content":{"rendered":"<div data-elementor-type=\"product-post\" data-elementor-id=\"10164\" class=\"elementor elementor-10164\" data-elementor-post-type=\"product\">\n\t\t\t\t<div class=\"elementor-element elementor-element-62e67800 e-flex e-con-boxed e-con e-parent\" data-id=\"62e67800\" data-element_type=\"container\" data-e-type=\"container\">\n\t\t\t\t\t<div class=\"e-con-inner\">\n\t\t\t\t<div class=\"elementor-element elementor-element-38332249 elementor-widget elementor-widget-text-editor\" data-id=\"38332249\" data-element_type=\"widget\" data-e-type=\"widget\" data-widget_type=\"text-editor.default\">\n\t\t\t\t<div class=\"elementor-widget-container\">\n\t\t\t\t\t\t\t\t\t<p data-start=\"272\" data-end=\"523\"><strong data-start=\"272\" data-end=\"335\">Unique CL20 Balance Booster - 1 litre (avec bouchon doseur pratique) <\/strong>est un <strong data-start=\"345\" data-end=\"386\">100% suppl\u00e9ment liquide sans sucre<\/strong> sp\u00e9cialement con\u00e7u pour les chevaux pr\u00e9sentant un d\u00e9s\u00e9quilibre hormonal, comme dans la maladie de Cushing (PPID), l'EMS, la r\u00e9sistance \u00e0 l'insuline et la fourbure.<\/p><p data-start=\"525\" data-end=\"827\">D\u00e9velopp\u00e9e en collaboration avec des sp\u00e9cialistes de la nutrition et des v\u00e9t\u00e9rinaires, la formule soutient les fonctions de l'organisme. <strong data-start=\"616\" data-end=\"688\">l'\u00e9quilibre hormonal naturel, la fonction h\u00e9patique, le m\u00e9tabolisme et la r\u00e9sistance.<\/strong> En outre, Unique CL20 contribue \u00e0 <strong data-start=\"726\" data-end=\"752\">des sabots sains et solides<\/strong> et convient parfaitement aux chevaux souffrant de probl\u00e8mes de sabots ou ayant subi un d\u00e9crottage.<\/p><p data-start=\"829\" data-end=\"1136\"><strong data-start=\"829\" data-end=\"858\">Avantages<\/strong><br \/>\u2714 Favorise l'\u00e9quilibre, la vitalit\u00e9 et la sant\u00e9 globale<br data-start=\"914\" data-end=\"917\" \/>\u2714 100% sans sucre et adapt\u00e9 aux troubles du m\u00e9tabolisme<br data-start=\"974\" data-end=\"977\" \/>\u2714 Favorise l'\u00e9quilibre h\u00e9patique et hormonal<br data-start=\"1013\" data-end=\"1016\" \/>\u2714 Contribue \u00e0 des sabots forts et sains<br data-start=\"1055\" data-end=\"1058\" \/>\u2714 Convient pour une utilisation \u00e0 long terme<br data-start=\"1091\" data-end=\"1094\" \/>R\u00e9sultat visible en 15 \u00e0 20 jours<\/p><p data-start=\"1138\" data-end=\"1191\"><strong data-start=\"1160\" data-end=\"1191\">Qualit\u00e9 et production<br \/><\/strong>Produit en Belgique par un fabricant certifi\u00e9 FCA, selon des processus de qualit\u00e9 contr\u00f4l\u00e9s.<\/p><p data-start=\"1193\" data-end=\"1377\"><strong data-start=\"1193\" data-end=\"1236\">Informations multilingues sur l'emballage :<br \/><\/strong>NL - EN - ES - DE - FR. Ouvrez le coin en bas \u00e0 gauche de la bouteille pour d\u00e9plier l'\u00e9tiquette et lire facilement les informations dans votre propre langue.<\/p>\t\t\t\t\t\t\t\t<\/div>\n\t\t\t\t<\/div>\n\t\t\t\t\t<\/div>\n\t\t\t\t<\/div>\n\t\t\t\t<\/div>","protected":false},"excerpt":{"rendered":"<div class=\"elementor-element elementor-element-93ffd88 elementor-widget elementor-widget-text-editor\" data-id=\"93ffd88\" data-element_type=\"widget\" data-widget_type=\"text-editor.default\">\n<div class=\"elementor-widget-container\">\n<p data-start=\"293\" data-end=\"342\">\u00c9quilibre \u2022 M\u00e9tabolisme \u2022 Sabots<\/p>\n<\/div>\n<\/div>","protected":false},"featured_media":16905,"comment_status":"closed","ping_status":"closed","template":"","meta":[],"product_brand":[],"product_cat":[475],"product_tag":[185,182,164,165,179,170,171,172,176,180,168,181,166,184,177,175,186,183,83,174,173,91,163,178],"class_list":{"0":"post-10164","1":"product","2":"type-product","3":"status-publish","4":"has-post-thumbnail","6":"product_cat-balance-booster","7":"product_tag-artrose","8":"product_tag-balancebooster","9":"product_tag-cl20","10":"product_tag-cushing","11":"product_tag-dopingvrij","12":"product_tag-ems","13":"product_tag-hoefbevangenheid","14":"product_tag-hoefgezondheid","15":"product_tag-hoefherstel","16":"product_tag-hormonalebalans","17":"product_tag-hormoonbehandeling","18":"product_tag-insulineresistentie","19":"product_tag-laminitis","20":"product_tag-lever","21":"product_tag-leverfunctie","22":"product_tag-ontschoening","23":"product_tag-overgewicht","24":"product_tag-paardengezondheid","25":"product_tag-paardensupplement","26":"product_tag-stofwisseling","27":"product_tag-suikervrij","28":"product_tag-supplement","29":"product_tag-uniquecl20","30":"product_tag-vachtconditie","32":"first","33":"outofstock","34":"featured","35":"taxable","36":"shipping-taxable","37":"purchasable","38":"product-type-simple"},"yoast_head":"<!-- This site is optimized with the Yoast SEO plugin v27.5 - https:\/\/yoast.com\/product\/yoast-seo-wordpress\/ -->\n<title>Unique CL20 Balance Booster | Balans &amp; welzijn paard<\/title>\n<meta name=\"description\" content=\"Unique CL20 Balance Booster ondersteunt de natuurlijke balans en stofwisseling van het paard met zorgvuldig geselecteerde vitaminen, sporenelementen en plantenextracten. Voor dagelijks welzijn en vitaliteit.\" \/>\n<meta name=\"robots\" content=\"index, follow, max-snippet:-1, max-image-preview:large, max-video-preview:-1\" \/>\n<link rel=\"canonical\" href=\"https:\/\/uniqueequinesupplement.com\/fr\/product\/unique-cl20\/\" \/>\n<meta property=\"og:locale\" content=\"fr_FR\" \/>\n<meta property=\"og:type\" content=\"article\" \/>\n<meta property=\"og:title\" content=\"Unique CL20 Balance Booster | Balans &amp; welzijn paard\" \/>\n<meta property=\"og:description\" content=\"Unique CL20 Balance Booster ondersteunt de natuurlijke balans en stofwisseling van het paard met zorgvuldig geselecteerde vitaminen, sporenelementen en plantenextracten. Voor dagelijks welzijn en vitaliteit.\" \/>\n<meta property=\"og:url\" content=\"https:\/\/uniqueequinesupplement.com\/fr\/product\/unique-cl20\/\" \/>\n<meta property=\"og:site_name\" content=\"Unique Equine Supplement\" \/>\n<meta property=\"article:publisher\" content=\"https:\/\/www.facebook.com\/profile.php?id=61566984347114\" \/>\n<meta property=\"article:modified_time\" content=\"2026-05-01T00:31:14+00:00\" \/>\n<meta property=\"og:image\" content=\"https:\/\/uniqueequinesupplement.com\/wp-content\/uploads\/2026\/01\/CL20-productafbeeldingop-zwart.png\" \/>\n\t<meta property=\"og:image:width\" content=\"1200\" \/>\n\t<meta property=\"og:image:height\" content=\"1200\" \/>\n\t<meta property=\"og:image:type\" content=\"image\/png\" \/>\n<meta name=\"twitter:card\" content=\"summary_large_image\" \/>\n<meta name=\"twitter:label1\" content=\"Dur\u00e9e de lecture estim\u00e9e\" \/>\n\t<meta name=\"twitter:data1\" content=\"1 minute\" \/>\n<script type=\"application\/ld+json\" class=\"yoast-schema-graph\">{\"@context\":\"https:\\\/\\\/schema.org\",\"@graph\":[{\"@type\":\"WebPage\",\"@id\":\"https:\\\/\\\/uniqueequinesupplement.com\\\/product\\\/unique-cl20\\\/\",\"url\":\"https:\\\/\\\/uniqueequinesupplement.com\\\/product\\\/unique-cl20\\\/\",\"name\":\"Unique CL20 Balance Booster | Balans & welzijn paard\",\"isPartOf\":{\"@id\":\"https:\\\/\\\/uniqueequinesupplement.com\\\/#website\"},\"primaryImageOfPage\":{\"@id\":\"https:\\\/\\\/uniqueequinesupplement.com\\\/product\\\/unique-cl20\\\/#primaryimage\"},\"image\":{\"@id\":\"https:\\\/\\\/uniqueequinesupplement.com\\\/product\\\/unique-cl20\\\/#primaryimage\"},\"thumbnailUrl\":\"https:\\\/\\\/uniqueequinesupplement.com\\\/wp-content\\\/uploads\\\/2026\\\/01\\\/CL20-productafbeeldingop-zwart.png\",\"datePublished\":\"2025-05-31T12:00:44+00:00\",\"dateModified\":\"2026-05-01T00:31:14+00:00\",\"description\":\"Unique CL20 Balance Booster ondersteunt de natuurlijke balans en stofwisseling van het paard met zorgvuldig geselecteerde vitaminen, sporenelementen en plantenextracten. Voor dagelijks welzijn en vitaliteit.\",\"breadcrumb\":{\"@id\":\"https:\\\/\\\/uniqueequinesupplement.com\\\/product\\\/unique-cl20\\\/#breadcrumb\"},\"inLanguage\":\"fr-FR\",\"potentialAction\":[{\"@type\":\"ReadAction\",\"target\":[\"https:\\\/\\\/uniqueequinesupplement.com\\\/product\\\/unique-cl20\\\/\"]}]},{\"@type\":\"ImageObject\",\"inLanguage\":\"fr-FR\",\"@id\":\"https:\\\/\\\/uniqueequinesupplement.com\\\/product\\\/unique-cl20\\\/#primaryimage\",\"url\":\"https:\\\/\\\/uniqueequinesupplement.com\\\/wp-content\\\/uploads\\\/2026\\\/01\\\/CL20-productafbeeldingop-zwart.png\",\"contentUrl\":\"https:\\\/\\\/uniqueequinesupplement.com\\\/wp-content\\\/uploads\\\/2026\\\/01\\\/CL20-productafbeeldingop-zwart.png\",\"width\":1200,\"height\":1200},{\"@type\":\"BreadcrumbList\",\"@id\":\"https:\\\/\\\/uniqueequinesupplement.com\\\/product\\\/unique-cl20\\\/#breadcrumb\",\"itemListElement\":[{\"@type\":\"ListItem\",\"position\":1,\"name\":\"Home\",\"item\":\"https:\\\/\\\/uniqueequinesupplement.com\\\/\"},{\"@type\":\"ListItem\",\"position\":2,\"name\":\"Winkel\",\"item\":\"https:\\\/\\\/uniqueequinesupplement.com\\\/winkel\\\/\"},{\"@type\":\"ListItem\",\"position\":3,\"name\":\"Unique CL20\"}]},{\"@type\":\"WebSite\",\"@id\":\"https:\\\/\\\/uniqueequinesupplement.com\\\/#website\",\"url\":\"https:\\\/\\\/uniqueequinesupplement.com\\\/\",\"name\":\"Unique Equine Supplement\",\"description\":\"Hoogwaardige supplementen voor paarden\",\"publisher\":{\"@id\":\"https:\\\/\\\/uniqueequinesupplement.com\\\/#organization\"},\"potentialAction\":[{\"@type\":\"SearchAction\",\"target\":{\"@type\":\"EntryPoint\",\"urlTemplate\":\"https:\\\/\\\/uniqueequinesupplement.com\\\/?s={search_term_string}\"},\"query-input\":{\"@type\":\"PropertyValueSpecification\",\"valueRequired\":true,\"valueName\":\"search_term_string\"}}],\"inLanguage\":\"fr-FR\"},{\"@type\":\"Organization\",\"@id\":\"https:\\\/\\\/uniqueequinesupplement.com\\\/#organization\",\"name\":\"Unique Equine Supplement\",\"url\":\"https:\\\/\\\/uniqueequinesupplement.com\\\/\",\"logo\":{\"@type\":\"ImageObject\",\"inLanguage\":\"fr-FR\",\"@id\":\"https:\\\/\\\/uniqueequinesupplement.com\\\/#\\\/schema\\\/logo\\\/image\\\/\",\"url\":\"https:\\\/\\\/uniqueequinesupplement.com\\\/wp-content\\\/uploads\\\/2024\\\/10\\\/Ontwerp-zonder-titel-scaled-e1749110908526.png\",\"contentUrl\":\"https:\\\/\\\/uniqueequinesupplement.com\\\/wp-content\\\/uploads\\\/2024\\\/10\\\/Ontwerp-zonder-titel-scaled-e1749110908526.png\",\"width\":1075,\"height\":755,\"caption\":\"Unique Equine Supplement\"},\"image\":{\"@id\":\"https:\\\/\\\/uniqueequinesupplement.com\\\/#\\\/schema\\\/logo\\\/image\\\/\"},\"sameAs\":[\"https:\\\/\\\/www.facebook.com\\\/profile.php?id=61566984347114\",\"https:\\\/\\\/www.instagram.com\\\/uniqueequinesupplement\\\/\"]}]}<\/script>\n<!-- \/ Yoast SEO plugin. -->","yoast_head_json":{"title":"Unique CL20 Balance Booster | Equilibre et bien-\u00eatre du cheval","description":"Unique CL20 Balance Booster soutient l'\u00e9quilibre naturel et le m\u00e9tabolisme du cheval gr\u00e2ce \u00e0 des vitamines, des oligo-\u00e9l\u00e9ments et des extraits de plantes soigneusement s\u00e9lectionn\u00e9s. Pour le bien-\u00eatre et la vitalit\u00e9 au quotidien.","robots":{"index":"index","follow":"follow","max-snippet":"max-snippet:-1","max-image-preview":"max-image-preview:large","max-video-preview":"max-video-preview:-1"},"canonical":"https:\/\/uniqueequinesupplement.com\/fr\/product\/unique-cl20\/","og_locale":"fr_FR","og_type":"article","og_title":"Unique CL20 Balance Booster | Balans & welzijn paard","og_description":"Unique CL20 Balance Booster ondersteunt de natuurlijke balans en stofwisseling van het paard met zorgvuldig geselecteerde vitaminen, sporenelementen en plantenextracten. Voor dagelijks welzijn en vitaliteit.","og_url":"https:\/\/uniqueequinesupplement.com\/fr\/product\/unique-cl20\/","og_site_name":"Unique Equine Supplement","article_publisher":"https:\/\/www.facebook.com\/profile.php?id=61566984347114","article_modified_time":"2026-05-01T00:31:14+00:00","og_image":[{"width":1200,"height":1200,"url":"https:\/\/uniqueequinesupplement.com\/wp-content\/uploads\/2026\/01\/CL20-productafbeeldingop-zwart.png","type":"image\/png"}],"twitter_card":"summary_large_image","twitter_misc":{"Dur\u00e9e de lecture estim\u00e9e":"1 minute"},"schema":{"@context":"https:\/\/schema.org","@graph":[{"@type":"WebPage","@id":"https:\/\/uniqueequinesupplement.com\/product\/unique-cl20\/","url":"https:\/\/uniqueequinesupplement.com\/product\/unique-cl20\/","name":"Unique CL20 Balance Booster | Equilibre et bien-\u00eatre du cheval","isPartOf":{"@id":"https:\/\/uniqueequinesupplement.com\/#website"},"primaryImageOfPage":{"@id":"https:\/\/uniqueequinesupplement.com\/product\/unique-cl20\/#primaryimage"},"image":{"@id":"https:\/\/uniqueequinesupplement.com\/product\/unique-cl20\/#primaryimage"},"thumbnailUrl":"https:\/\/uniqueequinesupplement.com\/wp-content\/uploads\/2026\/01\/CL20-productafbeeldingop-zwart.png","datePublished":"2025-05-31T12:00:44+00:00","dateModified":"2026-05-01T00:31:14+00:00","description":"Unique CL20 Balance Booster soutient l'\u00e9quilibre naturel et le m\u00e9tabolisme du cheval gr\u00e2ce \u00e0 des vitamines, des oligo-\u00e9l\u00e9ments et des extraits de plantes soigneusement s\u00e9lectionn\u00e9s. Pour le bien-\u00eatre et la vitalit\u00e9 au quotidien.","breadcrumb":{"@id":"https:\/\/uniqueequinesupplement.com\/product\/unique-cl20\/#breadcrumb"},"inLanguage":"fr-FR","potentialAction":[{"@type":"ReadAction","target":["https:\/\/uniqueequinesupplement.com\/product\/unique-cl20\/"]}]},{"@type":"ImageObject","inLanguage":"fr-FR","@id":"https:\/\/uniqueequinesupplement.com\/product\/unique-cl20\/#primaryimage","url":"https:\/\/uniqueequinesupplement.com\/wp-content\/uploads\/2026\/01\/CL20-productafbeeldingop-zwart.png","contentUrl":"https:\/\/uniqueequinesupplement.com\/wp-content\/uploads\/2026\/01\/CL20-productafbeeldingop-zwart.png","width":1200,"height":1200},{"@type":"BreadcrumbList","@id":"https:\/\/uniqueequinesupplement.com\/product\/unique-cl20\/#breadcrumb","itemListElement":[{"@type":"ListItem","position":1,"name":"Home","item":"https:\/\/uniqueequinesupplement.com\/"},{"@type":"ListItem","position":2,"name":"Winkel","item":"https:\/\/uniqueequinesupplement.com\/winkel\/"},{"@type":"ListItem","position":3,"name":"Unique CL20"}]},{"@type":"WebSite","@id":"https:\/\/uniqueequinesupplement.com\/#website","url":"https:\/\/uniqueequinesupplement.com\/","name":"Suppl\u00e9ment \u00e9quin unique","description":"Compl\u00e9ments de haute qualit\u00e9 pour chevaux","publisher":{"@id":"https:\/\/uniqueequinesupplement.com\/#organization"},"potentialAction":[{"@type":"SearchAction","target":{"@type":"EntryPoint","urlTemplate":"https:\/\/uniqueequinesupplement.com\/?s={search_term_string}"},"query-input":{"@type":"PropertyValueSpecification","valueRequired":true,"valueName":"search_term_string"}}],"inLanguage":"fr-FR"},{"@type":"Organization","@id":"https:\/\/uniqueequinesupplement.com\/#organization","name":"Suppl\u00e9ment \u00e9quin unique","url":"https:\/\/uniqueequinesupplement.com\/","logo":{"@type":"ImageObject","inLanguage":"fr-FR","@id":"https:\/\/uniqueequinesupplement.com\/#\/schema\/logo\/image\/","url":"https:\/\/uniqueequinesupplement.com\/wp-content\/uploads\/2024\/10\/Ontwerp-zonder-titel-scaled-e1749110908526.png","contentUrl":"https:\/\/uniqueequinesupplement.com\/wp-content\/uploads\/2024\/10\/Ontwerp-zonder-titel-scaled-e1749110908526.png","width":1075,"height":755,"caption":"Unique Equine Supplement"},"image":{"@id":"https:\/\/uniqueequinesupplement.com\/#\/schema\/logo\/image\/"},"sameAs":["https:\/\/www.facebook.com\/profile.php?id=61566984347114","https:\/\/www.instagram.com\/uniqueequinesupplement\/"]}]}},"jetpack_sharing_enabled":true,"_links":{"self":[{"href":"https:\/\/uniqueequinesupplement.com\/fr\/wp-json\/wp\/v2\/product\/10164","targetHints":{"allow":["GET"]}}],"collection":[{"href":"https:\/\/uniqueequinesupplement.com\/fr\/wp-json\/wp\/v2\/product"}],"about":[{"href":"https:\/\/uniqueequinesupplement.com\/fr\/wp-json\/wp\/v2\/types\/product"}],"replies":[{"embeddable":true,"href":"https:\/\/uniqueequinesupplement.com\/fr\/wp-json\/wp\/v2\/comments?post=10164"}],"version-history":[{"count":12,"href":"https:\/\/uniqueequinesupplement.com\/fr\/wp-json\/wp\/v2\/product\/10164\/revisions"}],"predecessor-version":[{"id":17780,"href":"https:\/\/uniqueequinesupplement.com\/fr\/wp-json\/wp\/v2\/product\/10164\/revisions\/17780"}],"wp:featuredmedia":[{"embeddable":true,"href":"https:\/\/uniqueequinesupplement.com\/fr\/wp-json\/wp\/v2\/media\/16905"}],"wp:attachment":[{"href":"https:\/\/uniqueequinesupplement.com\/fr\/wp-json\/wp\/v2\/media?parent=10164"}],"wp:term":[{"taxonomy":"product_brand","embeddable":true,"href":"https:\/\/uniqueequinesupplement.com\/fr\/wp-json\/wp\/v2\/product_brand?post=10164"},{"taxonomy":"product_cat","embeddable":true,"href":"https:\/\/uniqueequinesupplement.com\/fr\/wp-json\/wp\/v2\/product_cat?post=10164"},{"taxonomy":"product_tag","embeddable":true,"href":"https:\/\/uniqueequinesupplement.com\/fr\/wp-json\/wp\/v2\/product_tag?post=10164"}],"curies":[{"name":"wp","href":"https:\/\/api.w.org\/{rel}","templated":true}]}}