{"id":15480,"date":"2026-01-19T09:37:55","date_gmt":"2026-01-19T08:37:55","guid":{"rendered":"https:\/\/uniqueequinesupplement.com\/?post_type=product&#038;p=15480"},"modified":"2026-04-15T16:00:43","modified_gmt":"2026-04-15T14:00:43","slug":"unique-fx15","status":"publish","type":"product","link":"https:\/\/uniqueequinesupplement.com\/fr\/product\/unique-fx15\/","title":{"rendered":"Unique FX15"},"content":{"rendered":"<p data-start=\"493\" data-end=\"753\"><strong data-start=\"493\" data-end=\"557\">Unique FX15 Mobility Booster - 1 litre (avec bouchon doseur pratique)<\/strong><br data-start=\"557\" data-end=\"560\" \/>Suppl\u00e9ment liquide de premi\u00e8re qualit\u00e9 pour soutenir le syst\u00e8me musculo-squelettique de votre cheval. Contribue \u00e0 la fluidit\u00e9 des mouvements, \u00e0 la flexibilit\u00e9 et au confort quotidien, en particulier lors de l'entra\u00eenement, de l'\u00e2ge ou de la raideur. D\u00e9velopp\u00e9 en collaboration avec des sp\u00e9cialistes en nutrition et des v\u00e9t\u00e9rinaires.<\/p>\n<p data-start=\"755\" data-end=\"1082\"><strong data-start=\"755\" data-end=\"768\">Avantages<\/strong><br \/>\n\u2714 Soutient les articulations, les muscles et les os<br data-start=\"812\" data-end=\"815\" \/>\u2714 Adapt\u00e9 \u00e0 la rigidit\u00e9 et \u00e0 l'augmentation de la tension articulaire<br data-start=\"871\" data-end=\"874\" \/>\u2714 Favorise la flexibilit\u00e9 et la facilit\u00e9 de mouvement<br data-start=\"919\" data-end=\"922\" \/>\u2714 Contribue \u00e0 la sant\u00e9 du cartilage et du tissu conjonctif<br data-start=\"970\" data-end=\"973\" \/>\u2714 Soutient les tendons et les ligaments soumis \u00e0 des contraintes intenses<br data-start=\"1031\" data-end=\"1034\" \/>\u2714 Support de confort pour les tensions du dos et du cou<\/p>\n<p data-start=\"1084\" data-end=\"1137\"><strong data-start=\"1160\" data-end=\"1191\">Qualit\u00e9 et production<br \/>\n<\/strong>Produit en Belgique par un fabricant certifi\u00e9 FCA, selon des processus de qualit\u00e9 contr\u00f4l\u00e9s.<\/p>\n<p data-start=\"1139\" data-end=\"1274\"><strong data-start=\"1139\" data-end=\"1182\">Informations multilingues sur l'emballage :<\/strong><br \/>\nNL - EN - ES - DE - FR. Ouvrez le coin en bas \u00e0 gauche de la bouteille pour d\u00e9plier l'\u00e9tiquette.<\/p>","protected":false},"excerpt":{"rendered":"<div class=\"elementor-element elementor-element-eea0c32 elementor-widget elementor-widget-text-editor\" data-id=\"eea0c32\" data-element_type=\"widget\" data-widget_type=\"text-editor.default\">\n<div class=\"elementor-widget-container\">\n<p data-start=\"344\" data-end=\"395\">Mobilit\u00e9 \u2022 Articulations \u2022 Confort<\/p>\n<\/div>\n<\/div>","protected":false},"featured_media":16906,"comment_status":"closed","ping_status":"closed","template":"","meta":[],"product_brand":[],"product_cat":[476],"product_tag":[185,483,481,479,489,488,487,183,83,484,485,480,486,482,91,478],"class_list":{"0":"post-15480","1":"product","2":"type-product","3":"status-publish","4":"has-post-thumbnail","6":"product_cat-mobility-booster","7":"product_tag-artrose","8":"product_tag-bewegingscomfort","9":"product_tag-botten","10":"product_tag-gewrichten","11":"product_tag-mobiliteit","12":"product_tag-mobilitybooster","13":"product_tag-ouderepaarden","14":"product_tag-paardengezondheid","15":"product_tag-paardensupplement","16":"product_tag-pezen","17":"product_tag-rugspanning","18":"product_tag-spieren","19":"product_tag-sportpaarden","20":"product_tag-stijfheid","21":"product_tag-supplement","22":"product_tag-uniquefx15","24":"first","25":"instock","26":"featured","27":"taxable","28":"shipping-taxable","29":"purchasable","30":"product-type-simple"},"yoast_head":"<!-- This site is optimized with the Yoast SEO plugin v27.5 - https:\/\/yoast.com\/product\/yoast-seo-wordpress\/ -->\n<title>Unique FX15 Mobility Booster | Gewrichten &amp; Mobiliteit Paard<\/title>\n<meta name=\"description\" content=\"Unique FX15 Mobility Booster ondersteunt gewrichten, spieren en botten en bevordert soepel bewegen. Ideaal bij stijfheid, artrose en sportbelasting. Vrij van toegevoegde suikers.\" \/>\n<meta name=\"robots\" content=\"index, follow, max-snippet:-1, max-image-preview:large, max-video-preview:-1\" \/>\n<link rel=\"canonical\" href=\"https:\/\/uniqueequinesupplement.com\/fr\/product\/unique-fx15\/\" \/>\n<meta property=\"og:locale\" content=\"fr_FR\" \/>\n<meta property=\"og:type\" content=\"article\" \/>\n<meta property=\"og:title\" content=\"Unique FX15 Mobility Booster | Gewrichten &amp; Mobiliteit Paard\" \/>\n<meta property=\"og:description\" content=\"Unique FX15 Mobility Booster ondersteunt gewrichten, spieren en botten en bevordert soepel bewegen. Ideaal bij stijfheid, artrose en sportbelasting. Vrij van toegevoegde suikers.\" \/>\n<meta property=\"og:url\" content=\"https:\/\/uniqueequinesupplement.com\/fr\/product\/unique-fx15\/\" \/>\n<meta property=\"og:site_name\" content=\"Unique Equine Supplement\" \/>\n<meta property=\"article:publisher\" content=\"https:\/\/www.facebook.com\/profile.php?id=61566984347114\" \/>\n<meta property=\"article:modified_time\" content=\"2026-04-15T14:00:43+00:00\" \/>\n<meta property=\"og:image\" content=\"https:\/\/uniqueequinesupplement.com\/wp-content\/uploads\/2026\/01\/FX15-productafbeelding.png\" \/>\n\t<meta property=\"og:image:width\" content=\"1200\" \/>\n\t<meta property=\"og:image:height\" content=\"1200\" \/>\n\t<meta property=\"og:image:type\" content=\"image\/png\" \/>\n<meta name=\"twitter:card\" content=\"summary_large_image\" \/>\n<meta name=\"twitter:label1\" content=\"Dur\u00e9e de lecture estim\u00e9e\" \/>\n\t<meta name=\"twitter:data1\" content=\"1 minute\" \/>\n<script type=\"application\/ld+json\" class=\"yoast-schema-graph\">{\"@context\":\"https:\\\/\\\/schema.org\",\"@graph\":[{\"@type\":\"WebPage\",\"@id\":\"https:\\\/\\\/uniqueequinesupplement.com\\\/product\\\/unique-fx15\\\/\",\"url\":\"https:\\\/\\\/uniqueequinesupplement.com\\\/product\\\/unique-fx15\\\/\",\"name\":\"Unique FX15 Mobility Booster | Gewrichten & Mobiliteit Paard\",\"isPartOf\":{\"@id\":\"https:\\\/\\\/uniqueequinesupplement.com\\\/#website\"},\"primaryImageOfPage\":{\"@id\":\"https:\\\/\\\/uniqueequinesupplement.com\\\/product\\\/unique-fx15\\\/#primaryimage\"},\"image\":{\"@id\":\"https:\\\/\\\/uniqueequinesupplement.com\\\/product\\\/unique-fx15\\\/#primaryimage\"},\"thumbnailUrl\":\"https:\\\/\\\/uniqueequinesupplement.com\\\/wp-content\\\/uploads\\\/2026\\\/01\\\/FX15-productafbeelding.png\",\"datePublished\":\"2026-01-19T08:37:55+00:00\",\"dateModified\":\"2026-04-15T14:00:43+00:00\",\"description\":\"Unique FX15 Mobility Booster ondersteunt gewrichten, spieren en botten en bevordert soepel bewegen. Ideaal bij stijfheid, artrose en sportbelasting. Vrij van toegevoegde suikers.\",\"breadcrumb\":{\"@id\":\"https:\\\/\\\/uniqueequinesupplement.com\\\/product\\\/unique-fx15\\\/#breadcrumb\"},\"inLanguage\":\"fr-FR\",\"potentialAction\":[{\"@type\":\"ReadAction\",\"target\":[\"https:\\\/\\\/uniqueequinesupplement.com\\\/product\\\/unique-fx15\\\/\"]}]},{\"@type\":\"ImageObject\",\"inLanguage\":\"fr-FR\",\"@id\":\"https:\\\/\\\/uniqueequinesupplement.com\\\/product\\\/unique-fx15\\\/#primaryimage\",\"url\":\"https:\\\/\\\/uniqueequinesupplement.com\\\/wp-content\\\/uploads\\\/2026\\\/01\\\/FX15-productafbeelding.png\",\"contentUrl\":\"https:\\\/\\\/uniqueequinesupplement.com\\\/wp-content\\\/uploads\\\/2026\\\/01\\\/FX15-productafbeelding.png\",\"width\":1200,\"height\":1200},{\"@type\":\"BreadcrumbList\",\"@id\":\"https:\\\/\\\/uniqueequinesupplement.com\\\/product\\\/unique-fx15\\\/#breadcrumb\",\"itemListElement\":[{\"@type\":\"ListItem\",\"position\":1,\"name\":\"Home\",\"item\":\"https:\\\/\\\/uniqueequinesupplement.com\\\/\"},{\"@type\":\"ListItem\",\"position\":2,\"name\":\"Winkel\",\"item\":\"https:\\\/\\\/uniqueequinesupplement.com\\\/winkel\\\/\"},{\"@type\":\"ListItem\",\"position\":3,\"name\":\"Unique FX15\"}]},{\"@type\":\"WebSite\",\"@id\":\"https:\\\/\\\/uniqueequinesupplement.com\\\/#website\",\"url\":\"https:\\\/\\\/uniqueequinesupplement.com\\\/\",\"name\":\"Unique Equine Supplement\",\"description\":\"Hoogwaardige supplementen voor paarden\",\"publisher\":{\"@id\":\"https:\\\/\\\/uniqueequinesupplement.com\\\/#organization\"},\"potentialAction\":[{\"@type\":\"SearchAction\",\"target\":{\"@type\":\"EntryPoint\",\"urlTemplate\":\"https:\\\/\\\/uniqueequinesupplement.com\\\/?s={search_term_string}\"},\"query-input\":{\"@type\":\"PropertyValueSpecification\",\"valueRequired\":true,\"valueName\":\"search_term_string\"}}],\"inLanguage\":\"fr-FR\"},{\"@type\":\"Organization\",\"@id\":\"https:\\\/\\\/uniqueequinesupplement.com\\\/#organization\",\"name\":\"Unique Equine Supplement\",\"url\":\"https:\\\/\\\/uniqueequinesupplement.com\\\/\",\"logo\":{\"@type\":\"ImageObject\",\"inLanguage\":\"fr-FR\",\"@id\":\"https:\\\/\\\/uniqueequinesupplement.com\\\/#\\\/schema\\\/logo\\\/image\\\/\",\"url\":\"https:\\\/\\\/uniqueequinesupplement.com\\\/wp-content\\\/uploads\\\/2024\\\/10\\\/Ontwerp-zonder-titel-scaled-e1749110908526.png\",\"contentUrl\":\"https:\\\/\\\/uniqueequinesupplement.com\\\/wp-content\\\/uploads\\\/2024\\\/10\\\/Ontwerp-zonder-titel-scaled-e1749110908526.png\",\"width\":1075,\"height\":755,\"caption\":\"Unique Equine Supplement\"},\"image\":{\"@id\":\"https:\\\/\\\/uniqueequinesupplement.com\\\/#\\\/schema\\\/logo\\\/image\\\/\"},\"sameAs\":[\"https:\\\/\\\/www.facebook.com\\\/profile.php?id=61566984347114\",\"https:\\\/\\\/www.instagram.com\\\/uniqueequinesupplement\\\/\"]}]}<\/script>\n<!-- \/ Yoast SEO plugin. -->","yoast_head_json":{"title":"Unique FX15 Mobility Booster | Joints &amp; Mobility Horse","description":"Le stimulateur de mobilit\u00e9 unique FX15 soutient les articulations, les muscles et les os et favorise la fluidit\u00e9 des mouvements. Id\u00e9al en cas de raideur, d'arthrose et d'effort sportif. Sans sucres ajout\u00e9s.","robots":{"index":"index","follow":"follow","max-snippet":"max-snippet:-1","max-image-preview":"max-image-preview:large","max-video-preview":"max-video-preview:-1"},"canonical":"https:\/\/uniqueequinesupplement.com\/fr\/product\/unique-fx15\/","og_locale":"fr_FR","og_type":"article","og_title":"Unique FX15 Mobility Booster | Gewrichten & Mobiliteit Paard","og_description":"Unique FX15 Mobility Booster ondersteunt gewrichten, spieren en botten en bevordert soepel bewegen. Ideaal bij stijfheid, artrose en sportbelasting. Vrij van toegevoegde suikers.","og_url":"https:\/\/uniqueequinesupplement.com\/fr\/product\/unique-fx15\/","og_site_name":"Unique Equine Supplement","article_publisher":"https:\/\/www.facebook.com\/profile.php?id=61566984347114","article_modified_time":"2026-04-15T14:00:43+00:00","og_image":[{"width":1200,"height":1200,"url":"https:\/\/uniqueequinesupplement.com\/wp-content\/uploads\/2026\/01\/FX15-productafbeelding.png","type":"image\/png"}],"twitter_card":"summary_large_image","twitter_misc":{"Dur\u00e9e de lecture estim\u00e9e":"1 minute"},"schema":{"@context":"https:\/\/schema.org","@graph":[{"@type":"WebPage","@id":"https:\/\/uniqueequinesupplement.com\/product\/unique-fx15\/","url":"https:\/\/uniqueequinesupplement.com\/product\/unique-fx15\/","name":"Unique FX15 Mobility Booster | Joints &amp; Mobility Horse","isPartOf":{"@id":"https:\/\/uniqueequinesupplement.com\/#website"},"primaryImageOfPage":{"@id":"https:\/\/uniqueequinesupplement.com\/product\/unique-fx15\/#primaryimage"},"image":{"@id":"https:\/\/uniqueequinesupplement.com\/product\/unique-fx15\/#primaryimage"},"thumbnailUrl":"https:\/\/uniqueequinesupplement.com\/wp-content\/uploads\/2026\/01\/FX15-productafbeelding.png","datePublished":"2026-01-19T08:37:55+00:00","dateModified":"2026-04-15T14:00:43+00:00","description":"Le stimulateur de mobilit\u00e9 unique FX15 soutient les articulations, les muscles et les os et favorise la fluidit\u00e9 des mouvements. Id\u00e9al en cas de raideur, d'arthrose et d'effort sportif. Sans sucres ajout\u00e9s.","breadcrumb":{"@id":"https:\/\/uniqueequinesupplement.com\/product\/unique-fx15\/#breadcrumb"},"inLanguage":"fr-FR","potentialAction":[{"@type":"ReadAction","target":["https:\/\/uniqueequinesupplement.com\/product\/unique-fx15\/"]}]},{"@type":"ImageObject","inLanguage":"fr-FR","@id":"https:\/\/uniqueequinesupplement.com\/product\/unique-fx15\/#primaryimage","url":"https:\/\/uniqueequinesupplement.com\/wp-content\/uploads\/2026\/01\/FX15-productafbeelding.png","contentUrl":"https:\/\/uniqueequinesupplement.com\/wp-content\/uploads\/2026\/01\/FX15-productafbeelding.png","width":1200,"height":1200},{"@type":"BreadcrumbList","@id":"https:\/\/uniqueequinesupplement.com\/product\/unique-fx15\/#breadcrumb","itemListElement":[{"@type":"ListItem","position":1,"name":"Home","item":"https:\/\/uniqueequinesupplement.com\/"},{"@type":"ListItem","position":2,"name":"Winkel","item":"https:\/\/uniqueequinesupplement.com\/winkel\/"},{"@type":"ListItem","position":3,"name":"Unique FX15"}]},{"@type":"WebSite","@id":"https:\/\/uniqueequinesupplement.com\/#website","url":"https:\/\/uniqueequinesupplement.com\/","name":"Suppl\u00e9ment \u00e9quin unique","description":"Compl\u00e9ments de haute qualit\u00e9 pour chevaux","publisher":{"@id":"https:\/\/uniqueequinesupplement.com\/#organization"},"potentialAction":[{"@type":"SearchAction","target":{"@type":"EntryPoint","urlTemplate":"https:\/\/uniqueequinesupplement.com\/?s={search_term_string}"},"query-input":{"@type":"PropertyValueSpecification","valueRequired":true,"valueName":"search_term_string"}}],"inLanguage":"fr-FR"},{"@type":"Organization","@id":"https:\/\/uniqueequinesupplement.com\/#organization","name":"Suppl\u00e9ment \u00e9quin unique","url":"https:\/\/uniqueequinesupplement.com\/","logo":{"@type":"ImageObject","inLanguage":"fr-FR","@id":"https:\/\/uniqueequinesupplement.com\/#\/schema\/logo\/image\/","url":"https:\/\/uniqueequinesupplement.com\/wp-content\/uploads\/2024\/10\/Ontwerp-zonder-titel-scaled-e1749110908526.png","contentUrl":"https:\/\/uniqueequinesupplement.com\/wp-content\/uploads\/2024\/10\/Ontwerp-zonder-titel-scaled-e1749110908526.png","width":1075,"height":755,"caption":"Unique Equine Supplement"},"image":{"@id":"https:\/\/uniqueequinesupplement.com\/#\/schema\/logo\/image\/"},"sameAs":["https:\/\/www.facebook.com\/profile.php?id=61566984347114","https:\/\/www.instagram.com\/uniqueequinesupplement\/"]}]}},"jetpack_sharing_enabled":true,"_links":{"self":[{"href":"https:\/\/uniqueequinesupplement.com\/fr\/wp-json\/wp\/v2\/product\/15480","targetHints":{"allow":["GET"]}}],"collection":[{"href":"https:\/\/uniqueequinesupplement.com\/fr\/wp-json\/wp\/v2\/product"}],"about":[{"href":"https:\/\/uniqueequinesupplement.com\/fr\/wp-json\/wp\/v2\/types\/product"}],"replies":[{"embeddable":true,"href":"https:\/\/uniqueequinesupplement.com\/fr\/wp-json\/wp\/v2\/comments?post=15480"}],"version-history":[{"count":9,"href":"https:\/\/uniqueequinesupplement.com\/fr\/wp-json\/wp\/v2\/product\/15480\/revisions"}],"predecessor-version":[{"id":17414,"href":"https:\/\/uniqueequinesupplement.com\/fr\/wp-json\/wp\/v2\/product\/15480\/revisions\/17414"}],"wp:featuredmedia":[{"embeddable":true,"href":"https:\/\/uniqueequinesupplement.com\/fr\/wp-json\/wp\/v2\/media\/16906"}],"wp:attachment":[{"href":"https:\/\/uniqueequinesupplement.com\/fr\/wp-json\/wp\/v2\/media?parent=15480"}],"wp:term":[{"taxonomy":"product_brand","embeddable":true,"href":"https:\/\/uniqueequinesupplement.com\/fr\/wp-json\/wp\/v2\/product_brand?post=15480"},{"taxonomy":"product_cat","embeddable":true,"href":"https:\/\/uniqueequinesupplement.com\/fr\/wp-json\/wp\/v2\/product_cat?post=15480"},{"taxonomy":"product_tag","embeddable":true,"href":"https:\/\/uniqueequinesupplement.com\/fr\/wp-json\/wp\/v2\/product_tag?post=15480"}],"curies":[{"name":"wp","href":"https:\/\/api.w.org\/{rel}","templated":true}]}}