{"id":4297,"date":"2024-10-04T15:49:27","date_gmt":"2024-10-04T13:49:27","guid":{"rendered":"https:\/\/uniqueequinesupplement.com\/?post_type=product&#038;p=4297"},"modified":"2026-04-20T19:20:25","modified_gmt":"2026-04-20T17:20:25","slug":"unique-b30","status":"publish","type":"product","link":"https:\/\/uniqueequinesupplement.com\/fr\/product\/unique-b30\/","title":{"rendered":"Unique B30"},"content":{"rendered":"<div data-elementor-type=\"product-post\" data-elementor-id=\"4297\" class=\"elementor elementor-4297\" data-elementor-post-type=\"product\">\n\t\t\t\t<div class=\"elementor-element elementor-element-62e67800 e-flex e-con-boxed e-con e-parent\" data-id=\"62e67800\" data-element_type=\"container\" data-e-type=\"container\">\n\t\t\t\t\t<div class=\"e-con-inner\">\n\t\t\t\t<div class=\"elementor-element elementor-element-38332249 elementor-widget elementor-widget-text-editor\" data-id=\"38332249\" data-element_type=\"widget\" data-e-type=\"widget\" data-widget_type=\"text-editor.default\">\n\t\t\t\t<div class=\"elementor-widget-container\">\n\t\t\t\t\t\t\t\t\t<p data-start=\"370\" data-end=\"593\"><strong data-start=\"370\" data-end=\"431\">Unique B30 Booster Sant\u00e9 \u2013 1 litre (avec bouchon doseur pratique)<\/strong> est un puissant suppl\u00e9ment liquide utilis\u00e9 comme <strong data-start=\"491\" data-end=\"517\">cure de boost mensuelle<\/strong> pour soutenir la vitalit\u00e9, l'\u00e9nergie et la capacit\u00e9 de charge de votre cheval.<\/p><p data-start=\"595\" data-end=\"943\">La formule \u00e9quilibr\u00e9e a \u00e9t\u00e9 d\u00e9velopp\u00e9e en collaboration avec des nutritionnistes et des v\u00e9t\u00e9rinaires et contient une large combinaison de vitamines, de min\u00e9raux, d'oligo-\u00e9l\u00e9ments, d'acides amin\u00e9s et d'antioxydants. Cette composition unique fait de B30 un <strong data-start=\"845\" data-end=\"886\">support complet dans un seul produit<\/strong>, ce qui lui permet de remplacer plusieurs suppl\u00e9ments distincts.<\/p><p data-start=\"945\" data-end=\"1287\">Unique B30 soutient notamment les muscles, les os et le syst\u00e8me nerveux, contribue au syst\u00e8me immunitaire et aide \u00e0 la r\u00e9cup\u00e9ration apr\u00e8s l'effort ou la maladie. Gr\u00e2ce \u00e0 sa combinaison de nutriments et de sources d'\u00e9nergie, il est particuli\u00e8rement adapt\u00e9 aux chevaux de sport, aux chevaux en entra\u00eenement, aux chevaux \u00e2g\u00e9s et aux chevaux qui ont besoin d'un soutien suppl\u00e9mentaire.<\/p><p data-start=\"1289\" data-end=\"1603\">Unique B30 est g\u00e9n\u00e9ralement appliqu\u00e9 comme <strong data-start=\"1102\" data-end=\"1138\">cure mensuelle de 5 \u00e0 10 jours<\/strong> (si souhait\u00e9, un peu plus longtemps), o\u00f9 l'action des ingr\u00e9dients se poursuit \u00e9galement apr\u00e8s la cure. Cette m\u00e9thode rend l'utilisation claire et efficace, car plusieurs suppl\u00e9ments distincts ne sont souvent pas n\u00e9cessaires.<\/p>\t\t\t\t\t\t\t\t<\/div>\n\t\t\t\t<\/div>\n\t\t\t\t\t<\/div>\n\t\t\t\t<\/div>\n\t\t\t\t<\/div>","protected":false},"excerpt":{"rendered":"<div class=\"_tableContainer_1rjym_1\">\n<div class=\"elementor-element elementor-element-58da653 elementor-widget elementor-widget-text-editor\" data-id=\"58da653\" data-element_type=\"widget\" data-widget_type=\"text-editor.default\">\n<div class=\"elementor-widget-container\">\n<p data-start=\"293\" data-end=\"342\">\u00c9nergie \u2022 R\u00e9sistance \u2022 R\u00e9cup\u00e9ration<\/p>\n<\/div>\n<\/div>\n<\/div>","protected":false},"featured_media":16904,"comment_status":"closed","ping_status":"closed","template":"","meta":[],"product_brand":[],"product_cat":[474],"product_tag":[206,79,196,192,194,203,179,198,187,80,190,202,188,193,199,83,197,204,91,78,195,189,205,191,200,201],"class_list":{"0":"post-4297","1":"product","2":"type-product","3":"status-publish","4":"has-post-thumbnail","6":"product_cat-health-booster","7":"product_tag-afvallen","8":"product_tag-b30","9":"product_tag-bloedarmoede","10":"product_tag-bloedcellen","11":"product_tag-cpl","12":"product_tag-darmen","13":"product_tag-dopingvrij","14":"product_tag-drachtig","15":"product_tag-energiebron","16":"product_tag-healthbooster","17":"product_tag-herstel","18":"product_tag-ibd","19":"product_tag-immuunsysteem","20":"product_tag-mok","21":"product_tag-operatie","22":"product_tag-paardensupplement","23":"product_tag-piroplasmose","24":"product_tag-spierbevangenheid","25":"product_tag-supplement","26":"product_tag-uniqueb30","27":"product_tag-verharen","28":"product_tag-vitaliteit","29":"product_tag-winterdip","30":"product_tag-zenuwstelsel","31":"product_tag-zomereczeem","32":"product_tag-zomerstress","34":"first","35":"instock","36":"featured","37":"taxable","38":"shipping-taxable","39":"purchasable","40":"product-type-simple"},"yoast_head":"<!-- This site is optimized with the Yoast SEO plugin v27.5 - https:\/\/yoast.com\/product\/yoast-seo-wordpress\/ -->\n<title>Unique B30 - Unique Equine Supplement<\/title>\n<meta name=\"description\" content=\"Health booster voor paarden, ontwikkeld om energie, spierfunctie, herstel en algehele vitaliteit te ondersteunen. Samengesteld met hoogwaardige voedingsstoffen voor optimale ondersteuning bij training, herstel of verminderde weerstand.\" \/>\n<meta name=\"robots\" content=\"index, follow, max-snippet:-1, max-image-preview:large, max-video-preview:-1\" \/>\n<link rel=\"canonical\" href=\"https:\/\/uniqueequinesupplement.com\/fr\/product\/unique-b30\/\" \/>\n<meta property=\"og:locale\" content=\"fr_FR\" \/>\n<meta property=\"og:type\" content=\"article\" \/>\n<meta property=\"og:title\" content=\"Unique B30 - Unique Equine Supplement\" \/>\n<meta property=\"og:description\" content=\"Health booster voor paarden, ontwikkeld om energie, spierfunctie, herstel en algehele vitaliteit te ondersteunen. Samengesteld met hoogwaardige voedingsstoffen voor optimale ondersteuning bij training, herstel of verminderde weerstand.\" \/>\n<meta property=\"og:url\" content=\"https:\/\/uniqueequinesupplement.com\/fr\/product\/unique-b30\/\" \/>\n<meta property=\"og:site_name\" content=\"Unique Equine Supplement\" \/>\n<meta property=\"article:publisher\" content=\"https:\/\/www.facebook.com\/profile.php?id=61566984347114\" \/>\n<meta property=\"article:modified_time\" content=\"2026-04-20T17:20:25+00:00\" \/>\n<meta property=\"og:image\" content=\"https:\/\/uniqueequinesupplement.com\/wp-content\/uploads\/2026\/01\/B30-productafbeelding.png\" \/>\n\t<meta property=\"og:image:width\" content=\"1200\" \/>\n\t<meta property=\"og:image:height\" content=\"1200\" \/>\n\t<meta property=\"og:image:type\" content=\"image\/png\" \/>\n<meta name=\"twitter:card\" content=\"summary_large_image\" \/>\n<script type=\"application\/ld+json\" class=\"yoast-schema-graph\">{\"@context\":\"https:\\\/\\\/schema.org\",\"@graph\":[{\"@type\":\"WebPage\",\"@id\":\"https:\\\/\\\/uniqueequinesupplement.com\\\/product\\\/unique-b30\\\/\",\"url\":\"https:\\\/\\\/uniqueequinesupplement.com\\\/product\\\/unique-b30\\\/\",\"name\":\"Unique B30 - Unique Equine Supplement\",\"isPartOf\":{\"@id\":\"https:\\\/\\\/uniqueequinesupplement.com\\\/#website\"},\"primaryImageOfPage\":{\"@id\":\"https:\\\/\\\/uniqueequinesupplement.com\\\/product\\\/unique-b30\\\/#primaryimage\"},\"image\":{\"@id\":\"https:\\\/\\\/uniqueequinesupplement.com\\\/product\\\/unique-b30\\\/#primaryimage\"},\"thumbnailUrl\":\"https:\\\/\\\/uniqueequinesupplement.com\\\/wp-content\\\/uploads\\\/2026\\\/01\\\/B30-productafbeelding.png\",\"datePublished\":\"2024-10-04T13:49:27+00:00\",\"dateModified\":\"2026-04-20T17:20:25+00:00\",\"description\":\"Health booster voor paarden, ontwikkeld om energie, spierfunctie, herstel en algehele vitaliteit te ondersteunen. Samengesteld met hoogwaardige voedingsstoffen voor optimale ondersteuning bij training, herstel of verminderde weerstand.\",\"breadcrumb\":{\"@id\":\"https:\\\/\\\/uniqueequinesupplement.com\\\/product\\\/unique-b30\\\/#breadcrumb\"},\"inLanguage\":\"fr-FR\",\"potentialAction\":[{\"@type\":\"ReadAction\",\"target\":[\"https:\\\/\\\/uniqueequinesupplement.com\\\/product\\\/unique-b30\\\/\"]}]},{\"@type\":\"ImageObject\",\"inLanguage\":\"fr-FR\",\"@id\":\"https:\\\/\\\/uniqueequinesupplement.com\\\/product\\\/unique-b30\\\/#primaryimage\",\"url\":\"https:\\\/\\\/uniqueequinesupplement.com\\\/wp-content\\\/uploads\\\/2026\\\/01\\\/B30-productafbeelding.png\",\"contentUrl\":\"https:\\\/\\\/uniqueequinesupplement.com\\\/wp-content\\\/uploads\\\/2026\\\/01\\\/B30-productafbeelding.png\",\"width\":1200,\"height\":1200},{\"@type\":\"BreadcrumbList\",\"@id\":\"https:\\\/\\\/uniqueequinesupplement.com\\\/product\\\/unique-b30\\\/#breadcrumb\",\"itemListElement\":[{\"@type\":\"ListItem\",\"position\":1,\"name\":\"Home\",\"item\":\"https:\\\/\\\/uniqueequinesupplement.com\\\/\"},{\"@type\":\"ListItem\",\"position\":2,\"name\":\"Winkel\",\"item\":\"https:\\\/\\\/uniqueequinesupplement.com\\\/winkel\\\/\"},{\"@type\":\"ListItem\",\"position\":3,\"name\":\"Unique B30\"}]},{\"@type\":\"WebSite\",\"@id\":\"https:\\\/\\\/uniqueequinesupplement.com\\\/#website\",\"url\":\"https:\\\/\\\/uniqueequinesupplement.com\\\/\",\"name\":\"Unique Equine Supplement\",\"description\":\"Hoogwaardige supplementen voor paarden\",\"publisher\":{\"@id\":\"https:\\\/\\\/uniqueequinesupplement.com\\\/#organization\"},\"potentialAction\":[{\"@type\":\"SearchAction\",\"target\":{\"@type\":\"EntryPoint\",\"urlTemplate\":\"https:\\\/\\\/uniqueequinesupplement.com\\\/?s={search_term_string}\"},\"query-input\":{\"@type\":\"PropertyValueSpecification\",\"valueRequired\":true,\"valueName\":\"search_term_string\"}}],\"inLanguage\":\"fr-FR\"},{\"@type\":\"Organization\",\"@id\":\"https:\\\/\\\/uniqueequinesupplement.com\\\/#organization\",\"name\":\"Unique Equine Supplement\",\"url\":\"https:\\\/\\\/uniqueequinesupplement.com\\\/\",\"logo\":{\"@type\":\"ImageObject\",\"inLanguage\":\"fr-FR\",\"@id\":\"https:\\\/\\\/uniqueequinesupplement.com\\\/#\\\/schema\\\/logo\\\/image\\\/\",\"url\":\"https:\\\/\\\/uniqueequinesupplement.com\\\/wp-content\\\/uploads\\\/2024\\\/10\\\/Ontwerp-zonder-titel-scaled-e1749110908526.png\",\"contentUrl\":\"https:\\\/\\\/uniqueequinesupplement.com\\\/wp-content\\\/uploads\\\/2024\\\/10\\\/Ontwerp-zonder-titel-scaled-e1749110908526.png\",\"width\":1075,\"height\":755,\"caption\":\"Unique Equine Supplement\"},\"image\":{\"@id\":\"https:\\\/\\\/uniqueequinesupplement.com\\\/#\\\/schema\\\/logo\\\/image\\\/\"},\"sameAs\":[\"https:\\\/\\\/www.facebook.com\\\/profile.php?id=61566984347114\",\"https:\\\/\\\/www.instagram.com\\\/uniqueequinesupplement\\\/\"]}]}<\/script>\n<!-- \/ Yoast SEO plugin. -->","yoast_head_json":{"title":"Unique B30 - Suppl\u00e9ment \u00e9quin unique","description":"Booster de sant\u00e9 pour chevaux, d\u00e9velopp\u00e9 pour soutenir l'\u00e9nergie, la fonction musculaire, la r\u00e9cup\u00e9ration et la vitalit\u00e9 g\u00e9n\u00e9rale. Formul\u00e9 avec des nutriments de haute qualit\u00e9 pour un soutien optimal pendant l'entra\u00eenement, la r\u00e9cup\u00e9ration ou une r\u00e9sistance r\u00e9duite.","robots":{"index":"index","follow":"follow","max-snippet":"max-snippet:-1","max-image-preview":"max-image-preview:large","max-video-preview":"max-video-preview:-1"},"canonical":"https:\/\/uniqueequinesupplement.com\/fr\/product\/unique-b30\/","og_locale":"fr_FR","og_type":"article","og_title":"Unique B30 - Unique Equine Supplement","og_description":"Health booster voor paarden, ontwikkeld om energie, spierfunctie, herstel en algehele vitaliteit te ondersteunen. Samengesteld met hoogwaardige voedingsstoffen voor optimale ondersteuning bij training, herstel of verminderde weerstand.","og_url":"https:\/\/uniqueequinesupplement.com\/fr\/product\/unique-b30\/","og_site_name":"Unique Equine Supplement","article_publisher":"https:\/\/www.facebook.com\/profile.php?id=61566984347114","article_modified_time":"2026-04-20T17:20:25+00:00","og_image":[{"width":1200,"height":1200,"url":"https:\/\/uniqueequinesupplement.com\/wp-content\/uploads\/2026\/01\/B30-productafbeelding.png","type":"image\/png"}],"twitter_card":"summary_large_image","schema":{"@context":"https:\/\/schema.org","@graph":[{"@type":"WebPage","@id":"https:\/\/uniqueequinesupplement.com\/product\/unique-b30\/","url":"https:\/\/uniqueequinesupplement.com\/product\/unique-b30\/","name":"Unique B30 - Suppl\u00e9ment \u00e9quin unique","isPartOf":{"@id":"https:\/\/uniqueequinesupplement.com\/#website"},"primaryImageOfPage":{"@id":"https:\/\/uniqueequinesupplement.com\/product\/unique-b30\/#primaryimage"},"image":{"@id":"https:\/\/uniqueequinesupplement.com\/product\/unique-b30\/#primaryimage"},"thumbnailUrl":"https:\/\/uniqueequinesupplement.com\/wp-content\/uploads\/2026\/01\/B30-productafbeelding.png","datePublished":"2024-10-04T13:49:27+00:00","dateModified":"2026-04-20T17:20:25+00:00","description":"Booster de sant\u00e9 pour chevaux, d\u00e9velopp\u00e9 pour soutenir l'\u00e9nergie, la fonction musculaire, la r\u00e9cup\u00e9ration et la vitalit\u00e9 g\u00e9n\u00e9rale. Formul\u00e9 avec des nutriments de haute qualit\u00e9 pour un soutien optimal pendant l'entra\u00eenement, la r\u00e9cup\u00e9ration ou une r\u00e9sistance r\u00e9duite.","breadcrumb":{"@id":"https:\/\/uniqueequinesupplement.com\/product\/unique-b30\/#breadcrumb"},"inLanguage":"fr-FR","potentialAction":[{"@type":"ReadAction","target":["https:\/\/uniqueequinesupplement.com\/product\/unique-b30\/"]}]},{"@type":"ImageObject","inLanguage":"fr-FR","@id":"https:\/\/uniqueequinesupplement.com\/product\/unique-b30\/#primaryimage","url":"https:\/\/uniqueequinesupplement.com\/wp-content\/uploads\/2026\/01\/B30-productafbeelding.png","contentUrl":"https:\/\/uniqueequinesupplement.com\/wp-content\/uploads\/2026\/01\/B30-productafbeelding.png","width":1200,"height":1200},{"@type":"BreadcrumbList","@id":"https:\/\/uniqueequinesupplement.com\/product\/unique-b30\/#breadcrumb","itemListElement":[{"@type":"ListItem","position":1,"name":"Home","item":"https:\/\/uniqueequinesupplement.com\/"},{"@type":"ListItem","position":2,"name":"Winkel","item":"https:\/\/uniqueequinesupplement.com\/winkel\/"},{"@type":"ListItem","position":3,"name":"Unique B30"}]},{"@type":"WebSite","@id":"https:\/\/uniqueequinesupplement.com\/#website","url":"https:\/\/uniqueequinesupplement.com\/","name":"Suppl\u00e9ment \u00e9quin unique","description":"Compl\u00e9ments de haute qualit\u00e9 pour chevaux","publisher":{"@id":"https:\/\/uniqueequinesupplement.com\/#organization"},"potentialAction":[{"@type":"SearchAction","target":{"@type":"EntryPoint","urlTemplate":"https:\/\/uniqueequinesupplement.com\/?s={search_term_string}"},"query-input":{"@type":"PropertyValueSpecification","valueRequired":true,"valueName":"search_term_string"}}],"inLanguage":"fr-FR"},{"@type":"Organization","@id":"https:\/\/uniqueequinesupplement.com\/#organization","name":"Suppl\u00e9ment \u00e9quin unique","url":"https:\/\/uniqueequinesupplement.com\/","logo":{"@type":"ImageObject","inLanguage":"fr-FR","@id":"https:\/\/uniqueequinesupplement.com\/#\/schema\/logo\/image\/","url":"https:\/\/uniqueequinesupplement.com\/wp-content\/uploads\/2024\/10\/Ontwerp-zonder-titel-scaled-e1749110908526.png","contentUrl":"https:\/\/uniqueequinesupplement.com\/wp-content\/uploads\/2024\/10\/Ontwerp-zonder-titel-scaled-e1749110908526.png","width":1075,"height":755,"caption":"Unique Equine Supplement"},"image":{"@id":"https:\/\/uniqueequinesupplement.com\/#\/schema\/logo\/image\/"},"sameAs":["https:\/\/www.facebook.com\/profile.php?id=61566984347114","https:\/\/www.instagram.com\/uniqueequinesupplement\/"]}]}},"jetpack_sharing_enabled":true,"_links":{"self":[{"href":"https:\/\/uniqueequinesupplement.com\/fr\/wp-json\/wp\/v2\/product\/4297","targetHints":{"allow":["GET"]}}],"collection":[{"href":"https:\/\/uniqueequinesupplement.com\/fr\/wp-json\/wp\/v2\/product"}],"about":[{"href":"https:\/\/uniqueequinesupplement.com\/fr\/wp-json\/wp\/v2\/types\/product"}],"replies":[{"embeddable":true,"href":"https:\/\/uniqueequinesupplement.com\/fr\/wp-json\/wp\/v2\/comments?post=4297"}],"version-history":[{"count":14,"href":"https:\/\/uniqueequinesupplement.com\/fr\/wp-json\/wp\/v2\/product\/4297\/revisions"}],"predecessor-version":[{"id":17838,"href":"https:\/\/uniqueequinesupplement.com\/fr\/wp-json\/wp\/v2\/product\/4297\/revisions\/17838"}],"wp:featuredmedia":[{"embeddable":true,"href":"https:\/\/uniqueequinesupplement.com\/fr\/wp-json\/wp\/v2\/media\/16904"}],"wp:attachment":[{"href":"https:\/\/uniqueequinesupplement.com\/fr\/wp-json\/wp\/v2\/media?parent=4297"}],"wp:term":[{"taxonomy":"product_brand","embeddable":true,"href":"https:\/\/uniqueequinesupplement.com\/fr\/wp-json\/wp\/v2\/product_brand?post=4297"},{"taxonomy":"product_cat","embeddable":true,"href":"https:\/\/uniqueequinesupplement.com\/fr\/wp-json\/wp\/v2\/product_cat?post=4297"},{"taxonomy":"product_tag","embeddable":true,"href":"https:\/\/uniqueequinesupplement.com\/fr\/wp-json\/wp\/v2\/product_tag?post=4297"}],"curies":[{"name":"wp","href":"https:\/\/api.w.org\/{rel}","templated":true}]}}